{"id":9219,"date":"2026-04-09T11:25:43","date_gmt":"2026-04-09T09:25:43","guid":{"rendered":"https:\/\/www.eco-innov.com\/produit\/mc-500\/"},"modified":"2026-04-24T12:09:29","modified_gmt":"2026-04-24T10:09:29","slug":"mc-500","status":"publish","type":"product","link":"https:\/\/www.eco-innov.com\/es\/producto\/mc-500\/","title":{"rendered":"MC-500"},"content":{"rendered":"\n<p><strong>Controlador LED para esp\u00e1rragos cableados de muy baja tensi\u00f3n<\/strong><\/p>\n\n\n\n<p>El coraz\u00f3n de su instalaci\u00f3n de balizamiento luminoso de muy baja tensi\u00f3n, el MC-500 puede utilizarse para crear una se\u00f1alizaci\u00f3n totalmente personalizable y escalable. Su automatizaci\u00f3n avanzada, la sincronizaci\u00f3n de equipos y el control remoto proporcionan una gesti\u00f3n precisa y din\u00e1mica de la se\u00f1alizaci\u00f3n. Con su amplia gama de conectores y protocolos de comunicaci\u00f3n, se integra f\u00e1cilmente con sistemas existentes como radares, bolardos y sem\u00e1foros. Su carcasa IP65 proporciona una protecci\u00f3n fiable para una operaci\u00f3n a largo plazo sobre el terreno.<\/p>\n","protected":false},"featured_media":8817,"template":"","meta":{"_acf_changed":false,"inline_featured_image":false},"pdt-application":[],"product_category":[677],"pdt-tags":[],"intelligence":[],"type-installation":[],"zone_geographique":[548],"class_list":["post-9219","product","type-product","status-publish","has-post-thumbnail","hentry","product_category-control","zone_geographique-france"],"acf":[],"_links":{"self":[{"href":"https:\/\/www.eco-innov.com\/es\/wp-json\/wp\/v2\/product\/9219","targetHints":{"allow":["GET"]}}],"collection":[{"href":"https:\/\/www.eco-innov.com\/es\/wp-json\/wp\/v2\/product"}],"about":[{"href":"https:\/\/www.eco-innov.com\/es\/wp-json\/wp\/v2\/types\/product"}],"wp:featuredmedia":[{"embeddable":true,"href":"https:\/\/www.eco-innov.com\/es\/wp-json\/wp\/v2\/media\/8817"}],"wp:attachment":[{"href":"https:\/\/www.eco-innov.com\/es\/wp-json\/wp\/v2\/media?parent=9219"}],"wp:term":[{"taxonomy":"pdt-application","embeddable":true,"href":"https:\/\/www.eco-innov.com\/es\/wp-json\/wp\/v2\/pdt-application?post=9219"},{"taxonomy":"product_category","embeddable":true,"href":"https:\/\/www.eco-innov.com\/es\/wp-json\/wp\/v2\/product_category?post=9219"},{"taxonomy":"pdt-tags","embeddable":true,"href":"https:\/\/www.eco-innov.com\/es\/wp-json\/wp\/v2\/pdt-tags?post=9219"},{"taxonomy":"intelligence","embeddable":true,"href":"https:\/\/www.eco-innov.com\/es\/wp-json\/wp\/v2\/intelligence?post=9219"},{"taxonomy":"type-installation","embeddable":true,"href":"https:\/\/www.eco-innov.com\/es\/wp-json\/wp\/v2\/type-installation?post=9219"},{"taxonomy":"zone_geographique","embeddable":true,"href":"https:\/\/www.eco-innov.com\/es\/wp-json\/wp\/v2\/zone_geographique?post=9219"}],"curies":[{"name":"wp","href":"https:\/\/api.w.org\/{rel}","templated":true}]}}