{"id":9214,"date":"2026-03-25T14:33:28","date_gmt":"2026-03-25T13:33:28","guid":{"rendered":"https:\/\/www.eco-innov.com\/produit\/eco-sol-50\/"},"modified":"2026-04-24T11:55:06","modified_gmt":"2026-04-24T09:55:06","slug":"eco-sol-50","status":"publish","type":"product","link":"https:\/\/www.eco-innov.com\/es\/producto\/eco-sol-50\/","title":{"rendered":"ECO-SOL 50"},"content":{"rendered":"\n<p><strong>Gafas de sol de acero inoxidable<\/strong><\/p>\n\n\n\n<p>Los racimos de juncos solares ECO-SOL 50 transforman los espacios exteriores en composiciones luminosas llenas de vida y color. 100% autosuficientes, almacenan energ\u00eda solar durante el d\u00eda y cobran vida autom\u00e1ticamente al caer la noche. Su estructura de acero inoxidable garantiza durabilidad y resistencia, para que pueda poner en valor la est\u00e9tica de parques, jardines y explanadas sin necesidad de conexi\u00f3n el\u00e9ctrica.<\/p>\n","protected":false},"featured_media":8797,"template":"","meta":{"_acf_changed":true,"inline_featured_image":false},"pdt-application":[702],"product_category":[724,729],"pdt-tags":[],"intelligence":[704],"type-installation":[713],"zone_geographique":[548,552],"class_list":["post-9214","product","type-product","status-publish","has-post-thumbnail","hentry","pdt-application-parque-y-plaza-publica","product_category-solar","product_category-baliza-de-iluminacion-solar-aerea","intelligence-sin","type-installation-sobre-el-suelo","zone_geographique-france","zone_geographique-monde"],"acf":[],"_links":{"self":[{"href":"https:\/\/www.eco-innov.com\/es\/wp-json\/wp\/v2\/product\/9214","targetHints":{"allow":["GET"]}}],"collection":[{"href":"https:\/\/www.eco-innov.com\/es\/wp-json\/wp\/v2\/product"}],"about":[{"href":"https:\/\/www.eco-innov.com\/es\/wp-json\/wp\/v2\/types\/product"}],"wp:featuredmedia":[{"embeddable":true,"href":"https:\/\/www.eco-innov.com\/es\/wp-json\/wp\/v2\/media\/8797"}],"wp:attachment":[{"href":"https:\/\/www.eco-innov.com\/es\/wp-json\/wp\/v2\/media?parent=9214"}],"wp:term":[{"taxonomy":"pdt-application","embeddable":true,"href":"https:\/\/www.eco-innov.com\/es\/wp-json\/wp\/v2\/pdt-application?post=9214"},{"taxonomy":"product_category","embeddable":true,"href":"https:\/\/www.eco-innov.com\/es\/wp-json\/wp\/v2\/product_category?post=9214"},{"taxonomy":"pdt-tags","embeddable":true,"href":"https:\/\/www.eco-innov.com\/es\/wp-json\/wp\/v2\/pdt-tags?post=9214"},{"taxonomy":"intelligence","embeddable":true,"href":"https:\/\/www.eco-innov.com\/es\/wp-json\/wp\/v2\/intelligence?post=9214"},{"taxonomy":"type-installation","embeddable":true,"href":"https:\/\/www.eco-innov.com\/es\/wp-json\/wp\/v2\/type-installation?post=9214"},{"taxonomy":"zone_geographique","embeddable":true,"href":"https:\/\/www.eco-innov.com\/es\/wp-json\/wp\/v2\/zone_geographique?post=9214"}],"curies":[{"name":"wp","href":"https:\/\/api.w.org\/{rel}","templated":true}]}}