{"id":9204,"date":"2026-03-25T14:33:28","date_gmt":"2026-03-25T13:33:28","guid":{"rendered":"https:\/\/www.eco-innov.com\/produit\/eco-160-x\/"},"modified":"2026-04-24T12:17:00","modified_gmt":"2026-04-24T10:17:00","slug":"eco-160-x","status":"publish","type":"product","link":"https:\/\/www.eco-innov.com\/es\/producto\/eco-160-x\/","title":{"rendered":"ECO-160 X"},"content":{"rendered":"\n<p><strong>Panel solar de acero inoxidable con GPS<\/strong><\/p>\n\n<p>Con su robusta construcci\u00f3n de acero inoxidable y la sincronizaci\u00f3n GPS integrada, el ECO-160 X ofrece un balizamiento luminoso solar preciso, uniforme y totalmente aut\u00f3nomo. Dise\u00f1ado para entornos sometidos a grandes esfuerzos mec\u00e1nicos, combina la protecci\u00f3n del m\u00f3dulo fotovoltaico, un bajo saliente para mayor seguridad y un mantenimiento sencillo para una operaci\u00f3n a largo plazo. <\/p>\n","protected":false},"featured_media":8717,"template":"","meta":{"_acf_changed":true,"inline_featured_image":false},"pdt-application":[686,687,688,690,694,695,696],"product_category":[724,725],"pdt-tags":[],"intelligence":[681,683],"type-installation":[693],"zone_geographique":[548,552],"class_list":["post-9204","product","type-product","status-publish","has-post-thumbnail","hentry","pdt-application-carretera-y-autovia","pdt-application-paso-peatonal","pdt-application-rotonda","pdt-application-aparcamiento","pdt-application-carril-bici","pdt-application-ponton-y-pasarela","pdt-application-eco-distrito","product_category-solar","product_category-panel-solar-empotrado","intelligence-sincro","intelligence-reloj","type-installation-empotrado","zone_geographique-france","zone_geographique-monde"],"acf":[],"_links":{"self":[{"href":"https:\/\/www.eco-innov.com\/es\/wp-json\/wp\/v2\/product\/9204","targetHints":{"allow":["GET"]}}],"collection":[{"href":"https:\/\/www.eco-innov.com\/es\/wp-json\/wp\/v2\/product"}],"about":[{"href":"https:\/\/www.eco-innov.com\/es\/wp-json\/wp\/v2\/types\/product"}],"wp:featuredmedia":[{"embeddable":true,"href":"https:\/\/www.eco-innov.com\/es\/wp-json\/wp\/v2\/media\/8717"}],"wp:attachment":[{"href":"https:\/\/www.eco-innov.com\/es\/wp-json\/wp\/v2\/media?parent=9204"}],"wp:term":[{"taxonomy":"pdt-application","embeddable":true,"href":"https:\/\/www.eco-innov.com\/es\/wp-json\/wp\/v2\/pdt-application?post=9204"},{"taxonomy":"product_category","embeddable":true,"href":"https:\/\/www.eco-innov.com\/es\/wp-json\/wp\/v2\/product_category?post=9204"},{"taxonomy":"pdt-tags","embeddable":true,"href":"https:\/\/www.eco-innov.com\/es\/wp-json\/wp\/v2\/pdt-tags?post=9204"},{"taxonomy":"intelligence","embeddable":true,"href":"https:\/\/www.eco-innov.com\/es\/wp-json\/wp\/v2\/intelligence?post=9204"},{"taxonomy":"type-installation","embeddable":true,"href":"https:\/\/www.eco-innov.com\/es\/wp-json\/wp\/v2\/type-installation?post=9204"},{"taxonomy":"zone_geographique","embeddable":true,"href":"https:\/\/www.eco-innov.com\/es\/wp-json\/wp\/v2\/zone_geographique?post=9204"}],"curies":[{"name":"wp","href":"https:\/\/api.w.org\/{rel}","templated":true}]}}