{"id":9203,"date":"2026-03-25T14:33:28","date_gmt":"2026-03-25T13:33:28","guid":{"rendered":"https:\/\/www.eco-innov.com\/produit\/eco-143\/"},"modified":"2026-04-24T12:02:08","modified_gmt":"2026-04-24T10:02:08","slug":"eco-143","status":"publish","type":"product","link":"https:\/\/www.eco-innov.com\/es\/producto\/eco-143\/","title":{"rendered":"ECO-143"},"content":{"rendered":"\n<p><strong>Panel solar empotrado para arquitectura y urbanismo<\/strong><\/p>\n\n<p>Con su dise\u00f1o inspirado en el pavimento, la ECO-143 se integra con naturalidad en la planificaci\u00f3n urbana y arquitect\u00f3nica. Empotrada y aut\u00f3noma, difunde una luz eficiente de \u00e1ngulo reducido, al tiempo que mantiene una baja distancia entre la luminaria y el poste para peatones y veh\u00edculos de dos ruedas. El acceso directo a trav\u00e9s de la cubierta permite un mantenimiento r\u00e1pido y una operaci\u00f3n a largo plazo.  <\/p>\n","protected":false},"featured_media":8709,"template":"","meta":{"_acf_changed":true,"inline_featured_image":false},"pdt-application":[702,703,694,695,696],"product_category":[724,725],"pdt-tags":[],"intelligence":[681,683],"type-installation":[693],"zone_geographique":[548,552],"class_list":["post-9203","product","type-product","status-publish","has-post-thumbnail","hentry","pdt-application-parque-y-plaza-publica","pdt-application-sendero","pdt-application-carril-bici","pdt-application-ponton-y-pasarela","pdt-application-eco-distrito","product_category-solar","product_category-panel-solar-empotrado","intelligence-sincro","intelligence-reloj","type-installation-empotrado","zone_geographique-france","zone_geographique-monde"],"acf":[],"_links":{"self":[{"href":"https:\/\/www.eco-innov.com\/es\/wp-json\/wp\/v2\/product\/9203","targetHints":{"allow":["GET"]}}],"collection":[{"href":"https:\/\/www.eco-innov.com\/es\/wp-json\/wp\/v2\/product"}],"about":[{"href":"https:\/\/www.eco-innov.com\/es\/wp-json\/wp\/v2\/types\/product"}],"wp:featuredmedia":[{"embeddable":true,"href":"https:\/\/www.eco-innov.com\/es\/wp-json\/wp\/v2\/media\/8709"}],"wp:attachment":[{"href":"https:\/\/www.eco-innov.com\/es\/wp-json\/wp\/v2\/media?parent=9203"}],"wp:term":[{"taxonomy":"pdt-application","embeddable":true,"href":"https:\/\/www.eco-innov.com\/es\/wp-json\/wp\/v2\/pdt-application?post=9203"},{"taxonomy":"product_category","embeddable":true,"href":"https:\/\/www.eco-innov.com\/es\/wp-json\/wp\/v2\/product_category?post=9203"},{"taxonomy":"pdt-tags","embeddable":true,"href":"https:\/\/www.eco-innov.com\/es\/wp-json\/wp\/v2\/pdt-tags?post=9203"},{"taxonomy":"intelligence","embeddable":true,"href":"https:\/\/www.eco-innov.com\/es\/wp-json\/wp\/v2\/intelligence?post=9203"},{"taxonomy":"type-installation","embeddable":true,"href":"https:\/\/www.eco-innov.com\/es\/wp-json\/wp\/v2\/type-installation?post=9203"},{"taxonomy":"zone_geographique","embeddable":true,"href":"https:\/\/www.eco-innov.com\/es\/wp-json\/wp\/v2\/zone_geographique?post=9203"}],"curies":[{"name":"wp","href":"https:\/\/api.w.org\/{rel}","templated":true}]}}