{"id":9198,"date":"2026-03-25T14:33:28","date_gmt":"2026-03-25T13:33:28","guid":{"rendered":"https:\/\/www.eco-innov.com\/produit\/eco-160-a\/"},"modified":"2026-04-24T12:12:47","modified_gmt":"2026-04-24T10:12:47","slug":"eco-160-a","status":"publish","type":"product","link":"https:\/\/www.eco-innov.com\/es\/producto\/eco-160-a\/","title":{"rendered":"ECO-160 A"},"content":{"rendered":"\n<p><strong>Panel solar de aluminio con GPS<\/strong><\/p>\n\n<p>Equipada con la \u00faltima tecnolog\u00eda GPS, la ECO-160 A sincroniza autom\u00e1ticamente el parpadeo de todas las balizas de un mismo emplazamiento para un balizamiento luminoso perfectamente coordinado. Su estructura de aluminio, reforzada por dos aros de protecci\u00f3n para el m\u00f3dulo solar, est\u00e1 dise\u00f1ada para un tr\u00e1fico exigente. Su baja distancia entre la luminaria y el poste y su f\u00e1cil acceso garantizan una instalaci\u00f3n segura y un mantenimiento r\u00e1pido.  <\/p>\n","protected":false},"featured_media":8713,"template":"","meta":{"_acf_changed":true,"inline_featured_image":false},"pdt-application":[686,687,688,690,694,696],"product_category":[724,725],"pdt-tags":[],"intelligence":[681,683],"type-installation":[693],"zone_geographique":[548,552],"class_list":["post-9198","product","type-product","status-publish","has-post-thumbnail","hentry","pdt-application-carretera-y-autovia","pdt-application-paso-peatonal","pdt-application-rotonda","pdt-application-aparcamiento","pdt-application-carril-bici","pdt-application-eco-distrito","product_category-solar","product_category-panel-solar-empotrado","intelligence-sincro","intelligence-reloj","type-installation-empotrado","zone_geographique-france","zone_geographique-monde"],"acf":[],"_links":{"self":[{"href":"https:\/\/www.eco-innov.com\/es\/wp-json\/wp\/v2\/product\/9198","targetHints":{"allow":["GET"]}}],"collection":[{"href":"https:\/\/www.eco-innov.com\/es\/wp-json\/wp\/v2\/product"}],"about":[{"href":"https:\/\/www.eco-innov.com\/es\/wp-json\/wp\/v2\/types\/product"}],"wp:featuredmedia":[{"embeddable":true,"href":"https:\/\/www.eco-innov.com\/es\/wp-json\/wp\/v2\/media\/8713"}],"wp:attachment":[{"href":"https:\/\/www.eco-innov.com\/es\/wp-json\/wp\/v2\/media?parent=9198"}],"wp:term":[{"taxonomy":"pdt-application","embeddable":true,"href":"https:\/\/www.eco-innov.com\/es\/wp-json\/wp\/v2\/pdt-application?post=9198"},{"taxonomy":"product_category","embeddable":true,"href":"https:\/\/www.eco-innov.com\/es\/wp-json\/wp\/v2\/product_category?post=9198"},{"taxonomy":"pdt-tags","embeddable":true,"href":"https:\/\/www.eco-innov.com\/es\/wp-json\/wp\/v2\/pdt-tags?post=9198"},{"taxonomy":"intelligence","embeddable":true,"href":"https:\/\/www.eco-innov.com\/es\/wp-json\/wp\/v2\/intelligence?post=9198"},{"taxonomy":"type-installation","embeddable":true,"href":"https:\/\/www.eco-innov.com\/es\/wp-json\/wp\/v2\/type-installation?post=9198"},{"taxonomy":"zone_geographique","embeddable":true,"href":"https:\/\/www.eco-innov.com\/es\/wp-json\/wp\/v2\/zone_geographique?post=9198"}],"curies":[{"name":"wp","href":"https:\/\/api.w.org\/{rel}","templated":true}]}}