{"id":9195,"date":"2026-03-25T14:33:28","date_gmt":"2026-03-25T13:33:28","guid":{"rendered":"https:\/\/www.eco-innov.com\/produit\/eco-545\/"},"modified":"2026-04-27T09:46:52","modified_gmt":"2026-04-27T07:46:52","slug":"eco-545","status":"publish","type":"product","link":"https:\/\/www.eco-innov.com\/es\/producto\/eco-545\/","title":{"rendered":"ECO-545"},"content":{"rendered":"\n<p><strong>Luz solar Aeropuerto \/ EASA<\/strong><\/p>\n\n<p>Balizamiento luminoso aut\u00f3nomo alimentado por energ\u00eda solar, el ECO-545 proporciona una se\u00f1alizaci\u00f3n eficaz de d\u00eda y de noche. Sus 45 LED de alta visibilidad, combinados con un reflector central y una cadencia de destello ajustada en funci\u00f3n de la seguridad, proporcionan informaci\u00f3n inmediata. Se puede fijar r\u00e1pidamente a un poste est\u00e1ndar, por lo que es f\u00e1cil y fiable de instalar en todo tipo de emplazamientos.  <\/p>\n","protected":false},"featured_media":8733,"template":"","meta":{"_acf_changed":false,"inline_featured_image":false},"pdt-application":[711,686,690,696],"product_category":[724,731],"pdt-tags":[],"intelligence":[704],"type-installation":[713],"zone_geographique":[548,552],"class_list":["post-9195","product","type-product","status-publish","has-post-thumbnail","hentry","pdt-application-chicane-y-cerradura","pdt-application-carretera-y-autovia","pdt-application-aparcamiento","pdt-application-eco-distrito","product_category-solar","product_category-fuego-solar","intelligence-sin","type-installation-sobre-el-suelo","zone_geographique-france","zone_geographique-monde"],"acf":[],"_links":{"self":[{"href":"https:\/\/www.eco-innov.com\/es\/wp-json\/wp\/v2\/product\/9195","targetHints":{"allow":["GET"]}}],"collection":[{"href":"https:\/\/www.eco-innov.com\/es\/wp-json\/wp\/v2\/product"}],"about":[{"href":"https:\/\/www.eco-innov.com\/es\/wp-json\/wp\/v2\/types\/product"}],"wp:featuredmedia":[{"embeddable":true,"href":"https:\/\/www.eco-innov.com\/es\/wp-json\/wp\/v2\/media\/8733"}],"wp:attachment":[{"href":"https:\/\/www.eco-innov.com\/es\/wp-json\/wp\/v2\/media?parent=9195"}],"wp:term":[{"taxonomy":"pdt-application","embeddable":true,"href":"https:\/\/www.eco-innov.com\/es\/wp-json\/wp\/v2\/pdt-application?post=9195"},{"taxonomy":"product_category","embeddable":true,"href":"https:\/\/www.eco-innov.com\/es\/wp-json\/wp\/v2\/product_category?post=9195"},{"taxonomy":"pdt-tags","embeddable":true,"href":"https:\/\/www.eco-innov.com\/es\/wp-json\/wp\/v2\/pdt-tags?post=9195"},{"taxonomy":"intelligence","embeddable":true,"href":"https:\/\/www.eco-innov.com\/es\/wp-json\/wp\/v2\/intelligence?post=9195"},{"taxonomy":"type-installation","embeddable":true,"href":"https:\/\/www.eco-innov.com\/es\/wp-json\/wp\/v2\/type-installation?post=9195"},{"taxonomy":"zone_geographique","embeddable":true,"href":"https:\/\/www.eco-innov.com\/es\/wp-json\/wp\/v2\/zone_geographique?post=9195"}],"curies":[{"name":"wp","href":"https:\/\/api.w.org\/{rel}","templated":true}]}}