{"id":9192,"date":"2026-03-25T14:33:28","date_gmt":"2026-03-25T13:33:28","guid":{"rendered":"https:\/\/www.eco-innov.com\/produit\/eco-mar\/"},"modified":"2026-04-24T11:33:24","modified_gmt":"2026-04-24T09:33:24","slug":"eco-mar","status":"publish","type":"product","link":"https:\/\/www.eco-innov.com\/es\/producto\/eco-mar\/","title":{"rendered":"ECO-MAR"},"content":{"rendered":"\n<p><strong>Baliza de iluminaci\u00f3n LED solar decorativa ECO-MAR<\/strong><\/p>\n\n<p>Aut\u00e9ntica luz decorativa, la baliza de iluminaci\u00f3n solar ECO-MAR emite una iluminaci\u00f3n de 360\u00b0 amplificada por una lente Fresnel para un efecto brillante. Completamente aut\u00f3noma e impermeable gracias a su carcasa de policarbonato, se fija f\u00e1cilmente a cualquier superficie y funciona sin consumir energ\u00eda. Sus pilas de larga duraci\u00f3n garantizan a\u00f1os de operaci\u00f3n sin problemas.  <\/p>\n","protected":false},"featured_media":8793,"template":"","meta":{"_acf_changed":true,"inline_featured_image":false},"pdt-application":[702,703,696],"product_category":[724,729],"pdt-tags":[],"intelligence":[],"type-installation":[713],"zone_geographique":[548,552],"class_list":["post-9192","product","type-product","status-publish","has-post-thumbnail","hentry","pdt-application-parque-y-plaza-publica","pdt-application-sendero","pdt-application-eco-distrito","product_category-solar","product_category-baliza-de-iluminacion-solar-aerea","type-installation-sobre-el-suelo","zone_geographique-france","zone_geographique-monde"],"acf":[],"_links":{"self":[{"href":"https:\/\/www.eco-innov.com\/es\/wp-json\/wp\/v2\/product\/9192","targetHints":{"allow":["GET"]}}],"collection":[{"href":"https:\/\/www.eco-innov.com\/es\/wp-json\/wp\/v2\/product"}],"about":[{"href":"https:\/\/www.eco-innov.com\/es\/wp-json\/wp\/v2\/types\/product"}],"wp:featuredmedia":[{"embeddable":true,"href":"https:\/\/www.eco-innov.com\/es\/wp-json\/wp\/v2\/media\/8793"}],"wp:attachment":[{"href":"https:\/\/www.eco-innov.com\/es\/wp-json\/wp\/v2\/media?parent=9192"}],"wp:term":[{"taxonomy":"pdt-application","embeddable":true,"href":"https:\/\/www.eco-innov.com\/es\/wp-json\/wp\/v2\/pdt-application?post=9192"},{"taxonomy":"product_category","embeddable":true,"href":"https:\/\/www.eco-innov.com\/es\/wp-json\/wp\/v2\/product_category?post=9192"},{"taxonomy":"pdt-tags","embeddable":true,"href":"https:\/\/www.eco-innov.com\/es\/wp-json\/wp\/v2\/pdt-tags?post=9192"},{"taxonomy":"intelligence","embeddable":true,"href":"https:\/\/www.eco-innov.com\/es\/wp-json\/wp\/v2\/intelligence?post=9192"},{"taxonomy":"type-installation","embeddable":true,"href":"https:\/\/www.eco-innov.com\/es\/wp-json\/wp\/v2\/type-installation?post=9192"},{"taxonomy":"zone_geographique","embeddable":true,"href":"https:\/\/www.eco-innov.com\/es\/wp-json\/wp\/v2\/zone_geographique?post=9192"}],"curies":[{"name":"wp","href":"https:\/\/api.w.org\/{rel}","templated":true}]}}