{"id":9150,"date":"2026-04-09T11:25:43","date_gmt":"2026-04-09T09:25:43","guid":{"rendered":"https:\/\/www.eco-innov.com\/produit\/mc-529\/"},"modified":"2026-04-27T09:59:07","modified_gmt":"2026-04-27T07:59:07","slug":"mc-529","status":"publish","type":"product","link":"https:\/\/www.eco-innov.com\/es\/producto\/mc-529\/","title":{"rendered":"MC-529"},"content":{"rendered":"\n<p><strong>Microcontrolador LED Smart City<\/strong><\/p>\n\n<p>Dise\u00f1ado para un balizamiento inteligente e interconectado, el controlador MC-529 permite una configuraci\u00f3n a medida de las unidades LED cableadas a muy baja tensi\u00f3n. El control automatizado, la sincronizaci\u00f3n de los escenarios de iluminaci\u00f3n y la gesti\u00f3n remota garantizan una gesti\u00f3n optimizada de la se\u00f1alizaci\u00f3n. Compatible con los equipos de campo (radares, bolardos, sem\u00e1foros), admite numerosos protocolos de comunicaci\u00f3n para una integraci\u00f3n simplificada. Su estanqueidad IP68 y la fuente de alimentaci\u00f3n de baja tensi\u00f3n integrada lo convierten en una soluci\u00f3n completa, robusta y lista para usar.   <\/p>\n","protected":false},"featured_media":8821,"template":"","meta":{"_acf_changed":false,"inline_featured_image":false},"pdt-application":[],"product_category":[677],"pdt-tags":[],"intelligence":[],"type-installation":[],"zone_geographique":[548],"class_list":["post-9150","product","type-product","status-publish","has-post-thumbnail","hentry","product_category-control","zone_geographique-france"],"acf":[],"_links":{"self":[{"href":"https:\/\/www.eco-innov.com\/es\/wp-json\/wp\/v2\/product\/9150","targetHints":{"allow":["GET"]}}],"collection":[{"href":"https:\/\/www.eco-innov.com\/es\/wp-json\/wp\/v2\/product"}],"about":[{"href":"https:\/\/www.eco-innov.com\/es\/wp-json\/wp\/v2\/types\/product"}],"wp:featuredmedia":[{"embeddable":true,"href":"https:\/\/www.eco-innov.com\/es\/wp-json\/wp\/v2\/media\/8821"}],"wp:attachment":[{"href":"https:\/\/www.eco-innov.com\/es\/wp-json\/wp\/v2\/media?parent=9150"}],"wp:term":[{"taxonomy":"pdt-application","embeddable":true,"href":"https:\/\/www.eco-innov.com\/es\/wp-json\/wp\/v2\/pdt-application?post=9150"},{"taxonomy":"product_category","embeddable":true,"href":"https:\/\/www.eco-innov.com\/es\/wp-json\/wp\/v2\/product_category?post=9150"},{"taxonomy":"pdt-tags","embeddable":true,"href":"https:\/\/www.eco-innov.com\/es\/wp-json\/wp\/v2\/pdt-tags?post=9150"},{"taxonomy":"intelligence","embeddable":true,"href":"https:\/\/www.eco-innov.com\/es\/wp-json\/wp\/v2\/intelligence?post=9150"},{"taxonomy":"type-installation","embeddable":true,"href":"https:\/\/www.eco-innov.com\/es\/wp-json\/wp\/v2\/type-installation?post=9150"},{"taxonomy":"zone_geographique","embeddable":true,"href":"https:\/\/www.eco-innov.com\/es\/wp-json\/wp\/v2\/zone_geographique?post=9150"}],"curies":[{"name":"wp","href":"https:\/\/api.w.org\/{rel}","templated":true}]}}