{"id":9353,"date":"2026-03-06T11:40:35","date_gmt":"2026-03-06T10:40:35","guid":{"rendered":"https:\/\/www.eco-innov.com\/nuestros-conocimientos\/"},"modified":"2026-04-20T11:10:20","modified_gmt":"2026-04-20T09:10:20","slug":"nuestros-conocimientos","status":"publish","type":"page","link":"https:\/\/www.eco-innov.com\/es\/nuestros-conocimientos\/","title":{"rendered":"Nuestros conocimientos"},"content":{"rendered":"<\/div>\n<div id=\"block-hero-block_79269a831a05cc1924874b677827b9c6\" class=\"container-fluid header_page_part px-0  block-hero\">\n        <div class=\"container\">\n        <div class=\"row\">\n            <div class=\"col-12 col-md-12 col-lg-11 col-xl-9 col-xxl-8\">\n                <nav aria-label=\"breadcrumbs\" class=\"rank-math-breadcrumb\"><p><span class=\"last\">Inicio<\/span><\/p><\/nav>                                    <h1 class=\"with_line with_line_lg\">Tecnolog\u00edas de se\u00f1alizaci\u00f3n luminosa<\/h1>\n                                \n                \n\n                            <\/div>\n        <\/div>\n\n\n    <\/div>\n<\/div>\n<div class=\"container\">\n\n\n\n\n<\/div>\n<div id=\"block-hero-block_5a5b1df013ee69dfba144e66cce525b5\" class=\"container-fluid txt_media_part  block-hero\">\n    <div class=\"row\">\n        <div class=\"col-12 col-lg-6 col-xl-6 px-0 media order-1 order-lg-1\">\n            <img decoding=\"async\" src=\"https:\/\/www.eco-innov.com\/wp-content\/uploads\/77_ECO-848_Claye-Souilly_Balisage_Passage_pieton_giratoire-7.webp\" alt=\"\" class=\"img-fluid\">        <\/div>\n        <div class=\"col-12 col-lg-6 col-xl-6 col-xxl-5 px-xl-5 pt-5 pt-lg-0 txt order-2 order-lg-2 d-flex align-items-center\">\n            <div class=\"txt_part\">\n            <div class=\"content\"><h3>Tecnolog\u00eda LED para balizamiento luminoso<\/h3>\n<p>Un diodo emisor de luz (LED) es un componente optoelectr\u00f3nico capaz de emitir luz cuando pasa por \u00e9l una corriente el\u00e9ctrica.<\/p>\n<p>Hoy en d\u00eda, la tecnolog\u00eda LED se ha convertido en una referencia en iluminaci\u00f3n y se\u00f1alizaci\u00f3n, gracias a su alta eficiencia energ\u00e9tica, fiabilidad y longevidad.<\/p>\n<p>La mayor\u00eda de las soluciones de se\u00f1alizaci\u00f3n y balizamiento luminoso ECO-INNOV (excluidos los dispositivos puramente reflectantes) incorporan tecnolog\u00edas LED optimizadas para sus usos espec\u00edficos:<\/p>\n<ul>\n<li>salida de luz,<\/li>\n<li>colorimetr\u00eda,<\/li>\n<li>consumo de energ\u00eda.<\/li>\n<\/ul>\n<p>Trabajamos en colaboraci\u00f3n con fabricantes de LED reconocidos internacionalmente, cuyos componentes se seleccionan por su rendimiento \u00f3ptico y su estabilidad a lo largo del tiempo.<\/p>\n<p>&nbsp;<\/p>\n<\/div>            <\/div>\n        <\/div>\n    <\/div>\n\n<\/div>\n\n<div class=\"container\">\n<div style=\"height:50px\" aria-hidden=\"true\" class=\"wp-block-spacer\"><\/div>\n\n<h2 class=\"wp-block-heading\"><span><strong>Las principales ventajas de la tecnolog\u00eda LED<\/strong><\/span><\/h2>\n\n<div style=\"height:30px\" aria-hidden=\"true\" class=\"wp-block-spacer\"><\/div>\n\n<ul class=\"wp-block-list\">\n<li>Muy bajo consumo, gracias a la excelente eficiencia luminosa<\/li>\n<\/ul>\n\n<p><\/p>\n\n<ul class=\"wp-block-list\">\n<li>Larga vida \u00fatil (hasta 50.000 horas y m\u00e1s), con fin de vida gradual<\/li>\n<\/ul>\n\n<p><\/p>\n\n<ul class=\"wp-block-list\">\n<li>Mayor seguridad gracias al funcionamiento a muy baja tensi\u00f3n<\/li>\n<\/ul>\n\n<p><\/p>\n\n<ul class=\"wp-block-list\">\n<li>Baja emisi\u00f3n de calor en comparaci\u00f3n con las tecnolog\u00edas tradicionales<\/li>\n<\/ul>\n\n<p><\/p>\n\n<ul class=\"wp-block-list\">\n<li>Sin emisi\u00f3n UV<\/li>\n<\/ul>\n\n<p><\/p>\n\n<ul class=\"wp-block-list\">\n<li>No emite radiaciones de baja o media frecuencia, a diferencia de las l\u00e1mparas fluorescentes<\/li>\n<\/ul>\n\n<p><\/p>\n\n<ul class=\"wp-block-list\">\n<li>Gran variedad de colores, fijos o din\u00e1micos, combinando o controlando los LEDs<\/li>\n<\/ul>\n\n<p><\/p>\n\n<ul class=\"wp-block-list\">\n<li>Amplia selecci\u00f3n de temperaturas de color :<\/li>\n<\/ul>\n\n<div class=\"wp-block-group has-global-padding is-layout-constrained wp-block-group-is-layout-constrained\">\n<p style=\"margin-right:150px;margin-left:150px\">&gt;  2 300 a 3 200 K: blanco c\u00e1lido<br\/>&gt; 3 500 a 4 500 K: blanco c\u00e1lido claro<br\/>&gt; 5 000 a 6 000 K: blanco marfil<br\/>&gt; 6 500 K y m\u00e1s: blanco fr\u00edo<\/p>\n<\/div>\n\n<div style=\"height:50px\" aria-hidden=\"true\" class=\"wp-block-spacer\"><\/div>\n\n<\/div>\n<div id=\"block-hero-block_4ce41a578bf7ccc6591025c5ce821aa7\" class=\"container-fluid txt_media_part  block-hero\">\n    <div class=\"row\">\n        <div class=\"col-12 col-lg-6 col-xl-6 px-0 media order-1 order-lg-1\">\n            <img decoding=\"async\" src=\"https:\/\/www.eco-innov.com\/wp-content\/uploads\/cellule_photovoltaiques.webp\" alt=\"\" class=\"img-fluid\">        <\/div>\n        <div class=\"col-12 col-lg-6 col-xl-6 col-xxl-5 px-xl-5 pt-5 pt-lg-0 txt order-2 order-lg-2 d-flex align-items-center\">\n            <div class=\"txt_part\">\n            <div class=\"content\"><h2>C\u00e9lulas fotovoltaicas para balizamiento luminoso LED de bajo consumo energ\u00e9tico<\/h2>\n<p>Una c\u00e9lula fotovoltaica es un componente electr\u00f3nico que convierte la luz (fotones) en electricidad mediante el efecto fotovoltaico. La tensi\u00f3n producida depende de la intensidad de la luz recibida y se suministra en forma de corriente continua. <\/p>\n<p>Las c\u00e9lulas fotovoltaicas se fabrican principalmente con semiconductores, sobre todo silicio, pero tambi\u00e9n con otros materiales como :<\/p>\n<ul>\n<li>seleniuro de cobre e indio (CIS \/ CIGS),<\/li>\n<li>telururo de cadmio (CdTe).<\/li>\n<\/ul>\n<p>Se ensamblan en m\u00f3dulos o paneles solares, seg\u00fan la potencia que requiera la aplicaci\u00f3n.<\/p>\n<\/div>            <\/div>\n        <\/div>\n    <\/div>\n\n<\/div>\n\n<div class=\"container\">\n<div style=\"height:50px\" aria-hidden=\"true\" class=\"wp-block-spacer\"><\/div>\n\n<\/div>\n<div id=\"block-hero-block_3536ab7cad2f6c9240bff8716bd7bd58\" class=\"container-fluid txt_media_part  block-hero\">\n    <div class=\"row\">\n        <div class=\"col-12 col-lg-6 col-xl-6 px-0 media order-1 order-lg-2\">\n            <img decoding=\"async\" src=\"https:\/\/www.eco-innov.com\/wp-content\/uploads\/06_ECO-MAR_Nice_coulee_verte_Balisage_Promenade_pietonne-28.webp\" alt=\"\" class=\"img-fluid\">        <\/div>\n        <div class=\"col-12 col-lg-6 col-xl-6 col-xxl-5 px-xl-5 pt-5 pt-lg-0 txt order-2 order-lg-1 offset-xxl-1 d-flex align-items-center\">\n            <div class=\"txt_part\">\n            <div class=\"content\"><h2>C\u00e9lulas fotovoltaicas de silicio monocristalino<\/h2>\n<p>El silicio fundido se enfr\u00eda de forma controlada para formar un \u00fanico cristal de gran tama\u00f1o. A continuaci\u00f3n, este cristal se corta en finas obleas para formar las c\u00e9lulas fotovoltaicas, reconocibles por su tinte azul uniforme. <\/p>\n<p>Ventajas :<\/p>\n<ul>\n<li>Buena eficiencia energ\u00e9tica, generalmente entre el 14% y el 16<\/li>\n<li>Excelente relaci\u00f3n potencia\/superficie (alrededor de 150 Wp\/m\u00b2), lo que permite una integraci\u00f3n compacta<\/li>\n<li>Fiabilidad y estabilidad en el tiempo, ideal para equipos de balizamiento luminoso aut\u00f3nomos<\/li>\n<\/ul>\n<\/div>            <\/div>\n        <\/div>\n    <\/div>\n\n<\/div>\n\n<div class=\"container\">\n<div style=\"height:50px\" aria-hidden=\"true\" class=\"wp-block-spacer\"><\/div>\n","protected":false},"excerpt":{"rendered":"<p>Las principales ventajas de la tecnolog\u00eda LED &gt; 2 300 a 3 200 K: blanco c\u00e1lido&gt; 3 500 a 4 500 K: blanco c\u00e1lido claro&gt; 5 000 a 6 000 K: blanco marfil&gt; 6 500 K y m\u00e1s: blanco fr\u00edo<\/p>\n","protected":false},"author":1,"featured_media":0,"parent":0,"menu_order":62,"comment_status":"closed","ping_status":"closed","template":"","meta":{"_acf_changed":false,"inline_featured_image":false,"footnotes":""},"class_list":["post-9353","page","type-page","status-publish","hentry"],"acf":[],"_links":{"self":[{"href":"https:\/\/www.eco-innov.com\/es\/wp-json\/wp\/v2\/pages\/9353","targetHints":{"allow":["GET"]}}],"collection":[{"href":"https:\/\/www.eco-innov.com\/es\/wp-json\/wp\/v2\/pages"}],"about":[{"href":"https:\/\/www.eco-innov.com\/es\/wp-json\/wp\/v2\/types\/page"}],"author":[{"embeddable":true,"href":"https:\/\/www.eco-innov.com\/es\/wp-json\/wp\/v2\/users\/1"}],"replies":[{"embeddable":true,"href":"https:\/\/www.eco-innov.com\/es\/wp-json\/wp\/v2\/comments?post=9353"}],"version-history":[{"count":1,"href":"https:\/\/www.eco-innov.com\/es\/wp-json\/wp\/v2\/pages\/9353\/revisions"}],"predecessor-version":[{"id":9355,"href":"https:\/\/www.eco-innov.com\/es\/wp-json\/wp\/v2\/pages\/9353\/revisions\/9355"}],"wp:attachment":[{"href":"https:\/\/www.eco-innov.com\/es\/wp-json\/wp\/v2\/media?parent=9353"}],"curies":[{"name":"wp","href":"https:\/\/api.w.org\/{rel}","templated":true}]}}