{"id":9351,"date":"2026-01-21T11:33:30","date_gmt":"2026-01-21T10:33:30","guid":{"rendered":"https:\/\/www.eco-innov.com\/preguntas-frecuentes\/"},"modified":"2026-04-24T10:53:49","modified_gmt":"2026-04-24T08:53:49","slug":"preguntas-frecuentes","status":"publish","type":"page","link":"https:\/\/www.eco-innov.com\/es\/preguntas-frecuentes\/","title":{"rendered":"FAQ"},"content":{"rendered":"<\/div>\n<div id=\"block-hero-block_43c619a2a51ce1eca808c7e9a0240404\" class=\"container-fluid header_page_part px-0  block-hero\">\n        <div class=\"container\">\n        <div class=\"row\">\n            <div class=\"col-12 col-md-12 col-lg-11 col-xl-9 col-xxl-8\">\n                <nav aria-label=\"breadcrumbs\" class=\"rank-math-breadcrumb\"><p><span class=\"last\">Inicio<\/span><\/p><\/nav>                                    <h1 class=\"with_line with_line_lg\">Preguntas m\u00e1s frecuentes (FAQ)<\/h1>\n                                \n                <p>\u00bfSe preguntas por la iluminaci\u00f3n solar, la tecnolog\u00eda LED o las soluciones de bajo consumo de se\u00f1alizaci\u00f3n luminosa que ofrece ECO-INNOV?<\/p>\n<p>El objetivo de esta secci\u00f3n de preguntas frecuentes es responder a las preguntas m\u00e1s frecuentes sobre nuestros productos, sus usos y nuestra pericia.<\/p>\n\n\n                            <\/div>\n        <\/div>\n\n\n    <\/div>\n<\/div>\n<div class=\"container\">\n\n\n\n\n\n\n<div class=\"wp-block-group has-global-padding is-layout-constrained wp-block-group-is-layout-constrained\" style=\"padding-top:var(--wp--preset--spacing--xl);padding-bottom:var(--wp--preset--spacing--xl)\">\n<div itemscope itemtype=\"https:\/\/schema.org\/FAQPage\" data-wp-context=\"{ &quot;autoclose&quot;: true, &quot;accordionItems&quot;: [] }\" data-wp-interactive=\"core\/accordion\" role=\"group\" class=\"wp-block-accordion is-layout-flow wp-block-accordion-is-layout-flow\">\n<div itemprop=\"mainEntity\" itemscope itemtype=\"https:\/\/schema.org\/Question\" data-wp-class--is-open=\"state.isOpen\" data-wp-context=\"{ &quot;id&quot;: &quot;accordion-item-1&quot;, &quot;openByDefault&quot;: true }\" data-wp-init=\"callbacks.initAccordionItems\" data-wp-on-window--hashchange=\"callbacks.hashChange\" class=\"wp-block-accordion-item is-open is-layout-flow wp-block-accordion-item-is-layout-flow\">\n<h3 class=\"wp-block-accordion-heading\"><button aria-expanded=\"true\" aria-controls=\"accordion-item-1-panel\" data-wp-bind--aria-expanded=\"state.isOpen\" data-wp-on--click=\"actions.toggle\" data-wp-on--keydown=\"actions.handleKeyDown\" id=\"accordion-item-1\" type=\"button\" class=\"wp-block-accordion-heading__toggle\"><span itemprop=\"name\" class=\"wp-block-accordion-heading__toggle-title\"><strong>\u00bfFuncionan las soluciones solares todo el a\u00f1o, incluso en invierno?<\/strong><\/span><span class=\"wp-block-accordion-heading__toggle-icon\" aria-hidden=\"true\">+<\/span><\/button><\/h3>\n\n\n\n<div itemprop=\"acceptedAnswer\" itemscope itemtype=\"https:\/\/schema.org\/Answer\" aria-labelledby=\"accordion-item-1\" data-wp-bind--inert=\"!state.isOpen\" id=\"accordion-item-1-panel\" role=\"region\" class=\"wp-block-accordion-panel is-layout-flow wp-block-accordion-panel-is-layout-flow\">\n<p itemprop=\"text\">S\u00ed, el equipo est\u00e1 dise\u00f1ado para funcionar todo el a\u00f1o, incluso en periodos de poca luz solar. El dimensionamiento de los paneles fotovoltaicos y los sistemas de almacenamiento se adapta a las condiciones clim\u00e1ticas locales para garantizar una autonom\u00eda fiable y continua.  <\/p>\n<\/div>\n<\/div>\n\n\n\n<div itemprop=\"mainEntity\" itemscope itemtype=\"https:\/\/schema.org\/Question\" data-wp-class--is-open=\"state.isOpen\" data-wp-context=\"{ &quot;id&quot;: &quot;accordion-item-2&quot;, &quot;openByDefault&quot;: false }\" data-wp-init=\"callbacks.initAccordionItems\" data-wp-on-window--hashchange=\"callbacks.hashChange\" class=\"wp-block-accordion-item is-layout-flow wp-block-accordion-item-is-layout-flow\">\n<h3 class=\"wp-block-accordion-heading\"><button aria-expanded=\"false\" aria-controls=\"accordion-item-2-panel\" data-wp-bind--aria-expanded=\"state.isOpen\" data-wp-on--click=\"actions.toggle\" data-wp-on--keydown=\"actions.handleKeyDown\" id=\"accordion-item-2\" type=\"button\" class=\"wp-block-accordion-heading__toggle\"><span itemprop=\"name\" class=\"wp-block-accordion-heading__toggle-title\"><strong>\u00bfQu\u00e9 ocurre si hay varios d\u00edas sin sol?<\/strong><\/span><span class=\"wp-block-accordion-heading__toggle-icon\" aria-hidden=\"true\">+<\/span><\/button><\/h3>\n\n\n\n<div inert itemprop=\"acceptedAnswer\" itemscope itemtype=\"https:\/\/schema.org\/Answer\" aria-labelledby=\"accordion-item-2\" data-wp-bind--inert=\"!state.isOpen\" id=\"accordion-item-2-panel\" role=\"region\" class=\"wp-block-accordion-panel is-layout-flow wp-block-accordion-panel-is-layout-flow\">\n<p itemprop=\"text\">Los sistemas de almacenamiento (bater\u00edas o condensadores) garantizan el funcionamiento durante varias noches consecutivas sin aporte solar. Seg\u00fan el modelo y el uso, la autonom\u00eda puede ajustarse durante el estudio del proyecto. <\/p>\n<\/div>\n<\/div>\n\n\n\n<div itemprop=\"mainEntity\" itemscope itemtype=\"https:\/\/schema.org\/Question\" data-wp-class--is-open=\"state.isOpen\" data-wp-context=\"{ &quot;id&quot;: &quot;accordion-item-3&quot;, &quot;openByDefault&quot;: false }\" data-wp-init=\"callbacks.initAccordionItems\" data-wp-on-window--hashchange=\"callbacks.hashChange\" class=\"wp-block-accordion-item is-layout-flow wp-block-accordion-item-is-layout-flow\">\n<h3 class=\"wp-block-accordion-heading\"><button aria-expanded=\"false\" aria-controls=\"accordion-item-3-panel\" data-wp-bind--aria-expanded=\"state.isOpen\" data-wp-on--click=\"actions.toggle\" data-wp-on--keydown=\"actions.handleKeyDown\" id=\"accordion-item-3\" type=\"button\" class=\"wp-block-accordion-heading__toggle\"><span itemprop=\"name\" class=\"wp-block-accordion-heading__toggle-title\"><strong>\u00bfCumplen los productos las normas vigentes?<\/strong><\/span><span class=\"wp-block-accordion-heading__toggle-icon\" aria-hidden=\"true\">+<\/span><\/button><\/h3>\n\n\n\n<div inert itemprop=\"acceptedAnswer\" itemscope itemtype=\"https:\/\/schema.org\/Answer\" aria-labelledby=\"accordion-item-3\" data-wp-bind--inert=\"!state.isOpen\" id=\"accordion-item-3-panel\" role=\"region\" class=\"wp-block-accordion-panel is-layout-flow wp-block-accordion-panel-is-layout-flow\">\n<p itemprop=\"text\">S\u00ed, los equipos ECO-INNOV est\u00e1n dise\u00f1ados para cumplir las normas y reglamentos aplicables, sobre todo en materia de seguridad el\u00e9ctrica, se\u00f1alizaci\u00f3n y gesti\u00f3n de aparatos el\u00e9ctricos y electr\u00f3nicos al final de su vida \u00fatil (RAEE). <\/p>\n<\/div>\n<\/div>\n\n\n\n<div itemprop=\"mainEntity\" itemscope itemtype=\"https:\/\/schema.org\/Question\" data-wp-class--is-open=\"state.isOpen\" data-wp-context=\"{ &quot;id&quot;: &quot;accordion-item-4&quot;, &quot;openByDefault&quot;: false }\" data-wp-init=\"callbacks.initAccordionItems\" data-wp-on-window--hashchange=\"callbacks.hashChange\" class=\"wp-block-accordion-item is-layout-flow wp-block-accordion-item-is-layout-flow\">\n<h3 class=\"wp-block-accordion-heading\"><button aria-expanded=\"false\" aria-controls=\"accordion-item-4-panel\" data-wp-bind--aria-expanded=\"state.isOpen\" data-wp-on--click=\"actions.toggle\" data-wp-on--keydown=\"actions.handleKeyDown\" id=\"accordion-item-4\" type=\"button\" class=\"wp-block-accordion-heading__toggle\"><span itemprop=\"name\" class=\"wp-block-accordion-heading__toggle-title\"><strong>\u00bfSe pueden personalizar las soluciones de balizamiento luminoso?<\/strong><\/span><span class=\"wp-block-accordion-heading__toggle-icon\" aria-hidden=\"true\">+<\/span><\/button><\/h3>\n\n\n\n<div inert itemprop=\"acceptedAnswer\" itemscope itemtype=\"https:\/\/schema.org\/Answer\" aria-labelledby=\"accordion-item-4\" data-wp-bind--inert=\"!state.isOpen\" id=\"accordion-item-4-panel\" role=\"region\" class=\"wp-block-accordion-panel is-layout-flow wp-block-accordion-panel-is-layout-flow\">\n<p itemprop=\"text\">S\u00ed, nuestras soluciones ofrecen m\u00faltiples posibilidades de personalizaci\u00f3n: intensidad luminosa, colorimetr\u00eda, modos de funcionamiento, ubicaci\u00f3n e integraci\u00f3n arquitect\u00f3nica. Cada proyecto es objeto de un estudio espec\u00edfico para responder con precisi\u00f3n a las limitaciones del lugar.  <\/p>\n\n\n\n<div class=\"wp-block-buttons is-layout-flex wp-block-buttons-is-layout-flex\">\n<div class=\"wp-block-button\"><a class=\"wp-block-button__link wp-element-button\" href=\"https:\/\/www.eco-innov.com\/es\/a-medida\/\">Descubra nuestros proyectos a medida<\/a><\/div>\n<\/div>\n<\/div>\n<\/div>\n\n\n\n<div itemprop=\"mainEntity\" itemscope itemtype=\"https:\/\/schema.org\/Question\" data-wp-class--is-open=\"state.isOpen\" data-wp-context=\"{ &quot;id&quot;: &quot;accordion-item-5&quot;, &quot;openByDefault&quot;: false }\" data-wp-init=\"callbacks.initAccordionItems\" data-wp-on-window--hashchange=\"callbacks.hashChange\" class=\"wp-block-accordion-item is-layout-flow wp-block-accordion-item-is-layout-flow\">\n<h3 class=\"wp-block-accordion-heading\"><button aria-expanded=\"false\" aria-controls=\"accordion-item-5-panel\" data-wp-bind--aria-expanded=\"state.isOpen\" data-wp-on--click=\"actions.toggle\" data-wp-on--keydown=\"actions.handleKeyDown\" id=\"accordion-item-5\" type=\"button\" class=\"wp-block-accordion-heading__toggle\"><span itemprop=\"name\" class=\"wp-block-accordion-heading__toggle-title\"><strong>\u00bfQu\u00e9 es un panel solar?<\/strong><\/span><span class=\"wp-block-accordion-heading__toggle-icon\" aria-hidden=\"true\">+<\/span><\/button><\/h3>\n\n\n\n<div inert itemprop=\"acceptedAnswer\" itemscope itemtype=\"https:\/\/schema.org\/Answer\" aria-labelledby=\"accordion-item-5\" data-wp-bind--inert=\"!state.isOpen\" id=\"accordion-item-5-panel\" role=\"region\" class=\"wp-block-accordion-panel is-layout-flow wp-block-accordion-panel-is-layout-flow\">\n<p itemprop=\"text\">Un <strong>conjunto solar<\/strong> es una soluci\u00f3n de <strong>balizamiento<\/strong> luminoso aut\u00f3noma y energ\u00e9ticamente eficiente. No consume electricidad de la red y reduce los costes de obra civil, ya que no requiere conexi\u00f3n a la red el\u00e9ctrica. <\/p>\n\n\n\n<p>Su funcionamiento se basa en c\u00e9lulas fotovoltaicas que captan la energ\u00eda solar durante el d\u00eda y la almacenan en un acumulador o condensador. Cuando cae la noche, esta energ\u00eda se libera en forma de balizamiento luminoso LED aut\u00f3nomo. <\/p>\n<\/div>\n<\/div>\n\n\n\n<div itemprop=\"mainEntity\" itemscope itemtype=\"https:\/\/schema.org\/Question\" data-wp-class--is-open=\"state.isOpen\" data-wp-context=\"{ &quot;id&quot;: &quot;accordion-item-6&quot;, &quot;openByDefault&quot;: false }\" data-wp-init=\"callbacks.initAccordionItems\" data-wp-on-window--hashchange=\"callbacks.hashChange\" class=\"wp-block-accordion-item is-layout-flow wp-block-accordion-item-is-layout-flow\">\n<h3 class=\"wp-block-accordion-heading\"><button aria-expanded=\"false\" aria-controls=\"accordion-item-6-panel\" data-wp-bind--aria-expanded=\"state.isOpen\" data-wp-on--click=\"actions.toggle\" data-wp-on--keydown=\"actions.handleKeyDown\" id=\"accordion-item-6\" type=\"button\" class=\"wp-block-accordion-heading__toggle\"><span itemprop=\"name\" class=\"wp-block-accordion-heading__toggle-title\"><strong>\u00bfQu\u00e9 es un diodo emisor de luz (LED)?<\/strong><\/span><span class=\"wp-block-accordion-heading__toggle-icon\" aria-hidden=\"true\">+<\/span><\/button><\/h3>\n\n\n\n<div inert itemprop=\"acceptedAnswer\" itemscope itemtype=\"https:\/\/schema.org\/Answer\" aria-labelledby=\"accordion-item-6\" data-wp-bind--inert=\"!state.isOpen\" id=\"accordion-item-6-panel\" role=\"region\" class=\"wp-block-accordion-panel is-layout-flow wp-block-accordion-panel-is-layout-flow\">\n<p itemprop=\"text\">Un diodo emisor de luz (LED) es un componente electr\u00f3nico capaz de emitir luz cuando pasa por \u00e9l una corriente el\u00e9ctrica.<\/p>\n\n\n\n<p>Sus principales ventajas son :<\/p>\n\n\n\n<ul class=\"wp-block-list\">\n<li>Excelente resistencia mec\u00e1nica (impactos, vibraciones, aplastamiento),<\/li>\n\n\n\n<li>Bajo consumo de energ\u00eda,<\/li>\n\n\n\n<li>una vida \u00fatil muy larga, generalmente entre 50.000 y 100.000 horas.<\/li>\n<\/ul>\n<\/div>\n<\/div>\n\n\n\n<div itemprop=\"mainEntity\" itemscope itemtype=\"https:\/\/schema.org\/Question\" data-wp-class--is-open=\"state.isOpen\" data-wp-context=\"{ &quot;id&quot;: &quot;accordion-item-7&quot;, &quot;openByDefault&quot;: false }\" data-wp-init=\"callbacks.initAccordionItems\" data-wp-on-window--hashchange=\"callbacks.hashChange\" class=\"wp-block-accordion-item is-layout-flow wp-block-accordion-item-is-layout-flow\">\n<h3 class=\"wp-block-accordion-heading\"><button aria-expanded=\"false\" aria-controls=\"accordion-item-7-panel\" data-wp-bind--aria-expanded=\"state.isOpen\" data-wp-on--click=\"actions.toggle\" data-wp-on--keydown=\"actions.handleKeyDown\" id=\"accordion-item-7\" type=\"button\" class=\"wp-block-accordion-heading__toggle\"><span itemprop=\"name\" class=\"wp-block-accordion-heading__toggle-title\"><strong>\u00bfCu\u00e1les son las aplicaciones de estas tecnolog\u00edas?<\/strong><\/span><span class=\"wp-block-accordion-heading__toggle-icon\" aria-hidden=\"true\">+<\/span><\/button><\/h3>\n\n\n\n<div inert itemprop=\"acceptedAnswer\" itemscope itemtype=\"https:\/\/schema.org\/Answer\" aria-labelledby=\"accordion-item-7\" data-wp-bind--inert=\"!state.isOpen\" id=\"accordion-item-7-panel\" role=\"region\" class=\"wp-block-accordion-panel is-layout-flow wp-block-accordion-panel-is-layout-flow\">\n<p itemprop=\"text\">Las tecnolog\u00edas solar fotovoltaica y LED, cuando se utilizan adecuadamente, ofrecen una alternativa eficaz a las soluciones el\u00e9ctricas tradicionales.<\/p>\n\n\n\n<p>Se aplican en particular a :<\/p>\n\n\n\n<ul class=\"wp-block-list\">\n<li>planificaci\u00f3n urbana,<\/li>\n\n\n\n<li>se\u00f1alizaci\u00f3n vial,<\/li>\n\n\n\n<li>balizamiento luminoso y de seguridad.<\/li>\n<\/ul>\n\n\n\n<p>En ECO-INNOV, utilizamos estas tecnolog\u00edas principalmente para la seguridad y el balizamiento luminoso de automovilistas, ciclistas, peatones y personas con movilidad reducida. Tambi\u00e9n son posibles otros usos y aplicaciones, en funci\u00f3n de las limitaciones del lugar. <\/p>\n\n\n\n<p>Para asegurarnos de que las soluciones que proponemos son adecuadas, ayudamos a nuestros clientes con estudios de viabilidad, consumo energ\u00e9tico y emplazamiento.<\/p>\n<\/div>\n<\/div>\n\n\n\n<div itemprop=\"mainEntity\" itemscope itemtype=\"https:\/\/schema.org\/Question\" data-wp-class--is-open=\"state.isOpen\" data-wp-context=\"{ &quot;id&quot;: &quot;accordion-item-8&quot;, &quot;openByDefault&quot;: false }\" data-wp-init=\"callbacks.initAccordionItems\" data-wp-on-window--hashchange=\"callbacks.hashChange\" class=\"wp-block-accordion-item is-layout-flow wp-block-accordion-item-is-layout-flow\">\n<h3 class=\"wp-block-accordion-heading\"><button aria-expanded=\"false\" aria-controls=\"accordion-item-8-panel\" data-wp-bind--aria-expanded=\"state.isOpen\" data-wp-on--click=\"actions.toggle\" data-wp-on--keydown=\"actions.handleKeyDown\" id=\"accordion-item-8\" type=\"button\" class=\"wp-block-accordion-heading__toggle\"><span itemprop=\"name\" class=\"wp-block-accordion-heading__toggle-title\"><strong>\u00bfCu\u00e1nto dura un panel solar?<\/strong><\/span><span class=\"wp-block-accordion-heading__toggle-icon\" aria-hidden=\"true\">+<\/span><\/button><\/h3>\n\n\n\n<div inert itemprop=\"acceptedAnswer\" itemscope itemtype=\"https:\/\/schema.org\/Answer\" aria-labelledby=\"accordion-item-8\" data-wp-bind--inert=\"!state.isOpen\" id=\"accordion-item-8-panel\" role=\"region\" class=\"wp-block-accordion-panel is-layout-flow wp-block-accordion-panel-is-layout-flow\">\n<p itemprop=\"text\">La vida \u00fatil media de un panel solar es de :<\/p>\n\n\n\n<ul class=\"wp-block-list\">\n<li>unos 5 a\u00f1os para los modelos equipados con bater\u00eda recargable,<\/li>\n\n\n\n<li>hasta 10 a\u00f1os para los modelos que utilizan un condensador.<\/li>\n<\/ul>\n\n\n\n<p>En algunos modelos, la vida \u00fatil puede prolongarse mediante el mantenimiento del m\u00f3dulo electr\u00f3nico al final del ciclo. La mayor\u00eda de nuestros equipos tienen una garant\u00eda de 2 a\u00f1os (consulte el folleto del producto).<\/p>\n<\/div>\n<\/div>\n\n\n\n<div itemprop=\"mainEntity\" itemscope itemtype=\"https:\/\/schema.org\/Question\" data-wp-class--is-open=\"state.isOpen\" data-wp-context=\"{ &quot;id&quot;: &quot;accordion-item-9&quot;, &quot;openByDefault&quot;: false }\" data-wp-init=\"callbacks.initAccordionItems\" data-wp-on-window--hashchange=\"callbacks.hashChange\" class=\"wp-block-accordion-item is-layout-flow wp-block-accordion-item-is-layout-flow\">\n<h3 class=\"wp-block-accordion-heading\"><button aria-expanded=\"false\" aria-controls=\"accordion-item-9-panel\" data-wp-bind--aria-expanded=\"state.isOpen\" data-wp-on--click=\"actions.toggle\" data-wp-on--keydown=\"actions.handleKeyDown\" id=\"accordion-item-9\" type=\"button\" class=\"wp-block-accordion-heading__toggle\"><span itemprop=\"name\" class=\"wp-block-accordion-heading__toggle-title\"><strong>\u00bfOfrecen soluciones de iluminaci\u00f3n de bajo consumo energ\u00e9tico?<\/strong><\/span><span class=\"wp-block-accordion-heading__toggle-icon\" aria-hidden=\"true\">+<\/span><\/button><\/h3>\n\n\n\n<div inert itemprop=\"acceptedAnswer\" itemscope itemtype=\"https:\/\/schema.org\/Answer\" aria-labelledby=\"accordion-item-9\" data-wp-bind--inert=\"!state.isOpen\" id=\"accordion-item-9-panel\" role=\"region\" class=\"wp-block-accordion-panel is-layout-flow wp-block-accordion-panel-is-layout-flow\">\n<p itemprop=\"text\">S\u00ed, ofrecemos una amplia gama de soluciones de iluminaci\u00f3n de bajo consumo energ\u00e9tico, como : <\/p>\n\n\n\n<ul class=\"wp-block-list\">\n<li>Balizas solares LED para balizamiento luminoso de carreteras, rotondas y carriles bici,<\/li>\n\n\n\n<li>aplicaciones decorativas, como nichos arquitect\u00f3nicos en el suelo,<\/li>\n\n\n\n<li>Bolardos solares LED,<\/li>\n\n\n\n<li>Se\u00f1ales de se\u00f1alizaci\u00f3n luminosa con energ\u00eda solar para hacer m\u00e1s seguros los accesos a las escuelas y los pasos peatonales.<\/li>\n<\/ul>\n\n\n\n<p>Adem\u00e1s de ahorrar de energ\u00eda, estas soluciones eliminan operaciones costosas como el tendido de cables o la instalaci\u00f3n de transformadores.<\/p>\n<\/div>\n<\/div>\n\n\n\n<div itemprop=\"mainEntity\" itemscope itemtype=\"https:\/\/schema.org\/Question\" data-wp-class--is-open=\"state.isOpen\" data-wp-context=\"{ &quot;id&quot;: &quot;accordion-item-10&quot;, &quot;openByDefault&quot;: false }\" data-wp-init=\"callbacks.initAccordionItems\" data-wp-on-window--hashchange=\"callbacks.hashChange\" class=\"wp-block-accordion-item is-layout-flow wp-block-accordion-item-is-layout-flow\">\n<h3 class=\"wp-block-accordion-heading\"><button aria-expanded=\"false\" aria-controls=\"accordion-item-10-panel\" data-wp-bind--aria-expanded=\"state.isOpen\" data-wp-on--click=\"actions.toggle\" data-wp-on--keydown=\"actions.handleKeyDown\" id=\"accordion-item-10\" type=\"button\" class=\"wp-block-accordion-heading__toggle\"><span itemprop=\"name\" class=\"wp-block-accordion-heading__toggle-title\"><strong>\u00bfQui\u00e9n es ECO-INNOV?<\/strong><\/span><span class=\"wp-block-accordion-heading__toggle-icon\" aria-hidden=\"true\">+<\/span><\/button><\/h3>\n\n\n\n<div inert itemprop=\"acceptedAnswer\" itemscope itemtype=\"https:\/\/schema.org\/Answer\" aria-labelledby=\"accordion-item-10\" data-wp-bind--inert=\"!state.isOpen\" id=\"accordion-item-10-panel\" role=\"region\" class=\"wp-block-accordion-panel is-layout-flow wp-block-accordion-panel-is-layout-flow\">\n<p itemprop=\"text\">Desde 2004, ECO-INNOV dise\u00f1a soluciones de se\u00f1alizaci\u00f3n y balizamiento luminoso solares y de muy baja tensi\u00f3n, optimizadas para la seguridad, el medio ambiente y la sostenibilidad. Con sede en Grenoble, la empresa lleva m\u00e1s de 20 a\u00f1os dise\u00f1ando y comercializando soluciones solares y LED. <\/p>\n<\/div>\n<\/div>\n\n\n\n<div itemprop=\"mainEntity\" itemscope itemtype=\"https:\/\/schema.org\/Question\" data-wp-class--is-open=\"state.isOpen\" data-wp-context=\"{ &quot;id&quot;: &quot;accordion-item-11&quot;, &quot;openByDefault&quot;: false }\" data-wp-init=\"callbacks.initAccordionItems\" data-wp-on-window--hashchange=\"callbacks.hashChange\" class=\"wp-block-accordion-item is-layout-flow wp-block-accordion-item-is-layout-flow\">\n<h3 class=\"wp-block-accordion-heading\"><button aria-expanded=\"false\" aria-controls=\"accordion-item-11-panel\" data-wp-bind--aria-expanded=\"state.isOpen\" data-wp-on--click=\"actions.toggle\" data-wp-on--keydown=\"actions.handleKeyDown\" id=\"accordion-item-11\" type=\"button\" class=\"wp-block-accordion-heading__toggle\"><span itemprop=\"name\" class=\"wp-block-accordion-heading__toggle-title\"><strong>\u00bfPara qui\u00e9n est\u00e1n pensados los productos ECO-INNOV?<\/strong><\/span><span class=\"wp-block-accordion-heading__toggle-icon\" aria-hidden=\"true\">+<\/span><\/button><\/h3>\n\n\n\n<div inert itemprop=\"acceptedAnswer\" itemscope itemtype=\"https:\/\/schema.org\/Answer\" aria-labelledby=\"accordion-item-11\" data-wp-bind--inert=\"!state.isOpen\" id=\"accordion-item-11-panel\" role=\"region\" class=\"wp-block-accordion-panel is-layout-flow wp-block-accordion-panel-is-layout-flow\">\n<p itemprop=\"text\">Nuestras soluciones est\u00e1n dise\u00f1adas para autoridades locales, instituciones y el sector privado para una amplia gama de proyectos. Venta exclusiva a profesionales. <\/p>\n\n\n\n<div class=\"wp-block-buttons is-layout-flex wp-block-buttons-is-layout-flex\">\n<div class=\"wp-block-button\"><a class=\"wp-block-button__link wp-element-button\" href=\"https:\/\/www.eco-innov.com\/es\/contacto\/\">Cont\u00e1ctenos<\/a><\/div>\n<\/div>\n<\/div>\n<\/div>\n\n\n\n<div itemprop=\"mainEntity\" itemscope itemtype=\"https:\/\/schema.org\/Question\" data-wp-class--is-open=\"state.isOpen\" data-wp-context=\"{ &quot;id&quot;: &quot;accordion-item-12&quot;, &quot;openByDefault&quot;: false }\" data-wp-init=\"callbacks.initAccordionItems\" data-wp-on-window--hashchange=\"callbacks.hashChange\" class=\"wp-block-accordion-item is-layout-flow wp-block-accordion-item-is-layout-flow\">\n<h3 class=\"wp-block-accordion-heading\"><button aria-expanded=\"false\" aria-controls=\"accordion-item-12-panel\" data-wp-bind--aria-expanded=\"state.isOpen\" data-wp-on--click=\"actions.toggle\" data-wp-on--keydown=\"actions.handleKeyDown\" id=\"accordion-item-12\" type=\"button\" class=\"wp-block-accordion-heading__toggle\"><span itemprop=\"name\" class=\"wp-block-accordion-heading__toggle-title\"><strong>\u00bfC\u00f3mo contactar con ECO-INNOV?<\/strong><\/span><span class=\"wp-block-accordion-heading__toggle-icon\" aria-hidden=\"true\">+<\/span><\/button><\/h3>\n\n\n\n<div inert itemprop=\"acceptedAnswer\" itemscope itemtype=\"https:\/\/schema.org\/Answer\" aria-labelledby=\"accordion-item-12\" data-wp-bind--inert=\"!state.isOpen\" id=\"accordion-item-12-panel\" role=\"region\" class=\"wp-block-accordion-panel is-layout-flow wp-block-accordion-panel-is-layout-flow\">\n<p itemprop=\"text\">Para cualquier informaci\u00f3n, precio o solicitud de pedido, p\u00f3ngase en contacto con :<\/p>\n\n\n\n<ul class=\"wp-block-list\">\n<li>utilice nuestro servicio de asesoramiento en l\u00ednea,<\/li>\n\n\n\n<li>consulte la p\u00e1gina de Contacto del sitio,<\/li>\n<\/ul>\n\n\n\n<p>Venta exclusiva a profesionales.<\/p>\n\n\n\n<div class=\"wp-block-buttons is-layout-flex wp-block-buttons-is-layout-flex\">\n<div class=\"wp-block-button\"><a class=\"wp-block-button__link wp-element-button\" href=\"https:\/\/www.eco-innov.com\/es\/contacto\/\">Cont\u00e1ctenos<\/a><\/div>\n<\/div>\n<\/div>\n<\/div>\n<\/div>\n<\/div>\n\n\n\n<p><\/p>\n","protected":false},"excerpt":{"rendered":"","protected":false},"author":1,"featured_media":0,"parent":0,"menu_order":3,"comment_status":"closed","ping_status":"closed","template":"","meta":{"_acf_changed":false,"inline_featured_image":false,"footnotes":""},"class_list":["post-9351","page","type-page","status-publish","hentry"],"acf":[],"_links":{"self":[{"href":"https:\/\/www.eco-innov.com\/es\/wp-json\/wp\/v2\/pages\/9351","targetHints":{"allow":["GET"]}}],"collection":[{"href":"https:\/\/www.eco-innov.com\/es\/wp-json\/wp\/v2\/pages"}],"about":[{"href":"https:\/\/www.eco-innov.com\/es\/wp-json\/wp\/v2\/types\/page"}],"author":[{"embeddable":true,"href":"https:\/\/www.eco-innov.com\/es\/wp-json\/wp\/v2\/users\/1"}],"replies":[{"embeddable":true,"href":"https:\/\/www.eco-innov.com\/es\/wp-json\/wp\/v2\/comments?post=9351"}],"version-history":[{"count":4,"href":"https:\/\/www.eco-innov.com\/es\/wp-json\/wp\/v2\/pages\/9351\/revisions"}],"predecessor-version":[{"id":9862,"href":"https:\/\/www.eco-innov.com\/es\/wp-json\/wp\/v2\/pages\/9351\/revisions\/9862"}],"wp:attachment":[{"href":"https:\/\/www.eco-innov.com\/es\/wp-json\/wp\/v2\/media?parent=9351"}],"curies":[{"name":"wp","href":"https:\/\/api.w.org\/{rel}","templated":true}]}}