{"id":9346,"date":"2026-01-21T11:28:36","date_gmt":"2026-01-21T10:28:36","guid":{"rendered":"https:\/\/www.eco-innov.com\/carta-ecologica\/"},"modified":"2026-04-24T10:58:44","modified_gmt":"2026-04-24T08:58:44","slug":"carta-ecologica","status":"publish","type":"page","link":"https:\/\/www.eco-innov.com\/es\/carta-ecologica\/","title":{"rendered":"Carta ecol\u00f3gica"},"content":{"rendered":"<\/div>\n<div id=\"block-hero-block_234d27a267d99dc50e6902b18871c247\" class=\"container-fluid header_page_part px-0  block-hero\">\n        <div class=\"container\">\n        <div class=\"row\">\n            <div class=\"col-12 col-md-12 col-lg-11 col-xl-9 col-xxl-8\">\n                <nav aria-label=\"breadcrumbs\" class=\"rank-math-breadcrumb\"><p><span class=\"last\">Inicio<\/span><\/p><\/nav>                                    <h1 class=\"with_line with_line_lg\">Nuestra carta ecol\u00f3gica<\/h1>\n                                \n                <p>Nuestro compromiso con el medio ambiente se refleja en una carta ecol\u00f3gica estructurada y concreta. Garantizamos la calidad y durabilidad de nuestros productos, al tiempo que integramos principios de dise\u00f1o ecol\u00f3gico y pr\u00e1cticas responsables en todas las etapas de nuestra actividad. <\/p>\n\n\n                            <\/div>\n        <\/div>\n\n\n    <\/div>\n<\/div>\n<div class=\"container\">\n\n\n\n\n\n\n<div class=\"wp-block-group alignwide is-layout-flow wp-container-core-group-is-layout-3175685b wp-block-group-is-layout-flow\" style=\"padding-top:var(--wp--preset--spacing--m);padding-bottom:var(--wp--preset--spacing--xl)\">\n<h2 class=\"wp-block-heading\"><span><strong>Nuestros compromisos<\/strong><\/span><\/h2>\n\n\n\n<div class=\"wp-block-columns alignfull is-layout-flex wp-container-core-columns-is-layout-e8d40639 wp-block-columns-is-layout-flex\" style=\"padding-top:var(--wp--preset--spacing--s);padding-bottom:var(--wp--preset--spacing--s)\">\n<div class=\"wp-block-column is-layout-flow wp-block-column-is-layout-flow\">\n<figure data-wp-context=\"{&quot;imageId&quot;:&quot;69f0d51f146cd&quot;}\" data-wp-interactive=\"core\/image\" data-wp-key=\"69f0d51f146cd\" class=\"wp-block-image size-thumbnail is-resized wp-lightbox-container\"><img decoding=\"async\" width=\"150\" height=\"150\" data-wp-class--hide=\"state.isContentHidden\" data-wp-class--show=\"state.isContentVisible\" data-wp-init=\"callbacks.setButtonStyles\" data-wp-on--click=\"actions.showLightbox\" data-wp-on--load=\"callbacks.setButtonStyles\" data-wp-on-window--resize=\"callbacks.setButtonStyles\" src=\"https:\/\/www.eco-innov.com\/wp-content\/uploads\/num1-150x150.png\" alt=\"\" class=\"wp-image-6076\" style=\"width:150px;height:auto\" srcset=\"https:\/\/www.eco-innov.com\/wp-content\/uploads\/num1-150x150.png 150w, https:\/\/www.eco-innov.com\/wp-content\/uploads\/num1-450x450.png 450w, https:\/\/www.eco-innov.com\/wp-content\/uploads\/num1-330x330.png 330w, https:\/\/www.eco-innov.com\/wp-content\/uploads\/num1-180x180.png 180w, https:\/\/www.eco-innov.com\/wp-content\/uploads\/num1-400x400.png 400w, https:\/\/www.eco-innov.com\/wp-content\/uploads\/num1-365x365.png 365w, https:\/\/www.eco-innov.com\/wp-content\/uploads\/num1-535x535.png 535w, https:\/\/www.eco-innov.com\/wp-content\/uploads\/num1.png 603w\" sizes=\"(max-width: 150px) 100vw, 150px\" \/><button\n\t\t\tclass=\"lightbox-trigger\"\n\t\t\ttype=\"button\"\n\t\t\taria-haspopup=\"dialog\"\n\t\t\taria-label=\"Agrandar\"\n\t\t\tdata-wp-init=\"callbacks.initTriggerButton\"\n\t\t\tdata-wp-on--click=\"actions.showLightbox\"\n\t\t\tdata-wp-style--right=\"state.imageButtonRight\"\n\t\t\tdata-wp-style--top=\"state.imageButtonTop\"\n\t\t>\n\t\t\t<svg xmlns=\"http:\/\/www.w3.org\/2000\/svg\" width=\"12\" height=\"12\" fill=\"none\" viewBox=\"0 0 12 12\">\n\t\t\t\t<path fill=\"#fff\" d=\"M2 0a2 2 0 0 0-2 2v2h1.5V2a.5.5 0 0 1 .5-.5h2V0H2Zm2 10.5H2a.5.5 0 0 1-.5-.5V8H0v2a2 2 0 0 0 2 2h2v-1.5ZM8 12v-1.5h2a.5.5 0 0 0 .5-.5V8H12v2a2 2 0 0 1-2 2H8Zm2-12a2 2 0 0 1 2 2v2h-1.5V2a.5.5 0 0 0-.5-.5H8V0h2Z\" \/>\n\t\t\t<\/svg>\n\t\t<\/button><\/figure>\n\n\n\n<h3 class=\"wp-block-heading\">Calidad y durabilidad de nuestros productos<\/h3>\n\n\n\n<p>La calidad de fabricaci\u00f3n, que garantiza una larga vida \u00fatil del producto y un n\u00famero limitado de operaciones de mantenimiento, es la principal palanca para reducir el impacto medioambiental de nuestros equipos.<\/p>\n\n\n\n<p>Aunque no existe el \u00abdefecto cero\u00bb, sobre todo en los equipos electr\u00f3nicos, nuestra prioridad es llevar al mercado soluciones duraderas y escalables.<\/p>\n\n\n\n<p>En nuestras gamas de baja tensi\u00f3n y solar, utilizamos LED con una vida \u00fatil media estimada de 100.000 horas.<br>Algunos paneles solares tambi\u00e9n est\u00e1n equipados con condensadores con una vida \u00fatil media de m\u00e1s de 10 a\u00f1os.<\/p>\n<\/div>\n\n\n\n<div class=\"wp-block-column is-layout-flow wp-block-column-is-layout-flow\">\n<figure data-wp-context=\"{&quot;imageId&quot;:&quot;69f0d51f14fbe&quot;}\" data-wp-interactive=\"core\/image\" data-wp-key=\"69f0d51f14fbe\" class=\"wp-block-image size-thumbnail is-resized wp-lightbox-container\"><img decoding=\"async\" width=\"150\" height=\"150\" data-wp-class--hide=\"state.isContentHidden\" data-wp-class--show=\"state.isContentVisible\" data-wp-init=\"callbacks.setButtonStyles\" data-wp-on--click=\"actions.showLightbox\" data-wp-on--load=\"callbacks.setButtonStyles\" data-wp-on-window--resize=\"callbacks.setButtonStyles\" src=\"https:\/\/www.eco-innov.com\/wp-content\/uploads\/num2-150x150.png\" alt=\"\" class=\"wp-image-6080\" style=\"width:150px;height:auto\" srcset=\"https:\/\/www.eco-innov.com\/wp-content\/uploads\/num2-150x150.png 150w, https:\/\/www.eco-innov.com\/wp-content\/uploads\/num2-450x450.png 450w, https:\/\/www.eco-innov.com\/wp-content\/uploads\/num2-330x330.png 330w, https:\/\/www.eco-innov.com\/wp-content\/uploads\/num2-180x180.png 180w, https:\/\/www.eco-innov.com\/wp-content\/uploads\/num2-400x400.png 400w, https:\/\/www.eco-innov.com\/wp-content\/uploads\/num2-365x365.png 365w, https:\/\/www.eco-innov.com\/wp-content\/uploads\/num2-535x535.png 535w, https:\/\/www.eco-innov.com\/wp-content\/uploads\/num2.png 603w\" sizes=\"(max-width: 150px) 100vw, 150px\" \/><button\n\t\t\tclass=\"lightbox-trigger\"\n\t\t\ttype=\"button\"\n\t\t\taria-haspopup=\"dialog\"\n\t\t\taria-label=\"Agrandar\"\n\t\t\tdata-wp-init=\"callbacks.initTriggerButton\"\n\t\t\tdata-wp-on--click=\"actions.showLightbox\"\n\t\t\tdata-wp-style--right=\"state.imageButtonRight\"\n\t\t\tdata-wp-style--top=\"state.imageButtonTop\"\n\t\t>\n\t\t\t<svg xmlns=\"http:\/\/www.w3.org\/2000\/svg\" width=\"12\" height=\"12\" fill=\"none\" viewBox=\"0 0 12 12\">\n\t\t\t\t<path fill=\"#fff\" d=\"M2 0a2 2 0 0 0-2 2v2h1.5V2a.5.5 0 0 1 .5-.5h2V0H2Zm2 10.5H2a.5.5 0 0 1-.5-.5V8H0v2a2 2 0 0 0 2 2h2v-1.5ZM8 12v-1.5h2a.5.5 0 0 0 .5-.5V8H12v2a2 2 0 0 1-2 2H8Zm2-12a2 2 0 0 1 2 2v2h-1.5V2a.5.5 0 0 0-.5-.5H8V0h2Z\" \/>\n\t\t\t<\/svg>\n\t\t<\/button><\/figure>\n\n\n\n<h3 class=\"wp-block-heading\">Reciclaje de productos al final de su vida \u00fatil<\/h3>\n\n\n\n<p>Somos miembro fundador del programa de reciclaje de RAEE profesionales, que actualmente gestiona la organizaci\u00f3n ecol\u00f3gica autorizada ECOSYSTEM.<\/p>\n\n\n\n<p>Por ello, financiamos la recuperaci\u00f3n de equipos electr\u00f3nicos de seguridad, iluminaci\u00f3n y control al final de su vida \u00fatil, para cumplir nuestras obligaciones legales y permitir que nuestros clientes cumplan las suyas.<\/p>\n<\/div>\n\n\n\n<div class=\"wp-block-column is-layout-flow wp-block-column-is-layout-flow\">\n<figure data-wp-context=\"{&quot;imageId&quot;:&quot;69f0d51f157c5&quot;}\" data-wp-interactive=\"core\/image\" data-wp-key=\"69f0d51f157c5\" class=\"wp-block-image size-thumbnail is-resized wp-lightbox-container\"><img decoding=\"async\" width=\"150\" height=\"150\" data-wp-class--hide=\"state.isContentHidden\" data-wp-class--show=\"state.isContentVisible\" data-wp-init=\"callbacks.setButtonStyles\" data-wp-on--click=\"actions.showLightbox\" data-wp-on--load=\"callbacks.setButtonStyles\" data-wp-on-window--resize=\"callbacks.setButtonStyles\" src=\"https:\/\/www.eco-innov.com\/wp-content\/uploads\/num3-150x150.webp\" alt=\"\" class=\"wp-image-7944\" style=\"width:150px;height:auto\" srcset=\"https:\/\/www.eco-innov.com\/wp-content\/uploads\/num3-150x150.webp 150w, https:\/\/www.eco-innov.com\/wp-content\/uploads\/num3-450x450.webp 450w, https:\/\/www.eco-innov.com\/wp-content\/uploads\/num3-330x330.webp 330w, https:\/\/www.eco-innov.com\/wp-content\/uploads\/num3-180x180.webp 180w, https:\/\/www.eco-innov.com\/wp-content\/uploads\/num3-400x400.webp 400w, https:\/\/www.eco-innov.com\/wp-content\/uploads\/num3-365x365.webp 365w, https:\/\/www.eco-innov.com\/wp-content\/uploads\/num3-535x535.webp 535w, https:\/\/www.eco-innov.com\/wp-content\/uploads\/num3.webp 603w\" sizes=\"(max-width: 150px) 100vw, 150px\" \/><button\n\t\t\tclass=\"lightbox-trigger\"\n\t\t\ttype=\"button\"\n\t\t\taria-haspopup=\"dialog\"\n\t\t\taria-label=\"Agrandar\"\n\t\t\tdata-wp-init=\"callbacks.initTriggerButton\"\n\t\t\tdata-wp-on--click=\"actions.showLightbox\"\n\t\t\tdata-wp-style--right=\"state.imageButtonRight\"\n\t\t\tdata-wp-style--top=\"state.imageButtonTop\"\n\t\t>\n\t\t\t<svg xmlns=\"http:\/\/www.w3.org\/2000\/svg\" width=\"12\" height=\"12\" fill=\"none\" viewBox=\"0 0 12 12\">\n\t\t\t\t<path fill=\"#fff\" d=\"M2 0a2 2 0 0 0-2 2v2h1.5V2a.5.5 0 0 1 .5-.5h2V0H2Zm2 10.5H2a.5.5 0 0 1-.5-.5V8H0v2a2 2 0 0 0 2 2h2v-1.5ZM8 12v-1.5h2a.5.5 0 0 0 .5-.5V8H12v2a2 2 0 0 1-2 2H8Zm2-12a2 2 0 0 1 2 2v2h-1.5V2a.5.5 0 0 0-.5-.5H8V0h2Z\" \/>\n\t\t\t<\/svg>\n\t\t<\/button><\/figure>\n\n\n\n<h3 class=\"wp-block-heading\">dise\u00f1o<\/h3>\n\n\n\n<p>Los compromisos que hemos adquirido con las organizaciones ecologistas ECOSYSTEM y BATRIBOX nos animan a tener en cuenta las limitaciones del reciclaje desde la fase de desarrollo de nuestros futuros productos.<\/p>\n\n\n\n<p>Por eso, el dise\u00f1o ecol\u00f3gico es una de nuestras prioridades, como demuestra nuestra \u00faltima innovaci\u00f3n.<\/p>\n\n\n\n<p>Desde el principio, nuestro panel solar empotrado ECO-120, dise\u00f1ado para su uso en v\u00edas verdes, ha sido concebido para que cada uno de sus componentes pueda desmontarse f\u00e1cilmente al final de su vida \u00fatil, lo que permite reciclarlo y reutilizarlo.<\/p>\n<\/div>\n<\/div>\n\n\n\n<div class=\"wp-block-columns alignfull is-layout-flex wp-container-core-columns-is-layout-e8d40639 wp-block-columns-is-layout-flex\" style=\"padding-top:var(--wp--preset--spacing--s);padding-bottom:var(--wp--preset--spacing--s)\">\n<div class=\"wp-block-column is-layout-flow wp-block-column-is-layout-flow\">\n<figure data-wp-context=\"{&quot;imageId&quot;:&quot;69f0d51f16045&quot;}\" data-wp-interactive=\"core\/image\" data-wp-key=\"69f0d51f16045\" class=\"wp-block-image size-thumbnail is-resized wp-lightbox-container\"><img decoding=\"async\" width=\"150\" height=\"150\" data-wp-class--hide=\"state.isContentHidden\" data-wp-class--show=\"state.isContentVisible\" data-wp-init=\"callbacks.setButtonStyles\" data-wp-on--click=\"actions.showLightbox\" data-wp-on--load=\"callbacks.setButtonStyles\" data-wp-on-window--resize=\"callbacks.setButtonStyles\" src=\"https:\/\/www.eco-innov.com\/wp-content\/uploads\/num4-150x150.webp\" alt=\"\" class=\"wp-image-7948\" style=\"width:150px;height:auto\" srcset=\"https:\/\/www.eco-innov.com\/wp-content\/uploads\/num4-150x150.webp 150w, https:\/\/www.eco-innov.com\/wp-content\/uploads\/num4-450x450.webp 450w, https:\/\/www.eco-innov.com\/wp-content\/uploads\/num4-330x330.webp 330w, https:\/\/www.eco-innov.com\/wp-content\/uploads\/num4-180x180.webp 180w, https:\/\/www.eco-innov.com\/wp-content\/uploads\/num4-400x400.webp 400w, https:\/\/www.eco-innov.com\/wp-content\/uploads\/num4-365x365.webp 365w, https:\/\/www.eco-innov.com\/wp-content\/uploads\/num4-535x535.webp 535w, https:\/\/www.eco-innov.com\/wp-content\/uploads\/num4.webp 603w\" sizes=\"(max-width: 150px) 100vw, 150px\" \/><button\n\t\t\tclass=\"lightbox-trigger\"\n\t\t\ttype=\"button\"\n\t\t\taria-haspopup=\"dialog\"\n\t\t\taria-label=\"Agrandar\"\n\t\t\tdata-wp-init=\"callbacks.initTriggerButton\"\n\t\t\tdata-wp-on--click=\"actions.showLightbox\"\n\t\t\tdata-wp-style--right=\"state.imageButtonRight\"\n\t\t\tdata-wp-style--top=\"state.imageButtonTop\"\n\t\t>\n\t\t\t<svg xmlns=\"http:\/\/www.w3.org\/2000\/svg\" width=\"12\" height=\"12\" fill=\"none\" viewBox=\"0 0 12 12\">\n\t\t\t\t<path fill=\"#fff\" d=\"M2 0a2 2 0 0 0-2 2v2h1.5V2a.5.5 0 0 1 .5-.5h2V0H2Zm2 10.5H2a.5.5 0 0 1-.5-.5V8H0v2a2 2 0 0 0 2 2h2v-1.5ZM8 12v-1.5h2a.5.5 0 0 0 .5-.5V8H12v2a2 2 0 0 1-2 2H8Zm2-12a2 2 0 0 1 2 2v2h-1.5V2a.5.5 0 0 0-.5-.5H8V0h2Z\" \/>\n\t\t\t<\/svg>\n\t\t<\/button><\/figure>\n\n\n\n<h3 class=\"wp-block-heading\">Comunicaci\u00f3n digital responsable<\/h3>\n\n\n\n<p>Favorecemos la desmaterializaci\u00f3n de nuestros cat\u00e1logos y documentaci\u00f3n t\u00e9cnica.<\/p>\n\n\n\n<p>Para todos nuestros soportes digitales, recomendamos a nuestros usuarios que impriman s\u00f3lo cuando sea necesario.<\/p>\n\n\n\n<p>La correspondencia interna se env\u00eda exclusivamente por medios electr\u00f3nicos. La correspondencia externa se env\u00eda por correo o fax s\u00f3lo cuando es absolutamente necesario. <\/p>\n\n\n\n<p>El marketing, la instalaci\u00f3n, el seguimiento y el servicio posventa de nuestros proyectos se gestionan utilizando herramientas digitales, en particular nuestro software de gesti\u00f3n de la relaci\u00f3n con el cliente (CRM).<\/p>\n<\/div>\n\n\n\n<div class=\"wp-block-column is-layout-flow wp-block-column-is-layout-flow\">\n<figure data-wp-context=\"{&quot;imageId&quot;:&quot;69f0d51f16888&quot;}\" data-wp-interactive=\"core\/image\" data-wp-key=\"69f0d51f16888\" class=\"wp-block-image size-thumbnail is-resized wp-lightbox-container\"><img decoding=\"async\" width=\"150\" height=\"150\" data-wp-class--hide=\"state.isContentHidden\" data-wp-class--show=\"state.isContentVisible\" data-wp-init=\"callbacks.setButtonStyles\" data-wp-on--click=\"actions.showLightbox\" data-wp-on--load=\"callbacks.setButtonStyles\" data-wp-on-window--resize=\"callbacks.setButtonStyles\" src=\"https:\/\/www.eco-innov.com\/wp-content\/uploads\/num5-150x150.webp\" alt=\"\" class=\"wp-image-7952\" style=\"width:150px;height:auto\" srcset=\"https:\/\/www.eco-innov.com\/wp-content\/uploads\/num5-150x150.webp 150w, https:\/\/www.eco-innov.com\/wp-content\/uploads\/num5-450x450.webp 450w, https:\/\/www.eco-innov.com\/wp-content\/uploads\/num5-330x330.webp 330w, https:\/\/www.eco-innov.com\/wp-content\/uploads\/num5-180x180.webp 180w, https:\/\/www.eco-innov.com\/wp-content\/uploads\/num5-400x400.webp 400w, https:\/\/www.eco-innov.com\/wp-content\/uploads\/num5-365x365.webp 365w, https:\/\/www.eco-innov.com\/wp-content\/uploads\/num5-535x535.webp 535w, https:\/\/www.eco-innov.com\/wp-content\/uploads\/num5.webp 603w\" sizes=\"(max-width: 150px) 100vw, 150px\" \/><button\n\t\t\tclass=\"lightbox-trigger\"\n\t\t\ttype=\"button\"\n\t\t\taria-haspopup=\"dialog\"\n\t\t\taria-label=\"Agrandar\"\n\t\t\tdata-wp-init=\"callbacks.initTriggerButton\"\n\t\t\tdata-wp-on--click=\"actions.showLightbox\"\n\t\t\tdata-wp-style--right=\"state.imageButtonRight\"\n\t\t\tdata-wp-style--top=\"state.imageButtonTop\"\n\t\t>\n\t\t\t<svg xmlns=\"http:\/\/www.w3.org\/2000\/svg\" width=\"12\" height=\"12\" fill=\"none\" viewBox=\"0 0 12 12\">\n\t\t\t\t<path fill=\"#fff\" d=\"M2 0a2 2 0 0 0-2 2v2h1.5V2a.5.5 0 0 1 .5-.5h2V0H2Zm2 10.5H2a.5.5 0 0 1-.5-.5V8H0v2a2 2 0 0 0 2 2h2v-1.5ZM8 12v-1.5h2a.5.5 0 0 0 .5-.5V8H12v2a2 2 0 0 1-2 2H8Zm2-12a2 2 0 0 1 2 2v2h-1.5V2a.5.5 0 0 0-.5-.5H8V0h2Z\" \/>\n\t\t\t<\/svg>\n\t\t<\/button><\/figure>\n\n\n\n<h3 class=\"wp-block-heading\">Pol\u00edtica de compras ecorresponsables<\/h3>\n\n\n\n<p>Damos preferencia a los proveedores y socios con una carta medioambiental o que desarrollan soluciones respetuosas con el medio ambiente.<\/p>\n\n\n\n<p>El papel utilizado por ECO-INNOV es 100% reciclabilidad o certificado FSC.<\/p>\n\n\n\n<p>Tambi\u00e9n nos comprometemos a sensibilizar a nuestros proveedores, subcontratistas y socios sobre la importancia de las pr\u00e1cticas responsables y sostenibles.<\/p>\n<\/div>\n\n\n\n<div class=\"wp-block-column is-layout-flow wp-block-column-is-layout-flow\">\n<figure data-wp-context=\"{&quot;imageId&quot;:&quot;69f0d51f17144&quot;}\" data-wp-interactive=\"core\/image\" data-wp-key=\"69f0d51f17144\" class=\"wp-block-image size-thumbnail is-resized wp-lightbox-container\"><img decoding=\"async\" width=\"150\" height=\"150\" data-wp-class--hide=\"state.isContentHidden\" data-wp-class--show=\"state.isContentVisible\" data-wp-init=\"callbacks.setButtonStyles\" data-wp-on--click=\"actions.showLightbox\" data-wp-on--load=\"callbacks.setButtonStyles\" data-wp-on-window--resize=\"callbacks.setButtonStyles\" src=\"https:\/\/www.eco-innov.com\/wp-content\/uploads\/num6-150x150.webp\" alt=\"\" class=\"wp-image-7956\" style=\"width:150px;height:auto\" srcset=\"https:\/\/www.eco-innov.com\/wp-content\/uploads\/num6-150x150.webp 150w, https:\/\/www.eco-innov.com\/wp-content\/uploads\/num6-450x450.webp 450w, https:\/\/www.eco-innov.com\/wp-content\/uploads\/num6-330x330.webp 330w, https:\/\/www.eco-innov.com\/wp-content\/uploads\/num6-180x180.webp 180w, https:\/\/www.eco-innov.com\/wp-content\/uploads\/num6-400x400.webp 400w, https:\/\/www.eco-innov.com\/wp-content\/uploads\/num6-365x365.webp 365w, https:\/\/www.eco-innov.com\/wp-content\/uploads\/num6-535x535.webp 535w, https:\/\/www.eco-innov.com\/wp-content\/uploads\/num6.webp 603w\" sizes=\"(max-width: 150px) 100vw, 150px\" \/><button\n\t\t\tclass=\"lightbox-trigger\"\n\t\t\ttype=\"button\"\n\t\t\taria-haspopup=\"dialog\"\n\t\t\taria-label=\"Agrandar\"\n\t\t\tdata-wp-init=\"callbacks.initTriggerButton\"\n\t\t\tdata-wp-on--click=\"actions.showLightbox\"\n\t\t\tdata-wp-style--right=\"state.imageButtonRight\"\n\t\t\tdata-wp-style--top=\"state.imageButtonTop\"\n\t\t>\n\t\t\t<svg xmlns=\"http:\/\/www.w3.org\/2000\/svg\" width=\"12\" height=\"12\" fill=\"none\" viewBox=\"0 0 12 12\">\n\t\t\t\t<path fill=\"#fff\" d=\"M2 0a2 2 0 0 0-2 2v2h1.5V2a.5.5 0 0 1 .5-.5h2V0H2Zm2 10.5H2a.5.5 0 0 1-.5-.5V8H0v2a2 2 0 0 0 2 2h2v-1.5ZM8 12v-1.5h2a.5.5 0 0 0 .5-.5V8H12v2a2 2 0 0 1-2 2H8Zm2-12a2 2 0 0 1 2 2v2h-1.5V2a.5.5 0 0 0-.5-.5H8V0h2Z\" \/>\n\t\t\t<\/svg>\n\t\t<\/button><\/figure>\n\n\n\n<h3 class=\"wp-block-heading\">Energ\u00eda y transporte<\/h3>\n\n\n\n<p>Nuestras oficinas est\u00e1n equipadas exclusivamente con soluciones de iluminaci\u00f3n LED y no est\u00e1n iluminadas por la noche ni los fines de semana.<\/p>\n\n\n\n<p>Los puestos de trabajo (ordenadores, pantallas, impresoras, etc.) se apagan sistem\u00e1ticamente cuando no se utilizan; no se deja ning\u00fan equipo en espera.<\/p>\n\n\n\n<p>Los viajes en avi\u00f3n se limitan en la medida de lo posible. Cuando es necesario, se compensan las emisiones de CO\u2082. <\/p>\n\n\n\n<p>Fomentamos el uso de medios de transporte blandos: bicicleta, transporte p\u00fablico, coche compartido.<\/p>\n<\/div>\n<\/div>\n\n\n\n<div class=\"wp-block-columns alignfull is-layout-flex wp-container-core-columns-is-layout-e8d40639 wp-block-columns-is-layout-flex\" style=\"padding-top:var(--wp--preset--spacing--s);padding-bottom:var(--wp--preset--spacing--s)\">\n<div class=\"wp-block-column is-layout-flow wp-block-column-is-layout-flow\" style=\"flex-basis:33.33%\">\n<figure data-wp-context=\"{&quot;imageId&quot;:&quot;69f0d51f17a0b&quot;}\" data-wp-interactive=\"core\/image\" data-wp-key=\"69f0d51f17a0b\" class=\"wp-block-image size-thumbnail is-resized wp-lightbox-container\"><img decoding=\"async\" width=\"150\" height=\"150\" data-wp-class--hide=\"state.isContentHidden\" data-wp-class--show=\"state.isContentVisible\" data-wp-init=\"callbacks.setButtonStyles\" data-wp-on--click=\"actions.showLightbox\" data-wp-on--load=\"callbacks.setButtonStyles\" data-wp-on-window--resize=\"callbacks.setButtonStyles\" src=\"https:\/\/www.eco-innov.com\/wp-content\/uploads\/num7-150x150.webp\" alt=\"\" class=\"wp-image-7960\" style=\"width:150px;height:auto\" srcset=\"https:\/\/www.eco-innov.com\/wp-content\/uploads\/num7-150x150.webp 150w, https:\/\/www.eco-innov.com\/wp-content\/uploads\/num7-450x450.webp 450w, https:\/\/www.eco-innov.com\/wp-content\/uploads\/num7-330x330.webp 330w, https:\/\/www.eco-innov.com\/wp-content\/uploads\/num7-180x180.webp 180w, https:\/\/www.eco-innov.com\/wp-content\/uploads\/num7-400x400.webp 400w, https:\/\/www.eco-innov.com\/wp-content\/uploads\/num7-365x365.webp 365w, https:\/\/www.eco-innov.com\/wp-content\/uploads\/num7-535x535.webp 535w, https:\/\/www.eco-innov.com\/wp-content\/uploads\/num7.webp 603w\" sizes=\"(max-width: 150px) 100vw, 150px\" \/><button\n\t\t\tclass=\"lightbox-trigger\"\n\t\t\ttype=\"button\"\n\t\t\taria-haspopup=\"dialog\"\n\t\t\taria-label=\"Agrandar\"\n\t\t\tdata-wp-init=\"callbacks.initTriggerButton\"\n\t\t\tdata-wp-on--click=\"actions.showLightbox\"\n\t\t\tdata-wp-style--right=\"state.imageButtonRight\"\n\t\t\tdata-wp-style--top=\"state.imageButtonTop\"\n\t\t>\n\t\t\t<svg xmlns=\"http:\/\/www.w3.org\/2000\/svg\" width=\"12\" height=\"12\" fill=\"none\" viewBox=\"0 0 12 12\">\n\t\t\t\t<path fill=\"#fff\" d=\"M2 0a2 2 0 0 0-2 2v2h1.5V2a.5.5 0 0 1 .5-.5h2V0H2Zm2 10.5H2a.5.5 0 0 1-.5-.5V8H0v2a2 2 0 0 0 2 2h2v-1.5ZM8 12v-1.5h2a.5.5 0 0 0 .5-.5V8H12v2a2 2 0 0 1-2 2H8Zm2-12a2 2 0 0 1 2 2v2h-1.5V2a.5.5 0 0 0-.5-.5H8V0h2Z\" \/>\n\t\t\t<\/svg>\n\t\t<\/button><\/figure>\n\n\n\n<h3 class=\"wp-block-heading\">Gesti\u00f3n de residuos<\/h3>\n\n\n\n<p>Todos los residuos generados por la empresa se clasifican y reciclan sistem\u00e1ticamente.<\/p>\n\n\n\n<p>Cada oficina est\u00e1 equipada con una papelera espec\u00edfica y una papelera para reciclar.<\/p>\n\n\n\n<p>Los aparatos electr\u00f3nicos que necesitan pilas est\u00e1n equipados con pilas recargables. Disponemos de cargadores y contenedores de recogida para los art\u00edculos al final de su vida \u00fatil. <\/p>\n\n\n\n<p>Se aplica una clasificaci\u00f3n selectiva, con recogida separada de envases de pl\u00e1stico (PET) y aluminio.<\/p>\n\n\n\n<p>Los cartuchos de t\u00f3ner de impresora son recogidos por empresas especializadas en reciclaje.<\/p>\n<\/div>\n<\/div>\n<\/div>\n\n\n\n<div class=\"wp-block-group alignwide is-layout-flow wp-block-group-is-layout-flow\" style=\"padding-top:var(--wp--preset--spacing--m);padding-bottom:var(--wp--preset--spacing--xl)\">\n<h2 class=\"wp-block-heading\"><span><strong><strong>Colecta, cumplimiento normativo y dise\u00f1o ecol\u00f3gico<\/strong><\/strong><\/span><\/h2>\n\n\n\n<p><strong>Fuimos uno de los primeros fabricantes en ofrecer a nuestros clientes una soluci\u00f3n sencilla y gratuita para la recogida de RAEE profesionales, independientemente de su fecha de comercializaci\u00f3n.<\/strong><\/p>\n\n\n\n<p>La recogida se realiza a trav\u00e9s de una red local de centros de entrega profesionales y mayoristas asociados en todo el territorio metropolitano y en los Departamentos y Territorios franceses de Ultramar.<\/p>\n\n\n\n<p>Nuestro identificador \u00fanico FR006801_05MBCK, expedido por la ADEME, es la prueba de nuestra inscripci\u00f3n en el registro de productores de aparatos el\u00e9ctricos y electr\u00f3nicos (AEE), de conformidad con el art\u00edculo L.541-10-13 del C\u00f3digo de Medio Ambiente franc\u00e9s.<\/p>\n\n\n\n<p>Este identificador confirma nuestro cumplimiento normativo, tanto en materia de registro como de declaraciones de comercializaci\u00f3n a la organizaci\u00f3n ecol\u00f3gica autorizada ECOSYSTEM.<\/p>\n\n\n\n<p>Los compromisos que hemos adquirido con las organizaciones ecol\u00f3gicas ECOSYSTEM y BATRIBOX nos permiten integrar los imperativos del reciclaje en el desarrollo de nuestros futuros productos.<\/p>\n\n\n\n<p>El ecodise\u00f1o es, por tanto, un \u00e1rea de trabajo prioritaria, plenamente integrada en nuestro enfoque de la innovaci\u00f3n.<\/p>\n\n\n\n<p>Por ejemplo, nuestro panel solar empotrado ECO-120, dise\u00f1ado para su uso en v\u00edas verdes, se dise\u00f1\u00f3 desde el principio para que cada uno de sus componentes pudiera desmontarse de forma sencilla y eficaz al final de su vida \u00fatil.<\/p>\n\n\n\n<p>El objetivo de este planteamiento es fomentar la recuperaci\u00f3n y reutilizaci\u00f3n de los elementos que a\u00fan son funcionales, como parte de la econom\u00eda circular y la responsabilidad medioambiental.<\/p>\n\n\n\n<div class=\"wp-block-buttons is-layout-flex wp-block-buttons-is-layout-flex\">\n<div class=\"wp-block-button\"><a class=\"wp-block-button__link wp-element-button\" href=\"https:\/\/www.eco-innov.com\/es\/productos\/\">Descubra nuestros productos<\/a><\/div>\n<\/div>\n<\/div>\n","protected":false},"excerpt":{"rendered":"<p>Nuestros compromisos Calidad y durabilidad de nuestros productos La calidad de fabricaci\u00f3n, que garantiza una larga vida \u00fatil del producto y un n\u00famero limitado de operaciones de mantenimiento, es la principal palanca para reducir el impacto medioambiental de nuestros equipos. Aunque no existe el \u00abdefecto cero\u00bb, sobre todo en los equipos electr\u00f3nicos, nuestra prioridad es [&hellip;]<\/p>\n","protected":false},"author":1,"featured_media":0,"parent":0,"menu_order":6,"comment_status":"closed","ping_status":"closed","template":"","meta":{"_acf_changed":false,"inline_featured_image":false,"footnotes":""},"class_list":["post-9346","page","type-page","status-publish","hentry"],"acf":[],"_links":{"self":[{"href":"https:\/\/www.eco-innov.com\/es\/wp-json\/wp\/v2\/pages\/9346","targetHints":{"allow":["GET"]}}],"collection":[{"href":"https:\/\/www.eco-innov.com\/es\/wp-json\/wp\/v2\/pages"}],"about":[{"href":"https:\/\/www.eco-innov.com\/es\/wp-json\/wp\/v2\/types\/page"}],"author":[{"embeddable":true,"href":"https:\/\/www.eco-innov.com\/es\/wp-json\/wp\/v2\/users\/1"}],"replies":[{"embeddable":true,"href":"https:\/\/www.eco-innov.com\/es\/wp-json\/wp\/v2\/comments?post=9346"}],"version-history":[{"count":4,"href":"https:\/\/www.eco-innov.com\/es\/wp-json\/wp\/v2\/pages\/9346\/revisions"}],"predecessor-version":[{"id":9864,"href":"https:\/\/www.eco-innov.com\/es\/wp-json\/wp\/v2\/pages\/9346\/revisions\/9864"}],"wp:attachment":[{"href":"https:\/\/www.eco-innov.com\/es\/wp-json\/wp\/v2\/media?parent=9346"}],"curies":[{"name":"wp","href":"https:\/\/api.w.org\/{rel}","templated":true}]}}