{"id":9337,"date":"2026-01-21T11:28:26","date_gmt":"2026-01-21T10:28:26","guid":{"rendered":"https:\/\/www.eco-innov.com\/reciclaje\/"},"modified":"2026-04-24T10:55:35","modified_gmt":"2026-04-24T08:55:35","slug":"reciclaje","status":"publish","type":"page","link":"https:\/\/www.eco-innov.com\/es\/reciclaje\/","title":{"rendered":"Reciclaje"},"content":{"rendered":"<\/div>\n<div id=\"block-hero-block_b97712c20cfc3f09da2581fb97106ae3\" class=\"container-fluid header_page_part px-0  block-hero\">\n        <div class=\"container\">\n        <div class=\"row\">\n            <div class=\"col-12 col-md-12 col-lg-11 col-xl-9 col-xxl-8\">\n                <nav aria-label=\"breadcrumbs\" class=\"rank-math-breadcrumb\"><p><span class=\"last\">Inicio<\/span><\/p><\/nav>                                    <h1 class=\"with_line with_line_lg\">Reciclaje de productos al final de su vida \u00fatil<\/h1>\n                                \n                <p>El reciclaje de residuos de aparatos el\u00e9ctricos y electr\u00f3nicos (RAEE) permite recuperar una gran parte de los componentes utilizados, preservando as\u00ed los recursos naturales.<\/p>\n\n\n                            <\/div>\n        <\/div>\n\n\n    <\/div>\n<\/div>\n<div class=\"container\">\n\n\n\n\n\n\n<div id=\"block-hero-block_e3155995db24e337449661e08d10a0b2\"\n    class=\"container columns_part  block-hero\">\n    <div class=\"row\">\n        <div class=\"col-12 d-flex flex-wrap align-items-stretch justify-content-center max-w-content\">\n                                <div class=\"col-lg-4 col-md-6 col-sm-6 col-xs-12 item my-4 item-column d-flex flex-column\">\n                        <div class=\"inner\">\n                                                            <div class=\"cover\">\n                                    <img decoding=\"async\" src=\"https:\/\/www.eco-innov.com\/wp-content\/uploads\/ecosystem-logo-400x123.webp\" alt=\"Ecosystem\" class=\"img-fluid\">\n                                <\/div>\n                                                            <div class=\"caption flex-grow-1\">\n                                <p class=\"desc\">Somos miembro fundador del programa de reciclaje de RAEE profesionales, que actualmente gestiona la organizaci\u00f3n ecol\u00f3gica autorizada ECOSYSTEM.\r\nPor ello, financiamos la recuperaci\u00f3n y el reciclaje de los equipos electr\u00f3nicos de seguridad, iluminaci\u00f3n y control al final de su vida \u00fatil comercializados, con el fin de cumplir nuestras obligaciones reglamentarias y permitir a nuestros clientes cumplir las suyas en total conformidad.<\/p><p class=\"link_part\"><a href=\"https:\/\/www.ecosystem.eco\/\" class=\"link\" target=\"_blank\" rel=\"noopener\">Visite la p\u00e1gina web de nuestro socio ECOSYSTEM<\/a><\/p>                            <\/div>\n                        <\/div>\n                    <\/div>\n\n                                    <div class=\"col-lg-4 col-md-6 col-sm-6 col-xs-12 item my-4 item-column d-flex flex-column\">\n                        <div class=\"inner\">\n                                                            <div class=\"cover\">\n                                    <img decoding=\"async\" src=\"https:\/\/www.eco-innov.com\/wp-content\/uploads\/logo_batribox-400x114.webp\" alt=\"\" class=\"img-fluid\">\n                                <\/div>\n                                                            <div class=\"caption flex-grow-1\">\n                                <p class=\"desc\">Tambi\u00e9n somos miembros de BATRIBOX, la organizaci\u00f3n ecol\u00f3gica autorizada responsable de la recogida, el reciclaje y la recuperaci\u00f3n de las bater\u00edas utilizadas en algunos de nuestros equipos solares.\r\nEste compromiso nos permite garantizar una gesti\u00f3n responsable de las bater\u00edas al final de su vida \u00fatil, de conformidad con los requisitos normativos, al tiempo que ayudamos a nuestros clientes a cumplir sus propias obligaciones medioambientales.<\/p><p class=\"link_part\"><a href=\"https:\/\/www.batribox.fr\/\" class=\"link\" target=\"_blank\" rel=\"noopener\">Visite la p\u00e1gina web de nuestro socio BATRIBOX<\/a><\/p>                            <\/div>\n                        <\/div>\n                    <\/div>\n\n                        <\/div>\n    <\/div>\n\n<\/div>\n\n\n<div class=\"wp-block-group alignwide is-layout-flow wp-block-group-is-layout-flow\" style=\"padding-top:var(--wp--preset--spacing--m);padding-bottom:var(--wp--preset--spacing--xl)\">\n<h2 class=\"wp-block-heading\"><span><strong><strong>Colecta, cumplimiento normativo y dise\u00f1o ecol\u00f3gico<\/strong><\/strong><\/span><\/h2>\n\n\n\n<p><strong>Fuimos uno de los primeros fabricantes en ofrecer a nuestros clientes una soluci\u00f3n sencilla y gratuita para la recogida de RAEE profesionales, independientemente de su fecha de comercializaci\u00f3n.<\/strong><\/p>\n\n\n\n<p>La recogida se realiza a trav\u00e9s de una red local de centros de entrega profesionales y mayoristas asociados en todo el territorio metropolitano y en los Departamentos y Territorios franceses de Ultramar.<\/p>\n\n\n\n<p>Nuestro identificador \u00fanico FR006801_05MBCK, expedido por la ADEME, es la prueba de nuestra inscripci\u00f3n en el registro de productores de aparatos el\u00e9ctricos y electr\u00f3nicos (AEE), de conformidad con el art\u00edculo L.541-10-13 del C\u00f3digo de Medio Ambiente franc\u00e9s.<\/p>\n\n\n\n<p>Este identificador confirma nuestro cumplimiento normativo, tanto en materia de registro como de declaraciones de comercializaci\u00f3n a la organizaci\u00f3n ecol\u00f3gica autorizada ECOSYSTEM.<\/p>\n\n\n\n<p>Los compromisos que hemos adquirido con las organizaciones ecol\u00f3gicas ECOSYSTEM y BATRIBOX nos permiten integrar los imperativos del reciclaje en el desarrollo de nuestros futuros productos.<\/p>\n\n\n\n<p>El ecodise\u00f1o es, por tanto, un \u00e1rea de trabajo prioritaria, plenamente integrada en nuestro enfoque de la innovaci\u00f3n.<\/p>\n\n\n\n<p>Por ejemplo, nuestro panel solar empotrado ECO-120, dise\u00f1ado para su uso en v\u00edas verdes, se dise\u00f1\u00f3 desde el principio para que cada uno de sus componentes pudiera desmontarse de forma sencilla y eficaz al final de su vida \u00fatil.<\/p>\n\n\n\n<p>El objetivo de este planteamiento es fomentar la recuperaci\u00f3n y reutilizaci\u00f3n de los elementos que a\u00fan son funcionales, como parte de la econom\u00eda circular y la responsabilidad medioambiental.<\/p>\n\n\n\n<div class=\"wp-block-buttons is-layout-flex wp-block-buttons-is-layout-flex\">\n<div class=\"wp-block-button\"><a class=\"wp-block-button__link wp-element-button\" href=\"https:\/\/www.eco-innov.com\/es\/productos\/\">Descubra nuestros productos<\/a><\/div>\n<\/div>\n<\/div>\n","protected":false},"excerpt":{"rendered":"<p>Colecta, cumplimiento normativo y dise\u00f1o ecol\u00f3gico Fuimos uno de los primeros fabricantes en ofrecer a nuestros clientes una soluci\u00f3n sencilla y gratuita para la recogida de RAEE profesionales, independientemente de su fecha de comercializaci\u00f3n. La recogida se realiza a trav\u00e9s de una red local de centros de entrega profesionales y mayoristas asociados en todo el [&hellip;]<\/p>\n","protected":false},"author":1,"featured_media":0,"parent":0,"menu_order":7,"comment_status":"closed","ping_status":"closed","template":"","meta":{"_acf_changed":false,"inline_featured_image":false,"footnotes":""},"class_list":["post-9337","page","type-page","status-publish","hentry"],"acf":[],"_links":{"self":[{"href":"https:\/\/www.eco-innov.com\/es\/wp-json\/wp\/v2\/pages\/9337","targetHints":{"allow":["GET"]}}],"collection":[{"href":"https:\/\/www.eco-innov.com\/es\/wp-json\/wp\/v2\/pages"}],"about":[{"href":"https:\/\/www.eco-innov.com\/es\/wp-json\/wp\/v2\/types\/page"}],"author":[{"embeddable":true,"href":"https:\/\/www.eco-innov.com\/es\/wp-json\/wp\/v2\/users\/1"}],"replies":[{"embeddable":true,"href":"https:\/\/www.eco-innov.com\/es\/wp-json\/wp\/v2\/comments?post=9337"}],"version-history":[{"count":4,"href":"https:\/\/www.eco-innov.com\/es\/wp-json\/wp\/v2\/pages\/9337\/revisions"}],"predecessor-version":[{"id":9863,"href":"https:\/\/www.eco-innov.com\/es\/wp-json\/wp\/v2\/pages\/9337\/revisions\/9863"}],"wp:attachment":[{"href":"https:\/\/www.eco-innov.com\/es\/wp-json\/wp\/v2\/media?parent=9337"}],"curies":[{"name":"wp","href":"https:\/\/api.w.org\/{rel}","templated":true}]}}