{"id":9334,"date":"2026-01-21T11:29:29","date_gmt":"2026-01-21T10:29:29","guid":{"rendered":"https:\/\/www.eco-innov.com\/a-medida\/"},"modified":"2026-04-24T11:02:35","modified_gmt":"2026-04-24T09:02:35","slug":"a-medida","status":"publish","type":"page","link":"https:\/\/www.eco-innov.com\/es\/a-medida\/","title":{"rendered":"A medida"},"content":{"rendered":"<\/div>\n<div id=\"block-hero-block_55c61d80aac775b63013ef37e4fc66e1\" class=\"container-fluid header_page_part px-0  block-hero\">\n        <div class=\"container\">\n        <div class=\"row\">\n            <div class=\"col-12 col-md-12 col-lg-11 col-xl-9 col-xxl-8\">\n                <nav aria-label=\"breadcrumbs\" class=\"rank-math-breadcrumb\"><p><span class=\"last\">Inicio<\/span><\/p><\/nav>                                    <h1 class=\"with_line with_line_lg\">A medida<\/h1>\n                                \n                \n\n                            <\/div>\n        <\/div>\n\n\n    <\/div>\n<\/div>\n<div class=\"container\">\n\n\n\n\n\n\n<\/div>\n<div id=\"block-hero-block_8ea2f750d4fe08f9db04dd08d5f59c1d\" class=\"container-fluid txt_media_part  block-hero\">\n    <div class=\"row\">\n        <div class=\"col-12 col-lg-6 col-xl-6 px-0 media order-1 order-lg-1\">\n            <img decoding=\"async\" src=\"https:\/\/www.eco-innov.com\/wp-content\/uploads\/75_ECO-84_Musee_Rodin_Paris_Balisage_Parc_Jardin_\u00a9Marc_Domage-95.jpg\" alt=\"\" class=\"img-fluid\">        <\/div>\n        <div class=\"col-12 col-lg-6 col-xl-6 col-xxl-5 px-xl-5 pt-5 pt-lg-0 txt order-2 order-lg-2 d-flex align-items-center\">\n            <div class=\"txt_part\">\n            <div class=\"content\"><h2>A medida, en el centro de nuestro saber hacer<\/h2>\n<p>Podemos dise\u00f1ar balizas de iluminaci\u00f3n espec\u00edficas o integrar nuestras soluciones existentes en sus creaciones, ya sea un proyecto art\u00edstico, una planificaci\u00f3n urbana singular o una integraci\u00f3n t\u00e9cnica espec\u00edfica.<\/p>\n<p>Cada proyecto es \u00fanico. Por eso sabemos adaptar nuestros productos, tecnolog\u00edas y m\u00e9todos de integraci\u00f3n para satisfacer sus limitaciones est\u00e9ticas, t\u00e9cnicas, medioambientales y de uso espec\u00edficas.<\/p>\n<p>&nbsp;<\/p>\n<\/div>            <\/div>\n        <\/div>\n    <\/div>\n\n<\/div>\n\n<div class=\"container\">\n\n\n<\/div>\n<div id=\"block-hero-block_607c7f12907192f930c2e40547d43a8b\" class=\"container-fluid txt_media_part  block-hero\">\n    <div class=\"row\">\n        <div class=\"col-12 col-lg-6 col-xl-6 px-0 media order-1 order-lg-2\">\n            <img decoding=\"async\" src=\"https:\/\/www.eco-innov.com\/wp-content\/uploads\/75_ECO-84_Musee_Rodin_Paris_Balisage_Parc_Jardin_\u00a9Marc_Domage-62.webp\" alt=\"\" class=\"img-fluid\">        <\/div>\n        <div class=\"col-12 col-lg-6 col-xl-6 col-xxl-5 px-xl-5 pt-5 pt-lg-0 txt order-2 order-lg-1 offset-xxl-1 d-flex align-items-center\">\n            <div class=\"txt_part\">\n            <div class=\"content\"><h2>Acompa\u00f1amiento a medida, desde el dise\u00f1o hasta la aplicaci\u00f3n<\/h2>\n<p>Colaboramos estrechamente con departamentos de estudios t\u00e9cnicos, arquitectos, dise\u00f1adores, artistas y entidades adjudicadoras para apoyar su proyecto de principio a fin.<\/p>\n<p>Nuestro enfoque se basa en una comprensi\u00f3n detallada de su proyecto y su contexto, para seleccionar y desarrollar las soluciones t\u00e9cnicas m\u00e1s adecuadas.<\/p>\n<p>&nbsp;<\/p>\n<\/div>            <\/div>\n        <\/div>\n    <\/div>\n\n<\/div>\n\n<div class=\"container\">\n\n\n<div style=\"height:30px\" aria-hidden=\"true\" class=\"wp-block-spacer\"><\/div>\n\n\n\n<div class=\"wp-block-group has-global-padding is-layout-constrained wp-container-core-group-is-layout-f63a2a47 wp-block-group-is-layout-constrained\" style=\"padding-top:var(--wp--preset--spacing--m);padding-bottom:var(--wp--preset--spacing--m)\">\n<h3 class=\"wp-block-heading has-text-align-center\"><strong>Estamos con usted en cada paso del camino<\/strong><\/h3>\n\n\n\n<div style=\"height:20px\" aria-hidden=\"true\" class=\"wp-block-spacer\"><\/div>\n\n\n\n<div class=\"wp-block-group alignwide is-layout-grid wp-container-core-group-is-layout-280da422 wp-block-group-is-layout-grid\" style=\"margin-top:var(--wp--preset--spacing--m);margin-bottom:var(--wp--preset--spacing--m)\">\n<div class=\"wp-block-group has-global-padding is-layout-constrained wp-block-group-is-layout-constrained\">\n<figure class=\"wp-block-image aligncenter size-full is-resized\"><img decoding=\"async\" width=\"257\" height=\"280\" src=\"https:\/\/www.eco-innov.com\/wp-content\/uploads\/eco-innov-picto-conseil.png\" alt=\"\" class=\"wp-image-6042\" style=\"object-fit:contain;width:64px;height:64px\"\/><\/figure>\n\n\n\n<p class=\"has-text-align-center\">Asesoramiento sobre disposici\u00f3n, integraci\u00f3n e instalaci\u00f3n de<br><\/p>\n<\/div>\n\n\n\n<div class=\"wp-block-group has-global-padding is-layout-constrained wp-block-group-is-layout-constrained\">\n<figure class=\"wp-block-image aligncenter size-full is-resized\"><img decoding=\"async\" width=\"169\" height=\"203\" src=\"https:\/\/www.eco-innov.com\/wp-content\/uploads\/2choix2.webp\" alt=\"\" class=\"wp-image-8537\" style=\"object-fit:contain;width:64px;height:64px\"\/><\/figure>\n\n\n\n<p class=\"has-text-align-center\">Elecci\u00f3n de las configuraciones de iluminaci\u00f3n (intensidad, colorimetr\u00eda, efectos, funcionamiento)<\/p>\n<\/div>\n\n\n\n<div class=\"wp-block-group has-global-padding is-layout-constrained wp-block-group-is-layout-constrained\">\n<figure class=\"wp-block-image aligncenter size-full is-resized\"><img decoding=\"async\" width=\"228\" height=\"233\" src=\"https:\/\/www.eco-innov.com\/wp-content\/uploads\/eco-innov-picto-adaptation.png\" alt=\"\" class=\"wp-image-6034\" style=\"object-fit:contain;width:64px;height:64px\"\/><\/figure>\n\n\n\n<p class=\"has-text-align-center\">Adaptaci\u00f3n de los productos<br>a las limitaciones espec\u00edficas del emplazamiento<\/p>\n<\/div>\n\n\n\n<div class=\"wp-block-group has-global-padding is-layout-constrained wp-block-group-is-layout-constrained\">\n<figure class=\"wp-block-image aligncenter size-full is-resized\"><img decoding=\"async\" width=\"408\" height=\"297\" src=\"https:\/\/www.eco-innov.com\/wp-content\/uploads\/eco-innov-picto-suivi.png\" alt=\"\" class=\"wp-image-6046\" style=\"object-fit:contain;width:64px;height:64px\" srcset=\"https:\/\/www.eco-innov.com\/wp-content\/uploads\/eco-innov-picto-suivi.png 408w, https:\/\/www.eco-innov.com\/wp-content\/uploads\/eco-innov-picto-suivi-330x240.png 330w, https:\/\/www.eco-innov.com\/wp-content\/uploads\/eco-innov-picto-suivi-400x291.png 400w, https:\/\/www.eco-innov.com\/wp-content\/uploads\/eco-innov-picto-suivi-365x266.png 365w\" sizes=\"(max-width: 408px) 100vw, 408px\" \/><\/figure>\n\n\n\n<p class=\"has-text-align-center\">Seguimiento de las instalaciones, gracias a nuestra red de agentes comerciales locales<\/p>\n<\/div>\n<\/div>\n<\/div>\n\n\n    <\/div>\n<div id=\"block-hero-block_eb7273e3f8ee4b47c9eec228e29fb841\" class=\"bloc_cta bg-green block-hero\">\n    <div class=\"container\">\n        <div class=\"wrapper row\">\n            <div class=\"col-12 col-lg-9 leftcontent\">\n                <p>Trabajando juntos para crear soluciones de iluminaci\u00f3n \u00fanicas<\/p>\n<p>Nuestra capacidad para trabajar en modo proyecto, para interactuar con perfiles creativos y t\u00e9cnicos, y para dominar las tecnolog\u00edas LED y solar significa que podemos dar vida a soluciones a medida que son innovadoras, responsables y sostenibles.<\/p>\n            <\/div>\n            <div class=\"col-12 col-lg-3 d-flex align-items-center\">\n                            <p class=\"mt-5 mt-lg-0\"><a class=\"btn white-bg\" href=\"https:\/\/www.eco-innov.com\/es\/proyectos\/\" target=\"_self\">Descubra nuestros proyectos a medida<\/a><\/p>\n                        <\/div>\n        <\/div>\n    <\/div>\n<\/div>\n<!-- <div class=\"container\"> -->\n\n","protected":false},"excerpt":{"rendered":"<p>Estamos con usted en cada paso del camino Asesoramiento sobre disposici\u00f3n, integraci\u00f3n e instalaci\u00f3n de Elecci\u00f3n de las configuraciones de iluminaci\u00f3n (intensidad, colorimetr\u00eda, efectos, funcionamiento) Adaptaci\u00f3n de los productosa las limitaciones espec\u00edficas del emplazamiento Seguimiento de las instalaciones, gracias a nuestra red de agentes comerciales locales<\/p>\n","protected":false},"author":1,"featured_media":0,"parent":0,"menu_order":5,"comment_status":"closed","ping_status":"closed","template":"","meta":{"_acf_changed":false,"inline_featured_image":false,"footnotes":""},"class_list":["post-9334","page","type-page","status-publish","hentry"],"acf":[],"_links":{"self":[{"href":"https:\/\/www.eco-innov.com\/es\/wp-json\/wp\/v2\/pages\/9334","targetHints":{"allow":["GET"]}}],"collection":[{"href":"https:\/\/www.eco-innov.com\/es\/wp-json\/wp\/v2\/pages"}],"about":[{"href":"https:\/\/www.eco-innov.com\/es\/wp-json\/wp\/v2\/types\/page"}],"author":[{"embeddable":true,"href":"https:\/\/www.eco-innov.com\/es\/wp-json\/wp\/v2\/users\/1"}],"replies":[{"embeddable":true,"href":"https:\/\/www.eco-innov.com\/es\/wp-json\/wp\/v2\/comments?post=9334"}],"version-history":[{"count":4,"href":"https:\/\/www.eco-innov.com\/es\/wp-json\/wp\/v2\/pages\/9334\/revisions"}],"predecessor-version":[{"id":9866,"href":"https:\/\/www.eco-innov.com\/es\/wp-json\/wp\/v2\/pages\/9334\/revisions\/9866"}],"wp:attachment":[{"href":"https:\/\/www.eco-innov.com\/es\/wp-json\/wp\/v2\/media?parent=9334"}],"curies":[{"name":"wp","href":"https:\/\/api.w.org\/{rel}","templated":true}]}}