{"id":4974,"date":"2025-10-20T15:33:59","date_gmt":"2025-10-20T13:33:59","guid":{"rendered":"https:\/\/www.eco-innov.com\/?page_id=4974"},"modified":"2026-04-27T14:44:08","modified_gmt":"2026-04-27T12:44:08","slug":"suscripcion-al-boletin","status":"publish","type":"page","link":"https:\/\/www.eco-innov.com\/es\/suscripcion-al-boletin\/","title":{"rendered":"Suscripci\u00f3n al bolet\u00edn"},"content":{"rendered":"<\/div>\n<div id=\"block-hero-block_b1c2d1cd526b59a3ecb3a66e31ce6dd7\" class=\"container-fluid header_page_part px-0  block-hero\">\n        <div class=\"container\">\n        <div class=\"row\">\n            <div class=\"col-12 col-md-12 col-lg-11 col-xl-9 col-xxl-8\">\n                <nav aria-label=\"breadcrumbs\" class=\"rank-math-breadcrumb\"><p><span class=\"last\">Inicio<\/span><\/p><\/nav>                                    <h1 class=\"with_line with_line_lg\">Suscr\u00edbete a nuestro bolet\u00edn<\/h1>\n                                \n                \n\n                            <\/div>\n        <\/div>\n\n\n    <\/div>\n<\/div>\n<div class=\"container\">\n\n\n\n\n\n\n<div id=\"block-hero-block_e79639b61b866bcff925d12f19eb845e\" class=\"container contact_info_part  block-hero\">\n    <div class=\"row\">\n        <div class=\"info_part col-12 col-xl-5\">\n                            <div class=\"links\">\n                    <p class=\"mb-0\">\u00bfQuieres consultar el cat\u00e1logo?<\/p>\n                            <p class=\"link_part mb-4\">\n                                <a class=\"link\" href=\"https:\/\/www.calameo.com\/read\/00815133881906e77579b\" target=\"_blank\" rel=\"noopener\">Desc\u00fabrelo aqu\u00ed <i class=\"icon icon-caret\"><\/i><\/a>\n                            <\/p><p class=\"mb-0\">\u00bfBuscas una ficha de producto?<\/p>\n                            <p class=\"link_part mb-4\">\n                                <a class=\"link\" href=\"\/es\/productos\/\" target=\"\">  Encu\u00e9ntralos directamente en la p\u00e1gina de cada producto <i class=\"icon icon-caret\"><\/i><\/a>\n                            <\/p><p class=\"mb-0\">Para cualquier otra pregunta,<\/p>\n                            <p class=\"link_part mb-4\">\n                                <a class=\"link\" href=\"https:\/\/www.eco-innov.com\/es\/preguntas-frecuentes\/\" target=\"\">Consulta nuestras FAQ <i class=\"icon icon-caret\"><\/i><\/a>\n                            <\/p>                <\/div>\n                        <p class=\"address\">ECO-INNOV<br \/>\r\n523 rue de la B\u00e9ali\u00e8re<br \/>\r\n38360 Noyarey &#8211; Francia<\/p><p class=\"phone\">\n                    <a class=\"btn bg-accent btn-sm\" href=\"tel:+33438700027\">+33 438 70 00 27<\/a>\n                <\/p>        <\/div>\n\n        <div class=\"col-12 col-xl-6 offset-xl-1 form_bloc\">\n            \n<div class=\"wpcf7 no-js\" id=\"wpcf7-f5479-o1\" lang=\"es-ES\" dir=\"ltr\" data-wpcf7-id=\"5479\">\n<div class=\"screen-reader-response\"><p role=\"status\" aria-live=\"polite\" aria-atomic=\"true\"><\/p> <ul><\/ul><\/div>\n<form action=\"\/es\/wp-json\/wp\/v2\/pages\/4974#wpcf7-f5479-o1\" method=\"post\" class=\"wpcf7-form init\" aria-label=\"Formulario de contacto\" novalidate=\"novalidate\" data-status=\"init\">\n<fieldset class=\"hidden-fields-container\"><input type=\"hidden\" name=\"_wpcf7\" value=\"5479\" \/><input type=\"hidden\" name=\"_wpcf7_version\" value=\"6.1.5\" \/><input type=\"hidden\" name=\"_wpcf7_locale\" value=\"es_ES\" \/><input type=\"hidden\" name=\"_wpcf7_unit_tag\" value=\"wpcf7-f5479-o1\" \/><input type=\"hidden\" name=\"_wpcf7_container_post\" value=\"0\" \/><input type=\"hidden\" name=\"_wpcf7_posted_data_hash\" value=\"\" \/><input type=\"hidden\" name=\"_wpcf7cf_hidden_group_fields\" value=\"[]\" \/><input type=\"hidden\" name=\"_wpcf7cf_hidden_groups\" value=\"[]\" \/><input type=\"hidden\" name=\"_wpcf7cf_visible_groups\" value=\"[]\" \/><input type=\"hidden\" name=\"_wpcf7cf_repeaters\" value=\"[]\" \/><input type=\"hidden\" name=\"_wpcf7cf_steps\" value=\"{}\" \/><input type=\"hidden\" name=\"_wpcf7cf_options\" value=\"{&quot;form_id&quot;:5479,&quot;conditions&quot;:[],&quot;settings&quot;:{&quot;animation&quot;:&quot;yes&quot;,&quot;animation_intime&quot;:200,&quot;animation_outtime&quot;:200,&quot;conditions_ui&quot;:&quot;normal&quot;,&quot;notice_dismissed&quot;:false}}\" \/><input type=\"hidden\" name=\"_wpcf7dtx_version\" value=\"5.0.5\" \/>\n<\/fieldset>\n<div class=\"row\">\n\t<div class=\"form-group col-12\">\n\t\t<p class=\"title\">Suscr\u00edbete a nuestro bolet\u00edn\n\t\t<\/p>\n\t<\/div>\n<\/div>\n<div class=\"row\">\n\t<div class=\"form-group col-12 col-md-6\">\n\t\t<p><label class=\"form-label\" for=\"nom\">Nombre *<\/label><br \/>\n<span class=\"wpcf7-form-control-wrap\" data-name=\"nom\"><input size=\"40\" maxlength=\"400\" class=\"wpcf7-form-control wpcf7-text wpcf7-validates-as-required form-control\" id=\"nom\" aria-required=\"true\" aria-invalid=\"false\" value=\"\" type=\"text\" name=\"nom\" \/><\/span>\n\t\t<\/p>\n\t<\/div>\n\t<div class=\"form-group col-12 col-md-6\">\n\t\t<p><label class=\"form-label\" for=\"prenom\">Nombre *<\/label><br \/>\n<span class=\"wpcf7-form-control-wrap\" data-name=\"prenom\"><input size=\"40\" maxlength=\"400\" class=\"wpcf7-form-control wpcf7-text wpcf7-validates-as-required form-control\" id=\"prenom\" aria-required=\"true\" aria-invalid=\"false\" value=\"\" type=\"text\" name=\"prenom\" \/><\/span>\n\t\t<\/p>\n\t<\/div>\n<\/div>\n<div class=\"row\">\n\t<div class=\"form-group col-12 col-md-6\">\n\t\t<p><label class=\"form-label\" for=\"tel\">Tel\u00e9fono<\/label><br \/>\n<span class=\"wpcf7-form-control-wrap\" data-name=\"tel\"><input size=\"40\" maxlength=\"400\" class=\"wpcf7-form-control wpcf7-text form-control\" id=\"tel\" aria-invalid=\"false\" value=\"\" type=\"text\" name=\"tel\" \/><\/span>\n\t\t<\/p>\n\t<\/div>\n\t<div class=\"form-group col-12 col-md-6\">\n\t\t<p><label class=\"form-label\" for=\"email\">Correo electr\u00f3nico *<\/label><br \/>\n<span class=\"wpcf7-form-control-wrap\" data-name=\"email\"><input size=\"40\" maxlength=\"400\" class=\"wpcf7-form-control wpcf7-email wpcf7-validates-as-required wpcf7-text wpcf7-validates-as-email form-control\" id=\"email\" aria-required=\"true\" aria-invalid=\"false\" value=\"\" type=\"email\" name=\"email\" \/><\/span>\n\t\t<\/p>\n\t<\/div>\n<\/div>\n<div class=\"row\">\n\t<div class=\"form-group col-12\">\n\t\t<p><span class=\"wpcf7-form-control-wrap\" data-name=\"acceptance-newsletter-eco-innov\"><span class=\"wpcf7-form-control wpcf7-acceptance optional\"><span class=\"wpcf7-list-item\"><label><input type=\"checkbox\" name=\"acceptance-newsletter-eco-innov\" value=\"1\" aria-invalid=\"false\" \/><span class=\"wpcf7-list-item-label\">Recibe el bolet\u00edn ECO-INNOV<\/span><\/label><\/span><\/span><\/span>\n\t\t<\/p>\n\t<\/div>\n<\/div>\n<div class=\"row\">\n\t<div class=\"form-group col-12\">\n\t\t<p><span class=\"wpcf7-form-control-wrap\" data-name=\"acceptance-newsletter-ragni\"><span class=\"wpcf7-form-control wpcf7-acceptance optional\"><span class=\"wpcf7-list-item\"><label><input type=\"checkbox\" name=\"acceptance-newsletter-ragni\" value=\"1\" aria-invalid=\"false\" \/><span class=\"wpcf7-list-item-label\">Recibe el bolet\u00edn de GROUPE RAGNI<\/span><\/label><\/span><\/span><\/span>\n\t\t<\/p>\n\t<\/div>\n<\/div>\n<div class=\"row\">\n\t<div class=\"form-group col-12\">\n\t<\/div>\n<\/div>\n<div class=\"row\">\n\t<div class=\"col-12 text-center\">\n\t\t<p><input class=\"wpcf7-form-control wpcf7-submit has-spinner btn bg-green\" type=\"submit\" value=\"Inscr\u00edbete\" \/>\n\t\t<\/p>\n\t<\/div>\n<\/div>\n<div class=\"wpcf7-turnstile cf-turnstile\" data-sitekey=\"0x4AAAAAADEYOP_Qmtuj0tPI\" data-response-field-name=\"_wpcf7_turnstile_response\" data-language=\"es\"><\/div>\n<p><script>\nvar rgpdJson = {\n    type: 'geojson',\n    data: ['<p>La informaci\u00f3n recopilada a trav\u00e9s de este formulario est\u00e1 destinada a ser tratada por la empresa ECO-INNOV, en calidad de responsable del tratamiento, con el fin de gestionar su solicitud de informaci\u00f3n.<\/p><p>De conformidad con la normativa sobre protecci\u00f3n de datos personales, usted dispone de los derechos de acceso, rectificaci\u00f3n, supresi\u00f3n, portabilidad y limitaci\u00f3n del tratamiento de sus datos personales, as\u00ed como del derecho a establecer directrices sobre el destino de sus datos tras su fallecimiento. Asimismo, tiene derecho a oponerse al tratamiento de sus datos personales.<br \/>Puede ejercer sus derechos contactando con el Delegado de Protecci\u00f3n de Datos (DPO) en: dpo@eco-innov.com<br \/>o en 523 rue de la B\u00e9ali\u00e8re, 38360 Noyarey.<br \/>Tambi\u00e9n tiene derecho a presentar una reclamaci\u00f3n ante la CNIL.<\/p><p>Para obtener m\u00e1s informaci\u00f3n sobre la gesti\u00f3n de sus datos y sus derechos, consulte nuestra pol\u00edtica de protecci\u00f3n de datos.<\/p>'],\n};\n<\/script>\n\n            <div class=\"rgpd__block\">\n                 <div class=\"rgpd__title\">RGPD \u2013 protecci\u00f3n de datos<\/div>\n                 <div class=\"rgpd__content\"><\/div>\n            <\/div>\n<\/p><div class=\"wpcf7-response-output\" aria-hidden=\"true\"><\/div>\n<\/form>\n<\/div>\n        <\/div>\n    <\/div>\n\n<\/div>\n\n\n\n\n<div style=\"height:60px\" aria-hidden=\"true\" class=\"wp-block-spacer\"><\/div>\n","protected":false},"excerpt":{"rendered":"","protected":false},"author":1,"featured_media":0,"parent":0,"menu_order":50,"comment_status":"closed","ping_status":"closed","template":"","meta":{"_acf_changed":false,"inline_featured_image":false,"footnotes":""},"class_list":["post-4974","page","type-page","status-publish","hentry"],"acf":[],"_links":{"self":[{"href":"https:\/\/www.eco-innov.com\/es\/wp-json\/wp\/v2\/pages\/4974","targetHints":{"allow":["GET"]}}],"collection":[{"href":"https:\/\/www.eco-innov.com\/es\/wp-json\/wp\/v2\/pages"}],"about":[{"href":"https:\/\/www.eco-innov.com\/es\/wp-json\/wp\/v2\/types\/page"}],"author":[{"embeddable":true,"href":"https:\/\/www.eco-innov.com\/es\/wp-json\/wp\/v2\/users\/1"}],"replies":[{"embeddable":true,"href":"https:\/\/www.eco-innov.com\/es\/wp-json\/wp\/v2\/comments?post=4974"}],"version-history":[{"count":5,"href":"https:\/\/www.eco-innov.com\/es\/wp-json\/wp\/v2\/pages\/4974\/revisions"}],"predecessor-version":[{"id":9924,"href":"https:\/\/www.eco-innov.com\/es\/wp-json\/wp\/v2\/pages\/4974\/revisions\/9924"}],"wp:attachment":[{"href":"https:\/\/www.eco-innov.com\/es\/wp-json\/wp\/v2\/media?parent=4974"}],"curies":[{"name":"wp","href":"https:\/\/api.w.org\/{rel}","templated":true}]}}