{"id":4568,"date":"2025-10-17T14:31:36","date_gmt":"2025-10-17T12:31:36","guid":{"rendered":"https:\/\/www.eco-innov.com\/?page_id=4568"},"modified":"2026-04-24T10:04:04","modified_gmt":"2026-04-24T08:04:04","slug":"politica-de-cookies","status":"publish","type":"page","link":"https:\/\/www.eco-innov.com\/es\/politica-de-cookies\/","title":{"rendered":"Pol\u00edtica de cookies"},"content":{"rendered":"<\/div>\n<div id=\"block-hero-block_1ce672ffb786f2b12d6896327a869e87\" class=\"container-fluid header_page_part px-0  block-hero\">\n        <div class=\"container\">\n        <div class=\"row\">\n            <div class=\"col-12 col-md-12 col-lg-11 col-xl-9 col-xxl-8\">\n                <nav aria-label=\"breadcrumbs\" class=\"rank-math-breadcrumb\"><p><span class=\"last\">Inicio<\/span><\/p><\/nav>                                    <h1 class=\"with_line with_line_lg\">Pol\u00edtica de cookies<\/h1>\n                                \n                \n\n                            <\/div>\n        <\/div>\n\n\n    <\/div>\n<\/div>\n<div class=\"container\">\n\n\n\n\n\n\n<h2 class=\"wp-block-heading\"><span>\u00bfQu\u00e9 es una galleta?<\/span><\/h2>\n\n\n\n<p>Las cookies son datos que se colocan en tu ordenador o tel\u00e9fono m\u00f3vil. Se distinguen por sus identificadores \u00fanicos, asociados a tu ordenador o tel\u00e9fono m\u00f3vil. Las cookies evitan que tengas una mala experiencia de consumo en tus sitios favoritos, ya que recuerdan tus acciones y preferencias. As\u00ed no tienes que introducir tus preferencias de navegaci\u00f3n cada vez que utilices un sitio, como la ubicaci\u00f3n, el tipo de letra o el idioma.   <\/p>\n\n\n\n<p>Estas \u00abcookies\u00bb se almacenan en tu ordenador. No nos permiten identificarte; sin embargo, registran informaci\u00f3n sobre la navegaci\u00f3n de tu ordenador en el sitio (las p\u00e1ginas que has visitado, la fecha y hora de la visita, etc.) que podemos leer en tus visitas posteriores. <\/p>\n\n\n\n<p>Para el conjunto de los tratamientos de datos vinculados a la recogida de cookies, ECO-INNOV, sociedad por acciones simplificada con capital de 30.000 euros, cuyo domicilio social se encuentra en 523 rue de la B\u00e9ali\u00e8re, 38360 Noyarey, determina los medios y los fines del tratamiento. As\u00ed pues, ECO-INNOV act\u00faa como responsable del tratamiento, en el sentido de la normativa relativa a los datos personales y, en particular, del Reglamento (UE) 2016\/679 relativo a la protecci\u00f3n de las personas f\u00edsicas en lo que respecta al tratamiento de datos personales y a la libre circulaci\u00f3n de estos datos. <\/p>\n\n\n\n<p>ECO-INNOV concede la m\u00e1xima importancia y cuidado a la protecci\u00f3n de la privacidad y de los Datos Personales, as\u00ed como al cumplimiento de lo dispuesto en la normativa aplicable.<\/p>\n\n\n\n<p>El objetivo de esta pol\u00edtica de cookies (en adelante, la \u00abPol\u00edtica\u00bb) es proporcionarte informaci\u00f3n sencilla y clara sobre c\u00f3mo se recopilan tus datos a trav\u00e9s de las cookies colocadas en Internet.<\/p>\n\n\n\n<div style=\"height:50px\" aria-hidden=\"true\" class=\"wp-block-spacer\"><\/div>\n\n\n\n<h2 class=\"wp-block-heading\"><span>\u00bfSe depositan cookies cuando navegas por el sitio web?<\/span><\/h2>\n\n\n\n<p>Cuando visites el sitio web por primera vez, un banner te informar\u00e1 de la presencia de estas cookies y te pedir\u00e1 que indiques tu elecci\u00f3n. Las cookies que requieren tu consentimiento de acuerdo con la normativa s\u00f3lo se colocan si las aceptas. Puedes obtener m\u00e1s informaci\u00f3n sobre las cookies en cualquier momento y configurar tus opciones para aceptarlas o rechazarlas accediendo a la p\u00e1gina [Gestionar mis cookies] que aparece en la parte inferior de cada p\u00e1gina del sitio web o configurando tu navegador.  <\/p>\n\n\n\n<div style=\"height:50px\" aria-hidden=\"true\" class=\"wp-block-spacer\"><\/div>\n\n\n\n<h2 class=\"wp-block-heading\"><span>\u00bfQu\u00e9 datos se recogen a trav\u00e9s de las cookies?<\/span><\/h2>\n\n\n\n<p>Las cookies pueden utilizarse para recoger todos los datos relativos a un terminal en un momento dado, en particular :<\/p>\n\n\n\n<ul class=\"wp-block-list\">\n<li>Uno o varios identificadores t\u00e9cnicos para identificar tu buz\u00f3n de Internet<\/li>\n\n\n\n<li>La fecha, hora y duraci\u00f3n de la conexi\u00f3n de un terminal a un sitio web;<\/li>\n\n\n\n<li>La direcci\u00f3n de Internet de la p\u00e1gina de la que procede el terminal que accede al sitio web;<\/li>\n\n\n\n<li>El tipo de sistema operativo del terminal (por ejemplo, Windows, MacOs, Linux, Unix, etc.) ;<\/li>\n\n\n\n<li>El tipo y la versi\u00f3n del software de navegaci\u00f3n utilizado por el terminal (Internet Explorer, Firefox, Safari, Chrome, Opera, etc.);<\/li>\n\n\n\n<li>La marca y el modelo del terminal de movilidad o tableta ;<\/li>\n\n\n\n<li>Posibles errores de descarga ;<\/li>\n\n\n\n<li>El idioma del software de navegaci\u00f3n utilizado por el terminal;<\/li>\n\n\n\n<li>Las caracter\u00edsticas de los contenidos consultados y compartidos ;<\/li>\n<\/ul>\n\n\n\n<div style=\"height:50px\" aria-hidden=\"true\" class=\"wp-block-spacer\"><\/div>\n\n\n\n<h2 class=\"wp-block-heading\"><span>\u00bfCu\u00e1les son los fines de las cookies recopiladas?<\/span><\/h2>\n\n\n\n<p>Podemos utilizar diferentes tipos de cookies en el sitio para diferentes prop\u00f3sitos:<\/p>\n\n\n\n<ul class=\"wp-block-list\">\n<li><strong>Cookies necesarias para la personalizaci\u00f3n y el funcionamiento del sitio web:<\/strong> permiten utilizar las principales funciones del sitio web y, en particular, registrar informaci\u00f3n entre dos visitas al sitio web en el mismo dispositivo, registrar identificadores de conexi\u00f3n de sesi\u00f3n y personalizar la interfaz (elecci\u00f3n de idioma o presentaci\u00f3n). No requieren tu consentimiento previo. <\/li>\n\n\n\n<li><strong>Las cookies de medici\u00f3n de audiencia del <\/strong>sitio web nos permiten controlar el uso y el rendimiento de la audiencia del sitio y mejorar su funcionamiento para nuestros visitantes. Por ejemplo, nos permiten recopilar estad\u00edsticas y vol\u00famenes de visitas y uso de los distintos elementos que componen el sitio (secciones y contenidos visitados, recorrido realizado), con el fin de mejorar la utilidad y ergonom\u00eda del sitio.<\/li>\n<\/ul>\n\n\n\n<p class=\"has-vivid-red-color has-text-color has-link-color wp-elements-c9365267f914bd71ea50e5e539e3962b\"><\/p>\n\n\n\n<figure class=\"wp-block-table\"><table class=\"has-fixed-layout\"><tbody><tr><td><strong>NOMBRE DE LA COOKIE<\/strong><\/td><td><strong>FINALIDAD<\/strong><\/td><td><strong>PLAZO DE CONSERVACI\u00d3N<\/strong><\/td><\/tr><tr><td>PHPSESSID<\/td><td>Identifica la sesi\u00f3n del usuario (formularios, inicio de sesi\u00f3n, etc.)<\/td><td>Sesi\u00f3n<\/td><\/tr><tr><td>wp-<\/td><td>Cookies de WordPress relacionadas con autenticaci\u00f3n o preferencias del usuario<\/td><td>Sesi\u00f3n<\/td><\/tr><tr><td>wpml_current_language<\/td><td>Memoriza el idioma seleccionado por el usuario<\/td><td>Sesi\u00f3n<\/td><\/tr><tr><td>moove_gdpr_popup<\/td><td>Almacena sus preferencias de consentimiento<\/td><td>6 meses<\/td><\/tr><tr><td>AEC<\/td><td>Cookie de seguridad que verifica que las solicitudes proceden del usuario<\/td><td>6 meses<\/td><\/tr><tr><td>Secure-ENID<\/td><td>Cookie de seguridad de Google para prevenir accesos fraudulentos<\/td><td>13 meses<\/td><\/tr><tr><td>SOCS<\/td><td>Almacena el estado de su consentimiento en servicios de Google<\/td><td>13 meses<\/td><\/tr><tr><td>_ga<\/td><td>Distingue usuarios para generar estad\u00edsticas (Google Analytics)<\/td><td>13 meses<\/td><\/tr><tr><td>DV<\/td><td>Cookie utilizada por Google para servicios publicitarios y medici\u00f3n de interacci\u00f3n con anuncios<\/td><td>12 meses<\/td><\/tr><\/tbody><\/table><\/figure>\n\n\n\n<div style=\"height:50px\" aria-hidden=\"true\" class=\"wp-block-spacer\"><\/div>\n\n\n\n<h2 class=\"wp-block-heading\"><span>\u00bfQui\u00e9n coloca las cookies en el sitio web?<\/span><\/h2>\n\n\n\n<p>Las entidades que depositan cookies en el sitio web son :<\/p>\n\n\n\n<ul class=\"wp-block-list\">\n<li>El editor del sitio, ECO-INNOV, y los subcontratistas de ECO-INNOV, es decir, los proveedores de servicios t\u00e9cnicos que tratan tus datos de navegaci\u00f3n por cuenta de ECO-INNOV.<\/li>\n<\/ul>\n\n\n\n<div style=\"height:50px\" aria-hidden=\"true\" class=\"wp-block-spacer\"><\/div>\n\n\n\n<h2 class=\"wp-block-heading\"><span>\u00bfC\u00f3mo configuro las cookies en los navegadores web?<\/span><\/h2>\n\n\n\n<p>Tienes la opci\u00f3n de configurar tu navegador para aceptar o rechazar todas las cookies, eliminarlas peri\u00f3dicamente o ver cu\u00e1ndo se emite una cookie, cu\u00e1nto tiempo es v\u00e1lida y su contenido, y negarte a almacenarla en tu disco duro.<\/p>\n\n\n\n<p>Puedes elegir bloquear o desactivar estas cookies en cualquier momento configurando el navegador de Internet de tu ordenador, tableta o tel\u00e9fono m\u00f3vil, de acuerdo con las instrucciones proporcionadas por el proveedor de tu navegador de Internet. A continuaci\u00f3n encontrar\u00e1s informaci\u00f3n m\u00e1s detallada sobre c\u00f3mo hacerlo para los navegadores m\u00e1s utilizados: <\/p>\n\n\n\n<ul class=\"wp-block-list\">\n<li><a href=\"https:\/\/support.microsoft.com\/fr-fr\/topic\/comment-supprimer-des-fichiers-cookies-dans-internet-explorer-bca9446f-d873-78de-77ba-d42645fa52fc\" target=\"_blank\" rel=\"noreferrer noopener\">Internet Explorer<\/a><\/li>\n\n\n\n<li><a href=\"https:\/\/support.google.com\/chrome\/answer\/95647?hl=fr\" target=\"_blank\" rel=\"noreferrer noopener\">Cromo<\/a><\/li>\n\n\n\n<li><a href=\"https:\/\/support.mozilla.org\/fr\/kb\/activer-desactiver-cookies-preferences\" target=\"_blank\" rel=\"noreferrer noopener\">Firefox<\/a><\/li>\n\n\n\n<li><a href=\"https:\/\/support.apple.com\/fr-fr\/guide\/safari\/sfri11471\/mac\" target=\"_blank\" rel=\"noreferrer noopener\">Safari<\/a><\/li>\n\n\n\n<li><a href=\"https:\/\/www.opera.com\/fr\/use-cases\/clean-browser-and-remove-trackers\" target=\"_blank\" rel=\"noreferrer noopener\">\u00d3pera<\/a><\/li>\n<\/ul>\n\n\n\n<p>Tambi\u00e9n puedes consultar el men\u00fa \u00abAyuda\u00bb de tu navegador para saber c\u00f3mo cambiar la configuraci\u00f3n de las cookies.<\/p>\n\n\n\n<div style=\"height:50px\" aria-hidden=\"true\" class=\"wp-block-spacer\"><\/div>\n\n\n\n<h2 class=\"wp-block-heading\"><span>\u00bfCu\u00e1les son las consecuencias de rechazar las distintas cookies?<\/span><\/h2>\n\n\n\n<p>Si te niegas a guardar las cookies necesarias para que el sitio web funcione correctamente en tu terminal o navegador, o si eliminas las cookies guardadas en \u00e9l, te informamos de que tu navegaci\u00f3n y experiencia en el sitio web pueden verse limitadas. Rechazar las cookies que no sean necesarias para el funcionamiento del sitio web no tendr\u00e1 tal repercusi\u00f3n. De hecho, este rechazo no impedir\u00e1 el acceso al sitio ni el uso de sus funciones.  <\/p>\n\n\n\n<div style=\"height:50px\" aria-hidden=\"true\" class=\"wp-block-spacer\"><\/div>\n","protected":false},"excerpt":{"rendered":"<p>\u00bfQu\u00e9 es una galleta? Las cookies son datos que se colocan en tu ordenador o tel\u00e9fono m\u00f3vil. Se distinguen por sus identificadores \u00fanicos, asociados a tu ordenador o tel\u00e9fono m\u00f3vil. Las cookies evitan que tengas una mala experiencia de consumo en tus sitios favoritos, ya que recuerdan tus acciones y preferencias. As\u00ed no tienes que [&hellip;]<\/p>\n","protected":false},"author":1,"featured_media":0,"parent":0,"menu_order":51,"comment_status":"closed","ping_status":"closed","template":"","meta":{"_acf_changed":false,"inline_featured_image":false,"footnotes":""},"class_list":["post-4568","page","type-page","status-publish","hentry"],"acf":[],"_links":{"self":[{"href":"https:\/\/www.eco-innov.com\/es\/wp-json\/wp\/v2\/pages\/4568","targetHints":{"allow":["GET"]}}],"collection":[{"href":"https:\/\/www.eco-innov.com\/es\/wp-json\/wp\/v2\/pages"}],"about":[{"href":"https:\/\/www.eco-innov.com\/es\/wp-json\/wp\/v2\/types\/page"}],"author":[{"embeddable":true,"href":"https:\/\/www.eco-innov.com\/es\/wp-json\/wp\/v2\/users\/1"}],"replies":[{"embeddable":true,"href":"https:\/\/www.eco-innov.com\/es\/wp-json\/wp\/v2\/comments?post=4568"}],"version-history":[{"count":3,"href":"https:\/\/www.eco-innov.com\/es\/wp-json\/wp\/v2\/pages\/4568\/revisions"}],"predecessor-version":[{"id":9857,"href":"https:\/\/www.eco-innov.com\/es\/wp-json\/wp\/v2\/pages\/4568\/revisions\/9857"}],"wp:attachment":[{"href":"https:\/\/www.eco-innov.com\/es\/wp-json\/wp\/v2\/media?parent=4568"}],"curies":[{"name":"wp","href":"https:\/\/api.w.org\/{rel}","templated":true}]}}