{"id":4561,"date":"2021-10-08T16:29:01","date_gmt":"2021-10-08T14:29:01","guid":{"rendered":"https:\/\/www.eco-innov.com\/?page_id=4561"},"modified":"2026-04-20T11:10:42","modified_gmt":"2026-04-20T09:10:42","slug":"politica-de-proteccion-de-datos","status":"publish","type":"page","link":"https:\/\/www.eco-innov.com\/es\/politica-de-proteccion-de-datos\/","title":{"rendered":"Pol\u00edtica de protecci\u00f3n de datos"},"content":{"rendered":"\n<h2 class=\"wp-block-heading\"><span>Objeto y \u00e1mbito de aplicaci\u00f3n de la Pol\u00edtica<\/span><\/h2>\n\n<p>ECO-INNOV, filial del GROUPE RAGNI, concede la m\u00e1xima importancia y cuidado a la protecci\u00f3n de la privacidad y de los datos personales, as\u00ed como al cumplimiento de lo dispuesto en la legislaci\u00f3n aplicable.<\/p>\n\n<p>El Reglamento (UE) 2016\/679, de 27 de abril de 2016, relativo a la protecci\u00f3n de las personas f\u00edsicas en lo que respecta al tratamiento de datos personales y a la libre circulaci\u00f3n de estos datos (en adelante, \u00abRGPD\u00bb), establece que los datos personales deben tratarse de forma l\u00edcita, leal y transparente. El objetivo de esta pol\u00edtica de protecci\u00f3n de datos (en adelante, la \u00abPol\u00edtica\u00bb) es, por tanto, proporcionarte informaci\u00f3n sencilla y clara sobre el tratamiento de tus datos personales, especialmente en el contexto de tu navegaci\u00f3n y de las operaciones realizadas en nuestro sitio web. <\/p>\n\n<div style=\"height:50px\" aria-hidden=\"true\" class=\"wp-block-spacer\"><\/div>\n\n<h2 class=\"wp-block-heading\"><span>La persona responsable del tratamiento de tus datos personales<\/span><\/h2>\n\n<p>El responsable del tratamiento de tus datos personales, en el sentido de la normativa aplicable a la protecci\u00f3n de datos personales y, en particular, del RGPD, es ECO-INNOV, sociedad por acciones simplificada con un capital de 30.000 euros, cuyo domicilio social se encuentra en 523 rue de la B\u00e9ali\u00e8re, 38360 Noyarey.<\/p>\n\n<p>Puedes encontrar todo el conjunto de informaci\u00f3n sobre ECO-INNOV en nuestra p\u00e1gina <a href=\"https:\/\/www.eco-innov.com\/es\/aviso-legal\/\">legal<\/a>.<\/p>\n\n<div style=\"height:50px\" aria-hidden=\"true\" class=\"wp-block-spacer\"><\/div>\n\n<h2 class=\"wp-block-heading\"><span>\u00bfPor qu\u00e9 recogemos tus datos personales?<\/span><\/h2>\n\n<p>Esta Pol\u00edtica se aplica a la recogida y tratamiento de tus datos personales, con fines espec\u00edficos y sobre diferentes bases jur\u00eddicas.<\/p>\n\n<p>Como parte de la ejecuci\u00f3n del contrato o de las medidas precontractuales, tus datos ser\u00e1n tratados para los siguientes fines:<\/p>\n\n<ul class=\"wp-block-list\">\n<li>Gesti\u00f3n de presupuestos ;<\/li>\n\n\n\n<li>Gesti\u00f3n de pedidos, compras ;<\/li>\n\n\n\n<li>Gesti\u00f3n de contratos con clientes\/proveedores ;<\/li>\n\n\n\n<li>Gesti\u00f3n de reclamaciones y servicio posventa.<\/li>\n<\/ul>\n\n<p>Sobre la base de tu consentimiento, tus datos ser\u00e1n tratados para los siguientes fines:<\/p>\n\n<ul class=\"wp-block-list\">\n<li>Gesti\u00f3n de cookies que requieren tu consentimiento (cookies colocadas con fines de an\u00e1lisis de audiencia).<\/li>\n<\/ul>\n\n<p>Como parte de los intereses leg\u00edtimos de ECO-INNOV, tus datos se procesan para los siguientes fines:<\/p>\n\n<ul class=\"wp-block-list\">\n<li>Gesti\u00f3n de las solicitudes de informaci\u00f3n ;<\/li>\n\n\n\n<li>Gesti\u00f3n de las comunicaciones ;<\/li>\n\n\n\n<li>Gestionar las relaciones con los prospectos\/clientes;<\/li>\n\n\n\n<li>Gesti\u00f3n de eventos comerciales ;<\/li>\n\n\n\n<li>Gesti\u00f3n del buen funcionamiento y mejora continua del sitio (utilizando cookies t\u00e9cnicas);<\/li>\n\n\n\n<li>Gesti\u00f3n de precontenciosos y litigios.<\/li>\n<\/ul>\n\n<p>Como parte de las obligaciones legales y reglamentarias a las que est\u00e1 sujeta ECO-INNOV, tus datos se procesan para los siguientes fines:<\/p>\n\n<ul class=\"wp-block-list\">\n<li>Contabilidad general y subsidiaria ;<\/li>\n\n\n\n<li>Gestionar tus derechos sobre los datos personales.<\/li>\n<\/ul>\n\n<div style=\"height:50px\" aria-hidden=\"true\" class=\"wp-block-spacer\"><\/div>\n\n<h2 class=\"wp-block-heading\"><span>Los datos personales que recopilamos sobre ti<\/span><\/h2>\n\n<p>Los datos personales se tratan de conformidad con el principio de minimizaci\u00f3n impuesto por el RGPD. La naturaleza y calidad de los datos personales tratados var\u00eda en funci\u00f3n de la relaci\u00f3n que mantengas con ECO-INNOV, siendo los principales : <\/p>\n\n<ul class=\"wp-block-list\">\n<li><strong>Datos de identificaci\u00f3n:<\/strong> incluye cualquier informaci\u00f3n que nos permita identificarte, como tus apellidos, tu nombre y tu n\u00famero de tel\u00e9fono. Tambi\u00e9n podemos recoger tu direcci\u00f3n de correo electr\u00f3nico y tu direcci\u00f3n postal (en caso de pago, la direcci\u00f3n postal ser\u00e1 necesaria para generar una factura). <\/li>\n\n\n\n<li><strong>Datos financieros:<\/strong> corresponden a datos bancarios, como un formulario de datos bancarios.<\/li>\n\n\n\n<li><strong>Informaci\u00f3n relativa a tu navegaci\u00f3n: <\/strong>cuando navegas por nuestro sitio web, interact\u00faas con \u00e9l. Como resultado, se recopila cierta informaci\u00f3n relativa a tu navegaci\u00f3n. <\/li>\n\n\n\n<li>Datos recogidos de nuestra red de agentes\/distribuidores de ventas: nuestra red de agentes\/distribuidores es responsable de la prospecci\u00f3n de ventas y de la gesti\u00f3n diaria de las relaciones. Como tal, los agentes pueden recoger algunos de tus datos personales como parte de sus funciones, como tus datos de contacto (apellidos, nombre, direcci\u00f3n de correo electr\u00f3nico, n\u00famero de tel\u00e9fono), as\u00ed como informaci\u00f3n relativa a tus necesidades o intereses comerciales. Esta informaci\u00f3n se transmite a ECO-INNOV para garantizar la continuidad de la relaci\u00f3n comercial y el seguimiento de tus solicitudes.  <\/li>\n<\/ul>\n\n<div style=\"height:50px\" aria-hidden=\"true\" class=\"wp-block-spacer\"><\/div>\n\n<h2 class=\"wp-block-heading\"><span>Destinatarios de tus datos personales<\/span><\/h2>\n\n<p>Tus datos ser\u00e1n utilizados por empleados autorizados de ECO-INNOV responsables de la gesti\u00f3n y ejecuci\u00f3n de contratos y obligaciones legales, en funci\u00f3n de la finalidad de la recogida de datos y dentro de los l\u00edmites de sus respectivas responsabilidades.<\/p>\n\n<p>Podr\u00e1 transmitirse a los siguientes destinatarios para determinadas tareas relacionadas con los fines, y dentro de los l\u00edmites de sus respectivas misiones y autorizaciones:<\/p>\n\n<ul class=\"wp-block-list\">\n<li>Entidades del GROUPE RAGNI que subcontratan una actividad a otra entidad del Grupo (en particular, el env\u00edo de comunicaciones);<\/li>\n\n\n\n<li>Nuestra red de agentes comerciales\/distribuidores ;<\/li>\n\n\n\n<li>Proveedores de servicios que utilizamos para realizar un conjunto de operaciones y tareas en nuestro nombre, en particular:<br\/>Gesti\u00f3n del transporte de pedidos<br\/>An\u00e1lisis de la audiencia del sitio web<br\/>Alojamiento de datos<br\/>Prospecci\u00f3n de ventas<br\/>Gesti\u00f3n del servicio posventa<\/li>\n\n\n\n<li>Autoridades p\u00fablicas debidamente autorizadas (judiciales, de supervisi\u00f3n, etc.), como parte de nuestras obligaciones legales y reglamentarias;<\/li>\n\n\n\n<li>Profesiones reguladas (abogados, agentes judiciales, etc.) que puedan intervenir en la ejecuci\u00f3n de garant\u00edas, cobro de deudas o litigios;<\/li>\n<\/ul>\n\n<p>Cuando se comunican tus datos a nuestros proveedores de servicios, tambi\u00e9n se les pide que no los utilicen para fines distintos de los inicialmente previstos. Hacemos todo lo posible para garantizar que estos terceros mantengan la confidencialidad y seguridad de tus datos. <\/p>\n\n<p>En todos los casos, s\u00f3lo se facilitan los datos necesarios. Hacemos todo lo posible para garantizar que tus datos se comunican o transmiten de forma segura. <\/p>\n\n<p>No vendemos tus Datos.<\/p>\n\n<div style=\"height:50px\" aria-hidden=\"true\" class=\"wp-block-spacer\"><\/div>\n\n<h2 class=\"wp-block-heading\"><span>Transferencia de tus datos a terceros pa\u00edses<\/span><\/h2>\n\n<p>ECO-INNOV se esfuerza por almacenar los datos personales en Francia, o al menos dentro del Espacio Econ\u00f3mico Europeo (EEE).<\/p>\n\n<p>Sin embargo, es posible que los datos que recopilamos cuando utilizas nuestro sitio o como parte de nuestros servicios se transfieran a otros pa\u00edses. Este es el caso, por ejemplo, si algunos de nuestros proveedores de servicios est\u00e1n situados fuera del Espacio Econ\u00f3mico Europeo. <\/p>\n\n<p>En caso de una Transferencia de este tipo, garantizamos que se llevar\u00e1 a cabo :<\/p>\n\n<ul class=\"wp-block-list\">\n<li>A un pa\u00eds que ofrezca un nivel de protecci\u00f3n adecuado, es decir, un nivel de protecci\u00f3n equivalente al exigido por la normativa europea;<\/li>\n\n\n\n<li>En el marco de las cl\u00e1usulas contractuales tipo ;<\/li>\n\n\n\n<li>En el marco de las normas internas de la empresa.<\/li>\n<\/ul>\n\n<p>Si deseas m\u00e1s informaci\u00f3n sobre estas transferencias, env\u00eda tu solicitud a la direcci\u00f3n que figura en la secci\u00f3n <strong>\u00abTus contactos<\/strong> \u00ab.<\/p>\n\n<div style=\"height:50px\" aria-hidden=\"true\" class=\"wp-block-spacer\"><\/div>\n\n<h2 class=\"wp-block-heading\"><span>Medidas t\u00e9cnicas y organizativas para proteger tus datos<\/span><\/h2>\n\n<p>ECO-INNOV se compromete a proteger los datos personales que recopilemos o tratemos contra p\u00e9rdida, destrucci\u00f3n, alteraci\u00f3n, acceso no autorizado o divulgaci\u00f3n.<\/p>\n\n<p>Por ello, aplicamos todas las medidas t\u00e9cnicas y organizativas apropiadas, en funci\u00f3n de la naturaleza de los datos y de los riesgos que conlleva su tratamiento. Estas medidas deben permitir preservar la seguridad y confidencialidad de tus datos personales. Pueden incluir pr\u00e1cticas como el acceso restringido a los datos personales por parte de personas autorizadas en virtud de sus funciones, la seudonimizaci\u00f3n o el cifrado.  <\/p>\n\n<p>Adem\u00e1s, nuestras pr\u00e1cticas y pol\u00edticas y\/o medidas de seguridad f\u00edsicas y\/o l\u00f3gicas (acceso seguro, proceso de autenticaci\u00f3n, copia de seguridad, software, etc.) se comprueban regularmente y se actualizan si es necesario.<\/p>\n\n<div style=\"height:50px\" aria-hidden=\"true\" class=\"wp-block-spacer\"><\/div>\n\n<h2 class=\"wp-block-heading\"><span>Cu\u00e1nto tiempo conservamos tus datos personales<\/span><\/h2>\n\n<p>Tus datos personales se conservar\u00e1n al menos durante la duraci\u00f3n de las operaciones de tratamiento relacionadas con nuestra relaci\u00f3n contractual. M\u00e1s all\u00e1 de esta relaci\u00f3n, estos periodos se incrementan para tener en cuenta las normas de prescripci\u00f3n legal y las obligaciones de conservaci\u00f3n legales y reglamentarias.<br\/>Para los clientes potenciales, el periodo m\u00e1ximo posible de conservaci\u00f3n de los datos recopilados es de 3 a\u00f1os, a partir del \u00faltimo contacto entre ECO-INNOV y el cliente potencial, a menos que solicites que se eliminen tus datos. <\/p>\n\n<p>En el caso de los candidatos no seleccionados, tus datos (en particular el CV y la informaci\u00f3n relacionada) podr\u00e1n conservarse durante un m\u00e1ximo de 2 a\u00f1os a partir del \u00faltimo contacto, a menos que te opongas.<\/p>\n\n<p>Cuando ejerces tus derechos, nuestro Responsable de Protecci\u00f3n de Datos trata tus datos personales con el fin de gestionar tu solicitud (cargo, apellidos, nombre, copia del documento de identidad, naturaleza de la solicitud, respuesta dada). Estos datos se conservan durante un periodo de 5 a\u00f1os, a excepci\u00f3n de la copia de tu documento de identidad -en caso de que sea necesaria-, que s\u00f3lo se conserva durante el tiempo necesario para realizar comprobaciones o cumplir una obligaci\u00f3n legal.<br\/>Se pueden consultar normas m\u00e1s detalladas sobre los periodos de conservaci\u00f3n en funci\u00f3n de cada caso, previa solicitud en virtud del derecho de acceso (consulta la secci\u00f3n titulada <strong>\u00abTus derechos en relaci\u00f3n con tus datos personales<\/strong> \u00ab).  <\/p>\n\n<div style=\"height:50px\" aria-hidden=\"true\" class=\"wp-block-spacer\"><\/div>\n\n<h2 class=\"wp-block-heading\"><span>Tus derechos sobre tus datos personales<\/span><\/h2>\n\n<p>Puedes ejercer tus derechos ante ECO-INNOV en cualquier momento escribiendo a la direcci\u00f3n que figura en el apartado \u00abTus contactos\u00bb.<\/p>\n\n<ul class=\"wp-block-list\">\n<li><strong>Derecho de oposici\u00f3n:<\/strong> puedes solicitar que dejen de tratarse tus datos personales, excepto cuando la base jur\u00eddica del tratamiento sea una obligaci\u00f3n reglamentaria o la ejecuci\u00f3n de un contrato.<\/li>\n\n\n\n<li><strong>Derecho a retirar tu consentimiento:<\/strong> para todas las operaciones de tratamiento que requieran tu consentimiento, tienes derecho a retirarlo posteriormente.<\/li>\n\n\n\n<li><strong>Derecho de acceso a tus datos personales y al tratamiento:<\/strong> puedes solicitar a ECO-INNOV el acceso a tus datos personales y a la informaci\u00f3n adicional relativa al tratamiento realizado.<\/li>\n\n\n\n<li>Derecho de rectificaci\u00f3n<strong>: <\/strong>puedes ejercer tu derecho de rectificaci\u00f3n si tus datos personales son inexactos o incompletos.<\/li>\n\n\n\n<li><strong>Derecho de supresi\u00f3n:<\/strong> puedes solicitar la supresi\u00f3n de tus datos personales en cualquier momento. Sin embargo, la supresi\u00f3n s\u00f3lo es posible si se ha cumplido la finalidad para la que se recogieron los datos, y si los periodos de conservaci\u00f3n reglamentarios lo permiten. <\/li>\n\n\n\n<li><strong>Derecho a restringir el tratamiento: <\/strong>puedes solicitar que se restrinja el tratamiento de tus datos personales, si deseas suspender el tratamiento en curso para preservar la integridad de los datos durante un periodo determinado hasta nuevo aviso.<\/li>\n\n\n\n<li><strong>Derecho a la portabilidad de tus datos: <\/strong>puedes solicitar una copia de los datos personales que hayas facilitado anteriormente en un formato estructurado y que se env\u00eden a la persona que t\u00fa elijas. El responsable del tratamiento enviar\u00e1 entonces los datos a esta persona en formato digital. <\/li>\n\n\n\n<li><strong>Derecho a determinar el destino post mortem de tus datos: <\/strong>puedes especificar instrucciones relativas a la conservaci\u00f3n, supresi\u00f3n o divulgaci\u00f3n de tus datos tras tu fallecimiento.<\/li>\n<\/ul>\n\n<p>Si no est\u00e1s satisfecho con la respuesta que recibas, o si no hay respuesta, puedes presentar tu reclamaci\u00f3n ante la CNIL de acuerdo con los procedimientos establecidos en su <a href=\"https:\/\/www.cnil.fr\/\" target=\"_blank\" rel=\"noopener\">sitio web<\/a>.<\/p>\n\n<div style=\"height:50px\" aria-hidden=\"true\" class=\"wp-block-spacer\"><\/div>\n\n<h2 class=\"wp-block-heading\"><span>Tus contactos<\/span><\/h2>\n\n<p>Para ejercer tus derechos o para cualquier informaci\u00f3n adicional o reclamaci\u00f3n, puedes ponerte en contacto con el Responsable de Protecci\u00f3n de Datos (RPD) de ECO-INNOV. Para ello, s\u00f3lo tienes que enviarnos un correo electr\u00f3nico a <a href=\"mailto:dpo@eco-innov.com\">dpo@eco-innov.com.<\/a> <\/p>\n\n<p>Cuando nos env\u00edes una solicitud de ejercicio de un derecho, se te pedir\u00e1 que especifiques, en la medida de lo posible, el alcance de la solicitud, el tipo de derecho ejercido, el tratamiento de datos personales de que se trate y cualquier otra informaci\u00f3n \u00fatil, con el fin de facilitar el examen de tu solicitud. Adem\u00e1s, cuando existan dudas razonables, se te podr\u00e1 pedir que acredites tu identidad. <\/p>\n\n<p>El ejercicio de tus derechos es un derecho estrictamente personal y s\u00f3lo afecta al solicitante en su propio nombre, o a un tutor legal en nombre de un menor o de un adulto protegido, como una persona bajo curatela o tutela legal. No puede aplicarse a otro miembro de la familia o a alguien que viva bajo el techo del solicitante sin la prueba de un mandato legal otorgado al solicitante por la persona en cuesti\u00f3n o de las pruebas documentales pertinentes. <\/p>\n\n<div style=\"height:50px\" aria-hidden=\"true\" class=\"wp-block-spacer\"><\/div>\n\n<h2 class=\"wp-block-heading\"><span>Cambios en esta Pol\u00edtica<\/span><\/h2>\n\n<p>ECO-INNOV puede modificar la Pol\u00edtica de Protecci\u00f3n de Datos de vez en cuando. Nos aseguraremos de informarte de cualquier cambio sustancial (por ejemplo, mediante un aviso especial en nuestro sitio web). <\/p>\n\n<p><strong>Fecha de actualizaci\u00f3n : Abril 2026<\/strong><\/p>\n\n<div style=\"height:50px\" aria-hidden=\"true\" class=\"wp-block-spacer\"><\/div>\n","protected":false},"excerpt":{"rendered":"<p>Objeto y \u00e1mbito de aplicaci\u00f3n de la Pol\u00edtica ECO-INNOV, filial del GROUPE RAGNI, concede la m\u00e1xima importancia y cuidado a la protecci\u00f3n de la privacidad y de los datos personales, as\u00ed como al cumplimiento de lo dispuesto en la legislaci\u00f3n aplicable. El Reglamento (UE) 2016\/679, de 27 de abril de 2016, relativo a la protecci\u00f3n [&hellip;]<\/p>\n","protected":false},"author":1,"featured_media":0,"parent":0,"menu_order":94,"comment_status":"closed","ping_status":"open","template":"page-rgpd.php","meta":{"_acf_changed":false,"inline_featured_image":false,"footnotes":""},"class_list":["post-4561","page","type-page","status-publish","hentry"],"acf":[],"_links":{"self":[{"href":"https:\/\/www.eco-innov.com\/es\/wp-json\/wp\/v2\/pages\/4561","targetHints":{"allow":["GET"]}}],"collection":[{"href":"https:\/\/www.eco-innov.com\/es\/wp-json\/wp\/v2\/pages"}],"about":[{"href":"https:\/\/www.eco-innov.com\/es\/wp-json\/wp\/v2\/types\/page"}],"author":[{"embeddable":true,"href":"https:\/\/www.eco-innov.com\/es\/wp-json\/wp\/v2\/users\/1"}],"replies":[{"embeddable":true,"href":"https:\/\/www.eco-innov.com\/es\/wp-json\/wp\/v2\/comments?post=4561"}],"version-history":[{"count":2,"href":"https:\/\/www.eco-innov.com\/es\/wp-json\/wp\/v2\/pages\/4561\/revisions"}],"predecessor-version":[{"id":9374,"href":"https:\/\/www.eco-innov.com\/es\/wp-json\/wp\/v2\/pages\/4561\/revisions\/9374"}],"wp:attachment":[{"href":"https:\/\/www.eco-innov.com\/es\/wp-json\/wp\/v2\/media?parent=4561"}],"curies":[{"name":"wp","href":"https:\/\/api.w.org\/{rel}","templated":true}]}}