{"id":4553,"date":"2021-10-29T09:55:02","date_gmt":"2021-10-29T07:55:02","guid":{"rendered":"https:\/\/www.eco-innov.com\/?page_id=4553"},"modified":"2026-04-20T11:10:42","modified_gmt":"2026-04-20T09:10:42","slug":"aviso-legal","status":"publish","type":"page","link":"https:\/\/www.eco-innov.com\/es\/aviso-legal\/","title":{"rendered":"Informaci\u00f3n legal"},"content":{"rendered":"\n<h2 class=\"wp-block-heading\" id=\"block-0aff458e-633b-47d0-b1aa-6bcd5cbf3235\"><span>Propietario<\/span><\/h2>\n\n<p id=\"block-f630f10d-9fd8-4af7-a080-00c114a60dfb\">SAS ECO-INNOV<br\/>523 rue de la B\u00e9ali\u00e8re, 38360 Noyarey (FRANCIA)<br\/>Tel: +33 (0) 438 70 00 27<br\/>USt-IdNr. FR 49 393 304 134<br\/>SIREN: 451859409<br\/>SIRET (sede social): 45185940900026<br\/>Actividad (c\u00f3digo NAF o APE): 4690Z<br\/>Forma jur\u00eddica: Sociedad por acciones simplificada<br\/>Fecha de registro: RCS 03-02-2004  <\/p>\n\n<p id=\"block-f630f10d-9fd8-4af7-a080-00c114a60dfb\"><\/p>\n\n<h3 class=\"wp-block-heading\" id=\"block-65c83d3a-c917-495b-874c-53e2f8719ab5\">Director de publicaci\u00f3n<\/h3>\n\n<p>Sr. Jean-Charles GIROUD<\/p>\n\n<div style=\"height:50px\" aria-hidden=\"true\" class=\"wp-block-spacer\"><\/div>\n\n<h2 class=\"wp-block-heading\" id=\"block-49a24935-cd9a-4358-9456-314acda13823\"><span>Concepci\u00f3n, dise\u00f1o y desarrollo del sitio web<\/span><\/h2>\n\n<p id=\"block-0dc83111-7c5f-4180-95fe-35ee82691828\"><strong>B17 Agencia de Comunicaci\u00f3n<\/strong><br\/>19, rue du lieutenant Aug\u00e9<br\/>44230 Saint-S\u00e9bastien\/Loire<br\/><strong>Tel.<\/strong> 02 40 89 78 74<\/p>\n\n<div style=\"height:50px\" aria-hidden=\"true\" class=\"wp-block-spacer\"><\/div>\n\n<h2 class=\"wp-block-heading\" id=\"block-7dd9d9d0-fc94-40b1-b2c8-f588a031c8b8\"><span>Alojamiento web<\/span><\/h2>\n\n<p id=\"block-411cb10b-01d9-40bb-8953-d2dce6ec1e42\"><strong>OVH<\/strong><br\/>2 rue Kellermann<br\/>59100 Roubaix<br\/><strong>Tel.<\/strong> 1007<\/p>\n\n<div style=\"height:50px\" aria-hidden=\"true\" class=\"wp-block-spacer\"><\/div>\n\n<h2 class=\"wp-block-heading\" id=\"block-9962bde1-cd52-4fdd-aeba-9e10d65dd4bc\"><span>Cr\u00e9ditos de las fotos<\/span><\/h2>\n\n<p id=\"block-8aeb0658-a7a8-4f27-a0a0-180ee33918f2\"><strong>Shutterstock &#8211;  ECO-INNOV<\/strong><\/p>\n\n<div style=\"height:50px\" aria-hidden=\"true\" class=\"wp-block-spacer\"><\/div>\n\n<h2 class=\"wp-block-heading\" id=\"block-e88b0562-22af-4a45-a755-8ae138c605f6\"><span>Derechos de autor y propiedad intelectual<\/span><\/h2>\n\n<p>Las marcas, logotipos y, en general, todos los elementos de propiedad intelectual son propiedad de su autor, est\u00e1n registrados y protegidos como tales por la empresa ECO-INNOV. Cualquier uso o reproducci\u00f3n est\u00e1 prohibido. Adem\u00e1s, la informaci\u00f3n contenida en este sitio debe utilizarse con fines estrictamente personales. Queda prohibido cualquier uso, reproducci\u00f3n, copia o distribuci\u00f3n con fines comerciales.   <\/p>\n\n<div style=\"height:50px\" aria-hidden=\"true\" class=\"wp-block-spacer\"><\/div>\n","protected":false},"excerpt":{"rendered":"<p>Propietario SAS ECO-INNOV523 rue de la B\u00e9ali\u00e8re, 38360 Noyarey (FRANCIA)Tel: +33 (0) 438 70 00 27USt-IdNr. FR 49 393 304 134SIREN: 451859409SIRET (sede social): 45185940900026Actividad (c\u00f3digo NAF o APE): 4690ZForma jur\u00eddica: Sociedad por acciones simplificadaFecha de registro: RCS 03-02-2004 Director de publicaci\u00f3n Sr. Jean-Charles GIROUD Concepci\u00f3n, dise\u00f1o y desarrollo del sitio web B17 Agencia de [&hellip;]<\/p>\n","protected":false},"author":1,"featured_media":0,"parent":0,"menu_order":86,"comment_status":"closed","ping_status":"closed","template":"page-rgpd.php","meta":{"_acf_changed":false,"inline_featured_image":false,"footnotes":""},"class_list":["post-4553","page","type-page","status-publish","hentry"],"acf":[],"_links":{"self":[{"href":"https:\/\/www.eco-innov.com\/es\/wp-json\/wp\/v2\/pages\/4553","targetHints":{"allow":["GET"]}}],"collection":[{"href":"https:\/\/www.eco-innov.com\/es\/wp-json\/wp\/v2\/pages"}],"about":[{"href":"https:\/\/www.eco-innov.com\/es\/wp-json\/wp\/v2\/types\/page"}],"author":[{"embeddable":true,"href":"https:\/\/www.eco-innov.com\/es\/wp-json\/wp\/v2\/users\/1"}],"replies":[{"embeddable":true,"href":"https:\/\/www.eco-innov.com\/es\/wp-json\/wp\/v2\/comments?post=4553"}],"version-history":[{"count":3,"href":"https:\/\/www.eco-innov.com\/es\/wp-json\/wp\/v2\/pages\/4553\/revisions"}],"predecessor-version":[{"id":9388,"href":"https:\/\/www.eco-innov.com\/es\/wp-json\/wp\/v2\/pages\/4553\/revisions\/9388"}],"wp:attachment":[{"href":"https:\/\/www.eco-innov.com\/es\/wp-json\/wp\/v2\/media?parent=4553"}],"curies":[{"name":"wp","href":"https:\/\/api.w.org\/{rel}","templated":true}]}}