{"id":4493,"date":"2025-09-11T12:37:26","date_gmt":"2025-09-11T10:37:26","guid":{"rendered":"https:\/\/www.eco-innov.com\/?page_id=4493"},"modified":"2026-04-24T11:06:20","modified_gmt":"2026-04-24T09:06:20","slug":"historia","status":"publish","type":"page","link":"https:\/\/www.eco-innov.com\/es\/historia\/","title":{"rendered":"\u00bfQui\u00e9nes somos?"},"content":{"rendered":"<\/div>\n<div id=\"block-hero-block_77b84820f840d43474996b57bb322adb\" class=\"container-fluid header_page_part px-0  block-hero\">\n    <div class=\"cover\" style=\"background:url(https:\/\/www.eco-innov.com\/wp-content\/uploads\/banniere_EI.webp) no-repeat center \/ cover\"><img decoding=\"async\" src=\"https:\/\/www.eco-innov.com\/wp-content\/uploads\/banniere_EI.webp\" alt=\"https:\/\/www.eco-innov.com\/wp-content\/uploads\/banniere_EI.webp\" class=\"img-fluid d-none\"><\/div>    <div class=\"container\">\n        <div class=\"row\">\n            <div class=\"col-12 col-md-12 col-lg-11 col-xl-9 col-xxl-8\">\n                <nav aria-label=\"breadcrumbs\" class=\"rank-math-breadcrumb\"><p><span class=\"last\">Inicio<\/span><\/p><\/nav>                                    <h1 class=\"with_line with_line_lg\">\u00bfQui\u00e9nes somos?<\/h1>\n                                \n                <p>Desde 2004, ECO-INNOV ayuda a las autoridades locales, las empresas y los instaladores a reducir el consumo de energ\u00eda en iluminaci\u00f3n, mejorando al mismo tiempo la seguridad de los usuarios.<\/p>\n<p>Dise\u00f1amos y comercializamos soluciones de balizamiento luminoso LED alimentadas por energ\u00eda solar y de muy baja tensi\u00f3n, dise\u00f1adas para responder a los retos actuales de eficiencia energ\u00e9tica, sostenibilidad y respeto al medio ambiente.<\/p>\n<p>Nuestros productos se distinguen por su bajo consumo de energ\u00eda, lo que supone un ahorro real en costes de operaci\u00f3n.<\/p>\n<p>Los beneficios son dobles:<\/p>\n<ul>\n<li><strong>Respetuoso con el medio ambiente<\/strong>, gracias a la reducci\u00f3n del consumo el\u00e9ctrico y de la contaminaci\u00f3n lum\u00ednica,<\/li>\n<li><strong>Est\u00e9ticamente agradable<\/strong>, con una amplia gama de colores, intensidades y efectos luminosos.<\/li>\n<\/ul>\n<p>Cada proyecto se beneficia de una iluminaci\u00f3n <strong>\u00fatil, discreta y perfectamente integrada en su medio ambiente<\/strong>.<\/p>\n\n\n                                    <div class=\"anchors\">\n                                                                                                                                                                                                        <\/div>\n                            <\/div>\n        <\/div>\n\n\n    <\/div>\n<\/div>\n<div class=\"container\">\n\n\n\n\n\n\n<h2 class=\"wp-block-heading\"><span><strong>Apoyo a medida<\/strong><\/span><\/h2>\n\n\n\n<p>En estrecha colaboraci\u00f3n con departamentos de estudios t\u00e9cnicos, arquitectos y entidades adjudicadoras, seleccionamos las soluciones y opciones t\u00e9cnicas m\u00e1s adecuadas para cada proyecto. Estamos con usted en cada paso del camino.<\/p>\n\n\n\n<div class=\"wp-block-buttons is-layout-flex wp-block-buttons-is-layout-flex\">\n<div class=\"wp-block-button\"><a class=\"wp-block-button__link wp-element-button\" href=\"https:\/\/www.eco-innov.com\/es\/a-medida\/\">Descubra nuestra oferta a medida<\/a><\/div>\n<\/div>\n\n\n\n<div class=\"wp-block-group alignwide is-layout-grid wp-container-core-group-is-layout-280da422 wp-block-group-is-layout-grid\" style=\"margin-top:var(--wp--preset--spacing--m);margin-bottom:var(--wp--preset--spacing--m)\">\n<div class=\"wp-block-group has-global-padding is-layout-constrained wp-block-group-is-layout-constrained\">\n<figure class=\"wp-block-image aligncenter size-full is-resized\"><img decoding=\"async\" width=\"257\" height=\"280\" src=\"https:\/\/www.eco-innov.com\/wp-content\/uploads\/eco-innov-picto-conseil.png\" alt=\"\" class=\"wp-image-6042\" style=\"object-fit:contain;width:64px;height:64px\"\/><\/figure>\n\n\n\n<p class=\"has-text-align-center\">Asesoramiento sobre disposici\u00f3n, integraci\u00f3n e instalaci\u00f3n de<br><\/p>\n<\/div>\n\n\n\n<div class=\"wp-block-group has-global-padding is-layout-constrained wp-block-group-is-layout-constrained\">\n<figure class=\"wp-block-image aligncenter size-full is-resized\"><img decoding=\"async\" width=\"169\" height=\"203\" src=\"https:\/\/www.eco-innov.com\/wp-content\/uploads\/2choix2.webp\" alt=\"\" class=\"wp-image-8537\" style=\"object-fit:contain;width:64px;height:64px\"\/><\/figure>\n\n\n\n<p class=\"has-text-align-center\">Elecci\u00f3n de las configuraciones de iluminaci\u00f3n (intensidad, colorimetr\u00eda, efectos, funcionamiento)<\/p>\n<\/div>\n\n\n\n<div class=\"wp-block-group has-global-padding is-layout-constrained wp-block-group-is-layout-constrained\">\n<figure class=\"wp-block-image aligncenter size-full is-resized\"><img decoding=\"async\" width=\"228\" height=\"233\" src=\"https:\/\/www.eco-innov.com\/wp-content\/uploads\/eco-innov-picto-adaptation.png\" alt=\"\" class=\"wp-image-6034\" style=\"object-fit:contain;width:64px;height:64px\"\/><\/figure>\n\n\n\n<p class=\"has-text-align-center\">Adaptaci\u00f3n de los productos<br>a las limitaciones espec\u00edficas del emplazamiento<\/p>\n<\/div>\n\n\n\n<div class=\"wp-block-group has-global-padding is-layout-constrained wp-block-group-is-layout-constrained\">\n<figure class=\"wp-block-image aligncenter size-full is-resized\"><img decoding=\"async\" width=\"408\" height=\"297\" src=\"https:\/\/www.eco-innov.com\/wp-content\/uploads\/eco-innov-picto-suivi.png\" alt=\"\" class=\"wp-image-6046\" style=\"object-fit:contain;width:64px;height:64px\" srcset=\"https:\/\/www.eco-innov.com\/wp-content\/uploads\/eco-innov-picto-suivi.png 408w, https:\/\/www.eco-innov.com\/wp-content\/uploads\/eco-innov-picto-suivi-330x240.png 330w, https:\/\/www.eco-innov.com\/wp-content\/uploads\/eco-innov-picto-suivi-400x291.png 400w, https:\/\/www.eco-innov.com\/wp-content\/uploads\/eco-innov-picto-suivi-365x266.png 365w\" sizes=\"(max-width: 408px) 100vw, 408px\" \/><\/figure>\n\n\n\n<p class=\"has-text-align-center\">Seguimiento de las instalaciones, gracias a nuestra red de agentes comerciales locales<\/p>\n<\/div>\n<\/div>\n\n\n\n<div style=\"height:50px\" aria-hidden=\"true\" class=\"wp-block-spacer\"><\/div>\n\n\n\n<\/div>\n<div id=\"block-hero-block_bd4a26bb13b0813a42c674e1f3ff3bf6\" class=\"container-fluid txt_media_part  block-hero\">\n    <div class=\"row\">\n        <div class=\"col-12 col-lg-6 col-xl-6 px-0 media order-1 order-lg-1\">\n            <img decoding=\"async\" src=\"https:\/\/www.eco-innov.com\/wp-content\/uploads\/innovations-techniques.webp\" alt=\"\" class=\"img-fluid\">        <\/div>\n        <div class=\"col-12 col-lg-6 col-xl-6 col-xxl-5 px-xl-5 pt-5 pt-lg-0 txt order-2 order-lg-2 d-flex align-items-center\">\n            <div class=\"txt_part\">\n            <div class=\"content\"><h2>Innovaci\u00f3n tecnol\u00f3gica y sostenibilidad<\/h2>\n<p>Las soluciones ECO-INNOV incorporan una serie de innovaciones tecnol\u00f3gicas en las \u00e1reas de :<\/p>\n<ul>\n<li>fotovoltaico,<\/li>\n<li>electr\u00f3nico,<\/li>\n<li>almacenamiento de energ\u00eda,<\/li>\n<li>\u00f3ptica,<\/li>\n<li>e ingenier\u00eda mec\u00e1nica.<\/li>\n<\/ul>\n<p>Estas innovaciones garantizan :<\/p>\n<ul>\n<li>alto rendimiento (potencia luminosa, autonom\u00eda),<\/li>\n<li>Mayor durabilidad (robustez, mantenimiento limitado),<\/li>\n<li>gran adaptabilidad, gracias a las opciones de personalizaci\u00f3n.<\/li>\n<\/ul>\n<\/div>            <\/div>\n        <\/div>\n    <\/div>\n\n<\/div>\n\n<div class=\"container\">\n\n\n<div style=\"height:50px\" aria-hidden=\"true\" class=\"wp-block-spacer\"><\/div>\n\n\n\n<\/div>\n<div id=\"block-hero-block_1c668fa8a9411a652365bec558c8f7d1\" class=\"container-fluid txt_media_part  block-hero\">\n    <div class=\"row\">\n        <div class=\"col-12 col-lg-6 col-xl-6 px-0 media order-1 order-lg-2\">\n            <img decoding=\"async\" src=\"https:\/\/www.eco-innov.com\/wp-content\/uploads\/69_ECO-84ECO-STONE_99_Oullins_Balisage_Place_publique_Square_\u00a9Kaory_Studio_Gilles_Di_Nallo-23.webp\" alt=\"\" class=\"img-fluid\">        <\/div>\n        <div class=\"col-12 col-lg-6 col-xl-6 col-xxl-5 px-xl-5 pt-5 pt-lg-0 txt order-2 order-lg-1 offset-xxl-1 d-flex align-items-center\">\n            <div class=\"txt_part\">\n            <div class=\"content\"><h2>Tecnolog\u00eda LED, una elecci\u00f3n responsable<\/h2>\n<p>Utilizamos tecnolog\u00eda LED, conocida por sus notables propiedades:<\/p>\n<ul>\n<li>consumo de energ\u00eda muy bajo,<\/li>\n<li>excelente eficacia luminosa,<\/li>\n<li>alta fiabilidad,<\/li>\n<li>larga vida \u00fatil.<\/li>\n<\/ul>\n<p>Combina seguridad, rendimiento y respeto al medio ambiente, incluso en entornos exigentes. Reduzca sus costes de energ\u00eda, instalaci\u00f3n y mantenimiento a largo plazo, al tiempo que mejora los espacios para que sean m\u00e1s seguros, duraderos y est\u00e9n mejor iluminados.<\/p>\n<\/div><p class=\"link_part mt-5\"><a href=\"https:\/\/www.eco-innov.com\/es\/carta-ecologica\/\" class=\"btn bg-accent btn-sm \" target=\"\">Descubra nuestros compromisos<\/a><\/p>            <\/div>\n        <\/div>\n    <\/div>\n\n<\/div>\n\n<div class=\"container\">\n\n\n<div style=\"height:50px\" aria-hidden=\"true\" class=\"wp-block-spacer\"><\/div>\n","protected":false},"excerpt":{"rendered":"<p>Apoyo a medida En estrecha colaboraci\u00f3n con departamentos de estudios t\u00e9cnicos, arquitectos y entidades adjudicadoras, seleccionamos las soluciones y opciones t\u00e9cnicas m\u00e1s adecuadas para cada proyecto. Estamos con usted en cada paso del camino. Asesoramiento sobre disposici\u00f3n, integraci\u00f3n e instalaci\u00f3n de Elecci\u00f3n de las configuraciones de iluminaci\u00f3n (intensidad, colorimetr\u00eda, efectos, funcionamiento) Adaptaci\u00f3n de los productosa [&hellip;]<\/p>\n","protected":false},"author":1,"featured_media":0,"parent":0,"menu_order":74,"comment_status":"closed","ping_status":"closed","template":"","meta":{"_acf_changed":false,"inline_featured_image":false,"footnotes":""},"class_list":["post-4493","page","type-page","status-publish","hentry"],"acf":[],"_links":{"self":[{"href":"https:\/\/www.eco-innov.com\/es\/wp-json\/wp\/v2\/pages\/4493","targetHints":{"allow":["GET"]}}],"collection":[{"href":"https:\/\/www.eco-innov.com\/es\/wp-json\/wp\/v2\/pages"}],"about":[{"href":"https:\/\/www.eco-innov.com\/es\/wp-json\/wp\/v2\/types\/page"}],"author":[{"embeddable":true,"href":"https:\/\/www.eco-innov.com\/es\/wp-json\/wp\/v2\/users\/1"}],"replies":[{"embeddable":true,"href":"https:\/\/www.eco-innov.com\/es\/wp-json\/wp\/v2\/comments?post=4493"}],"version-history":[{"count":6,"href":"https:\/\/www.eco-innov.com\/es\/wp-json\/wp\/v2\/pages\/4493\/revisions"}],"predecessor-version":[{"id":9868,"href":"https:\/\/www.eco-innov.com\/es\/wp-json\/wp\/v2\/pages\/4493\/revisions\/9868"}],"wp:attachment":[{"href":"https:\/\/www.eco-innov.com\/es\/wp-json\/wp\/v2\/media?parent=4493"}],"curies":[{"name":"wp","href":"https:\/\/api.w.org\/{rel}","templated":true}]}}