{"id":4559,"date":"2021-10-08T16:29:01","date_gmt":"2021-10-08T14:29:01","guid":{"rendered":"https:\/\/www.eco-innov.com\/?page_id=4559"},"modified":"2026-04-20T10:36:45","modified_gmt":"2026-04-20T08:36:45","slug":"data-protection-policy","status":"publish","type":"page","link":"https:\/\/www.eco-innov.com\/en\/data-protection-policy\/","title":{"rendered":"Data protection policy"},"content":{"rendered":"\n<h2 class=\"wp-block-heading\"><span>Purpose and scope of the Policy<\/span><\/h2>\n\n<p>ECO-INNOV, a subsidiary of the GROUPE RAGNI, attaches the utmost importance and care to the protection of privacy and personal data, as well as to compliance with the provisions of applicable legislation.<\/p>\n\n<p>Regulation (EU) 2016\/679 of April 27, 2016 on the protection of individuals with regard to the processing of personal data and on the free movement of such data (hereinafter &#8220;RGPD&#8221;) affirms that personal data must be processed lawfully, fairly and transparently. Accordingly, this data protection policy (hereinafter the &#8220;Policy&#8221;) aims to provide you with simple, clear information on the processing of personal data concerning you, particularly in the context of your browsing and operations carried out on our website. <\/p>\n\n<div style=\"height:50px\" aria-hidden=\"true\" class=\"wp-block-spacer\"><\/div>\n\n<h2 class=\"wp-block-heading\"><span>The person responsible for processing your personal data<\/span><\/h2>\n\n<p>The person responsible for processing your personal data, within the meaning of the applicable regulations on the protection of personal data and in particular the RGPD is ECO-INNOV Soci\u00e9t\u00e9 par Actions Simplifi\u00e9e with capital of 30,000 euros, whose registered office is located at 523 rue de la B\u00e9ali\u00e8re, 38360 Noyarey.<\/p>\n\n<p>You can find all the information about ECO-INNOV on our <a href=\"https:\/\/www.eco-innov.com\/en\/mentions-legales\/\">legal<\/a> page.<\/p>\n\n<div style=\"height:50px\" aria-hidden=\"true\" class=\"wp-block-spacer\"><\/div>\n\n<h2 class=\"wp-block-heading\"><span>Why do we collect your personal data?<\/span><\/h2>\n\n<p>This Policy applies to the collection and processing of your personal data, for specific purposes and on different legal grounds.<\/p>\n\n<p>In the context of contract performance or pre-contractual measures, your data is processed for the following purposes:<\/p>\n\n<ul class=\"wp-block-list\">\n<li>Quotation management ;<\/li>\n\n\n\n<li>Order management, purchasing ;<\/li>\n\n\n\n<li>Management of contracts with customers\/suppliers ;<\/li>\n\n\n\n<li>Claims and after-sales service management.<\/li>\n<\/ul>\n\n<p>On the basis of your consent, your data will be processed for the following purposes:<\/p>\n\n<ul class=\"wp-block-list\">\n<li>Management of cookies requiring your consent (cookies used for audience analysis).<\/li>\n<\/ul>\n\n<p>In the context of ECO-INNOV&#8217;s legitimate interests, your data is processed for the following purposes:<\/p>\n\n<ul class=\"wp-block-list\">\n<li>Managing requests for information ;<\/li>\n\n\n\n<li>Communications management ;<\/li>\n\n\n\n<li>Prospect\/customer relationship management ;<\/li>\n\n\n\n<li>Commercial event management ;<\/li>\n\n\n\n<li>Management of the proper functioning and continuous improvement of the site (through technical cookies);<\/li>\n\n\n\n<li>Pre-litigation and litigation management.<\/li>\n<\/ul>\n\n<p>Within the framework of the legal and regulatory obligations to which ECO-INNOV is subject, your data are processed for the following purposes:<\/p>\n\n<ul class=\"wp-block-list\">\n<li>General and subsidiary accounting ;<\/li>\n\n\n\n<li>Manage your personal data rights.<\/li>\n<\/ul>\n\n<div style=\"height:50px\" aria-hidden=\"true\" class=\"wp-block-spacer\"><\/div>\n\n<h2 class=\"wp-block-heading\"><span>The personal data we collect about you<\/span><\/h2>\n\n<p>Personal data is processed in compliance with the principle of minimization imposed by the RGPD. The nature and quality of personal data processed varies according to the relationship you have with ECO-INNOV, the main ones of which are: <\/p>\n\n<ul class=\"wp-block-list\">\n<li><strong>Identification data:<\/strong> this includes any information that would enable us to identify you, such as your surname, first name and telephone number. We may also collect your e-mail address, as well as your postal address (in the event of payment, the postal address will be required to generate an invoice). <\/li>\n\n\n\n<li><strong>Financial data:<\/strong> this corresponds to bank details such as a bank details form.<\/li>\n\n\n\n<li><strong>Browsing information: <\/strong>when you browse our website, you interact with it. As a result, certain information relating to your browsing is collected. <\/li>\n\n\n\n<li>Data collected from our network of sales agents\/distributors: our network of agents\/distributors is responsible for sales prospecting and day-to-day relationship management. In the course of their work, these agents may collect some of your personal data, such as your contact details (surname, first name, e-mail address, telephone number), as well as information relating to your needs or commercial interests. This information is then transmitted to ECO-INNOV to ensure the continuity of the commercial relationship and the follow-up of your requests.  <\/li>\n<\/ul>\n\n<div style=\"height:50px\" aria-hidden=\"true\" class=\"wp-block-spacer\"><\/div>\n\n<h2 class=\"wp-block-heading\"><span>Recipients of your personal data<\/span><\/h2>\n\n<p>Your data will be used by authorized ECO-INNOV employees in charge of managing and executing contracts and legal obligations, depending on the purpose of the data collection and within the limits of their respective responsibilities.<\/p>\n\n<p>It may be transmitted to the following recipients for certain tasks related to the purposes, and within the limits of their respective missions and authorizations:<\/p>\n\n<ul class=\"wp-block-list\">\n<li>Entities of the GROUPE RAGNI in the context of outsourcing an activity to another entity of the group (in particular the sending of communications);<\/li>\n\n\n\n<li>Our network of sales agents\/distributors ;<\/li>\n\n\n\n<li>Service providers we use to carry out a set of operations and tasks on our behalf:<br\/>Order transport management<br\/>Website audience analysis<br\/>Data hosting<br\/>Sales prospecting<br\/>After-sales service management<\/li>\n\n\n\n<li>Duly authorized public authorities (judicial, supervisory, etc.), as part of our legal and regulatory obligations;<\/li>\n\n\n\n<li>Regulated professions (lawyers, bailiffs, etc.) who may be involved in the implementation of guarantees, collection or litigation;<\/li>\n<\/ul>\n\n<p>When your data is communicated to our service providers, we also ask them not to use the data for purposes other than those originally intended. We make every effort to ensure that these third parties maintain the confidentiality and security of your data. <\/p>\n\n<p>In all cases, only the necessary data is provided. We make every effort to ensure secure communication and transmission of your data. <\/p>\n\n<p>We do not sell your Data.<\/p>\n\n<div style=\"height:50px\" aria-hidden=\"true\" class=\"wp-block-spacer\"><\/div>\n\n<h2 class=\"wp-block-heading\"><span>Transferring your data to third countries<\/span><\/h2>\n\n<p>ECO-INNOV endeavors to store personal data in France, or at least within the European Economic Area (EEA).<\/p>\n\n<p>However, it is possible that the data we collect when you use our site or our services may be transferred to other countries. This is the case, for example, if some of our service providers are located outside the European Economic Area. <\/p>\n\n<p>In the event of a Transfer of this type, we guarantee that it will be carried out :<\/p>\n\n<ul class=\"wp-block-list\">\n<li>To a country offering an adequate level of protection, i.e. a level of protection equivalent to that required by European regulations;<\/li>\n\n\n\n<li>Within the framework of standard contractual clauses ;<\/li>\n\n\n\n<li>Within the framework of internal company rules.<\/li>\n<\/ul>\n\n<p>If you would like more information about these transfers, please send your request to the address given in the &#8221; <strong>Your contacts<\/strong> &#8221; section.<\/p>\n\n<div style=\"height:50px\" aria-hidden=\"true\" class=\"wp-block-spacer\"><\/div>\n\n<h2 class=\"wp-block-heading\"><span>Technical and organizational measures to protect your data<\/span><\/h2>\n\n<p>ECO-INNOV is committed to protecting the personal data we collect or process from loss, destruction, alteration, unauthorized access or disclosure.<\/p>\n\n<p>Accordingly, we implement all appropriate technical and organizational measures, depending on the nature of the data and the risks involved in processing it. These measures must make it possible to preserve the security and confidentiality of your personal data. They may include practices such as restricted access to personal data by persons authorized by virtue of their functions, pseudonymization or encryption.  <\/p>\n\n<p>In addition, our practices and policies and\/or physical and\/or logical security measures (secure access, authentication procedure, back-up copy, software, etc.) are regularly checked and updated if necessary.<\/p>\n\n<div style=\"height:50px\" aria-hidden=\"true\" class=\"wp-block-spacer\"><\/div>\n\n<h2 class=\"wp-block-heading\"><span>How long we keep your personal data<\/span><\/h2>\n\n<p>Your personal data is kept at least for the duration of the processing operations linked to our contractual relationship. Beyond this period, these periods are increased to take into account the rules of legal prescription and legal and regulatory obligations of conservation.<br\/>For prospects, the maximum possible retention period of data collected is 3 years, from the last contact between ECO-INNOV and the prospect, unless you ask to delete your data. <\/p>\n\n<p>For unsuccessful candidates, your data (in particular CV and related information) may be kept for a maximum of 2 years from the last contact, unless you object.<\/p>\n\n<p>When you exercise your rights, our Data Protection Officer processes your personal data for the purposes of managing your request (title, surname, first name, copy of ID, nature of request, response). This data is kept for a period of 5 years, with the exception of the copy of your identity document &#8211; if this is required &#8211; which is kept only for the time needed to carry out checks or comply with a legal obligation.<br\/>More detailed rules on retention periods are available on a case-by-case basis on request under the right of access (see section &#8221; <strong>Your rights regarding your personal data<\/strong> &#8220;).  <\/p>\n\n<div style=\"height:50px\" aria-hidden=\"true\" class=\"wp-block-spacer\"><\/div>\n\n<h2 class=\"wp-block-heading\"><span>Your rights regarding your personal data<\/span><\/h2>\n\n<p>You may exercise your rights at any time by contacting ECO-INNOV at the address given in the paragraph entitled &#8220;Your Contacts&#8221;.<\/p>\n\n<ul class=\"wp-block-list\">\n<li><strong>Right to object:<\/strong> you may request that your personal data no longer be processed, except where the legal basis for processing is a regulatory obligation or the performance of a contract.<\/li>\n\n\n\n<li><strong>Right to withdraw your consent:<\/strong> for all processing operations requiring your consent, you have the right to withdraw it at a later date.<\/li>\n\n\n\n<li><strong>Right of access to your personal data and to the processing:<\/strong> you may ask ECO-INNOV for access to your personal data and for further information about the processing carried out.<\/li>\n\n\n\n<li><strong>Right of rectification: <\/strong>you may exercise your right of rectification if your personal data is inaccurate or incomplete.<\/li>\n\n\n\n<li><strong>Right of deletion:<\/strong> you may request the deletion of your personal data at any time. However, such deletion is only possible if the purpose for which the data was collected has been fulfilled, and if the regulatory retention periods allow it. <\/li>\n\n\n\n<li><strong>Right to restrict processing: <\/strong>you may request the restriction of the processing of your personal data, if you wish to suspend ongoing processing in order to preserve the integrity of this data for a given period until further notice.<\/li>\n\n\n\n<li><strong>Right to data portability: <\/strong>you can request a copy of the personal data you have previously provided in a structured format, and have it forwarded to the person of your choice. The data will then be transmitted by the data controller to this person in a digital format. <\/li>\n\n\n\n<li><strong>Right to define the post-mortem fate of your data: <\/strong>you can specify instructions regarding the retention, deletion or communication of your data after your death.<\/li>\n<\/ul>\n\n<p>If you are not satisfied with the response you receive, or if no response is forthcoming, you can submit your complaint to the CNIL in accordance with the procedures set out on their <a href=\"https:\/\/www.cnil.fr\/\" target=\"_blank\" rel=\"noopener\">website<\/a>.<\/p>\n\n<div style=\"height:50px\" aria-hidden=\"true\" class=\"wp-block-spacer\"><\/div>\n\n<h2 class=\"wp-block-heading\"><span>Your contacts<\/span><\/h2>\n\n<p>To exercise your rights or for any further information or complaint, you can contact ECO-INNOV&#8217;s Data Protection Officer (DPO). To do so, simply send us an e-mail to <a href=\"mailto:dpo@eco-innov.com\">dpo@eco-innov.com.<\/a> <\/p>\n\n<p>When you send us a request to exercise a right, we ask you to specify as precisely as possible the scope of the request, the type of right exercised, the personal data processing concerned, and any other useful information, in order to facilitate the examination of your request. In case of reasonable doubt, you may also be asked to provide proof of your identity. <\/p>\n\n<p>Exercising your rights is a strictly personal matter and concerns only the applicant on his or her own behalf, or a legal guardian on behalf of a minor or a protected adult such as a person under curatorship or legal guardianship. It cannot be applied for another family member or someone living under the applicant&#8217;s roof without proof of a legal mandate entrusted to the applicant by the person concerned, or relevant documentary evidence. <\/p>\n\n<div style=\"height:50px\" aria-hidden=\"true\" class=\"wp-block-spacer\"><\/div>\n\n<h2 class=\"wp-block-heading\"><span>Modification of this Policy<\/span><\/h2>\n\n<p>ECO-INNOV may modify this Privacy Policy from time to time. We will ensure that you are informed of any substantial changes (for example, by a special notice on our website). <\/p>\n\n<p><strong>Update date : April 2026<\/strong><\/p>\n\n<div style=\"height:50px\" aria-hidden=\"true\" class=\"wp-block-spacer\"><\/div>\n","protected":false},"excerpt":{"rendered":"<p>Purpose and scope of the Policy ECO-INNOV, a subsidiary of the GROUPE RAGNI, attaches the utmost importance and care to the protection of privacy and personal data, as well as to compliance with the provisions of applicable legislation. Regulation (EU) 2016\/679 of April 27, 2016 on the protection of individuals with regard to the processing [&hellip;]<\/p>\n","protected":false},"author":1,"featured_media":0,"parent":0,"menu_order":94,"comment_status":"closed","ping_status":"open","template":"page-rgpd.php","meta":{"_acf_changed":false,"inline_featured_image":false,"footnotes":""},"class_list":["post-4559","page","type-page","status-publish","hentry"],"acf":[],"_links":{"self":[{"href":"https:\/\/www.eco-innov.com\/en\/wp-json\/wp\/v2\/pages\/4559","targetHints":{"allow":["GET"]}}],"collection":[{"href":"https:\/\/www.eco-innov.com\/en\/wp-json\/wp\/v2\/pages"}],"about":[{"href":"https:\/\/www.eco-innov.com\/en\/wp-json\/wp\/v2\/types\/page"}],"author":[{"embeddable":true,"href":"https:\/\/www.eco-innov.com\/en\/wp-json\/wp\/v2\/users\/1"}],"replies":[{"embeddable":true,"href":"https:\/\/www.eco-innov.com\/en\/wp-json\/wp\/v2\/comments?post=4559"}],"version-history":[{"count":3,"href":"https:\/\/www.eco-innov.com\/en\/wp-json\/wp\/v2\/pages\/4559\/revisions"}],"predecessor-version":[{"id":9097,"href":"https:\/\/www.eco-innov.com\/en\/wp-json\/wp\/v2\/pages\/4559\/revisions\/9097"}],"wp:attachment":[{"href":"https:\/\/www.eco-innov.com\/en\/wp-json\/wp\/v2\/media?parent=4559"}],"curies":[{"name":"wp","href":"https:\/\/api.w.org\/{rel}","templated":true}]}}