{"id":9206,"date":"2026-03-25T14:33:28","date_gmt":"2026-03-25T13:33:28","guid":{"rendered":"https:\/\/www.eco-innov.com\/produit\/eco-160-x\/"},"modified":"2026-04-27T09:49:58","modified_gmt":"2026-04-27T07:49:58","slug":"eco-160-x","status":"publish","type":"product","link":"https:\/\/www.eco-innov.com\/de\/produkt\/eco-160-x\/","title":{"rendered":"ECO-160 X"},"content":{"rendered":"\n<p><strong>Solar rostfreier Stahl mit GPS<\/strong><\/p>\n\n<p>Der ECO-160 X ist aus rostfreiem Stahl gefertigt und verf\u00fcgt \u00fcber eine integrierte GPS-Synchronisation. Er bietet eine pr\u00e4zise, homogene und v\u00f6llig autonome Solar Lichtmarkierung. Er wurde f\u00fcr Umgebungen mit starken mechanischen Belastungen entwickelt und verbindet den Schutz des Photovoltaik Moduls mit einem geringen \u00dcberstand und einfacher Wartung f\u00fcr eine dauerhafte Verwertung. <\/p>\n","protected":false},"featured_media":8716,"template":"","meta":{"_acf_changed":false,"inline_featured_image":false},"pdt-application":[699,701,680,697,698,669,670],"product_category":[672,673],"pdt-tags":[],"intelligence":[668,675],"type-installation":[674],"zone_geographique":[548,552],"class_list":["post-9206","product","type-product","status-publish","has-post-thumbnail","hentry","pdt-application-kreisverkehr","pdt-application-parkplatz","pdt-application-umweltfreundliche-umgebung","pdt-application-strase-schnellstrase","pdt-application-fusgangeruberweg","pdt-application-radweg","pdt-application-steg-fussgaengerbruecke","product_category-solar","product_category-eingebauter-solar-klemmblock","intelligence-uhr","intelligence-synchro","type-installation-eingebaut","zone_geographique-france","zone_geographique-monde"],"acf":[],"_links":{"self":[{"href":"https:\/\/www.eco-innov.com\/de\/wp-json\/wp\/v2\/product\/9206","targetHints":{"allow":["GET"]}}],"collection":[{"href":"https:\/\/www.eco-innov.com\/de\/wp-json\/wp\/v2\/product"}],"about":[{"href":"https:\/\/www.eco-innov.com\/de\/wp-json\/wp\/v2\/types\/product"}],"wp:featuredmedia":[{"embeddable":true,"href":"https:\/\/www.eco-innov.com\/de\/wp-json\/wp\/v2\/media\/8716"}],"wp:attachment":[{"href":"https:\/\/www.eco-innov.com\/de\/wp-json\/wp\/v2\/media?parent=9206"}],"wp:term":[{"taxonomy":"pdt-application","embeddable":true,"href":"https:\/\/www.eco-innov.com\/de\/wp-json\/wp\/v2\/pdt-application?post=9206"},{"taxonomy":"product_category","embeddable":true,"href":"https:\/\/www.eco-innov.com\/de\/wp-json\/wp\/v2\/product_category?post=9206"},{"taxonomy":"pdt-tags","embeddable":true,"href":"https:\/\/www.eco-innov.com\/de\/wp-json\/wp\/v2\/pdt-tags?post=9206"},{"taxonomy":"intelligence","embeddable":true,"href":"https:\/\/www.eco-innov.com\/de\/wp-json\/wp\/v2\/intelligence?post=9206"},{"taxonomy":"type-installation","embeddable":true,"href":"https:\/\/www.eco-innov.com\/de\/wp-json\/wp\/v2\/type-installation?post=9206"},{"taxonomy":"zone_geographique","embeddable":true,"href":"https:\/\/www.eco-innov.com\/de\/wp-json\/wp\/v2\/zone_geographique?post=9206"}],"curies":[{"name":"wp","href":"https:\/\/api.w.org\/{rel}","templated":true}]}}