{"id":9205,"date":"2026-03-25T14:33:28","date_gmt":"2026-03-25T13:33:28","guid":{"rendered":"https:\/\/www.eco-innov.com\/produit\/eco-143\/"},"modified":"2026-04-23T10:15:18","modified_gmt":"2026-04-23T08:15:18","slug":"eco-143","status":"publish","type":"product","link":"https:\/\/www.eco-innov.com\/de\/produkt\/eco-143\/","title":{"rendered":"ECO-143"},"content":{"rendered":"\n<p><strong>Eingebauter Solar-Pool f\u00fcr Architektur und Stadtplanung<\/strong><\/p>\n\n<p>Mit seinem vom Stra\u00dfenrand inspirierten Design f\u00fcgt sich der ECO-143 auf nat\u00fcrliche Weise in die Landschaftsgestaltung und Architektur ein. Als freistehende Einbauleuchte strahlt sie ein effizientes Streiflicht aus und hat dabei einen geringen \u00dcberstand, der f\u00fcr Fu\u00dfg\u00e4nger und Zweir\u00e4der geeignet ist. Der direkte Zugang \u00fcber die Abdeckung erm\u00f6glicht eine schnelle Wartung und eine dauerhafte Verwertung.  <\/p>\n","protected":false},"featured_media":8708,"template":"","meta":{"_acf_changed":true,"inline_featured_image":false},"pdt-application":[680,669,670,671,676],"product_category":[672,673],"pdt-tags":[],"intelligence":[668,675],"type-installation":[674],"zone_geographique":[548,552],"class_list":["post-9205","product","type-product","status-publish","has-post-thumbnail","hentry","pdt-application-umweltfreundliche-umgebung","pdt-application-radweg","pdt-application-steg-fussgaengerbruecke","pdt-application-fusgangerweg","pdt-application-park-offentlicher-platz","product_category-solar","product_category-eingebauter-solar-klemmblock","intelligence-uhr","intelligence-synchro","type-installation-eingebaut","zone_geographique-france","zone_geographique-monde"],"acf":[],"_links":{"self":[{"href":"https:\/\/www.eco-innov.com\/de\/wp-json\/wp\/v2\/product\/9205","targetHints":{"allow":["GET"]}}],"collection":[{"href":"https:\/\/www.eco-innov.com\/de\/wp-json\/wp\/v2\/product"}],"about":[{"href":"https:\/\/www.eco-innov.com\/de\/wp-json\/wp\/v2\/types\/product"}],"wp:featuredmedia":[{"embeddable":true,"href":"https:\/\/www.eco-innov.com\/de\/wp-json\/wp\/v2\/media\/8708"}],"wp:attachment":[{"href":"https:\/\/www.eco-innov.com\/de\/wp-json\/wp\/v2\/media?parent=9205"}],"wp:term":[{"taxonomy":"pdt-application","embeddable":true,"href":"https:\/\/www.eco-innov.com\/de\/wp-json\/wp\/v2\/pdt-application?post=9205"},{"taxonomy":"product_category","embeddable":true,"href":"https:\/\/www.eco-innov.com\/de\/wp-json\/wp\/v2\/product_category?post=9205"},{"taxonomy":"pdt-tags","embeddable":true,"href":"https:\/\/www.eco-innov.com\/de\/wp-json\/wp\/v2\/pdt-tags?post=9205"},{"taxonomy":"intelligence","embeddable":true,"href":"https:\/\/www.eco-innov.com\/de\/wp-json\/wp\/v2\/intelligence?post=9205"},{"taxonomy":"type-installation","embeddable":true,"href":"https:\/\/www.eco-innov.com\/de\/wp-json\/wp\/v2\/type-installation?post=9205"},{"taxonomy":"zone_geographique","embeddable":true,"href":"https:\/\/www.eco-innov.com\/de\/wp-json\/wp\/v2\/zone_geographique?post=9205"}],"curies":[{"name":"wp","href":"https:\/\/api.w.org\/{rel}","templated":true}]}}