{"id":9201,"date":"2026-03-25T14:33:28","date_gmt":"2026-03-25T13:33:28","guid":{"rendered":"https:\/\/www.eco-innov.com\/produit\/eco-160-a\/"},"modified":"2026-04-23T10:34:27","modified_gmt":"2026-04-23T08:34:27","slug":"eco-160-a","status":"publish","type":"product","link":"https:\/\/www.eco-innov.com\/de\/produkt\/eco-160-a\/","title":{"rendered":"ECO-160 A"},"content":{"rendered":"\n<p><strong>Solar Aluminium mit GPS<\/strong><\/p>\n\n<p>Der ECO-160 A ist mit der neuesten Generation der GPS-Technologie ausgestattet und synchronisiert automatisch das Blinken der Gruppen an einem Standort f\u00fcr eine perfekt koordinierte Lichtmarkierung. Seine Aluminiumstruktur, die durch zwei Schutzb\u00fcgel f\u00fcr das Solar Modul verst\u00e4rkt wird, wurde f\u00fcr den anspruchsvollen Verkehr entwickelt. Der geringe \u00dcberstand und der einfache Zugang gew\u00e4hrleisten eine sichere Installation und schnelle Wartung.  <\/p>\n","protected":false},"featured_media":8712,"template":"","meta":{"_acf_changed":true,"inline_featured_image":false},"pdt-application":[699,701,680,697,698,669],"product_category":[672,673],"pdt-tags":[],"intelligence":[668,675],"type-installation":[674],"zone_geographique":[548,552],"class_list":["post-9201","product","type-product","status-publish","has-post-thumbnail","hentry","pdt-application-kreisverkehr","pdt-application-parkplatz","pdt-application-umweltfreundliche-umgebung","pdt-application-strase-schnellstrase","pdt-application-fusgangeruberweg","pdt-application-radweg","product_category-solar","product_category-eingebauter-solar-klemmblock","intelligence-uhr","intelligence-synchro","type-installation-eingebaut","zone_geographique-france","zone_geographique-monde"],"acf":[],"_links":{"self":[{"href":"https:\/\/www.eco-innov.com\/de\/wp-json\/wp\/v2\/product\/9201","targetHints":{"allow":["GET"]}}],"collection":[{"href":"https:\/\/www.eco-innov.com\/de\/wp-json\/wp\/v2\/product"}],"about":[{"href":"https:\/\/www.eco-innov.com\/de\/wp-json\/wp\/v2\/types\/product"}],"wp:featuredmedia":[{"embeddable":true,"href":"https:\/\/www.eco-innov.com\/de\/wp-json\/wp\/v2\/media\/8712"}],"wp:attachment":[{"href":"https:\/\/www.eco-innov.com\/de\/wp-json\/wp\/v2\/media?parent=9201"}],"wp:term":[{"taxonomy":"pdt-application","embeddable":true,"href":"https:\/\/www.eco-innov.com\/de\/wp-json\/wp\/v2\/pdt-application?post=9201"},{"taxonomy":"product_category","embeddable":true,"href":"https:\/\/www.eco-innov.com\/de\/wp-json\/wp\/v2\/product_category?post=9201"},{"taxonomy":"pdt-tags","embeddable":true,"href":"https:\/\/www.eco-innov.com\/de\/wp-json\/wp\/v2\/pdt-tags?post=9201"},{"taxonomy":"intelligence","embeddable":true,"href":"https:\/\/www.eco-innov.com\/de\/wp-json\/wp\/v2\/intelligence?post=9201"},{"taxonomy":"type-installation","embeddable":true,"href":"https:\/\/www.eco-innov.com\/de\/wp-json\/wp\/v2\/type-installation?post=9201"},{"taxonomy":"zone_geographique","embeddable":true,"href":"https:\/\/www.eco-innov.com\/de\/wp-json\/wp\/v2\/zone_geographique?post=9201"}],"curies":[{"name":"wp","href":"https:\/\/api.w.org\/{rel}","templated":true}]}}