{"id":9196,"date":"2026-03-25T14:33:28","date_gmt":"2026-03-25T13:33:28","guid":{"rendered":"https:\/\/www.eco-innov.com\/produit\/eco-545\/"},"modified":"2026-04-27T09:46:52","modified_gmt":"2026-04-27T07:46:52","slug":"eco-545","status":"publish","type":"product","link":"https:\/\/www.eco-innov.com\/de\/produkt\/eco-545\/","title":{"rendered":"ECO-545"},"content":{"rendered":"\n<p><strong>Solar-Feuer Flughafen \/ EASA<\/strong><\/p>\n\n<p>Die ECO-545 ist eine autonome Solar Lichtmarkierung, die bei Tag und Nacht wirksam ist. Die 45 gut sichtbaren LEDs, ein zentraler Reflektor und ein auf Sicherheit abgestimmter Blitzrhythmus sorgen daf\u00fcr, dass die Informationen sofort sichtbar sind. Die schnelle Befestigung an einem Standardpfosten erm\u00f6glicht eine einfache und zuverl\u00e4ssige Installation an allen Standorten.  <\/p>\n","protected":false},"featured_media":8732,"template":"","meta":{"_acf_changed":false,"inline_featured_image":false},"pdt-application":[706,701,680,697],"product_category":[672,726],"pdt-tags":[],"intelligence":[709],"type-installation":[708],"zone_geographique":[548,552],"class_list":["post-9196","product","type-product","status-publish","has-post-thumbnail","hentry","pdt-application-strassenverengung","pdt-application-parkplatz","pdt-application-umweltfreundliche-umgebung","pdt-application-strase-schnellstrase","product_category-solar","product_category-solar-feuer","intelligence-ohne","type-installation-hors-sol","zone_geographique-france","zone_geographique-monde"],"acf":[],"_links":{"self":[{"href":"https:\/\/www.eco-innov.com\/de\/wp-json\/wp\/v2\/product\/9196","targetHints":{"allow":["GET"]}}],"collection":[{"href":"https:\/\/www.eco-innov.com\/de\/wp-json\/wp\/v2\/product"}],"about":[{"href":"https:\/\/www.eco-innov.com\/de\/wp-json\/wp\/v2\/types\/product"}],"wp:featuredmedia":[{"embeddable":true,"href":"https:\/\/www.eco-innov.com\/de\/wp-json\/wp\/v2\/media\/8732"}],"wp:attachment":[{"href":"https:\/\/www.eco-innov.com\/de\/wp-json\/wp\/v2\/media?parent=9196"}],"wp:term":[{"taxonomy":"pdt-application","embeddable":true,"href":"https:\/\/www.eco-innov.com\/de\/wp-json\/wp\/v2\/pdt-application?post=9196"},{"taxonomy":"product_category","embeddable":true,"href":"https:\/\/www.eco-innov.com\/de\/wp-json\/wp\/v2\/product_category?post=9196"},{"taxonomy":"pdt-tags","embeddable":true,"href":"https:\/\/www.eco-innov.com\/de\/wp-json\/wp\/v2\/pdt-tags?post=9196"},{"taxonomy":"intelligence","embeddable":true,"href":"https:\/\/www.eco-innov.com\/de\/wp-json\/wp\/v2\/intelligence?post=9196"},{"taxonomy":"type-installation","embeddable":true,"href":"https:\/\/www.eco-innov.com\/de\/wp-json\/wp\/v2\/type-installation?post=9196"},{"taxonomy":"zone_geographique","embeddable":true,"href":"https:\/\/www.eco-innov.com\/de\/wp-json\/wp\/v2\/zone_geographique?post=9196"}],"curies":[{"name":"wp","href":"https:\/\/api.w.org\/{rel}","templated":true}]}}