{"id":9194,"date":"2026-03-25T14:33:28","date_gmt":"2026-03-25T13:33:28","guid":{"rendered":"https:\/\/www.eco-innov.com\/produit\/eco-mar\/"},"modified":"2026-04-23T09:23:49","modified_gmt":"2026-04-23T07:23:49","slug":"eco-mar","status":"publish","type":"product","link":"https:\/\/www.eco-innov.com\/de\/produkt\/eco-mar\/","title":{"rendered":"ECO-MAR"},"content":{"rendered":"\n<p><strong>Dekorative Solar LED Lichtmarkierung ECO-MAR<\/strong><\/p>\n\n<p>Die Solar Lichtmarkierung ECO-MAR ist eine dekorative Lichtmarkierung mit einer 360\u00b0 Beleuchtung, die durch eine Fresnel-Linse verst\u00e4rkt wird und so f\u00fcr eine brillante Wiedergabe sorgt. Sie ist v\u00f6llig autonom und wasserdicht dank ihres Polycarbonatgeh\u00e4uses. Sie l\u00e4sst sich leicht auf jedem Untergrund befestigen und funktioniert ohne Energieverbrauch. Die langlebigen Akkus sorgen f\u00fcr eine jahrelange, st\u00f6rungsfreie Verwertung.  <\/p>\n","protected":false},"featured_media":8792,"template":"","meta":{"_acf_changed":true,"inline_featured_image":false},"pdt-application":[680,671,676],"product_category":[672,727],"pdt-tags":[],"intelligence":[],"type-installation":[708],"zone_geographique":[548,552],"class_list":["post-9194","product","type-product","status-publish","has-post-thumbnail","hentry","pdt-application-umweltfreundliche-umgebung","pdt-application-fusgangerweg","pdt-application-park-offentlicher-platz","product_category-solar","product_category-solar-lichtmarkierung-fur-den-ausenbereich","type-installation-hors-sol","zone_geographique-france","zone_geographique-monde"],"acf":[],"_links":{"self":[{"href":"https:\/\/www.eco-innov.com\/de\/wp-json\/wp\/v2\/product\/9194","targetHints":{"allow":["GET"]}}],"collection":[{"href":"https:\/\/www.eco-innov.com\/de\/wp-json\/wp\/v2\/product"}],"about":[{"href":"https:\/\/www.eco-innov.com\/de\/wp-json\/wp\/v2\/types\/product"}],"wp:featuredmedia":[{"embeddable":true,"href":"https:\/\/www.eco-innov.com\/de\/wp-json\/wp\/v2\/media\/8792"}],"wp:attachment":[{"href":"https:\/\/www.eco-innov.com\/de\/wp-json\/wp\/v2\/media?parent=9194"}],"wp:term":[{"taxonomy":"pdt-application","embeddable":true,"href":"https:\/\/www.eco-innov.com\/de\/wp-json\/wp\/v2\/pdt-application?post=9194"},{"taxonomy":"product_category","embeddable":true,"href":"https:\/\/www.eco-innov.com\/de\/wp-json\/wp\/v2\/product_category?post=9194"},{"taxonomy":"pdt-tags","embeddable":true,"href":"https:\/\/www.eco-innov.com\/de\/wp-json\/wp\/v2\/pdt-tags?post=9194"},{"taxonomy":"intelligence","embeddable":true,"href":"https:\/\/www.eco-innov.com\/de\/wp-json\/wp\/v2\/intelligence?post=9194"},{"taxonomy":"type-installation","embeddable":true,"href":"https:\/\/www.eco-innov.com\/de\/wp-json\/wp\/v2\/type-installation?post=9194"},{"taxonomy":"zone_geographique","embeddable":true,"href":"https:\/\/www.eco-innov.com\/de\/wp-json\/wp\/v2\/zone_geographique?post=9194"}],"curies":[{"name":"wp","href":"https:\/\/api.w.org\/{rel}","templated":true}]}}