{"id":9190,"date":"2026-03-25T14:33:28","date_gmt":"2026-03-25T13:33:28","guid":{"rendered":"https:\/\/www.eco-innov.com\/produit\/eco-sol-50\/"},"modified":"2026-04-23T09:31:39","modified_gmt":"2026-04-23T07:31:39","slug":"eco-sol-50","status":"publish","type":"product","link":"https:\/\/www.eco-innov.com\/de\/produkt\/eco-sol-50\/","title":{"rendered":"ECO-SOL 50"},"content":{"rendered":"\n<p><strong>Solar Ring aus rostfreiem Stahl<\/strong><\/p>\n\n<p>Die ECO-SOL 50 Solar-Blumenstr\u00e4u\u00dfe verwandeln Au\u00dfenbereiche in lebendige und farbenfrohe Lichtkompositionen. Sie sind zu 100 % autonom und speichern tags\u00fcber Solar-Energie, die bei Einbruch der Dunkelheit automatisch zum Leben erweckt wird. Die Struktur aus rostfreiem Stahl ist langlebig und widerstandsf\u00e4hig und sorgt f\u00fcr eine \u00e4sthetische Verbesserung von Parks, G\u00e4rten und Vorpl\u00e4tzen ohne Anschluss an das Stromnetz.  <\/p>\n","protected":false},"featured_media":8796,"template":"","meta":{"_acf_changed":true,"inline_featured_image":false},"pdt-application":[676],"product_category":[672,727],"pdt-tags":[],"intelligence":[709],"type-installation":[708],"zone_geographique":[548,552],"class_list":["post-9190","product","type-product","status-publish","has-post-thumbnail","hentry","pdt-application-park-offentlicher-platz","product_category-solar","product_category-solar-lichtmarkierung-fur-den-ausenbereich","intelligence-ohne","type-installation-hors-sol","zone_geographique-france","zone_geographique-monde"],"acf":[],"_links":{"self":[{"href":"https:\/\/www.eco-innov.com\/de\/wp-json\/wp\/v2\/product\/9190","targetHints":{"allow":["GET"]}}],"collection":[{"href":"https:\/\/www.eco-innov.com\/de\/wp-json\/wp\/v2\/product"}],"about":[{"href":"https:\/\/www.eco-innov.com\/de\/wp-json\/wp\/v2\/types\/product"}],"wp:featuredmedia":[{"embeddable":true,"href":"https:\/\/www.eco-innov.com\/de\/wp-json\/wp\/v2\/media\/8796"}],"wp:attachment":[{"href":"https:\/\/www.eco-innov.com\/de\/wp-json\/wp\/v2\/media?parent=9190"}],"wp:term":[{"taxonomy":"pdt-application","embeddable":true,"href":"https:\/\/www.eco-innov.com\/de\/wp-json\/wp\/v2\/pdt-application?post=9190"},{"taxonomy":"product_category","embeddable":true,"href":"https:\/\/www.eco-innov.com\/de\/wp-json\/wp\/v2\/product_category?post=9190"},{"taxonomy":"pdt-tags","embeddable":true,"href":"https:\/\/www.eco-innov.com\/de\/wp-json\/wp\/v2\/pdt-tags?post=9190"},{"taxonomy":"intelligence","embeddable":true,"href":"https:\/\/www.eco-innov.com\/de\/wp-json\/wp\/v2\/intelligence?post=9190"},{"taxonomy":"type-installation","embeddable":true,"href":"https:\/\/www.eco-innov.com\/de\/wp-json\/wp\/v2\/type-installation?post=9190"},{"taxonomy":"zone_geographique","embeddable":true,"href":"https:\/\/www.eco-innov.com\/de\/wp-json\/wp\/v2\/zone_geographique?post=9190"}],"curies":[{"name":"wp","href":"https:\/\/api.w.org\/{rel}","templated":true}]}}