{"id":9152,"date":"2026-04-09T11:25:43","date_gmt":"2026-04-09T09:25:43","guid":{"rendered":"https:\/\/www.eco-innov.com\/produit\/mc-500\/"},"modified":"2026-04-27T09:56:07","modified_gmt":"2026-04-27T07:56:07","slug":"mc-500","status":"publish","type":"product","link":"https:\/\/www.eco-innov.com\/de\/produkt\/mc-500\/","title":{"rendered":"MC-500"},"content":{"rendered":"\n<p><strong>LED-Treiber f\u00fcr verdrahtete Pads mit sehr niedriger Spannung<\/strong><\/p>\n\n<p>Der MC-500 ist das Herzst\u00fcck der Steuerung f\u00fcr Ihre eingebetteten LED-Lichtmarkierungen mit sehr niedriger Spannung und erm\u00f6glicht es Ihnen, eine vollst\u00e4ndig parametrierbare und erweiterbare Lichtmarkierung zu erstellen. Seine fortschrittliche Automatisierung, die Synchronisation der Ger\u00e4te und die Fernverwaltung erm\u00f6glichen eine pr\u00e4zise und dynamische Steuerung der Beschilderung. Dank der zahlreichen Anschl\u00fcsse und Kommunikationsprotokolle l\u00e4sst sich das System problemlos in bestehende Ger\u00e4te wie Radarger\u00e4te, Poller oder Ampeln integrieren. Das IP65-Geh\u00e4use bietet einen zuverl\u00e4ssigen Schutz f\u00fcr eine dauerhafte Verwertung im Feld.   <\/p>\n","protected":false},"featured_media":8816,"template":"","meta":{"_acf_changed":false,"inline_featured_image":false},"pdt-application":[],"product_category":[678],"pdt-tags":[],"intelligence":[],"type-installation":[],"zone_geographique":[548],"class_list":["post-9152","product","type-product","status-publish","has-post-thumbnail","hentry","product_category-steuerung","zone_geographique-france"],"acf":[],"_links":{"self":[{"href":"https:\/\/www.eco-innov.com\/de\/wp-json\/wp\/v2\/product\/9152","targetHints":{"allow":["GET"]}}],"collection":[{"href":"https:\/\/www.eco-innov.com\/de\/wp-json\/wp\/v2\/product"}],"about":[{"href":"https:\/\/www.eco-innov.com\/de\/wp-json\/wp\/v2\/types\/product"}],"wp:featuredmedia":[{"embeddable":true,"href":"https:\/\/www.eco-innov.com\/de\/wp-json\/wp\/v2\/media\/8816"}],"wp:attachment":[{"href":"https:\/\/www.eco-innov.com\/de\/wp-json\/wp\/v2\/media?parent=9152"}],"wp:term":[{"taxonomy":"pdt-application","embeddable":true,"href":"https:\/\/www.eco-innov.com\/de\/wp-json\/wp\/v2\/pdt-application?post=9152"},{"taxonomy":"product_category","embeddable":true,"href":"https:\/\/www.eco-innov.com\/de\/wp-json\/wp\/v2\/product_category?post=9152"},{"taxonomy":"pdt-tags","embeddable":true,"href":"https:\/\/www.eco-innov.com\/de\/wp-json\/wp\/v2\/pdt-tags?post=9152"},{"taxonomy":"intelligence","embeddable":true,"href":"https:\/\/www.eco-innov.com\/de\/wp-json\/wp\/v2\/intelligence?post=9152"},{"taxonomy":"type-installation","embeddable":true,"href":"https:\/\/www.eco-innov.com\/de\/wp-json\/wp\/v2\/type-installation?post=9152"},{"taxonomy":"zone_geographique","embeddable":true,"href":"https:\/\/www.eco-innov.com\/de\/wp-json\/wp\/v2\/zone_geographique?post=9152"}],"curies":[{"name":"wp","href":"https:\/\/api.w.org\/{rel}","templated":true}]}}