{"id":9151,"date":"2026-04-09T11:25:43","date_gmt":"2026-04-09T09:25:43","guid":{"rendered":"https:\/\/www.eco-innov.com\/produit\/mc-529\/"},"modified":"2026-04-27T09:59:07","modified_gmt":"2026-04-27T07:59:07","slug":"mc-529","status":"publish","type":"product","link":"https:\/\/www.eco-innov.com\/de\/produkt\/mc-529\/","title":{"rendered":"MC-529"},"content":{"rendered":"\n<p><strong>Smart City LED Mikrocontroller<\/strong><\/p>\n\n<p>Der MC-529 Controller wurde f\u00fcr eine intelligente und vernetzte Lichtmarkierung entwickelt und erm\u00f6glicht eine ma\u00dfgeschneiderte Konfiguration der LED-Lichtmarkierungen, die mit sehr niedriger Spannung verdrahtet sind. Automatisierte Steuerung, Synchronisation von Lichtszenarien und Ferngesteuert sorgen f\u00fcr eine optimierte Lichtsignalisierung. Er ist kompatibel mit Feldger\u00e4ten (Radar, Poller, Ampeln) und unterst\u00fctzt eine Vielzahl von Kommunikationsprotokollen f\u00fcr eine einfache Integration. Die Schutzart IP68 und das integrierte Niederspannungsnetzteil machen ihn zu einer kompletten, robusten und sofort einsatzbereiten L\u00f6sung.   <\/p>\n","protected":false},"featured_media":8820,"template":"","meta":{"_acf_changed":false,"inline_featured_image":false},"pdt-application":[],"product_category":[678],"pdt-tags":[],"intelligence":[],"type-installation":[],"zone_geographique":[548],"class_list":["post-9151","product","type-product","status-publish","has-post-thumbnail","hentry","product_category-steuerung","zone_geographique-france"],"acf":[],"_links":{"self":[{"href":"https:\/\/www.eco-innov.com\/de\/wp-json\/wp\/v2\/product\/9151","targetHints":{"allow":["GET"]}}],"collection":[{"href":"https:\/\/www.eco-innov.com\/de\/wp-json\/wp\/v2\/product"}],"about":[{"href":"https:\/\/www.eco-innov.com\/de\/wp-json\/wp\/v2\/types\/product"}],"wp:featuredmedia":[{"embeddable":true,"href":"https:\/\/www.eco-innov.com\/de\/wp-json\/wp\/v2\/media\/8820"}],"wp:attachment":[{"href":"https:\/\/www.eco-innov.com\/de\/wp-json\/wp\/v2\/media?parent=9151"}],"wp:term":[{"taxonomy":"pdt-application","embeddable":true,"href":"https:\/\/www.eco-innov.com\/de\/wp-json\/wp\/v2\/pdt-application?post=9151"},{"taxonomy":"product_category","embeddable":true,"href":"https:\/\/www.eco-innov.com\/de\/wp-json\/wp\/v2\/product_category?post=9151"},{"taxonomy":"pdt-tags","embeddable":true,"href":"https:\/\/www.eco-innov.com\/de\/wp-json\/wp\/v2\/pdt-tags?post=9151"},{"taxonomy":"intelligence","embeddable":true,"href":"https:\/\/www.eco-innov.com\/de\/wp-json\/wp\/v2\/intelligence?post=9151"},{"taxonomy":"type-installation","embeddable":true,"href":"https:\/\/www.eco-innov.com\/de\/wp-json\/wp\/v2\/type-installation?post=9151"},{"taxonomy":"zone_geographique","embeddable":true,"href":"https:\/\/www.eco-innov.com\/de\/wp-json\/wp\/v2\/zone_geographique?post=9151"}],"curies":[{"name":"wp","href":"https:\/\/api.w.org\/{rel}","templated":true}]}}