{"id":9396,"date":"2026-03-06T11:40:35","date_gmt":"2026-03-06T10:40:35","guid":{"rendered":"https:\/\/www.eco-innov.com\/unser-know-how\/"},"modified":"2026-04-24T11:40:47","modified_gmt":"2026-04-24T09:40:47","slug":"unser-know-how","status":"publish","type":"page","link":"https:\/\/www.eco-innov.com\/de\/unser-know-how\/","title":{"rendered":"Unser Know-How"},"content":{"rendered":"<\/div>\n<div id=\"block-hero-block_cf04d6ea1b9a2ec1ae250291b29d8fed\" class=\"container-fluid header_page_part px-0  block-hero\">\n        <div class=\"container\">\n        <div class=\"row\">\n            <div class=\"col-12 col-md-12 col-lg-11 col-xl-9 col-xxl-8\">\n                <nav aria-label=\"breadcrumbs\" class=\"rank-math-breadcrumb\"><p><span class=\"last\">Startseite<\/span><\/p><\/nav>                                    <h1 class=\"with_line with_line_lg\">Technologien f\u00fcr Lichtmarkierung<\/h1>\n                                \n                \n\n                            <\/div>\n        <\/div>\n\n\n    <\/div>\n<\/div>\n<div class=\"container\">\n\n\n\n\n\n\n<\/div>\n<div id=\"block-hero-block_12df44a81d2f539139cf12cee2a07f5a\" class=\"container-fluid txt_media_part  block-hero\">\n    <div class=\"row\">\n        <div class=\"col-12 col-lg-6 col-xl-6 px-0 media order-1 order-lg-1\">\n            <img decoding=\"async\" src=\"https:\/\/www.eco-innov.com\/wp-content\/uploads\/77_ECO-848_Claye-Souilly_Balisage_Passage_pieton_giratoire-7.webp\" alt=\"\" class=\"img-fluid\">        <\/div>\n        <div class=\"col-12 col-lg-6 col-xl-6 col-xxl-5 px-xl-5 pt-5 pt-lg-0 txt order-2 order-lg-2 d-flex align-items-center\">\n            <div class=\"txt_part\">\n            <div class=\"content\"><h3>LED-Technologie f\u00fcr Lichtmarkierung<\/h3>\n<p>Eine lichtemittierende Diode oder LED (Light-Emitting Diode) ist ein optoelektronisches Bauteil, das Licht emittieren kann, wenn es von einem elektrischen Strom durchtrennt wird.<\/p>\n<p>Heute ist die LED-Technologie aufgrund ihrer hohen Energieeffizienz, Zuverl\u00e4ssigkeit und Langlebigkeit eine feste Gr\u00f6\u00dfe im Bereich der Beleuchtung und Lichtmarkierung.<\/p>\n<p>Die meisten ECO-INNOV L\u00f6sungen f\u00fcr Lichtmarkierung (ausgenommen reflektierenden Vorrichtungen) beinhalten LED-Technologien, die je nach den verschiedenen Verwendungsm\u00f6glichkeiten optimiert sind:<\/p>\n<ul>\n<li>Lichtleistung,<\/li>\n<li>Farbmetrik,<\/li>\n<li>Energieverbrauch.<\/li>\n<\/ul>\n<p>Wir arbeiten mit international anerkannten LED-Herstellern zusammen, deren Komponenten aufgrund ihrer optischen Leistung und Langzeitstabilit\u00e4t ausgew\u00e4hlt werden.<\/p>\n<p>&nbsp;<\/p>\n<\/div>            <\/div>\n        <\/div>\n    <\/div>\n\n<\/div>\n\n<div class=\"container\">\n\n\n<div style=\"height:50px\" aria-hidden=\"true\" class=\"wp-block-spacer\"><\/div>\n\n\n\n<h2 class=\"wp-block-heading\"><span><strong>Die wichtigsten Vorteile der LED-Technologie<\/strong><\/span><\/h2>\n\n\n\n<div style=\"height:30px\" aria-hidden=\"true\" class=\"wp-block-spacer\"><\/div>\n\n\n\n<ul class=\"wp-block-list\">\n<li>Sehr geringer Stromverbrauch durch hervorragende Lichtleistung<\/li>\n<\/ul>\n\n\n\n<p><\/p>\n\n\n\n<ul class=\"wp-block-list\">\n<li>Lange Lebensdauer (bis zu 50.000 Stunden und mehr), mit einem progressiven Ende der Lebensdauer<\/li>\n<\/ul>\n\n\n\n<p><\/p>\n\n\n\n<ul class=\"wp-block-list\">\n<li>H\u00f6here Sicherheit durch Betrieb mit sehr niedriger Spannung<\/li>\n<\/ul>\n\n\n\n<p><\/p>\n\n\n\n<ul class=\"wp-block-list\">\n<li>Geringe W\u00e4rmeemissionen im Vergleich zu Standardtechnologien<\/li>\n<\/ul>\n\n\n\n<p><\/p>\n\n\n\n<ul class=\"wp-block-list\">\n<li>Keine UV-Emissionen<\/li>\n<\/ul>\n\n\n\n<p><\/p>\n\n\n\n<ul class=\"wp-block-list\">\n<li>Keine Emission von nieder- oder mittelfrequenter Strahlung im Gegensatz zu Leuchtstofflampen<\/li>\n<\/ul>\n\n\n\n<p><\/p>\n\n\n\n<ul class=\"wp-block-list\">\n<li>Gro\u00dfe Vielfalt an Farben, fest oder dynamisch, durch Kombination oder Steuerung der LEDs<\/li>\n<\/ul>\n\n\n\n<p><\/p>\n\n\n\n<ul class=\"wp-block-list\">\n<li>Gro\u00dfe Auswahl an Farbtemperaturen :<\/li>\n<\/ul>\n\n\n\n<div class=\"wp-block-group has-global-padding is-layout-constrained wp-block-group-is-layout-constrained\">\n<p style=\"margin-right:150px;margin-left:150px\">&gt;  2.300 bis 3.200 K: Warmwei\u00df<br>&gt; 3.500 bis 4.500 K: Leichtes Warmwei\u00df<br>&gt; 5.000 bis 6.000 K: Elfenbeinwei\u00df<br>&gt; 6.500 K und mehr: Kaltwei\u00df<\/p>\n<\/div>\n\n\n\n<div style=\"height:50px\" aria-hidden=\"true\" class=\"wp-block-spacer\"><\/div>\n\n\n\n<\/div>\n<div id=\"block-hero-block_ad3c8a8357dcc3ef825e28b55e2afb38\" class=\"container-fluid txt_media_part  block-hero\">\n    <div class=\"row\">\n        <div class=\"col-12 col-lg-6 col-xl-6 px-0 media order-1 order-lg-1\">\n            <img decoding=\"async\" src=\"https:\/\/www.eco-innov.com\/wp-content\/uploads\/cellule_photovoltaiques.webp\" alt=\"\" class=\"img-fluid\">        <\/div>\n        <div class=\"col-12 col-lg-6 col-xl-6 col-xxl-5 px-xl-5 pt-5 pt-lg-0 txt order-2 order-lg-2 d-flex align-items-center\">\n            <div class=\"txt_part\">\n            <div class=\"content\"><h2>Photovoltaik-Zellen f\u00fcr energieeffiziente LED-Lichtmarkierung<\/h2>\n<p>Eine Photovoltaik-Zelle ist ein elektronisches Bauteil, das Licht (Photonen) durch den photovoltaischen Effekt in Elektrizit\u00e4t umwandelt. Die erzeugte Spannung h\u00e4ngt von der empfangenen Lichtintensit\u00e4t ab und wird als Gleichstrom geliefert.<\/p>\n<p>Die meisten Photovoltaik-Zellen werden aus Halbleitern hergestellt, vor allem aus Silizium, aber auch aus anderen Materialien wie :<\/p>\n<ul>\n<li>Kupferindiumselenid (CIS \/ CIGS),<\/li>\n<li>Cadmiumtellurid (CdTe).<\/li>\n<\/ul>\n<p>Sie werden zu Modulen oder Solar-Paneelen zusammengebaut, je nachdem, welche Leistung die Anwendung erfordert.<\/p>\n<\/div>            <\/div>\n        <\/div>\n    <\/div>\n\n<\/div>\n\n<div class=\"container\">\n\n\n<div style=\"height:50px\" aria-hidden=\"true\" class=\"wp-block-spacer\"><\/div>\n\n\n\n<\/div>\n<div id=\"block-hero-block_d51dcd5532e8834bb60b60ff26b8adfe\" class=\"container-fluid txt_media_part  block-hero\">\n    <div class=\"row\">\n        <div class=\"col-12 col-lg-6 col-xl-6 px-0 media order-1 order-lg-2\">\n            <img decoding=\"async\" src=\"https:\/\/www.eco-innov.com\/wp-content\/uploads\/06_ECO-MAR_Nice_coulee_verte_Balisage_Promenade_pietonne-28.webp\" alt=\"\" class=\"img-fluid\">        <\/div>\n        <div class=\"col-12 col-lg-6 col-xl-6 col-xxl-5 px-xl-5 pt-5 pt-lg-0 txt order-2 order-lg-1 offset-xxl-1 d-flex align-items-center\">\n            <div class=\"txt_part\">\n            <div class=\"content\"><h2>Photovoltaik-Zellen aus monokristallinem Silizium<\/h2>\n<p>Das geschmolzene Silizium wird kontrolliert abgek\u00fchlt, um einen einzigen gro\u00dfen Kristall zu bilden. Dieser Kristall wird dann in d\u00fcnne Grabenaush\u00fcbe geschnitten, die die Photovoltaik-Zellen bilden, die an ihrer einheitlichen blauen F\u00e4rbung zu erkennen sind. <\/p>\n<p>Vorteile :<\/p>\n<ul>\n<li>Gute Energieeffizienz, in der Regel zwischen 14 % und 16 %.<\/li>\n<li>Hervorragendes Leistungs-\/Fl\u00e4chenverh\u00e4ltnis (ca. 150 Wp\/m\u00b2), das eine kompakte Integration erm\u00f6glicht<\/li>\n<li>Zuverl\u00e4ssigkeit und Langzeitstabilit\u00e4t, ideal f\u00fcr autonome Lichtmarkierungen<\/li>\n<\/ul>\n<\/div>            <\/div>\n        <\/div>\n    <\/div>\n\n<\/div>\n\n<div class=\"container\">\n\n\n<div style=\"height:50px\" aria-hidden=\"true\" class=\"wp-block-spacer\"><\/div>\n","protected":false},"excerpt":{"rendered":"<p>Die wichtigsten Vorteile der LED-Technologie &gt; 2.300 bis 3.200 K: Warmwei\u00df&gt; 3.500 bis 4.500 K: Leichtes Warmwei\u00df&gt; 5.000 bis 6.000 K: Elfenbeinwei\u00df&gt; 6.500 K und mehr: Kaltwei\u00df<\/p>\n","protected":false},"author":1,"featured_media":0,"parent":0,"menu_order":62,"comment_status":"closed","ping_status":"closed","template":"","meta":{"_acf_changed":false,"inline_featured_image":false,"footnotes":""},"class_list":["post-9396","page","type-page","status-publish","hentry"],"acf":[],"_links":{"self":[{"href":"https:\/\/www.eco-innov.com\/de\/wp-json\/wp\/v2\/pages\/9396","targetHints":{"allow":["GET"]}}],"collection":[{"href":"https:\/\/www.eco-innov.com\/de\/wp-json\/wp\/v2\/pages"}],"about":[{"href":"https:\/\/www.eco-innov.com\/de\/wp-json\/wp\/v2\/types\/page"}],"author":[{"embeddable":true,"href":"https:\/\/www.eco-innov.com\/de\/wp-json\/wp\/v2\/users\/1"}],"replies":[{"embeddable":true,"href":"https:\/\/www.eco-innov.com\/de\/wp-json\/wp\/v2\/comments?post=9396"}],"version-history":[{"count":2,"href":"https:\/\/www.eco-innov.com\/de\/wp-json\/wp\/v2\/pages\/9396\/revisions"}],"predecessor-version":[{"id":9878,"href":"https:\/\/www.eco-innov.com\/de\/wp-json\/wp\/v2\/pages\/9396\/revisions\/9878"}],"wp:attachment":[{"href":"https:\/\/www.eco-innov.com\/de\/wp-json\/wp\/v2\/media?parent=9396"}],"curies":[{"name":"wp","href":"https:\/\/api.w.org\/{rel}","templated":true}]}}