{"id":9358,"date":"2026-01-21T11:33:30","date_gmt":"2026-01-21T10:33:30","guid":{"rendered":"https:\/\/www.eco-innov.com\/faq\/"},"modified":"2026-04-27T08:33:29","modified_gmt":"2026-04-27T06:33:29","slug":"faq","status":"publish","type":"page","link":"https:\/\/www.eco-innov.com\/de\/faq\/","title":{"rendered":"Fragen und Antworten"},"content":{"rendered":"<\/div>\n<div id=\"block-hero-block_294b111e1abc8d156cffabb38fbed7bd\" class=\"container-fluid header_page_part px-0  block-hero\">\n        <div class=\"container\">\n        <div class=\"row\">\n            <div class=\"col-12 col-md-12 col-lg-11 col-xl-9 col-xxl-8\">\n                <nav aria-label=\"breadcrumbs\" class=\"rank-math-breadcrumb\"><p><span class=\"last\">Startseite<\/span><\/p><\/nav>                                    <h1 class=\"with_line with_line_lg\">Fragen und Antworten<\/h1>\n                                \n                <p>Haben Sie Fragen zu Solar Lichtmarkierung, LED-Technologie oder energieeffizienten Lichtsignalisierungsl\u00f6sungen, die ECO-INNOV anbietet?<\/p>\n<p>Diese FAQs sollen die am h\u00e4ufigsten gestellten Fragen zu unseren Produkten, deren Verwendung und unserem Fachwissen beantworten.<\/p>\n\n\n                            <\/div>\n        <\/div>\n\n\n    <\/div>\n<\/div>\n<div class=\"container\">\n\n\n\n\n\n\n<div class=\"wp-block-group has-global-padding is-layout-constrained wp-block-group-is-layout-constrained\" style=\"padding-top:var(--wp--preset--spacing--xl);padding-bottom:var(--wp--preset--spacing--xl)\">\n<div itemscope itemtype=\"https:\/\/schema.org\/FAQPage\" data-wp-context=\"{ &quot;autoclose&quot;: true, &quot;accordionItems&quot;: [] }\" data-wp-interactive=\"core\/accordion\" role=\"group\" class=\"wp-block-accordion is-layout-flow wp-block-accordion-is-layout-flow\">\n<div itemprop=\"mainEntity\" itemscope itemtype=\"https:\/\/schema.org\/Question\" data-wp-class--is-open=\"state.isOpen\" data-wp-context=\"{ &quot;id&quot;: &quot;accordion-item-1&quot;, &quot;openByDefault&quot;: true }\" data-wp-init=\"callbacks.initAccordionItems\" data-wp-on-window--hashchange=\"callbacks.hashChange\" class=\"wp-block-accordion-item is-open is-layout-flow wp-block-accordion-item-is-layout-flow\">\n<h3 class=\"wp-block-accordion-heading\"><button aria-expanded=\"true\" aria-controls=\"accordion-item-1-panel\" data-wp-bind--aria-expanded=\"state.isOpen\" data-wp-on--click=\"actions.toggle\" data-wp-on--keydown=\"actions.handleKeyDown\" id=\"accordion-item-1\" type=\"button\" class=\"wp-block-accordion-heading__toggle\"><span itemprop=\"name\" class=\"wp-block-accordion-heading__toggle-title\"><strong>Funktionieren Solar-L\u00f6sungen das ganze Jahr \u00fcber, auch im Winter?<\/strong><\/span><span class=\"wp-block-accordion-heading__toggle-icon\" aria-hidden=\"true\">+<\/span><\/button><\/h3>\n\n\n\n<div itemprop=\"acceptedAnswer\" itemscope itemtype=\"https:\/\/schema.org\/Answer\" aria-labelledby=\"accordion-item-1\" data-wp-bind--inert=\"!state.isOpen\" id=\"accordion-item-1-panel\" role=\"region\" class=\"wp-block-accordion-panel is-layout-flow wp-block-accordion-panel-is-layout-flow\">\n<p itemprop=\"text\">Ja, die Anlagen sind so konzipiert, dass sie das ganze Jahr \u00fcber funktionieren, auch in Zeiten geringer Sonneneinstrahlung. Die Dimensionierung der Photovoltaik-Module und der Speichersysteme wird an die lokalen klimatischen Bedingungen angepasst, um eine zuverl\u00e4ssige und kontinuierliche Autonomie zu gew\u00e4hrleisten.  <\/p>\n<\/div>\n<\/div>\n\n\n\n<div itemprop=\"mainEntity\" itemscope itemtype=\"https:\/\/schema.org\/Question\" data-wp-class--is-open=\"state.isOpen\" data-wp-context=\"{ &quot;id&quot;: &quot;accordion-item-2&quot;, &quot;openByDefault&quot;: false }\" data-wp-init=\"callbacks.initAccordionItems\" data-wp-on-window--hashchange=\"callbacks.hashChange\" class=\"wp-block-accordion-item is-layout-flow wp-block-accordion-item-is-layout-flow\">\n<h3 class=\"wp-block-accordion-heading\"><button aria-expanded=\"false\" aria-controls=\"accordion-item-2-panel\" data-wp-bind--aria-expanded=\"state.isOpen\" data-wp-on--click=\"actions.toggle\" data-wp-on--keydown=\"actions.handleKeyDown\" id=\"accordion-item-2\" type=\"button\" class=\"wp-block-accordion-heading__toggle\"><span itemprop=\"name\" class=\"wp-block-accordion-heading__toggle-title\"><strong>Was passiert, wenn Sie mehrere Tage ohne Sonne sind?<\/strong><\/span><span class=\"wp-block-accordion-heading__toggle-icon\" aria-hidden=\"true\">+<\/span><\/button><\/h3>\n\n\n\n<div inert itemprop=\"acceptedAnswer\" itemscope itemtype=\"https:\/\/schema.org\/Answer\" aria-labelledby=\"accordion-item-2\" data-wp-bind--inert=\"!state.isOpen\" id=\"accordion-item-2-panel\" role=\"region\" class=\"wp-block-accordion-panel is-layout-flow wp-block-accordion-panel-is-layout-flow\">\n<p itemprop=\"text\">Mit Hilfe von Speichersystemen (Batterien oder Kondensatoren) kann der Betrieb auch in mehreren aufeinander folgenden N\u00e4chten ohne Solar gew\u00e4hrleistet werden. Je nach Modell und Verwendungszweck kann die Autonomie bei der Projektplanung angepasst werden. <\/p>\n<\/div>\n<\/div>\n\n\n\n<div itemprop=\"mainEntity\" itemscope itemtype=\"https:\/\/schema.org\/Question\" data-wp-class--is-open=\"state.isOpen\" data-wp-context=\"{ &quot;id&quot;: &quot;accordion-item-3&quot;, &quot;openByDefault&quot;: false }\" data-wp-init=\"callbacks.initAccordionItems\" data-wp-on-window--hashchange=\"callbacks.hashChange\" class=\"wp-block-accordion-item is-layout-flow wp-block-accordion-item-is-layout-flow\">\n<h3 class=\"wp-block-accordion-heading\"><button aria-expanded=\"false\" aria-controls=\"accordion-item-3-panel\" data-wp-bind--aria-expanded=\"state.isOpen\" data-wp-on--click=\"actions.toggle\" data-wp-on--keydown=\"actions.handleKeyDown\" id=\"accordion-item-3\" type=\"button\" class=\"wp-block-accordion-heading__toggle\"><span itemprop=\"name\" class=\"wp-block-accordion-heading__toggle-title\"><strong>Entsprechen die Produkte den geltenden Normen?<\/strong><\/span><span class=\"wp-block-accordion-heading__toggle-icon\" aria-hidden=\"true\">+<\/span><\/button><\/h3>\n\n\n\n<div inert itemprop=\"acceptedAnswer\" itemscope itemtype=\"https:\/\/schema.org\/Answer\" aria-labelledby=\"accordion-item-3\" data-wp-bind--inert=\"!state.isOpen\" id=\"accordion-item-3-panel\" role=\"region\" class=\"wp-block-accordion-panel is-layout-flow wp-block-accordion-panel-is-layout-flow\">\n<p itemprop=\"text\">Ja, ECO-INNOV Ger\u00e4te werden in \u00dcbereinstimmung mit den geltenden Normen und Vorschriften entwickelt, einschlie\u00dflich Material f\u00fcr elektrische Sicherheit, Signalisierung und Entsorgung von elektrischen und elektronischen Ger\u00e4ten am Ende ihrer Lebensdauer (WEEE). <\/p>\n<\/div>\n<\/div>\n\n\n\n<div itemprop=\"mainEntity\" itemscope itemtype=\"https:\/\/schema.org\/Question\" data-wp-class--is-open=\"state.isOpen\" data-wp-context=\"{ &quot;id&quot;: &quot;accordion-item-4&quot;, &quot;openByDefault&quot;: false }\" data-wp-init=\"callbacks.initAccordionItems\" data-wp-on-window--hashchange=\"callbacks.hashChange\" class=\"wp-block-accordion-item is-layout-flow wp-block-accordion-item-is-layout-flow\">\n<h3 class=\"wp-block-accordion-heading\"><button aria-expanded=\"false\" aria-controls=\"accordion-item-4-panel\" data-wp-bind--aria-expanded=\"state.isOpen\" data-wp-on--click=\"actions.toggle\" data-wp-on--keydown=\"actions.handleKeyDown\" id=\"accordion-item-4\" type=\"button\" class=\"wp-block-accordion-heading__toggle\"><span itemprop=\"name\" class=\"wp-block-accordion-heading__toggle-title\"><strong>Kann man Lichtmarkierungen anpassbar machen?<\/strong><\/span><span class=\"wp-block-accordion-heading__toggle-icon\" aria-hidden=\"true\">+<\/span><\/button><\/h3>\n\n\n\n<div inert itemprop=\"acceptedAnswer\" itemscope itemtype=\"https:\/\/schema.org\/Answer\" aria-labelledby=\"accordion-item-4\" data-wp-bind--inert=\"!state.isOpen\" id=\"accordion-item-4-panel\" role=\"region\" class=\"wp-block-accordion-panel is-layout-flow wp-block-accordion-panel-is-layout-flow\">\n<p itemprop=\"text\">Ja, unsere L\u00f6sungen bieten zahlreiche M\u00f6glichkeiten der Anpassbarkeit: Lichtst\u00e4rke, Farbgebung, Betriebsmodi, Standort oder architektonische Integration. Jedes Projekt wird speziell untersucht, um den Anforderungen des Standorts gerecht zu werden.  <\/p>\n\n\n\n<div class=\"wp-block-buttons is-layout-flex wp-block-buttons-is-layout-flex\">\n<div class=\"wp-block-button\"><a class=\"wp-block-button__link wp-element-button\" href=\"https:\/\/www.eco-innov.com\/de\/massgeschneidert\/\">Entdecken Sie unsere ma\u00dfgeschneiderten Projekte<\/a><\/div>\n<\/div>\n<\/div>\n<\/div>\n\n\n\n<div itemprop=\"mainEntity\" itemscope itemtype=\"https:\/\/schema.org\/Question\" data-wp-class--is-open=\"state.isOpen\" data-wp-context=\"{ &quot;id&quot;: &quot;accordion-item-5&quot;, &quot;openByDefault&quot;: false }\" data-wp-init=\"callbacks.initAccordionItems\" data-wp-on-window--hashchange=\"callbacks.hashChange\" class=\"wp-block-accordion-item is-layout-flow wp-block-accordion-item-is-layout-flow\">\n<h3 class=\"wp-block-accordion-heading\"><button aria-expanded=\"false\" aria-controls=\"accordion-item-5-panel\" data-wp-bind--aria-expanded=\"state.isOpen\" data-wp-on--click=\"actions.toggle\" data-wp-on--keydown=\"actions.handleKeyDown\" id=\"accordion-item-5\" type=\"button\" class=\"wp-block-accordion-heading__toggle\"><span itemprop=\"name\" class=\"wp-block-accordion-heading__toggle-title\"><strong>Was ist ein Solar-Plot?<\/strong><\/span><span class=\"wp-block-accordion-heading__toggle-icon\" aria-hidden=\"true\">+<\/span><\/button><\/h3>\n\n\n\n<div inert itemprop=\"acceptedAnswer\" itemscope itemtype=\"https:\/\/schema.org\/Answer\" aria-labelledby=\"accordion-item-5\" data-wp-bind--inert=\"!state.isOpen\" id=\"accordion-item-5-panel\" role=\"region\" class=\"wp-block-accordion-panel is-layout-flow wp-block-accordion-panel-is-layout-flow\">\n<p itemprop=\"text\">Ein <strong>Solar Bolzen<\/strong> ist eine energieeffiziente und autonome L\u00f6sung f\u00fcr die Lichtmarkierung. Er verbraucht keinen Strom aus dem Netz und reduziert die Baukosten, da kein Anschluss an das Stromnetz erforderlich ist. <\/p>\n\n\n\n<p>Die Funktionsweise beruht auf Photovoltaik-Zellen, die tags\u00fcber die Sonnenenergie einfangen und in einem Akkumulator oder Kondensator speichern. Bei Einbruch der Dunkelheit wird diese Energie in Form einer autonomen LED-Lichtmarkierung wieder abgegeben. <\/p>\n<\/div>\n<\/div>\n\n\n\n<div itemprop=\"mainEntity\" itemscope itemtype=\"https:\/\/schema.org\/Question\" data-wp-class--is-open=\"state.isOpen\" data-wp-context=\"{ &quot;id&quot;: &quot;accordion-item-6&quot;, &quot;openByDefault&quot;: false }\" data-wp-init=\"callbacks.initAccordionItems\" data-wp-on-window--hashchange=\"callbacks.hashChange\" class=\"wp-block-accordion-item is-layout-flow wp-block-accordion-item-is-layout-flow\">\n<h3 class=\"wp-block-accordion-heading\"><button aria-expanded=\"false\" aria-controls=\"accordion-item-6-panel\" data-wp-bind--aria-expanded=\"state.isOpen\" data-wp-on--click=\"actions.toggle\" data-wp-on--keydown=\"actions.handleKeyDown\" id=\"accordion-item-6\" type=\"button\" class=\"wp-block-accordion-heading__toggle\"><span itemprop=\"name\" class=\"wp-block-accordion-heading__toggle-title\"><strong>Was ist eine lichtemittierende Diode (LED)?<\/strong><\/span><span class=\"wp-block-accordion-heading__toggle-icon\" aria-hidden=\"true\">+<\/span><\/button><\/h3>\n\n\n\n<div inert itemprop=\"acceptedAnswer\" itemscope itemtype=\"https:\/\/schema.org\/Answer\" aria-labelledby=\"accordion-item-6\" data-wp-bind--inert=\"!state.isOpen\" id=\"accordion-item-6-panel\" role=\"region\" class=\"wp-block-accordion-panel is-layout-flow wp-block-accordion-panel-is-layout-flow\">\n<p itemprop=\"text\">Eine lichtemittierende Diode, abgek\u00fcrzt LED oder kurz LED (Light-Emitting Diode), ist ein elektronisches Bauteil, das Licht emittieren kann, wenn es von einem elektrischen Strom durchtrennt wird.<\/p>\n\n\n\n<p>Seine Hauptvorteile sind :<\/p>\n\n\n\n<ul class=\"wp-block-list\">\n<li>eine ausgezeichnete mechanische Festigkeit (Sto\u00dffestigkeit, Vibration, Quetschung),<\/li>\n\n\n\n<li>geringer Stromverbrauch,<\/li>\n\n\n\n<li>eine sehr lange Lebensdauer, die in der Regel zwischen 50.000 und 100.000 Stunden liegt.<\/li>\n<\/ul>\n<\/div>\n<\/div>\n\n\n\n<div itemprop=\"mainEntity\" itemscope itemtype=\"https:\/\/schema.org\/Question\" data-wp-class--is-open=\"state.isOpen\" data-wp-context=\"{ &quot;id&quot;: &quot;accordion-item-7&quot;, &quot;openByDefault&quot;: false }\" data-wp-init=\"callbacks.initAccordionItems\" data-wp-on-window--hashchange=\"callbacks.hashChange\" class=\"wp-block-accordion-item is-layout-flow wp-block-accordion-item-is-layout-flow\">\n<h3 class=\"wp-block-accordion-heading\"><button aria-expanded=\"false\" aria-controls=\"accordion-item-7-panel\" data-wp-bind--aria-expanded=\"state.isOpen\" data-wp-on--click=\"actions.toggle\" data-wp-on--keydown=\"actions.handleKeyDown\" id=\"accordion-item-7\" type=\"button\" class=\"wp-block-accordion-heading__toggle\"><span itemprop=\"name\" class=\"wp-block-accordion-heading__toggle-title\"><strong>Welche Anwendungen gibt es f\u00fcr diese Technologien?<\/strong><\/span><span class=\"wp-block-accordion-heading__toggle-icon\" aria-hidden=\"true\">+<\/span><\/button><\/h3>\n\n\n\n<div inert itemprop=\"acceptedAnswer\" itemscope itemtype=\"https:\/\/schema.org\/Answer\" aria-labelledby=\"accordion-item-7\" data-wp-bind--inert=\"!state.isOpen\" id=\"accordion-item-7-panel\" role=\"region\" class=\"wp-block-accordion-panel is-layout-flow wp-block-accordion-panel-is-layout-flow\">\n<p itemprop=\"text\">Die Solar Photovoltaik- und LED-Technologien sind, wenn sie sinnvoll eingesetzt werden, eine effiziente Alternative zu herk\u00f6mmlichen elektrischen L\u00f6sungen.<\/p>\n\n\n\n<p>Sie gelten insbesondere f\u00fcr :<\/p>\n\n\n\n<ul class=\"wp-block-list\">\n<li>Landschaftsgestaltung,<\/li>\n\n\n\n<li>Verkehrszeichen,<\/li>\n\n\n\n<li>Beleuchtung von Konfliktzonen und Lichtmarkierung.<\/li>\n<\/ul>\n\n\n\n<p>Bei ECO-INNOV verwenden wir diese Technologien vor allem f\u00fcr die Lichtmarkierung von Autofahrern, Radfahrern, Fu\u00dfg\u00e4ngern und Personen mit eingeschr\u00e4nkter Mobilit\u00e4t. Andere Zwecke und Anwendungen sind je nach den \u00f6rtlichen Gegebenheiten ebenfalls m\u00f6glich. <\/p>\n\n\n\n<p>Um die Relevanz der vorgeschlagenen L\u00f6sungen zu gew\u00e4hrleisten, begleiten wir unsere Kunden mit Machbarkeitsstudien, Energieverbrauchsstudien und Standortstudien.<\/p>\n<\/div>\n<\/div>\n\n\n\n<div itemprop=\"mainEntity\" itemscope itemtype=\"https:\/\/schema.org\/Question\" data-wp-class--is-open=\"state.isOpen\" data-wp-context=\"{ &quot;id&quot;: &quot;accordion-item-8&quot;, &quot;openByDefault&quot;: false }\" data-wp-init=\"callbacks.initAccordionItems\" data-wp-on-window--hashchange=\"callbacks.hashChange\" class=\"wp-block-accordion-item is-layout-flow wp-block-accordion-item-is-layout-flow\">\n<h3 class=\"wp-block-accordion-heading\"><button aria-expanded=\"false\" aria-controls=\"accordion-item-8-panel\" data-wp-bind--aria-expanded=\"state.isOpen\" data-wp-on--click=\"actions.toggle\" data-wp-on--keydown=\"actions.handleKeyDown\" id=\"accordion-item-8\" type=\"button\" class=\"wp-block-accordion-heading__toggle\"><span itemprop=\"name\" class=\"wp-block-accordion-heading__toggle-title\"><strong>Wie lange ist die Lebensdauer eines Solar-Plots?<\/strong><\/span><span class=\"wp-block-accordion-heading__toggle-icon\" aria-hidden=\"true\">+<\/span><\/button><\/h3>\n\n\n\n<div inert itemprop=\"acceptedAnswer\" itemscope itemtype=\"https:\/\/schema.org\/Answer\" aria-labelledby=\"accordion-item-8\" data-wp-bind--inert=\"!state.isOpen\" id=\"accordion-item-8-panel\" role=\"region\" class=\"wp-block-accordion-panel is-layout-flow wp-block-accordion-panel-is-layout-flow\">\n<p itemprop=\"text\">Die durchschnittliche Lebensdauer eines Solar-Plotts betr\u00e4gt :<\/p>\n\n\n\n<ul class=\"wp-block-list\">\n<li>ca. 5 Jahre bei Modellen mit wiederaufladbarem Akku \/ Batterie,<\/li>\n\n\n\n<li>bis zu 10 Jahren bei Modellen, die einen Kondensator verwenden.<\/li>\n<\/ul>\n\n\n\n<p>Bei einigen Modellen kann die Lebensdauer durch eine Wartung des elektronischen Moduls am Ende des Zyklus verl\u00e4ngert werden. Die meisten unserer Ger\u00e4te haben eine Garantie von 2 Jahren (siehe Produktbeschreibung). <\/p>\n<\/div>\n<\/div>\n\n\n\n<div itemprop=\"mainEntity\" itemscope itemtype=\"https:\/\/schema.org\/Question\" data-wp-class--is-open=\"state.isOpen\" data-wp-context=\"{ &quot;id&quot;: &quot;accordion-item-9&quot;, &quot;openByDefault&quot;: false }\" data-wp-init=\"callbacks.initAccordionItems\" data-wp-on-window--hashchange=\"callbacks.hashChange\" class=\"wp-block-accordion-item is-layout-flow wp-block-accordion-item-is-layout-flow\">\n<h3 class=\"wp-block-accordion-heading\"><button aria-expanded=\"false\" aria-controls=\"accordion-item-9-panel\" data-wp-bind--aria-expanded=\"state.isOpen\" data-wp-on--click=\"actions.toggle\" data-wp-on--keydown=\"actions.handleKeyDown\" id=\"accordion-item-9\" type=\"button\" class=\"wp-block-accordion-heading__toggle\"><span itemprop=\"name\" class=\"wp-block-accordion-heading__toggle-title\"><strong>Bieten Sie energieeffiziente Beleuchtungsl\u00f6sungen an?<\/strong><\/span><span class=\"wp-block-accordion-heading__toggle-icon\" aria-hidden=\"true\">+<\/span><\/button><\/h3>\n\n\n\n<div inert itemprop=\"acceptedAnswer\" itemscope itemtype=\"https:\/\/schema.org\/Answer\" aria-labelledby=\"accordion-item-9\" data-wp-bind--inert=\"!state.isOpen\" id=\"accordion-item-9-panel\" role=\"region\" class=\"wp-block-accordion-panel is-layout-flow wp-block-accordion-panel-is-layout-flow\">\n<p itemprop=\"text\">Ja, wir bieten einen breiten Bereich an energieeffizienten Lichtl\u00f6sungen an, einschlie\u00dflich : <\/p>\n\n\n\n<ul class=\"wp-block-list\">\n<li>Solar-LED-Stra\u00dfenpf\u00e4hle f\u00fcr die Lichtmarkierung von Stra\u00dfen, Kreisverkehren und Radwegen,<\/li>\n\n\n\n<li>dekorative Anwendungen, wie z.B. architektonische Bodeneinbauleuchten,<\/li>\n\n\n\n<li>Solar LED-Pfosten,<\/li>\n\n\n\n<li>Solar Lichtsignalisierung zur Sicherung der Umgebung von Schulen und Fu\u00dfg\u00e4nger\u00fcberwegen.<\/li>\n<\/ul>\n\n\n\n<p>Zus\u00e4tzlich zu den Energieeinsparungen k\u00f6nnen diese L\u00f6sungen kostspielige Arbeiten wie das Verlegen von Kabeln oder die Installation von Transformatoren \u00fcberfl\u00fcssig machen.<\/p>\n<\/div>\n<\/div>\n\n\n\n<div itemprop=\"mainEntity\" itemscope itemtype=\"https:\/\/schema.org\/Question\" data-wp-class--is-open=\"state.isOpen\" data-wp-context=\"{ &quot;id&quot;: &quot;accordion-item-10&quot;, &quot;openByDefault&quot;: false }\" data-wp-init=\"callbacks.initAccordionItems\" data-wp-on-window--hashchange=\"callbacks.hashChange\" class=\"wp-block-accordion-item is-layout-flow wp-block-accordion-item-is-layout-flow\">\n<h3 class=\"wp-block-accordion-heading\"><button aria-expanded=\"false\" aria-controls=\"accordion-item-10-panel\" data-wp-bind--aria-expanded=\"state.isOpen\" data-wp-on--click=\"actions.toggle\" data-wp-on--keydown=\"actions.handleKeyDown\" id=\"accordion-item-10\" type=\"button\" class=\"wp-block-accordion-heading__toggle\"><span itemprop=\"name\" class=\"wp-block-accordion-heading__toggle-title\"><strong>Wer ist ECO-INNOV?<\/strong><\/span><span class=\"wp-block-accordion-heading__toggle-icon\" aria-hidden=\"true\">+<\/span><\/button><\/h3>\n\n\n\n<div inert itemprop=\"acceptedAnswer\" itemscope itemtype=\"https:\/\/schema.org\/Answer\" aria-labelledby=\"accordion-item-10\" data-wp-bind--inert=\"!state.isOpen\" id=\"accordion-item-10-panel\" role=\"region\" class=\"wp-block-accordion-panel is-layout-flow wp-block-accordion-panel-is-layout-flow\">\n<p itemprop=\"text\">Seit 2004 entwickelt ECO-INNOV Solar- und Niederspannungsl\u00f6sungen f\u00fcr Beschilderung und Lichtmarkierung, die f\u00fcr Sicherheit, Umwelt und Nachhaltigkeit optimiert sind. Das in Grenoble ans\u00e4ssige Unternehmen entwickelt und vermarktet seit \u00fcber 20 Jahren Solar- und LED-L\u00f6sungen. <\/p>\n<\/div>\n<\/div>\n\n\n\n<div itemprop=\"mainEntity\" itemscope itemtype=\"https:\/\/schema.org\/Question\" data-wp-class--is-open=\"state.isOpen\" data-wp-context=\"{ &quot;id&quot;: &quot;accordion-item-11&quot;, &quot;openByDefault&quot;: false }\" data-wp-init=\"callbacks.initAccordionItems\" data-wp-on-window--hashchange=\"callbacks.hashChange\" class=\"wp-block-accordion-item is-layout-flow wp-block-accordion-item-is-layout-flow\">\n<h3 class=\"wp-block-accordion-heading\"><button aria-expanded=\"false\" aria-controls=\"accordion-item-11-panel\" data-wp-bind--aria-expanded=\"state.isOpen\" data-wp-on--click=\"actions.toggle\" data-wp-on--keydown=\"actions.handleKeyDown\" id=\"accordion-item-11\" type=\"button\" class=\"wp-block-accordion-heading__toggle\"><span itemprop=\"name\" class=\"wp-block-accordion-heading__toggle-title\"><strong>F\u00fcr wen sind die ECO-INNOV Produkte bestimmt?<\/strong><\/span><span class=\"wp-block-accordion-heading__toggle-icon\" aria-hidden=\"true\">+<\/span><\/button><\/h3>\n\n\n\n<div inert itemprop=\"acceptedAnswer\" itemscope itemtype=\"https:\/\/schema.org\/Answer\" aria-labelledby=\"accordion-item-11\" data-wp-bind--inert=\"!state.isOpen\" id=\"accordion-item-11-panel\" role=\"region\" class=\"wp-block-accordion-panel is-layout-flow wp-block-accordion-panel-is-layout-flow\">\n<p itemprop=\"text\">Unsere L\u00f6sungen richten sich an K\u00f6rperschaften, Institutionen und private Akteure f\u00fcr verschiedene Projekte. Der Verkauf ist ausschlie\u00dflich Fachleuten vorbehalten. <\/p>\n\n\n\n<div class=\"wp-block-buttons is-layout-flex wp-block-buttons-is-layout-flex\">\n<div class=\"wp-block-button\"><a class=\"wp-block-button__link wp-element-button\" href=\"https:\/\/www.eco-innov.com\/de\/kontakt\/\">Kontaktieren Sie uns<\/a><\/div>\n<\/div>\n<\/div>\n<\/div>\n\n\n\n<div itemprop=\"mainEntity\" itemscope itemtype=\"https:\/\/schema.org\/Question\" data-wp-class--is-open=\"state.isOpen\" data-wp-context=\"{ &quot;id&quot;: &quot;accordion-item-12&quot;, &quot;openByDefault&quot;: false }\" data-wp-init=\"callbacks.initAccordionItems\" data-wp-on-window--hashchange=\"callbacks.hashChange\" class=\"wp-block-accordion-item is-layout-flow wp-block-accordion-item-is-layout-flow\">\n<h3 class=\"wp-block-accordion-heading\"><button aria-expanded=\"false\" aria-controls=\"accordion-item-12-panel\" data-wp-bind--aria-expanded=\"state.isOpen\" data-wp-on--click=\"actions.toggle\" data-wp-on--keydown=\"actions.handleKeyDown\" id=\"accordion-item-12\" type=\"button\" class=\"wp-block-accordion-heading__toggle\"><span itemprop=\"name\" class=\"wp-block-accordion-heading__toggle-title\"><strong>Wie k\u00f6nnen Sie ECO-INNOV kontaktieren?<\/strong><\/span><span class=\"wp-block-accordion-heading__toggle-icon\" aria-hidden=\"true\">+<\/span><\/button><\/h3>\n\n\n\n<div inert itemprop=\"acceptedAnswer\" itemscope itemtype=\"https:\/\/schema.org\/Answer\" aria-labelledby=\"accordion-item-12\" data-wp-bind--inert=\"!state.isOpen\" id=\"accordion-item-12-panel\" role=\"region\" class=\"wp-block-accordion-panel is-layout-flow wp-block-accordion-panel-is-layout-flow\">\n<p itemprop=\"text\">F\u00fcr Informationen, Preisanfragen oder Bestellungen k\u00f6nnen Sie :<\/p>\n\n\n\n<ul class=\"wp-block-list\">\n<li>unseren Online-Beratungsdienst nutzen,<\/li>\n\n\n\n<li>besuchen Sie die Kontaktseite der Website,<\/li>\n<\/ul>\n\n\n\n<p>Der Verkauf ist ausschlie\u00dflich Fachleuten vorbehalten.<\/p>\n\n\n\n<div class=\"wp-block-buttons is-layout-flex wp-block-buttons-is-layout-flex\">\n<div class=\"wp-block-button\"><a class=\"wp-block-button__link wp-element-button\" href=\"https:\/\/www.eco-innov.com\/de\/kontakt\/\">Kontaktieren Sie uns<\/a><\/div>\n<\/div>\n<\/div>\n<\/div>\n<\/div>\n<\/div>\n\n\n\n<p><\/p>\n","protected":false},"excerpt":{"rendered":"","protected":false},"author":1,"featured_media":0,"parent":0,"menu_order":3,"comment_status":"closed","ping_status":"closed","template":"","meta":{"_acf_changed":false,"inline_featured_image":false,"footnotes":""},"class_list":["post-9358","page","type-page","status-publish","hentry"],"acf":[],"_links":{"self":[{"href":"https:\/\/www.eco-innov.com\/de\/wp-json\/wp\/v2\/pages\/9358","targetHints":{"allow":["GET"]}}],"collection":[{"href":"https:\/\/www.eco-innov.com\/de\/wp-json\/wp\/v2\/pages"}],"about":[{"href":"https:\/\/www.eco-innov.com\/de\/wp-json\/wp\/v2\/types\/page"}],"author":[{"embeddable":true,"href":"https:\/\/www.eco-innov.com\/de\/wp-json\/wp\/v2\/users\/1"}],"replies":[{"embeddable":true,"href":"https:\/\/www.eco-innov.com\/de\/wp-json\/wp\/v2\/comments?post=9358"}],"version-history":[{"count":3,"href":"https:\/\/www.eco-innov.com\/de\/wp-json\/wp\/v2\/pages\/9358\/revisions"}],"predecessor-version":[{"id":9909,"href":"https:\/\/www.eco-innov.com\/de\/wp-json\/wp\/v2\/pages\/9358\/revisions\/9909"}],"wp:attachment":[{"href":"https:\/\/www.eco-innov.com\/de\/wp-json\/wp\/v2\/media?parent=9358"}],"curies":[{"name":"wp","href":"https:\/\/api.w.org\/{rel}","templated":true}]}}