{"id":9345,"date":"2026-01-21T11:33:24","date_gmt":"2026-01-21T10:33:24","guid":{"rendered":"https:\/\/www.eco-innov.com\/zertifizierungen\/"},"modified":"2026-04-20T11:10:16","modified_gmt":"2026-04-20T09:10:16","slug":"zertifizierungen","status":"publish","type":"page","link":"https:\/\/www.eco-innov.com\/de\/zertifizierungen\/","title":{"rendered":"Zertifizierungen"},"content":{"rendered":"<\/div>\n<div id=\"block-hero-block_37bbee0a0ebcc6771f763e447973045f\" class=\"container-fluid header_page_part px-0  block-hero\">\n        <div class=\"container\">\n        <div class=\"row\">\n            <div class=\"col-12 col-md-12 col-lg-11 col-xl-9 col-xxl-8\">\n                <nav aria-label=\"breadcrumbs\" class=\"rank-math-breadcrumb\"><p><span class=\"last\">Startseite<\/span><\/p><\/nav>                                    <h1 class=\"with_line with_line_lg\">Zertifizierungen und Konformit\u00e4t der Produkte<\/h1>\n                                \n                <p>Unsere Produkte werden unter Einhaltung der geltenden Normen und Vorschriften entwickelt und hergestellt, um Sicherheit, Zuverl\u00e4ssigkeit und Langlebigkeit in allen Installationsumgebungen zu gew\u00e4hrleisten.<\/p>\n<p>Die unten aufgef\u00fchrten Zertifizierungen und Labels best\u00e4tigen die Konformit\u00e4t unserer Ger\u00e4te mit den europ\u00e4ischen und franz\u00f6sischen Anforderungen an L\u00f6sungen f\u00fcr Markierungen, Lichtmarkierungen und Solarbeleuchtung.<\/p>\n<p>Sie stellen eine Qualit\u00e4tsgarantie f\u00fcr unsere Kunden, K\u00f6rperschaften, Unternehmen und Installateure dar und sind Teil unseres globalen Ansatzes zur Kontrolle der Leistungen, der Sicherheit der Benutzer und der Verantwortung f\u00fcr die Umwelt.<\/p>\n\n\n                            <\/div>\n        <\/div>\n\n\n    <\/div>\n<\/div>\n<div class=\"container\">\n\n\n\n\n<div class=\"wp-block-columns are-vertically-aligned-center is-layout-flex wp-container-core-columns-is-layout-28f84493 wp-block-columns-is-layout-flex\">\n<div class=\"wp-block-column is-vertically-aligned-center is-layout-flow wp-block-column-is-layout-flow\">\n<figure class=\"wp-block-image aligncenter size-full\"><a href=\"https:\/\/www.captronic.fr\/\" target=\"_blank\" rel=\" noreferrer noopener\"><img decoding=\"async\" width=\"239\" height=\"100\" src=\"https:\/\/www.eco-innov.com\/wp-content\/uploads\/logo-captronic.webp\" alt=\"\" class=\"wp-image-8388\"\/><\/a><\/figure>\n<\/div>\n\n\n\n<div class=\"wp-block-column is-vertically-aligned-center is-layout-flow wp-block-column-is-layout-flow\">\n<figure class=\"wp-block-image aligncenter size-large is-resized\"><a href=\"https:\/\/www.minalogic.com\/\" target=\"_blank\" rel=\" noreferrer noopener\"><img decoding=\"async\" width=\"890\" height=\"1024\" src=\"https:\/\/www.eco-innov.com\/wp-content\/uploads\/logo-minalogic-890x1024.webp\" alt=\"\" class=\"wp-image-8392\" style=\"width:150px\" srcset=\"https:\/\/www.eco-innov.com\/wp-content\/uploads\/logo-minalogic-890x1024.webp 890w, https:\/\/www.eco-innov.com\/wp-content\/uploads\/logo-minalogic-591x680.webp 591w, https:\/\/www.eco-innov.com\/wp-content\/uploads\/logo-minalogic-768x883.webp 768w, https:\/\/www.eco-innov.com\/wp-content\/uploads\/logo-minalogic-1335x1536.webp 1335w, https:\/\/www.eco-innov.com\/wp-content\/uploads\/logo-minalogic-1780x2048.webp 1780w, https:\/\/www.eco-innov.com\/wp-content\/uploads\/logo-minalogic-1652x1900.webp 1652w, https:\/\/www.eco-innov.com\/wp-content\/uploads\/logo-minalogic-1148x1320.webp 1148w, https:\/\/www.eco-innov.com\/wp-content\/uploads\/logo-minalogic-861x990.webp 861w, https:\/\/www.eco-innov.com\/wp-content\/uploads\/logo-minalogic-574x660.webp 574w, https:\/\/www.eco-innov.com\/wp-content\/uploads\/logo-minalogic-391x450.webp 391w, https:\/\/www.eco-innov.com\/wp-content\/uploads\/logo-minalogic-287x330.webp 287w, https:\/\/www.eco-innov.com\/wp-content\/uploads\/logo-minalogic-348x400.webp 348w, https:\/\/www.eco-innov.com\/wp-content\/uploads\/logo-minalogic-317x365.webp 317w, https:\/\/www.eco-innov.com\/wp-content\/uploads\/logo-minalogic-465x535.webp 465w\" sizes=\"(max-width: 890px) 100vw, 890px\" \/><\/a><\/figure>\n<\/div>\n\n\n\n<div class=\"wp-block-column is-vertically-aligned-center is-layout-flow wp-block-column-is-layout-flow\">\n<figure class=\"wp-block-image aligncenter size-full is-resized\"><a href=\"https:\/\/single-market-economy.ec.europa.eu\/single-market\/goods\/ce-marking_en?prefLang=fr\" target=\"_blank\" rel=\" noreferrer noopener\"><img decoding=\"async\" width=\"848\" height=\"606\" src=\"https:\/\/www.eco-innov.com\/wp-content\/uploads\/logo-ce.webp\" alt=\"\" class=\"wp-image-8396\" style=\"width:150px\" srcset=\"https:\/\/www.eco-innov.com\/wp-content\/uploads\/logo-ce.webp 848w, https:\/\/www.eco-innov.com\/wp-content\/uploads\/logo-ce-680x486.webp 680w, https:\/\/www.eco-innov.com\/wp-content\/uploads\/logo-ce-768x549.webp 768w, https:\/\/www.eco-innov.com\/wp-content\/uploads\/logo-ce-660x472.webp 660w, https:\/\/www.eco-innov.com\/wp-content\/uploads\/logo-ce-450x322.webp 450w, https:\/\/www.eco-innov.com\/wp-content\/uploads\/logo-ce-330x236.webp 330w, https:\/\/www.eco-innov.com\/wp-content\/uploads\/logo-ce-400x286.webp 400w, https:\/\/www.eco-innov.com\/wp-content\/uploads\/logo-ce-365x261.webp 365w, https:\/\/www.eco-innov.com\/wp-content\/uploads\/logo-ce-535x382.webp 535w\" sizes=\"(max-width: 848px) 100vw, 848px\" \/><\/a><\/figure>\n<\/div>\n\n\n\n<div class=\"wp-block-column is-vertically-aligned-center is-layout-flow wp-block-column-is-layout-flow\">\n<figure class=\"wp-block-image aligncenter size-large is-resized\"><a href=\"https:\/\/www.bureauveritas.fr\/\" target=\"_blank\" rel=\" noreferrer noopener\"><img decoding=\"async\" width=\"826\" height=\"1024\" src=\"https:\/\/www.eco-innov.com\/wp-content\/uploads\/logo-bureau-veritas-826x1024.webp\" alt=\"\" class=\"wp-image-8384\" style=\"width:150px\" srcset=\"https:\/\/www.eco-innov.com\/wp-content\/uploads\/logo-bureau-veritas-826x1024.webp 826w, https:\/\/www.eco-innov.com\/wp-content\/uploads\/logo-bureau-veritas-548x680.webp 548w, https:\/\/www.eco-innov.com\/wp-content\/uploads\/logo-bureau-veritas-768x952.webp 768w, https:\/\/www.eco-innov.com\/wp-content\/uploads\/logo-bureau-veritas-1065x1320.webp 1065w, https:\/\/www.eco-innov.com\/wp-content\/uploads\/logo-bureau-veritas-798x990.webp 798w, https:\/\/www.eco-innov.com\/wp-content\/uploads\/logo-bureau-veritas-532x660.webp 532w, https:\/\/www.eco-innov.com\/wp-content\/uploads\/logo-bureau-veritas-363x450.webp 363w, https:\/\/www.eco-innov.com\/wp-content\/uploads\/logo-bureau-veritas-266x330.webp 266w, https:\/\/www.eco-innov.com\/wp-content\/uploads\/logo-bureau-veritas-323x400.webp 323w, https:\/\/www.eco-innov.com\/wp-content\/uploads\/logo-bureau-veritas-294x365.webp 294w, https:\/\/www.eco-innov.com\/wp-content\/uploads\/logo-bureau-veritas-431x535.webp 431w, https:\/\/www.eco-innov.com\/wp-content\/uploads\/logo-bureau-veritas.webp 1200w\" sizes=\"(max-width: 826px) 100vw, 826px\" \/><\/a><\/figure>\n<\/div>\n\n\n\n<div class=\"wp-block-column is-vertically-aligned-center is-layout-flow wp-block-column-is-layout-flow\">\n<figure class=\"wp-block-image aligncenter size-large is-resized\"><a href=\"https:\/\/environment.ec.europa.eu\/topics\/waste-and-recycling\/rohs-directive_en?prefLang=fr\" target=\"_blank\" rel=\" noreferrer noopener\"><img decoding=\"async\" width=\"904\" height=\"1024\" src=\"https:\/\/www.eco-innov.com\/wp-content\/uploads\/logo-rohs-904x1024.webp\" alt=\"\" class=\"wp-image-8380\" style=\"width:150px\" srcset=\"https:\/\/www.eco-innov.com\/wp-content\/uploads\/logo-rohs-904x1024.webp 904w, https:\/\/www.eco-innov.com\/wp-content\/uploads\/logo-rohs-600x680.webp 600w, https:\/\/www.eco-innov.com\/wp-content\/uploads\/logo-rohs-768x870.webp 768w, https:\/\/www.eco-innov.com\/wp-content\/uploads\/logo-rohs-1165x1320.webp 1165w, https:\/\/www.eco-innov.com\/wp-content\/uploads\/logo-rohs-874x990.webp 874w, https:\/\/www.eco-innov.com\/wp-content\/uploads\/logo-rohs-582x660.webp 582w, https:\/\/www.eco-innov.com\/wp-content\/uploads\/logo-rohs-397x450.webp 397w, https:\/\/www.eco-innov.com\/wp-content\/uploads\/logo-rohs-291x330.webp 291w, https:\/\/www.eco-innov.com\/wp-content\/uploads\/logo-rohs-353x400.webp 353w, https:\/\/www.eco-innov.com\/wp-content\/uploads\/logo-rohs-322x365.webp 322w, https:\/\/www.eco-innov.com\/wp-content\/uploads\/logo-rohs-472x535.webp 472w, https:\/\/www.eco-innov.com\/wp-content\/uploads\/logo-rohs.webp 1200w\" sizes=\"(max-width: 904px) 100vw, 904px\" \/><\/a><\/figure>\n<\/div>\n<\/div>\n\n<div style=\"height:100px\" aria-hidden=\"true\" class=\"wp-block-spacer\"><\/div>\n\n<p><\/p>\n","protected":false},"excerpt":{"rendered":"","protected":false},"author":1,"featured_media":0,"parent":0,"menu_order":4,"comment_status":"closed","ping_status":"closed","template":"","meta":{"_acf_changed":false,"inline_featured_image":false,"footnotes":""},"class_list":["post-9345","page","type-page","status-publish","hentry"],"acf":[],"_links":{"self":[{"href":"https:\/\/www.eco-innov.com\/de\/wp-json\/wp\/v2\/pages\/9345","targetHints":{"allow":["GET"]}}],"collection":[{"href":"https:\/\/www.eco-innov.com\/de\/wp-json\/wp\/v2\/pages"}],"about":[{"href":"https:\/\/www.eco-innov.com\/de\/wp-json\/wp\/v2\/types\/page"}],"author":[{"embeddable":true,"href":"https:\/\/www.eco-innov.com\/de\/wp-json\/wp\/v2\/users\/1"}],"replies":[{"embeddable":true,"href":"https:\/\/www.eco-innov.com\/de\/wp-json\/wp\/v2\/comments?post=9345"}],"version-history":[{"count":1,"href":"https:\/\/www.eco-innov.com\/de\/wp-json\/wp\/v2\/pages\/9345\/revisions"}],"predecessor-version":[{"id":9347,"href":"https:\/\/www.eco-innov.com\/de\/wp-json\/wp\/v2\/pages\/9345\/revisions\/9347"}],"wp:attachment":[{"href":"https:\/\/www.eco-innov.com\/de\/wp-json\/wp\/v2\/media?parent=9345"}],"curies":[{"name":"wp","href":"https:\/\/api.w.org\/{rel}","templated":true}]}}