{"id":9342,"date":"2026-01-21T11:28:26","date_gmt":"2026-01-21T10:28:26","guid":{"rendered":"https:\/\/www.eco-innov.com\/recycling\/"},"modified":"2026-04-23T15:07:05","modified_gmt":"2026-04-23T13:07:05","slug":"recycling","status":"publish","type":"page","link":"https:\/\/www.eco-innov.com\/de\/recycling\/","title":{"rendered":"Recycling"},"content":{"rendered":"<\/div>\n<div id=\"block-hero-block_f4b1e27f48cb4778804918c3f9a31228\" class=\"container-fluid header_page_part px-0  block-hero\">\n        <div class=\"container\">\n        <div class=\"row\">\n            <div class=\"col-12 col-md-12 col-lg-11 col-xl-9 col-xxl-8\">\n                <nav aria-label=\"breadcrumbs\" class=\"rank-math-breadcrumb\"><p><span class=\"last\">Startseite<\/span><\/p><\/nav>                                    <h1 class=\"with_line with_line_lg\">Recycling von Produkten am Ende ihrer Lebensdauer<\/h1>\n                                \n                <p>Das Recycling von professionellen Elektro- und Elektronikaltger\u00e4ten (WEEE) erm\u00f6glicht es, einen gro\u00dfen Teil der verwendeten Komponenten wiederzuverwerten und so die nat\u00fcrlichen Ressourcen zu schonen.<\/p>\n\n\n                            <\/div>\n        <\/div>\n\n\n    <\/div>\n<\/div>\n<div class=\"container\">\n\n\n\n\n\n\n<div id=\"block-hero-block_0528e8ba2edb71c29cc229c637c03b40\"\n    class=\"container columns_part  block-hero\">\n    <div class=\"row\">\n        <div class=\"col-12 d-flex flex-wrap align-items-stretch justify-content-center max-w-content\">\n                                <div class=\"col-lg-4 col-md-6 col-sm-6 col-xs-12 item my-4 item-column d-flex flex-column\">\n                        <div class=\"inner\">\n                                                            <div class=\"cover\">\n                                    <img decoding=\"async\" src=\"https:\/\/www.eco-innov.com\/wp-content\/uploads\/ecosystem-logo-400x123.webp\" alt=\"Ecosystem\" class=\"img-fluid\">\n                                <\/div>\n                                                            <div class=\"caption flex-grow-1\">\n                                <p class=\"desc\">Wir sind Gr\u00fcndungsmitglied des Recyclingsystems f\u00fcr professionelle Elektro- und Elektronik-Altger\u00e4te, das heute von der anerkannten \u00d6ko-Organisation ECOSYSTEM verwaltet wird.\r\nIn diesem Zusammenhang finanzieren wir die R\u00fccknahme und das Recycling von elektronischen Sicherheits-, Beleuchtungs- und Steuerungsger\u00e4ten, die am Ende ihrer Lebensdauer auf den Markt gebracht werden, um unsere Verpflichtungen aus Vorschriften einzuhalten und unseren Kunden zu erm\u00f6glichen, ihre eigenen Verpflichtungen in \u00dcbereinstimmung mit diesen Vorschriften zu erf\u00fcllen.<\/p><p class=\"link_part\"><a href=\"https:\/\/www.ecosystem.eco\/\" class=\"link\" target=\"blank\" rel=\"noopener\">Besuchen Sie die Website unseres Partners ECOSYSTEM<\/a><\/p>                            <\/div>\n                        <\/div>\n                    <\/div>\n\n                                    <div class=\"col-lg-4 col-md-6 col-sm-6 col-xs-12 item my-4 item-column d-flex flex-column\">\n                        <div class=\"inner\">\n                                                            <div class=\"cover\">\n                                    <img decoding=\"async\" src=\"https:\/\/www.eco-innov.com\/wp-content\/uploads\/logo_batribox-400x114.webp\" alt=\"\" class=\"img-fluid\">\n                                <\/div>\n                                                            <div class=\"caption flex-grow-1\">\n                                <p class=\"desc\">Wir sind auch Mitglied der anerkannten \u00d6ko-Organisation BATRIBOX, die f\u00fcr die Sammlung, das Recycling und die Verwertung der Akkumulatoren zust\u00e4ndig ist, die in einen Teil unserer Solar-Ausr\u00fcstung eingebaut sind.\r\nDieses Engagement erm\u00f6glicht es uns, ein verantwortungsvolles Management der Batterien am Ende ihrer Lebensdauer zu gew\u00e4hrleisten, unter Einhaltung der gesetzlichen Anforderungen, und gleichzeitig unsere Kunden bei ihren eigenen Umweltverpflichtungen zu unterst\u00fctzen.<\/p><p class=\"link_part\"><a href=\"https:\/\/www.batribox.fr\/\" class=\"link\" target=\"blank\" rel=\"noopener\">Besuchen Sie die Website unseres Partners BATRIBOX<\/a><\/p>                            <\/div>\n                        <\/div>\n                    <\/div>\n\n                        <\/div>\n    <\/div>\n\n<\/div>\n\n\n<div class=\"wp-block-group alignwide is-layout-flow wp-block-group-is-layout-flow\" style=\"padding-top:var(--wp--preset--spacing--m);padding-bottom:var(--wp--preset--spacing--xl)\">\n<h2 class=\"wp-block-heading\"><span><strong><strong>Sammlung, Einhaltung von Vorschriften und Lichtplanung<\/strong><\/strong><\/span><\/h2>\n\n\n\n<p><strong>Wir sind einer der ersten Hersteller, der seinen Kunden eine einfache und kostenlose L\u00f6sung f\u00fcr die Sammlung von professionellen EAG angeboten hat, unabh\u00e4ngig vom Datum des Inverkehrbringens.<\/strong><\/p>\n\n\n\n<p>Die Sammlung erfolgt \u00fcber ein b\u00fcrgernahes Netz von professionellen M\u00fclldeponien und Gro\u00dfhandelspartnern, die \u00fcber die gesamte Gruppe des franz\u00f6sischen Mutterlandes sowie die \u00dcberseedepartements und -territorien verteilt sind.<\/p>\n\n\n\n<p>Unsere eindeutige Kennung FR006801_05MBCK, die von ADEME vergeben wurde, best\u00e4tigt unsere Registrierung im Register der Hersteller von elektrischen und elektronischen Ger\u00e4ten (EEE) gem\u00e4\u00df Artikel L.541-10-13 des Umweltgesetzbuches.<\/p>\n\n\n\n<p>Diese Kennung best\u00e4tigt unsere Einhaltung von Vorschriften, sowohl in Bezug auf das Material als auch auf die Erkl\u00e4rungen \u00fcber das Inverkehrbringen bei der zugelassenen \u00d6ko-Organisation ECOSYSTEM.<\/p>\n\n\n\n<p>Die Verpflichtungen, die wir mit den \u00d6ko-Organisationen ECOSYSTEM und BATRIBOX eingegangen sind, veranlassen uns, die Recyclinganforderungen bereits bei der Entwicklung unserer zuk\u00fcnftigen Produkte zu ber\u00fccksichtigen.<\/p>\n\n\n\n<p>Die Lichtplanung ist daher ein Schwerpunkt unserer Arbeit, der voll und ganz in unseren Innovationsprozess integriert ist.<\/p>\n\n\n\n<p>So wurde zum Beispiel unser Solar-Einbaustrahler ECO-120 f\u00fcr die Lichtmarkierung auf gr\u00fcnen Wegen von Anfang an so konzipiert, dass jede einzelne Komponente am Ende ihrer Lebensdauer einfach und effizient demontiert werden kann.<\/p>\n\n\n\n<p>Dieser Ansatz zielt darauf ab, die Wiederverwertung und Wiederverwendung von noch funktionierenden Elementen im Sinne einer Kreislaufwirtschaft und der Verantwortung f\u00fcr die Umwelt zu f\u00f6rdern.<\/p>\n\n\n\n<div class=\"wp-block-buttons is-layout-flex wp-block-buttons-is-layout-flex\">\n<div class=\"wp-block-button\"><a class=\"wp-block-button__link wp-element-button\" href=\"https:\/\/www.eco-innov.com\/de\/produkte\/\">Entdecken Sie unsere Produkte<\/a><\/div>\n<\/div>\n<\/div>\n\n\n\n<p><\/p>\n","protected":false},"excerpt":{"rendered":"<p>Sammlung, Einhaltung von Vorschriften und Lichtplanung Wir sind einer der ersten Hersteller, der seinen Kunden eine einfache und kostenlose L\u00f6sung f\u00fcr die Sammlung von professionellen EAG angeboten hat, unabh\u00e4ngig vom Datum des Inverkehrbringens. Die Sammlung erfolgt \u00fcber ein b\u00fcrgernahes Netz von professionellen M\u00fclldeponien und Gro\u00dfhandelspartnern, die \u00fcber die gesamte Gruppe des franz\u00f6sischen Mutterlandes sowie die [&hellip;]<\/p>\n","protected":false},"author":1,"featured_media":0,"parent":0,"menu_order":7,"comment_status":"closed","ping_status":"closed","template":"","meta":{"_acf_changed":false,"inline_featured_image":false,"footnotes":""},"class_list":["post-9342","page","type-page","status-publish","hentry"],"acf":[],"_links":{"self":[{"href":"https:\/\/www.eco-innov.com\/de\/wp-json\/wp\/v2\/pages\/9342","targetHints":{"allow":["GET"]}}],"collection":[{"href":"https:\/\/www.eco-innov.com\/de\/wp-json\/wp\/v2\/pages"}],"about":[{"href":"https:\/\/www.eco-innov.com\/de\/wp-json\/wp\/v2\/types\/page"}],"author":[{"embeddable":true,"href":"https:\/\/www.eco-innov.com\/de\/wp-json\/wp\/v2\/users\/1"}],"replies":[{"embeddable":true,"href":"https:\/\/www.eco-innov.com\/de\/wp-json\/wp\/v2\/comments?post=9342"}],"version-history":[{"count":2,"href":"https:\/\/www.eco-innov.com\/de\/wp-json\/wp\/v2\/pages\/9342\/revisions"}],"predecessor-version":[{"id":9829,"href":"https:\/\/www.eco-innov.com\/de\/wp-json\/wp\/v2\/pages\/9342\/revisions\/9829"}],"wp:attachment":[{"href":"https:\/\/www.eco-innov.com\/de\/wp-json\/wp\/v2\/media?parent=9342"}],"curies":[{"name":"wp","href":"https:\/\/api.w.org\/{rel}","templated":true}]}}