{"id":9338,"date":"2026-01-21T11:29:29","date_gmt":"2026-01-21T10:29:29","guid":{"rendered":"https:\/\/www.eco-innov.com\/massgeschneidert\/"},"modified":"2026-04-24T11:50:10","modified_gmt":"2026-04-24T09:50:10","slug":"massgeschneidert","status":"publish","type":"page","link":"https:\/\/www.eco-innov.com\/de\/massgeschneidert\/","title":{"rendered":"Ma\u00dfgeschneidert"},"content":{"rendered":"<\/div>\n<div id=\"block-hero-block_162586998221c5beaba43e91beb38472\" class=\"container-fluid header_page_part px-0  block-hero\">\n        <div class=\"container\">\n        <div class=\"row\">\n            <div class=\"col-12 col-md-12 col-lg-11 col-xl-9 col-xxl-8\">\n                <nav aria-label=\"breadcrumbs\" class=\"rank-math-breadcrumb\"><p><span class=\"last\">Startseite<\/span><\/p><\/nav>                                    <h1 class=\"with_line with_line_lg\">Ma\u00dfgeschneidert<\/h1>\n                                \n                \n\n                            <\/div>\n        <\/div>\n\n\n    <\/div>\n<\/div>\n<div class=\"container\">\n\n\n\n\n\n\n<\/div>\n<div id=\"block-hero-block_2dc44aa8427c0bed66653e0689adf3ca\" class=\"container-fluid txt_media_part  block-hero\">\n    <div class=\"row\">\n        <div class=\"col-12 col-lg-6 col-xl-6 px-0 media order-1 order-lg-1\">\n            <img decoding=\"async\" src=\"https:\/\/www.eco-innov.com\/wp-content\/uploads\/75_ECO-84_Musee_Rodin_Paris_Balisage_Parc_Jardin_\u00a9Marc_Domage-95.jpg\" alt=\"\" class=\"img-fluid\">        <\/div>\n        <div class=\"col-12 col-lg-6 col-xl-6 col-xxl-5 px-xl-5 pt-5 pt-lg-0 txt order-2 order-lg-2 d-flex align-items-center\">\n            <div class=\"txt_part\">\n            <div class=\"content\"><h2>Ma\u00dfgeschneiderte Produkte sind unser Know-How<\/h2>\n<p>Wir sind in der Lage, Lichtmarkierungen zu entwickeln oder unsere bestehenden L\u00f6sungen in Ihre Projekte zu integrieren, egal ob es sich um eine Kunstprojekt, eine einzigartiges Stadtentwicklungsprojekt oder eine besondere technische Installation handelt.<\/p>\n<p>Jedes Projekt ist einzigartig. Deshalb passen wir unsere Produkte, Technologien und Integrationsmethoden an, um Ihren \u00e4sthetischen, technischen, umweltbezogenen und nutzungsbedingten Anforderungen gerecht zu werden.<\/p>\n<p>&nbsp;<\/p>\n<\/div>            <\/div>\n        <\/div>\n    <\/div>\n\n<\/div>\n\n<div class=\"container\">\n\n\n<\/div>\n<div id=\"block-hero-block_9734d07a71265e7ab07dcef4100271a0\" class=\"container-fluid txt_media_part  block-hero\">\n    <div class=\"row\">\n        <div class=\"col-12 col-lg-6 col-xl-6 px-0 media order-1 order-lg-2\">\n            <img decoding=\"async\" src=\"https:\/\/www.eco-innov.com\/wp-content\/uploads\/75_ECO-84_Musee_Rodin_Paris_Balisage_Parc_Jardin_\u00a9Marc_Domage-62.webp\" alt=\"\" class=\"img-fluid\">        <\/div>\n        <div class=\"col-12 col-lg-6 col-xl-6 col-xxl-5 px-xl-5 pt-5 pt-lg-0 txt order-2 order-lg-1 offset-xxl-1 d-flex align-items-center\">\n            <div class=\"txt_part\">\n            <div class=\"content\"><h2>Ma\u00dfgeschneiderte Begleitung von der Lichtplanung bis zur Umsetzung<\/h2>\n<p>Wir begleiten Sie von Anfang bis zum Ende Ihres Projekts in enger Zusammenarbeit mit Designb\u00fcros, Architekten, Designern, K\u00fcnstlern und Projektleitern zusammen.<\/p>\n<p>Unser Ansatz beruht auf einem genauen Verst\u00e4ndnis Ihres Projekts und seines Kontexts, um die relevantesten technischen L\u00f6sungen auszuw\u00e4hlen und zu entwickeln.<\/p>\n<p>&nbsp;<\/p>\n<\/div>            <\/div>\n        <\/div>\n    <\/div>\n\n<\/div>\n\n<div class=\"container\">\n\n\n<div style=\"height:30px\" aria-hidden=\"true\" class=\"wp-block-spacer\"><\/div>\n\n\n\n<div class=\"wp-block-group has-global-padding is-layout-constrained wp-container-core-group-is-layout-f63a2a47 wp-block-group-is-layout-constrained\" style=\"padding-top:var(--wp--preset--spacing--m);padding-bottom:var(--wp--preset--spacing--m)\">\n<h3 class=\"wp-block-heading has-text-align-center\"><strong>Wir stehen Ihnen bei jedem Schritt zur Seite<\/strong><\/h3>\n\n\n\n<div style=\"height:20px\" aria-hidden=\"true\" class=\"wp-block-spacer\"><\/div>\n\n\n\n<div class=\"wp-block-group alignwide is-layout-grid wp-container-core-group-is-layout-280da422 wp-block-group-is-layout-grid\" style=\"margin-top:var(--wp--preset--spacing--m);margin-bottom:var(--wp--preset--spacing--m)\">\n<div class=\"wp-block-group has-global-padding is-layout-constrained wp-block-group-is-layout-constrained\">\n<figure class=\"wp-block-image aligncenter size-full is-resized\"><img decoding=\"async\" width=\"257\" height=\"280\" src=\"https:\/\/www.eco-innov.com\/wp-content\/uploads\/eco-innov-picto-conseil.png\" alt=\"\" class=\"wp-image-6042\" style=\"object-fit:contain;width:64px;height:64px\"\/><\/figure>\n\n\n\n<p class=\"has-text-align-center\">Beratung zum Standort,<br>Integration und Installation<\/p>\n<\/div>\n\n\n\n<div class=\"wp-block-group has-global-padding is-layout-constrained wp-block-group-is-layout-constrained\">\n<figure class=\"wp-block-image aligncenter size-full is-resized\"><img decoding=\"async\" width=\"169\" height=\"203\" src=\"https:\/\/www.eco-innov.com\/wp-content\/uploads\/2choix2.webp\" alt=\"\" class=\"wp-image-8537\" style=\"object-fit:contain;width:64px;height:64px\"\/><\/figure>\n\n\n\n<p class=\"has-text-align-center\">Auswahl von Lichtkonfigurationen (Intensit\u00e4t, Kolorimetrie, Effekte, Funktion)<\/p>\n<\/div>\n\n\n\n<div class=\"wp-block-group has-global-padding is-layout-constrained wp-block-group-is-layout-constrained\">\n<figure class=\"wp-block-image aligncenter size-full is-resized\"><img decoding=\"async\" width=\"228\" height=\"233\" src=\"https:\/\/www.eco-innov.com\/wp-content\/uploads\/eco-innov-picto-adaptation.png\" alt=\"\" class=\"wp-image-6034\" style=\"object-fit:contain;width:64px;height:64px\"\/><\/figure>\n\n\n\n<p class=\"has-text-align-center\">Anpassung der Produkte<br>an die spezifischen Anforderungen des Standorts<\/p>\n<\/div>\n\n\n\n<div class=\"wp-block-group has-global-padding is-layout-constrained wp-block-group-is-layout-constrained\">\n<figure class=\"wp-block-image aligncenter size-full is-resized\"><img decoding=\"async\" width=\"408\" height=\"297\" src=\"https:\/\/www.eco-innov.com\/wp-content\/uploads\/eco-innov-picto-suivi.png\" alt=\"\" class=\"wp-image-6046\" style=\"object-fit:contain;width:64px;height:64px\" srcset=\"https:\/\/www.eco-innov.com\/wp-content\/uploads\/eco-innov-picto-suivi.png 408w, https:\/\/www.eco-innov.com\/wp-content\/uploads\/eco-innov-picto-suivi-330x240.png 330w, https:\/\/www.eco-innov.com\/wp-content\/uploads\/eco-innov-picto-suivi-400x291.png 400w, https:\/\/www.eco-innov.com\/wp-content\/uploads\/eco-innov-picto-suivi-365x266.png 365w\" sizes=\"(max-width: 408px) 100vw, 408px\" \/><\/figure>\n\n\n\n<p class=\"has-text-align-center\">Betreuung der Installationen durch unser lokales Netzwerk von Vertriebsmitarbeitern<\/p>\n<\/div>\n<\/div>\n<\/div>\n\n\n    <\/div>\n<div id=\"block-hero-block_4be5d36d4e1bea1542fc5dea7860500a\" class=\"bloc_cta bg-green block-hero alignwide\">\n    <div class=\"container\">\n        <div class=\"wrapper row\">\n            <div class=\"col-12 col-lg-9 leftcontent\">\n                <p>Gemeinsam einzigartige Lichtl\u00f6sungen schaffen<\/p>\n<p>Unsere F\u00e4higkeit, im Projektmodus zu arbeiten, mit kreativen und technischen Profilen zu interagieren und die LED- und Solar-Technologien zu beherrschen, erm\u00f6glicht es uns, ma\u00dfgeschneiderte L\u00f6sungen zu schaffen, die innovativ und nachhaltig sind.<\/p>\n            <\/div>\n            <div class=\"col-12 col-lg-3 d-flex align-items-center\">\n                            <p class=\"mt-5 mt-lg-0\"><a class=\"btn white-bg\" href=\"https:\/\/www.eco-innov.com\/de\/projekte\/\" target=\"_self\">Entdecken Sie unsere ma\u00dfgeschneiderten Projekte<\/a><\/p>\n                        <\/div>\n        <\/div>\n    <\/div>\n<\/div>\n<!-- <div class=\"container\"> -->\n\n","protected":false},"excerpt":{"rendered":"<p>Wir stehen Ihnen bei jedem Schritt zur Seite Beratung zum Standort,Integration und Installation Auswahl von Lichtkonfigurationen (Intensit\u00e4t, Kolorimetrie, Effekte, Funktion) Anpassung der Produktean die spezifischen Anforderungen des Standorts Betreuung der Installationen durch unser lokales Netzwerk von Vertriebsmitarbeitern<\/p>\n","protected":false},"author":1,"featured_media":0,"parent":0,"menu_order":5,"comment_status":"closed","ping_status":"closed","template":"","meta":{"_acf_changed":false,"inline_featured_image":false,"footnotes":""},"class_list":["post-9338","page","type-page","status-publish","hentry"],"acf":[],"_links":{"self":[{"href":"https:\/\/www.eco-innov.com\/de\/wp-json\/wp\/v2\/pages\/9338","targetHints":{"allow":["GET"]}}],"collection":[{"href":"https:\/\/www.eco-innov.com\/de\/wp-json\/wp\/v2\/pages"}],"about":[{"href":"https:\/\/www.eco-innov.com\/de\/wp-json\/wp\/v2\/types\/page"}],"author":[{"embeddable":true,"href":"https:\/\/www.eco-innov.com\/de\/wp-json\/wp\/v2\/users\/1"}],"replies":[{"embeddable":true,"href":"https:\/\/www.eco-innov.com\/de\/wp-json\/wp\/v2\/comments?post=9338"}],"version-history":[{"count":4,"href":"https:\/\/www.eco-innov.com\/de\/wp-json\/wp\/v2\/pages\/9338\/revisions"}],"predecessor-version":[{"id":9882,"href":"https:\/\/www.eco-innov.com\/de\/wp-json\/wp\/v2\/pages\/9338\/revisions\/9882"}],"wp:attachment":[{"href":"https:\/\/www.eco-innov.com\/de\/wp-json\/wp\/v2\/media?parent=9338"}],"curies":[{"name":"wp","href":"https:\/\/api.w.org\/{rel}","templated":true}]}}