{"id":9330,"date":"2026-01-21T11:28:36","date_gmt":"2026-01-21T10:28:36","guid":{"rendered":"https:\/\/www.eco-innov.com\/oekologische-charta\/"},"modified":"2026-04-23T15:07:53","modified_gmt":"2026-04-23T13:07:53","slug":"oekologische-charta","status":"publish","type":"page","link":"https:\/\/www.eco-innov.com\/de\/oekologische-charta\/","title":{"rendered":"\u00d6kologische Charta"},"content":{"rendered":"<\/div>\n<div id=\"block-hero-block_f98bb7245e5c2dabbdadc5707304eb3b\" class=\"container-fluid header_page_part px-0  block-hero\">\n        <div class=\"container\">\n        <div class=\"row\">\n            <div class=\"col-12 col-md-12 col-lg-11 col-xl-9 col-xxl-8\">\n                <nav aria-label=\"breadcrumbs\" class=\"rank-math-breadcrumb\"><p><span class=\"last\">Startseite<\/span><\/p><\/nav>                                    <h1 class=\"with_line with_line_lg\">Unsere Umweltcharta<\/h1>\n                                \n                <p>Unser Engagement f\u00fcr die Umwelt spiegelt sich in einer strukturierten und konkreten Umweltcharta wider. Wir sind bestrebt, die Qualit\u00e4t und Langlebigkeit unserer Produkte zu gew\u00e4hrleisten, indem wir die Prinzipien der Lichtplanung und verantwortungsvolle Praktiken in jede Phase unseres Unternehmens integrieren. <\/p>\n\n\n                            <\/div>\n        <\/div>\n\n\n    <\/div>\n<\/div>\n<div class=\"container\">\n\n\n\n\n\n\n<div class=\"wp-block-group alignwide is-layout-flow wp-container-core-group-is-layout-3175685b wp-block-group-is-layout-flow\" style=\"padding-top:var(--wp--preset--spacing--m);padding-bottom:var(--wp--preset--spacing--xl)\">\n<h2 class=\"wp-block-heading\"><span><strong>Unsere Verpflichtungen<\/strong><\/span><\/h2>\n\n\n\n<div class=\"wp-block-columns alignfull is-layout-flex wp-container-core-columns-is-layout-e8d40639 wp-block-columns-is-layout-flex\" style=\"padding-top:var(--wp--preset--spacing--s);padding-bottom:var(--wp--preset--spacing--s)\">\n<div class=\"wp-block-column is-layout-flow wp-block-column-is-layout-flow\">\n<figure data-wp-context=\"{&quot;imageId&quot;:&quot;69f0d68363b64&quot;}\" data-wp-interactive=\"core\/image\" data-wp-key=\"69f0d68363b64\" class=\"wp-block-image size-thumbnail is-resized wp-lightbox-container\"><img decoding=\"async\" width=\"150\" height=\"150\" data-wp-class--hide=\"state.isContentHidden\" data-wp-class--show=\"state.isContentVisible\" data-wp-init=\"callbacks.setButtonStyles\" data-wp-on--click=\"actions.showLightbox\" data-wp-on--load=\"callbacks.setButtonStyles\" data-wp-on-window--resize=\"callbacks.setButtonStyles\" src=\"https:\/\/www.eco-innov.com\/wp-content\/uploads\/num1-150x150.png\" alt=\"\" class=\"wp-image-6076\" style=\"width:150px;height:auto\" srcset=\"https:\/\/www.eco-innov.com\/wp-content\/uploads\/num1-150x150.png 150w, https:\/\/www.eco-innov.com\/wp-content\/uploads\/num1-450x450.png 450w, https:\/\/www.eco-innov.com\/wp-content\/uploads\/num1-330x330.png 330w, https:\/\/www.eco-innov.com\/wp-content\/uploads\/num1-180x180.png 180w, https:\/\/www.eco-innov.com\/wp-content\/uploads\/num1-400x400.png 400w, https:\/\/www.eco-innov.com\/wp-content\/uploads\/num1-365x365.png 365w, https:\/\/www.eco-innov.com\/wp-content\/uploads\/num1-535x535.png 535w, https:\/\/www.eco-innov.com\/wp-content\/uploads\/num1.png 603w\" sizes=\"(max-width: 150px) 100vw, 150px\" \/><button\n\t\t\tclass=\"lightbox-trigger\"\n\t\t\ttype=\"button\"\n\t\t\taria-haspopup=\"dialog\"\n\t\t\taria-label=\"Vergr\u00f6\u00dfern\"\n\t\t\tdata-wp-init=\"callbacks.initTriggerButton\"\n\t\t\tdata-wp-on--click=\"actions.showLightbox\"\n\t\t\tdata-wp-style--right=\"state.imageButtonRight\"\n\t\t\tdata-wp-style--top=\"state.imageButtonTop\"\n\t\t>\n\t\t\t<svg xmlns=\"http:\/\/www.w3.org\/2000\/svg\" width=\"12\" height=\"12\" fill=\"none\" viewBox=\"0 0 12 12\">\n\t\t\t\t<path fill=\"#fff\" d=\"M2 0a2 2 0 0 0-2 2v2h1.5V2a.5.5 0 0 1 .5-.5h2V0H2Zm2 10.5H2a.5.5 0 0 1-.5-.5V8H0v2a2 2 0 0 0 2 2h2v-1.5ZM8 12v-1.5h2a.5.5 0 0 0 .5-.5V8H12v2a2 2 0 0 1-2 2H8Zm2-12a2 2 0 0 1 2 2v2h-1.5V2a.5.5 0 0 0-.5-.5H8V0h2Z\" \/>\n\t\t\t<\/svg>\n\t\t<\/button><\/figure>\n\n\n\n<h3 class=\"wp-block-heading\">Qualit\u00e4t und Nachhaltigkeit unserer Produkte<\/h3>\n\n\n\n<p>Die Qualit\u00e4t der Herstellung, die eine lange Lebensdauer der Produkte und eine geringe Anzahl von Wartungen gew\u00e4hrleistet, ist der erste Hebel zur Reduzierung der Umweltbelastung durch unsere Anlagen.<\/p>\n\n\n\n<p>Auch wenn es keine &#8222;Nullfehler&#8220; gibt, insbesondere bei elektronischen Ger\u00e4ten, ist es unsere Priorit\u00e4t, langlebige und entwicklungsf\u00e4hige L\u00f6sungen auf den Markt zu bringen.<\/p>\n\n\n\n<p>In unseren Bereichen Niederspannung und Solar verwenden wir LEDs mit einer gesch\u00e4tzten durchschnittlichen Lebensdauer von 100.000 Stunden.<br>Einige Solarmodule sind auch mit Kondensatoren ausgestattet, die eine durchschnittliche Lebensdauer von mehr als 10 Jahren haben.<\/p>\n<\/div>\n\n\n\n<div class=\"wp-block-column is-layout-flow wp-block-column-is-layout-flow\">\n<figure data-wp-context=\"{&quot;imageId&quot;:&quot;69f0d6836496a&quot;}\" data-wp-interactive=\"core\/image\" data-wp-key=\"69f0d6836496a\" class=\"wp-block-image size-thumbnail is-resized wp-lightbox-container\"><img decoding=\"async\" width=\"150\" height=\"150\" data-wp-class--hide=\"state.isContentHidden\" data-wp-class--show=\"state.isContentVisible\" data-wp-init=\"callbacks.setButtonStyles\" data-wp-on--click=\"actions.showLightbox\" data-wp-on--load=\"callbacks.setButtonStyles\" data-wp-on-window--resize=\"callbacks.setButtonStyles\" src=\"https:\/\/www.eco-innov.com\/wp-content\/uploads\/num2-150x150.png\" alt=\"\" class=\"wp-image-6080\" style=\"width:150px;height:auto\" srcset=\"https:\/\/www.eco-innov.com\/wp-content\/uploads\/num2-150x150.png 150w, https:\/\/www.eco-innov.com\/wp-content\/uploads\/num2-450x450.png 450w, https:\/\/www.eco-innov.com\/wp-content\/uploads\/num2-330x330.png 330w, https:\/\/www.eco-innov.com\/wp-content\/uploads\/num2-180x180.png 180w, https:\/\/www.eco-innov.com\/wp-content\/uploads\/num2-400x400.png 400w, https:\/\/www.eco-innov.com\/wp-content\/uploads\/num2-365x365.png 365w, https:\/\/www.eco-innov.com\/wp-content\/uploads\/num2-535x535.png 535w, https:\/\/www.eco-innov.com\/wp-content\/uploads\/num2.png 603w\" sizes=\"(max-width: 150px) 100vw, 150px\" \/><button\n\t\t\tclass=\"lightbox-trigger\"\n\t\t\ttype=\"button\"\n\t\t\taria-haspopup=\"dialog\"\n\t\t\taria-label=\"Vergr\u00f6\u00dfern\"\n\t\t\tdata-wp-init=\"callbacks.initTriggerButton\"\n\t\t\tdata-wp-on--click=\"actions.showLightbox\"\n\t\t\tdata-wp-style--right=\"state.imageButtonRight\"\n\t\t\tdata-wp-style--top=\"state.imageButtonTop\"\n\t\t>\n\t\t\t<svg xmlns=\"http:\/\/www.w3.org\/2000\/svg\" width=\"12\" height=\"12\" fill=\"none\" viewBox=\"0 0 12 12\">\n\t\t\t\t<path fill=\"#fff\" d=\"M2 0a2 2 0 0 0-2 2v2h1.5V2a.5.5 0 0 1 .5-.5h2V0H2Zm2 10.5H2a.5.5 0 0 1-.5-.5V8H0v2a2 2 0 0 0 2 2h2v-1.5ZM8 12v-1.5h2a.5.5 0 0 0 .5-.5V8H12v2a2 2 0 0 1-2 2H8Zm2-12a2 2 0 0 1 2 2v2h-1.5V2a.5.5 0 0 0-.5-.5H8V0h2Z\" \/>\n\t\t\t<\/svg>\n\t\t<\/button><\/figure>\n\n\n\n<h3 class=\"wp-block-heading\">Recycling von Produkten am Ende ihrer Lebensdauer<\/h3>\n\n\n\n<p>Wir sind Gr\u00fcndungsmitglied des Recyclingsystems f\u00fcr professionelle Elektro- und Elektronik-Altger\u00e4te, das heute von der anerkannten \u00d6ko-Organisation ECOSYSTEM verwaltet wird.<\/p>\n\n\n\n<p>In diesem Zusammenhang finanzieren wir die R\u00fccknahme von elektronischen Sicherheits-, Beleuchtungs- und Steuerungsger\u00e4ten am Ende ihrer Lebensdauer, um unsere gesetzlichen Verpflichtungen zu erf\u00fcllen und unseren Kunden die M\u00f6glichkeit zu geben, ihre eigenen Verpflichtungen zu erf\u00fcllen.<\/p>\n<\/div>\n\n\n\n<div class=\"wp-block-column is-layout-flow wp-block-column-is-layout-flow\">\n<figure data-wp-context=\"{&quot;imageId&quot;:&quot;69f0d683652ca&quot;}\" data-wp-interactive=\"core\/image\" data-wp-key=\"69f0d683652ca\" class=\"wp-block-image size-thumbnail is-resized wp-lightbox-container\"><img decoding=\"async\" width=\"150\" height=\"150\" data-wp-class--hide=\"state.isContentHidden\" data-wp-class--show=\"state.isContentVisible\" data-wp-init=\"callbacks.setButtonStyles\" data-wp-on--click=\"actions.showLightbox\" data-wp-on--load=\"callbacks.setButtonStyles\" data-wp-on-window--resize=\"callbacks.setButtonStyles\" src=\"https:\/\/www.eco-innov.com\/wp-content\/uploads\/num3-150x150.webp\" alt=\"\" class=\"wp-image-7944\" style=\"width:150px;height:auto\" srcset=\"https:\/\/www.eco-innov.com\/wp-content\/uploads\/num3-150x150.webp 150w, https:\/\/www.eco-innov.com\/wp-content\/uploads\/num3-450x450.webp 450w, https:\/\/www.eco-innov.com\/wp-content\/uploads\/num3-330x330.webp 330w, https:\/\/www.eco-innov.com\/wp-content\/uploads\/num3-180x180.webp 180w, https:\/\/www.eco-innov.com\/wp-content\/uploads\/num3-400x400.webp 400w, https:\/\/www.eco-innov.com\/wp-content\/uploads\/num3-365x365.webp 365w, https:\/\/www.eco-innov.com\/wp-content\/uploads\/num3-535x535.webp 535w, https:\/\/www.eco-innov.com\/wp-content\/uploads\/num3.webp 603w\" sizes=\"(max-width: 150px) 100vw, 150px\" \/><button\n\t\t\tclass=\"lightbox-trigger\"\n\t\t\ttype=\"button\"\n\t\t\taria-haspopup=\"dialog\"\n\t\t\taria-label=\"Vergr\u00f6\u00dfern\"\n\t\t\tdata-wp-init=\"callbacks.initTriggerButton\"\n\t\t\tdata-wp-on--click=\"actions.showLightbox\"\n\t\t\tdata-wp-style--right=\"state.imageButtonRight\"\n\t\t\tdata-wp-style--top=\"state.imageButtonTop\"\n\t\t>\n\t\t\t<svg xmlns=\"http:\/\/www.w3.org\/2000\/svg\" width=\"12\" height=\"12\" fill=\"none\" viewBox=\"0 0 12 12\">\n\t\t\t\t<path fill=\"#fff\" d=\"M2 0a2 2 0 0 0-2 2v2h1.5V2a.5.5 0 0 1 .5-.5h2V0H2Zm2 10.5H2a.5.5 0 0 1-.5-.5V8H0v2a2 2 0 0 0 2 2h2v-1.5ZM8 12v-1.5h2a.5.5 0 0 0 .5-.5V8H12v2a2 2 0 0 1-2 2H8Zm2-12a2 2 0 0 1 2 2v2h-1.5V2a.5.5 0 0 0-.5-.5H8V0h2Z\" \/>\n\t\t\t<\/svg>\n\t\t<\/button><\/figure>\n\n\n\n<h3 class=\"wp-block-heading\">\u00d6kologische Lichtplanung<\/h3>\n\n\n\n<p>Die Verpflichtungen, die wir mit den \u00d6ko-Organisationen ECOSYSTEM und BATRIBOX eingegangen sind, veranlassen uns, die Recyclinganforderungen bereits in der Entwicklung unserer zuk\u00fcnftigen Produkte zu ber\u00fccksichtigen.<\/p>\n\n\n\n<p>Die Lichtplanung ist einer unserer Schwerpunkte, wie unsere j\u00fcngste Innovation zeigt.<\/p>\n\n\n\n<p>Bei der Lichtplanung unseres Solar-Einbaustrahlers ECO-120 f\u00fcr die Lichtmarkierung auf gr\u00fcnen Wegen wurde von Anfang an darauf geachtet, dass die einzelnen Komponenten am Ende ihrer Lebensdauer einfach demontiert werden k\u00f6nnen, so dass sie wiederverwertet und wiederverwendet werden k\u00f6nnen.<\/p>\n<\/div>\n<\/div>\n\n\n\n<div class=\"wp-block-columns alignfull is-layout-flex wp-container-core-columns-is-layout-e8d40639 wp-block-columns-is-layout-flex\" style=\"padding-top:var(--wp--preset--spacing--s);padding-bottom:var(--wp--preset--spacing--s)\">\n<div class=\"wp-block-column is-layout-flow wp-block-column-is-layout-flow\">\n<figure data-wp-context=\"{&quot;imageId&quot;:&quot;69f0d68365c2c&quot;}\" data-wp-interactive=\"core\/image\" data-wp-key=\"69f0d68365c2c\" class=\"wp-block-image size-thumbnail is-resized wp-lightbox-container\"><img decoding=\"async\" width=\"150\" height=\"150\" data-wp-class--hide=\"state.isContentHidden\" data-wp-class--show=\"state.isContentVisible\" data-wp-init=\"callbacks.setButtonStyles\" data-wp-on--click=\"actions.showLightbox\" data-wp-on--load=\"callbacks.setButtonStyles\" data-wp-on-window--resize=\"callbacks.setButtonStyles\" src=\"https:\/\/www.eco-innov.com\/wp-content\/uploads\/num4-150x150.webp\" alt=\"\" class=\"wp-image-7948\" style=\"width:150px;height:auto\" srcset=\"https:\/\/www.eco-innov.com\/wp-content\/uploads\/num4-150x150.webp 150w, https:\/\/www.eco-innov.com\/wp-content\/uploads\/num4-450x450.webp 450w, https:\/\/www.eco-innov.com\/wp-content\/uploads\/num4-330x330.webp 330w, https:\/\/www.eco-innov.com\/wp-content\/uploads\/num4-180x180.webp 180w, https:\/\/www.eco-innov.com\/wp-content\/uploads\/num4-400x400.webp 400w, https:\/\/www.eco-innov.com\/wp-content\/uploads\/num4-365x365.webp 365w, https:\/\/www.eco-innov.com\/wp-content\/uploads\/num4-535x535.webp 535w, https:\/\/www.eco-innov.com\/wp-content\/uploads\/num4.webp 603w\" sizes=\"(max-width: 150px) 100vw, 150px\" \/><button\n\t\t\tclass=\"lightbox-trigger\"\n\t\t\ttype=\"button\"\n\t\t\taria-haspopup=\"dialog\"\n\t\t\taria-label=\"Vergr\u00f6\u00dfern\"\n\t\t\tdata-wp-init=\"callbacks.initTriggerButton\"\n\t\t\tdata-wp-on--click=\"actions.showLightbox\"\n\t\t\tdata-wp-style--right=\"state.imageButtonRight\"\n\t\t\tdata-wp-style--top=\"state.imageButtonTop\"\n\t\t>\n\t\t\t<svg xmlns=\"http:\/\/www.w3.org\/2000\/svg\" width=\"12\" height=\"12\" fill=\"none\" viewBox=\"0 0 12 12\">\n\t\t\t\t<path fill=\"#fff\" d=\"M2 0a2 2 0 0 0-2 2v2h1.5V2a.5.5 0 0 1 .5-.5h2V0H2Zm2 10.5H2a.5.5 0 0 1-.5-.5V8H0v2a2 2 0 0 0 2 2h2v-1.5ZM8 12v-1.5h2a.5.5 0 0 0 .5-.5V8H12v2a2 2 0 0 1-2 2H8Zm2-12a2 2 0 0 1 2 2v2h-1.5V2a.5.5 0 0 0-.5-.5H8V0h2Z\" \/>\n\t\t\t<\/svg>\n\t\t<\/button><\/figure>\n\n\n\n<h3 class=\"wp-block-heading\">Verantwortungsvolle digitale Kommunikation<\/h3>\n\n\n\n<p>Wir bevorzugen die Digitalisierung unserer Kataloge und technischen Dokumentationen.<\/p>\n\n\n\n<p>In allen unseren digitalen Gruppen empfehlen wir unseren Nutzern, nur dann zu drucken, wenn es notwendig ist.<\/p>\n\n\n\n<p>Die interne Korrespondenz erfolgt ausschlie\u00dflich auf elektronischem Wege. Externe Korrespondenz erfolgt nur dann per Post oder Fax, wenn dies absolut notwendig ist. <\/p>\n\n\n\n<p>Die Vermarktung, Installation, \u00dcberwachung und der Kundendienst unserer Projekte werden vollst\u00e4ndig \u00fcber digitale Tools gesteuert, insbesondere \u00fcber unsere CRM-Software (Customer Relationship Management).<\/p>\n<\/div>\n\n\n\n<div class=\"wp-block-column is-layout-flow wp-block-column-is-layout-flow\">\n<figure data-wp-context=\"{&quot;imageId&quot;:&quot;69f0d683664fa&quot;}\" data-wp-interactive=\"core\/image\" data-wp-key=\"69f0d683664fa\" class=\"wp-block-image size-thumbnail is-resized wp-lightbox-container\"><img decoding=\"async\" width=\"150\" height=\"150\" data-wp-class--hide=\"state.isContentHidden\" data-wp-class--show=\"state.isContentVisible\" data-wp-init=\"callbacks.setButtonStyles\" data-wp-on--click=\"actions.showLightbox\" data-wp-on--load=\"callbacks.setButtonStyles\" data-wp-on-window--resize=\"callbacks.setButtonStyles\" src=\"https:\/\/www.eco-innov.com\/wp-content\/uploads\/num5-150x150.webp\" alt=\"\" class=\"wp-image-7952\" style=\"width:150px;height:auto\" srcset=\"https:\/\/www.eco-innov.com\/wp-content\/uploads\/num5-150x150.webp 150w, https:\/\/www.eco-innov.com\/wp-content\/uploads\/num5-450x450.webp 450w, https:\/\/www.eco-innov.com\/wp-content\/uploads\/num5-330x330.webp 330w, https:\/\/www.eco-innov.com\/wp-content\/uploads\/num5-180x180.webp 180w, https:\/\/www.eco-innov.com\/wp-content\/uploads\/num5-400x400.webp 400w, https:\/\/www.eco-innov.com\/wp-content\/uploads\/num5-365x365.webp 365w, https:\/\/www.eco-innov.com\/wp-content\/uploads\/num5-535x535.webp 535w, https:\/\/www.eco-innov.com\/wp-content\/uploads\/num5.webp 603w\" sizes=\"(max-width: 150px) 100vw, 150px\" \/><button\n\t\t\tclass=\"lightbox-trigger\"\n\t\t\ttype=\"button\"\n\t\t\taria-haspopup=\"dialog\"\n\t\t\taria-label=\"Vergr\u00f6\u00dfern\"\n\t\t\tdata-wp-init=\"callbacks.initTriggerButton\"\n\t\t\tdata-wp-on--click=\"actions.showLightbox\"\n\t\t\tdata-wp-style--right=\"state.imageButtonRight\"\n\t\t\tdata-wp-style--top=\"state.imageButtonTop\"\n\t\t>\n\t\t\t<svg xmlns=\"http:\/\/www.w3.org\/2000\/svg\" width=\"12\" height=\"12\" fill=\"none\" viewBox=\"0 0 12 12\">\n\t\t\t\t<path fill=\"#fff\" d=\"M2 0a2 2 0 0 0-2 2v2h1.5V2a.5.5 0 0 1 .5-.5h2V0H2Zm2 10.5H2a.5.5 0 0 1-.5-.5V8H0v2a2 2 0 0 0 2 2h2v-1.5ZM8 12v-1.5h2a.5.5 0 0 0 .5-.5V8H12v2a2 2 0 0 1-2 2H8Zm2-12a2 2 0 0 1 2 2v2h-1.5V2a.5.5 0 0 0-.5-.5H8V0h2Z\" \/>\n\t\t\t<\/svg>\n\t\t<\/button><\/figure>\n\n\n\n<h3 class=\"wp-block-heading\">Umweltfreundliche Einkaufspolitik<\/h3>\n\n\n\n<p>Wir bevorzugen Lieferanten und Partner, die \u00fcber eine Umweltcharta verf\u00fcgen oder umweltfreundliche L\u00f6sungen entwickeln.<\/p>\n\n\n\n<p>Das von Eco-Innov verwendete Papier ist zu 100 % recycelt oder FSC-zertifiziert.<\/p>\n\n\n\n<p>Wir verpflichten uns auch, bei unseren Lieferanten, Unterlieferanten und Partnern das Bewusstsein f\u00fcr die Bedeutung verantwortungsvoller und nachhaltiger Praktiken zu sch\u00e4rfen.<\/p>\n<\/div>\n\n\n\n<div class=\"wp-block-column is-layout-flow wp-block-column-is-layout-flow\">\n<figure data-wp-context=\"{&quot;imageId&quot;:&quot;69f0d68366d4c&quot;}\" data-wp-interactive=\"core\/image\" data-wp-key=\"69f0d68366d4c\" class=\"wp-block-image size-thumbnail is-resized wp-lightbox-container\"><img decoding=\"async\" width=\"150\" height=\"150\" data-wp-class--hide=\"state.isContentHidden\" data-wp-class--show=\"state.isContentVisible\" data-wp-init=\"callbacks.setButtonStyles\" data-wp-on--click=\"actions.showLightbox\" data-wp-on--load=\"callbacks.setButtonStyles\" data-wp-on-window--resize=\"callbacks.setButtonStyles\" src=\"https:\/\/www.eco-innov.com\/wp-content\/uploads\/num6-150x150.webp\" alt=\"\" class=\"wp-image-7956\" style=\"width:150px;height:auto\" srcset=\"https:\/\/www.eco-innov.com\/wp-content\/uploads\/num6-150x150.webp 150w, https:\/\/www.eco-innov.com\/wp-content\/uploads\/num6-450x450.webp 450w, https:\/\/www.eco-innov.com\/wp-content\/uploads\/num6-330x330.webp 330w, https:\/\/www.eco-innov.com\/wp-content\/uploads\/num6-180x180.webp 180w, https:\/\/www.eco-innov.com\/wp-content\/uploads\/num6-400x400.webp 400w, https:\/\/www.eco-innov.com\/wp-content\/uploads\/num6-365x365.webp 365w, https:\/\/www.eco-innov.com\/wp-content\/uploads\/num6-535x535.webp 535w, https:\/\/www.eco-innov.com\/wp-content\/uploads\/num6.webp 603w\" sizes=\"(max-width: 150px) 100vw, 150px\" \/><button\n\t\t\tclass=\"lightbox-trigger\"\n\t\t\ttype=\"button\"\n\t\t\taria-haspopup=\"dialog\"\n\t\t\taria-label=\"Vergr\u00f6\u00dfern\"\n\t\t\tdata-wp-init=\"callbacks.initTriggerButton\"\n\t\t\tdata-wp-on--click=\"actions.showLightbox\"\n\t\t\tdata-wp-style--right=\"state.imageButtonRight\"\n\t\t\tdata-wp-style--top=\"state.imageButtonTop\"\n\t\t>\n\t\t\t<svg xmlns=\"http:\/\/www.w3.org\/2000\/svg\" width=\"12\" height=\"12\" fill=\"none\" viewBox=\"0 0 12 12\">\n\t\t\t\t<path fill=\"#fff\" d=\"M2 0a2 2 0 0 0-2 2v2h1.5V2a.5.5 0 0 1 .5-.5h2V0H2Zm2 10.5H2a.5.5 0 0 1-.5-.5V8H0v2a2 2 0 0 0 2 2h2v-1.5ZM8 12v-1.5h2a.5.5 0 0 0 .5-.5V8H12v2a2 2 0 0 1-2 2H8Zm2-12a2 2 0 0 1 2 2v2h-1.5V2a.5.5 0 0 0-.5-.5H8V0h2Z\" \/>\n\t\t\t<\/svg>\n\t\t<\/button><\/figure>\n\n\n\n<h3 class=\"wp-block-heading\">Energie &amp; Verkehr<\/h3>\n\n\n\n<p>Unsere B\u00fcros sind ausschlie\u00dflich mit LED-Beleuchtungsl\u00f6sungen ausgestattet und werden weder nachts noch am Wochenende beleuchtet.<\/p>\n\n\n\n<p>Arbeitsstationen (Computer, Bildschirme, Drucker&#8230;) werden systematisch ausgeschaltet, wenn sie nicht benutzt werden; kein Ger\u00e4t bleibt im Standby-Modus.<\/p>\n\n\n\n<p>Flugreisen werden so weit wie m\u00f6glich eingeschr\u00e4nkt. Wenn sie notwendig sind, unterliegen sie einer Regelung zur Kompensation von CO\u2082-Emissionen. <\/p>\n\n\n\n<p>Wir f\u00f6rdern die Nutzung von sanften Fortbewegungsmitteln: Fahrrad, \u00f6ffentliche Verkehrsmittel, Fahrgemeinschaften.<\/p>\n<\/div>\n<\/div>\n\n\n\n<div class=\"wp-block-columns alignfull is-layout-flex wp-container-core-columns-is-layout-e8d40639 wp-block-columns-is-layout-flex\" style=\"padding-top:var(--wp--preset--spacing--s);padding-bottom:var(--wp--preset--spacing--s)\">\n<div class=\"wp-block-column is-layout-flow wp-block-column-is-layout-flow\" style=\"flex-basis:33.33%\">\n<figure data-wp-context=\"{&quot;imageId&quot;:&quot;69f0d68367630&quot;}\" data-wp-interactive=\"core\/image\" data-wp-key=\"69f0d68367630\" class=\"wp-block-image size-thumbnail is-resized wp-lightbox-container\"><img decoding=\"async\" width=\"150\" height=\"150\" data-wp-class--hide=\"state.isContentHidden\" data-wp-class--show=\"state.isContentVisible\" data-wp-init=\"callbacks.setButtonStyles\" data-wp-on--click=\"actions.showLightbox\" data-wp-on--load=\"callbacks.setButtonStyles\" data-wp-on-window--resize=\"callbacks.setButtonStyles\" src=\"https:\/\/www.eco-innov.com\/wp-content\/uploads\/num7-150x150.webp\" alt=\"\" class=\"wp-image-7960\" style=\"width:150px;height:auto\" srcset=\"https:\/\/www.eco-innov.com\/wp-content\/uploads\/num7-150x150.webp 150w, https:\/\/www.eco-innov.com\/wp-content\/uploads\/num7-450x450.webp 450w, https:\/\/www.eco-innov.com\/wp-content\/uploads\/num7-330x330.webp 330w, https:\/\/www.eco-innov.com\/wp-content\/uploads\/num7-180x180.webp 180w, https:\/\/www.eco-innov.com\/wp-content\/uploads\/num7-400x400.webp 400w, https:\/\/www.eco-innov.com\/wp-content\/uploads\/num7-365x365.webp 365w, https:\/\/www.eco-innov.com\/wp-content\/uploads\/num7-535x535.webp 535w, https:\/\/www.eco-innov.com\/wp-content\/uploads\/num7.webp 603w\" sizes=\"(max-width: 150px) 100vw, 150px\" \/><button\n\t\t\tclass=\"lightbox-trigger\"\n\t\t\ttype=\"button\"\n\t\t\taria-haspopup=\"dialog\"\n\t\t\taria-label=\"Vergr\u00f6\u00dfern\"\n\t\t\tdata-wp-init=\"callbacks.initTriggerButton\"\n\t\t\tdata-wp-on--click=\"actions.showLightbox\"\n\t\t\tdata-wp-style--right=\"state.imageButtonRight\"\n\t\t\tdata-wp-style--top=\"state.imageButtonTop\"\n\t\t>\n\t\t\t<svg xmlns=\"http:\/\/www.w3.org\/2000\/svg\" width=\"12\" height=\"12\" fill=\"none\" viewBox=\"0 0 12 12\">\n\t\t\t\t<path fill=\"#fff\" d=\"M2 0a2 2 0 0 0-2 2v2h1.5V2a.5.5 0 0 1 .5-.5h2V0H2Zm2 10.5H2a.5.5 0 0 1-.5-.5V8H0v2a2 2 0 0 0 2 2h2v-1.5ZM8 12v-1.5h2a.5.5 0 0 0 .5-.5V8H12v2a2 2 0 0 1-2 2H8Zm2-12a2 2 0 0 1 2 2v2h-1.5V2a.5.5 0 0 0-.5-.5H8V0h2Z\" \/>\n\t\t\t<\/svg>\n\t\t<\/button><\/figure>\n\n\n\n<h3 class=\"wp-block-heading\">Abfallmanagement<\/h3>\n\n\n\n<p>Die gesamte Gruppe der vom Unternehmen erzeugten Abf\u00e4lle wird systematisch sortiert und recycelt.<\/p>\n\n\n\n<p>Jedes B\u00fcro ist mit einem eigenen M\u00fclleimer und einem Papierkorb f\u00fcr das Recycling ausgestattet.<\/p>\n\n\n\n<p>Elektronische Ger\u00e4te, die Batterien ben\u00f6tigen, werden mit wiederaufladbaren Batterien ausgestattet. Ladeger\u00e4te und Sammelbeh\u00e4lter f\u00fcr Altger\u00e4te werden zur Verf\u00fcgung gestellt. <\/p>\n\n\n\n<p>Die M\u00fclltrennung wird an der Wand montiert, wobei Kunststoffverpackungen (PET) und Aluminium getrennt gesammelt werden.<\/p>\n\n\n\n<p>Tonerkartuschen f\u00fcr Drucker werden von spezialisierten Recyclingunternehmen gesammelt.<\/p>\n<\/div>\n<\/div>\n<\/div>\n\n\n\n<div class=\"wp-block-group alignwide is-layout-flow wp-block-group-is-layout-flow\" style=\"padding-top:var(--wp--preset--spacing--m);padding-bottom:var(--wp--preset--spacing--xl)\">\n<h2 class=\"wp-block-heading\"><span><strong><strong>Sammlung, Einhaltung von Vorschriften und Lichtplanung<\/strong><\/strong><\/span><\/h2>\n\n\n\n<p><strong>Wir sind einer der ersten Hersteller, der seinen Kunden eine einfache und kostenlose L\u00f6sung f\u00fcr die Sammlung von professionellen EAG angeboten hat, unabh\u00e4ngig vom Datum des Inverkehrbringens.<\/strong><\/p>\n\n\n\n<p>Die Sammlung erfolgt \u00fcber ein b\u00fcrgernahes Netz von professionellen M\u00fclldeponien und Gro\u00dfhandelspartnern, die \u00fcber die gesamte Gruppe des franz\u00f6sischen Mutterlandes sowie die \u00dcberseedepartements und -territorien verteilt sind.<\/p>\n\n\n\n<p>Unsere eindeutige Kennung FR006801_05MBCK, die von ADEME vergeben wurde, best\u00e4tigt unsere Registrierung im Register der Hersteller von elektrischen und elektronischen Ger\u00e4ten (EEE) gem\u00e4\u00df Artikel L.541-10-13 des Umweltgesetzbuches.<\/p>\n\n\n\n<p>Diese Kennung best\u00e4tigt unsere Einhaltung von Vorschriften, sowohl in Bezug auf das Material als auch auf die Erkl\u00e4rungen \u00fcber das Inverkehrbringen bei der zugelassenen \u00d6ko-Organisation ECOSYSTEM.<\/p>\n\n\n\n<p>Die Verpflichtungen, die wir mit den \u00d6ko-Organisationen ECOSYSTEM und BATRIBOX eingegangen sind, veranlassen uns, die Recyclinganforderungen bereits bei der Entwicklung unserer zuk\u00fcnftigen Produkte zu ber\u00fccksichtigen.<\/p>\n\n\n\n<p>Die Lichtplanung ist daher ein Schwerpunkt unserer Arbeit, der voll und ganz in unseren Innovationsprozess integriert ist.<\/p>\n\n\n\n<p>So wurde zum Beispiel unser Solar-Einbaustrahler ECO-120 f\u00fcr die Lichtmarkierung auf gr\u00fcnen Wegen von Anfang an so konzipiert, dass jede einzelne Komponente am Ende ihrer Lebensdauer einfach und effizient demontiert werden kann.<\/p>\n\n\n\n<p>Dieser Ansatz zielt darauf ab, die Wiederverwertung und Wiederverwendung von noch funktionierenden Elementen im Sinne einer Kreislaufwirtschaft und der Verantwortung f\u00fcr die Umwelt zu f\u00f6rdern.<\/p>\n\n\n\n<div class=\"wp-block-buttons is-layout-flex wp-block-buttons-is-layout-flex\">\n<div class=\"wp-block-button\"><a class=\"wp-block-button__link wp-element-button\" href=\"https:\/\/www.eco-innov.com\/de\/produkte\/\">Entdecken Sie unsere Produkte<\/a><\/div>\n<\/div>\n<\/div>\n","protected":false},"excerpt":{"rendered":"<p>Unsere Verpflichtungen Qualit\u00e4t und Nachhaltigkeit unserer Produkte Die Qualit\u00e4t der Herstellung, die eine lange Lebensdauer der Produkte und eine geringe Anzahl von Wartungen gew\u00e4hrleistet, ist der erste Hebel zur Reduzierung der Umweltbelastung durch unsere Anlagen. Auch wenn es keine &#8222;Nullfehler&#8220; gibt, insbesondere bei elektronischen Ger\u00e4ten, ist es unsere Priorit\u00e4t, langlebige und entwicklungsf\u00e4hige L\u00f6sungen auf den [&hellip;]<\/p>\n","protected":false},"author":1,"featured_media":0,"parent":0,"menu_order":6,"comment_status":"closed","ping_status":"closed","template":"","meta":{"_acf_changed":false,"inline_featured_image":false,"footnotes":""},"class_list":["post-9330","page","type-page","status-publish","hentry"],"acf":[],"_links":{"self":[{"href":"https:\/\/www.eco-innov.com\/de\/wp-json\/wp\/v2\/pages\/9330","targetHints":{"allow":["GET"]}}],"collection":[{"href":"https:\/\/www.eco-innov.com\/de\/wp-json\/wp\/v2\/pages"}],"about":[{"href":"https:\/\/www.eco-innov.com\/de\/wp-json\/wp\/v2\/types\/page"}],"author":[{"embeddable":true,"href":"https:\/\/www.eco-innov.com\/de\/wp-json\/wp\/v2\/users\/1"}],"replies":[{"embeddable":true,"href":"https:\/\/www.eco-innov.com\/de\/wp-json\/wp\/v2\/comments?post=9330"}],"version-history":[{"count":2,"href":"https:\/\/www.eco-innov.com\/de\/wp-json\/wp\/v2\/pages\/9330\/revisions"}],"predecessor-version":[{"id":9832,"href":"https:\/\/www.eco-innov.com\/de\/wp-json\/wp\/v2\/pages\/9330\/revisions\/9832"}],"wp:attachment":[{"href":"https:\/\/www.eco-innov.com\/de\/wp-json\/wp\/v2\/media?parent=9330"}],"curies":[{"name":"wp","href":"https:\/\/api.w.org\/{rel}","templated":true}]}}