{"id":4972,"date":"2025-10-20T15:33:59","date_gmt":"2025-10-20T13:33:59","guid":{"rendered":"https:\/\/www.eco-innov.com\/?page_id=4972"},"modified":"2026-04-27T14:44:42","modified_gmt":"2026-04-27T12:44:42","slug":"newsletter-anmeldung","status":"publish","type":"page","link":"https:\/\/www.eco-innov.com\/de\/newsletter-anmeldung\/","title":{"rendered":"Anmeldung f\u00fcr den Newsletter"},"content":{"rendered":"<\/div>\n<div id=\"block-hero-block_041bff80c46ffe05b173fab0b521f663\" class=\"container-fluid header_page_part px-0  block-hero\">\n        <div class=\"container\">\n        <div class=\"row\">\n            <div class=\"col-12 col-md-12 col-lg-11 col-xl-9 col-xxl-8\">\n                <nav aria-label=\"breadcrumbs\" class=\"rank-math-breadcrumb\"><p><span class=\"last\">Startseite<\/span><\/p><\/nav>                                    <h1 class=\"with_line with_line_lg\">Anmeldung f\u00fcr unseren Newsletter<\/h1>\n                                \n                \n\n                            <\/div>\n        <\/div>\n\n\n    <\/div>\n<\/div>\n<div class=\"container\">\n\n\n\n\n\n\n<div id=\"block-hero-block_b829aade1caa5d8426becfabdd40c14e\" class=\"container contact_info_part  block-hero\">\n    <div class=\"row\">\n        <div class=\"info_part col-12 col-xl-5\">\n                            <div class=\"links\">\n                    <p class=\"mb-0\">M\u00f6chten Sie den Katalog einsehen?<\/p>\n                            <p class=\"link_part mb-4\">\n                                <a class=\"link\" href=\"https:\/\/www.calameo.com\/read\/008151338479bc3877345\" target=\"blank\" rel=\"noopener\">Entdecken Sie es hier <i class=\"icon icon-caret\"><\/i><\/a>\n                            <\/p><p class=\"mb-0\">Suchen Sie ein Produktdatenblatt?<\/p>\n                            <p class=\"link_part mb-4\">\n                                <a class=\"link\" href=\"\/de\/produkte\/\" target=\"\">  Sie finden sie direkt auf jeder Produktseite <i class=\"icon icon-caret\"><\/i><\/a>\n                            <\/p><p class=\"mb-0\">F\u00fcr alle anderen Fragen,<\/p>\n                            <p class=\"link_part mb-4\">\n                                <a class=\"link\" href=\"https:\/\/www.eco-innov.com\/de\/faq\/\" target=\"\">Lesen Sie unsere FAQ <i class=\"icon icon-caret\"><\/i><\/a>\n                            <\/p>                <\/div>\n                        <p class=\"address\">ECO-INNOV<br \/>\r\n523 rue de la B\u00e9ali\u00e8re<br \/>\r\n38360 Noyarey &#8211; Frankreich<\/p><p class=\"phone\">\n                    <a class=\"btn bg-accent btn-sm\" href=\"tel:+33438700027\">+33 438 70 00 27<\/a>\n                <\/p>        <\/div>\n\n        <div class=\"col-12 col-xl-6 offset-xl-1 form_bloc\">\n            \n<div class=\"wpcf7 no-js\" id=\"wpcf7-f5480-o1\" lang=\"de-DE\" dir=\"ltr\" data-wpcf7-id=\"5480\">\n<div class=\"screen-reader-response\"><p role=\"status\" aria-live=\"polite\" aria-atomic=\"true\"><\/p> <ul><\/ul><\/div>\n<form action=\"\/de\/wp-json\/wp\/v2\/pages\/4972#wpcf7-f5480-o1\" method=\"post\" class=\"wpcf7-form init\" aria-label=\"Kontaktformular\" novalidate=\"novalidate\" data-status=\"init\">\n<fieldset class=\"hidden-fields-container\"><input type=\"hidden\" name=\"_wpcf7\" value=\"5480\" \/><input type=\"hidden\" name=\"_wpcf7_version\" value=\"6.1.5\" \/><input type=\"hidden\" name=\"_wpcf7_locale\" value=\"de_DE\" \/><input type=\"hidden\" name=\"_wpcf7_unit_tag\" value=\"wpcf7-f5480-o1\" \/><input type=\"hidden\" name=\"_wpcf7_container_post\" value=\"0\" \/><input type=\"hidden\" name=\"_wpcf7_posted_data_hash\" value=\"\" \/><input type=\"hidden\" name=\"_wpcf7cf_hidden_group_fields\" value=\"[]\" \/><input type=\"hidden\" name=\"_wpcf7cf_hidden_groups\" value=\"[]\" \/><input type=\"hidden\" name=\"_wpcf7cf_visible_groups\" value=\"[]\" \/><input type=\"hidden\" name=\"_wpcf7cf_repeaters\" value=\"[]\" \/><input type=\"hidden\" name=\"_wpcf7cf_steps\" value=\"{}\" \/><input type=\"hidden\" name=\"_wpcf7cf_options\" value=\"{&quot;form_id&quot;:5480,&quot;conditions&quot;:[],&quot;settings&quot;:{&quot;animation&quot;:&quot;yes&quot;,&quot;animation_intime&quot;:200,&quot;animation_outtime&quot;:200,&quot;conditions_ui&quot;:&quot;normal&quot;,&quot;notice_dismissed&quot;:false}}\" \/><input type=\"hidden\" name=\"_wpcf7dtx_version\" value=\"5.0.5\" \/>\n<\/fieldset>\n<div class=\"row\">\n\t<div class=\"form-group col-12\">\n\t\t<p class=\"title\">Newsletter abonnieren\n\t\t<\/p>\n\t<\/div>\n<\/div>\n<div class=\"row\">\n\t<div class=\"form-group col-12 col-md-6\">\n\t\t<p><label class=\"form-label\" for=\"nom\">Name *<\/label><br \/>\n<span class=\"wpcf7-form-control-wrap\" data-name=\"nom\"><input size=\"40\" maxlength=\"400\" class=\"wpcf7-form-control wpcf7-text wpcf7-validates-as-required form-control\" id=\"nom\" aria-required=\"true\" aria-invalid=\"false\" value=\"\" type=\"text\" name=\"nom\" \/><\/span>\n\t\t<\/p>\n\t<\/div>\n\t<div class=\"form-group col-12 col-md-6\">\n\t\t<p><label class=\"form-label\" for=\"prenom\">Vorname *<\/label><br \/>\n<span class=\"wpcf7-form-control-wrap\" data-name=\"prenom\"><input size=\"40\" maxlength=\"400\" class=\"wpcf7-form-control wpcf7-text wpcf7-validates-as-required form-control\" id=\"prenom\" aria-required=\"true\" aria-invalid=\"false\" value=\"\" type=\"text\" name=\"prenom\" \/><\/span>\n\t\t<\/p>\n\t<\/div>\n<\/div>\n<div class=\"row\">\n\t<div class=\"form-group col-12 col-md-6\">\n\t\t<p><label class=\"form-label\" for=\"tel\">Telefon<\/label><br \/>\n<span class=\"wpcf7-form-control-wrap\" data-name=\"tel\"><input size=\"40\" maxlength=\"400\" class=\"wpcf7-form-control wpcf7-text form-control\" id=\"tel\" aria-invalid=\"false\" value=\"\" type=\"text\" name=\"tel\" \/><\/span>\n\t\t<\/p>\n\t<\/div>\n\t<div class=\"form-group col-12 col-md-6\">\n\t\t<p><label class=\"form-label\" for=\"email\">E-Mail *<\/label><br \/>\n<span class=\"wpcf7-form-control-wrap\" data-name=\"email\"><input size=\"40\" maxlength=\"400\" class=\"wpcf7-form-control wpcf7-email wpcf7-validates-as-required wpcf7-text wpcf7-validates-as-email form-control\" id=\"email\" aria-required=\"true\" aria-invalid=\"false\" value=\"\" type=\"email\" name=\"email\" \/><\/span>\n\t\t<\/p>\n\t<\/div>\n<\/div>\n<div class=\"row\">\n\t<div class=\"form-group col-12\">\n\t\t<p><span class=\"wpcf7-form-control-wrap\" data-name=\"acceptance-newsletter-eco-innov\"><span class=\"wpcf7-form-control wpcf7-acceptance optional\"><span class=\"wpcf7-list-item\"><label><input type=\"checkbox\" name=\"acceptance-newsletter-eco-innov\" value=\"1\" aria-invalid=\"false\" \/><span class=\"wpcf7-list-item-label\">Erhalten Sie den ECO-INNOV-Newsletter<\/span><\/label><\/span><\/span><\/span>\n\t\t<\/p>\n\t<\/div>\n<\/div>\n<div class=\"row\">\n\t<div class=\"form-group col-12\">\n\t\t<p><span class=\"wpcf7-form-control-wrap\" data-name=\"acceptance-newsletter-ragni\"><span class=\"wpcf7-form-control wpcf7-acceptance optional\"><span class=\"wpcf7-list-item\"><label><input type=\"checkbox\" name=\"acceptance-newsletter-ragni\" value=\"1\" aria-invalid=\"false\" \/><span class=\"wpcf7-list-item-label\">Newsletter der GROUPE RAGNI erhalten<\/span><\/label><\/span><\/span><\/span>\n\t\t<\/p>\n\t<\/div>\n<\/div>\n<div class=\"row\">\n\t<div class=\"form-group col-12\">\n\t<\/div>\n<\/div>\n<div class=\"row\">\n\t<div class=\"col-12 text-center\">\n\t\t<p><input class=\"wpcf7-form-control wpcf7-submit has-spinner btn bg-green\" type=\"submit\" value=\"Anmelden\" \/>\n\t\t<\/p>\n\t<\/div>\n<\/div>\n<div class=\"wpcf7-turnstile cf-turnstile\" data-sitekey=\"0x4AAAAAADEYOP_Qmtuj0tPI\" data-response-field-name=\"_wpcf7_turnstile_response\" data-language=\"de\"><\/div>\n<p><script>\nvar rgpdJson = {\n    type: 'geojson',\n    data: ['<p>Die \u00fcber dieses Formular erhobenen Informationen werden von der Firma ECO-INNOV als Verantwortlichem f\u00fcr die Datenverarbeitung zum Zweck der Bearbeitung Ihrer Informationsanfrage verarbeitet.<\/p><p>Gem\u00e4\u00df den geltenden Datenschutzbestimmungen haben Sie das Recht auf Auskunft, Berichtigung, L\u00f6schung, Daten\u00fcbertragbarkeit und Einschr\u00e4nkung der Verarbeitung Ihrer personenbezogenen Daten sowie das Recht, Anweisungen zum Umgang mit Ihren Daten nach Ihrem Tod zu erteilen. Sie haben au\u00dferdem das Recht, der Verarbeitung Ihrer personenbezogenen Daten zu widersprechen.<br \/>Sie k\u00f6nnen Ihre Rechte aus\u00fcben, indem Sie den Datenschutzbeauftragten (DPO) unter folgender Adresse kontaktieren: dpo@eco-innov.com<br \/>oder 523 rue de la B\u00e9ali\u00e8re, 38360 Noyarey.<br \/>Dar\u00fcber hinaus haben Sie das Recht, eine Beschwerde bei der CNIL einzureichen.<\/p><p>Weitere Informationen zur Verarbeitung Ihrer Daten und zu Ihren Rechten finden Sie in unserer Datenschutzrichtlinie.<\/p>'],\n};\n<\/script>\n\n            <div class=\"rgpd__block\">\n                 <div class=\"rgpd__title\">DSGVO &#8211; Datenschutz<\/div>\n                 <div class=\"rgpd__content\"><\/div>\n            <\/div>\n<\/p><div class=\"wpcf7-response-output\" aria-hidden=\"true\"><\/div>\n<\/form>\n<\/div>\n        <\/div>\n    <\/div>\n\n<\/div>\n\n\n\n\n<div style=\"height:60px\" aria-hidden=\"true\" class=\"wp-block-spacer\"><\/div>\n","protected":false},"excerpt":{"rendered":"","protected":false},"author":1,"featured_media":0,"parent":0,"menu_order":50,"comment_status":"closed","ping_status":"closed","template":"","meta":{"_acf_changed":false,"inline_featured_image":false,"footnotes":""},"class_list":["post-4972","page","type-page","status-publish","hentry"],"acf":[],"_links":{"self":[{"href":"https:\/\/www.eco-innov.com\/de\/wp-json\/wp\/v2\/pages\/4972","targetHints":{"allow":["GET"]}}],"collection":[{"href":"https:\/\/www.eco-innov.com\/de\/wp-json\/wp\/v2\/pages"}],"about":[{"href":"https:\/\/www.eco-innov.com\/de\/wp-json\/wp\/v2\/types\/page"}],"author":[{"embeddable":true,"href":"https:\/\/www.eco-innov.com\/de\/wp-json\/wp\/v2\/users\/1"}],"replies":[{"embeddable":true,"href":"https:\/\/www.eco-innov.com\/de\/wp-json\/wp\/v2\/comments?post=4972"}],"version-history":[{"count":5,"href":"https:\/\/www.eco-innov.com\/de\/wp-json\/wp\/v2\/pages\/4972\/revisions"}],"predecessor-version":[{"id":9925,"href":"https:\/\/www.eco-innov.com\/de\/wp-json\/wp\/v2\/pages\/4972\/revisions\/9925"}],"wp:attachment":[{"href":"https:\/\/www.eco-innov.com\/de\/wp-json\/wp\/v2\/media?parent=4972"}],"curies":[{"name":"wp","href":"https:\/\/api.w.org\/{rel}","templated":true}]}}