{"id":4910,"date":"2025-09-11T12:37:26","date_gmt":"2025-09-11T10:37:26","guid":{"rendered":"https:\/\/www.eco-innov.com\/?page_id=4910"},"modified":"2026-04-27T08:27:56","modified_gmt":"2026-04-27T06:27:56","slug":"geschichte","status":"publish","type":"page","link":"https:\/\/www.eco-innov.com\/de\/geschichte\/","title":{"rendered":"\u00dcber uns"},"content":{"rendered":"<\/div>\n<div id=\"block-hero-block_d47864948a334c5bada8fd93bebf9d45\" class=\"container-fluid header_page_part px-0  block-hero\">\n    <div class=\"cover\" style=\"background:url(https:\/\/www.eco-innov.com\/wp-content\/uploads\/banniere_EI.webp) no-repeat center \/ cover\"><img decoding=\"async\" src=\"https:\/\/www.eco-innov.com\/wp-content\/uploads\/banniere_EI.webp\" alt=\"https:\/\/www.eco-innov.com\/wp-content\/uploads\/banniere_EI.webp\" class=\"img-fluid d-none\"><\/div>    <div class=\"container\">\n        <div class=\"row\">\n            <div class=\"col-12 col-md-12 col-lg-11 col-xl-9 col-xxl-8\">\n                <nav aria-label=\"breadcrumbs\" class=\"rank-math-breadcrumb\"><p><span class=\"last\">Startseite<\/span><\/p><\/nav>                                    <h1 class=\"with_line with_line_lg\">\u00dcber uns<\/h1>\n                                \n                <p>Seit 2004 unterst\u00fctzt ECO-INNOV Kommunen, Unternehmen und Installateure dabei, den Energieverbrauch im Bereich der Beleuchtung zu reduzieren und gleichzeitig die Sicherheit der Nutzer zu erh\u00f6hen.<\/p>\n<p>Wir entwickeln und vertreiben Solar- und Niederspannungs-LED-Lichtmarkierungen, die den aktuellen Anforderungen an Energieeffizienz, Nachhaltigkeit und Umweltfreundlichkeit entsprechen.<\/p>\n<p>Unsere Produkte zeichnen sich durch einen niedrigen Energieverbrauch aus, was zu einer deutlichen Einsparung bei den Betriebskosten f\u00fchrt.<\/p>\n<p>Es gibt zwei Vorteile:<\/p>\n<ul>\n<li><strong>Umweltfreundlich<\/strong>, da der Stromverbrauch und die Lichtverschmutzung reduziert werden,<\/li>\n<li><strong>\u00c4sthetisch<\/strong>, mit einer gro\u00dfen Auswahl an Farben, Intensit\u00e4ten und Lichteffekten.<\/li>\n<\/ul>\n<p>Jedes Projekt wird so mit einer <strong>n\u00fctzlichen, diskreten<\/strong> Beleuchtung ausgestattet, die <strong>sich perfekt in die Umgebung einf\u00fcgt<\/strong>.<\/p>\n\n\n                                    <div class=\"anchors\">\n                                                                                                                                                                                                        <\/div>\n                            <\/div>\n        <\/div>\n\n\n    <\/div>\n<\/div>\n<div class=\"container\">\n\n\n\n\n\n\n<h2 class=\"wp-block-heading\"><span><strong>Ma\u00dfgeschneiderte Begleitung<\/strong><\/span><\/h2>\n\n\n\n<p>In enger Zusammenarbeit mit Designb\u00fcros, Architekten und \u00d6ffentlichen Auftraggebern w\u00e4hlen wir die besten L\u00f6sungen und technischen Optionen f\u00fcr jedes Projekt aus. Wir begleiten Sie bei jedem Schritt. <\/p>\n\n\n\n<div class=\"wp-block-buttons is-layout-flex wp-block-buttons-is-layout-flex\">\n<div class=\"wp-block-button\"><a class=\"wp-block-button__link wp-element-button\" href=\"https:\/\/www.eco-innov.com\/de\/massgeschneidert\/\">Entdecken Sie unser ma\u00dfgeschneidertes Angebot<\/a><\/div>\n<\/div>\n\n\n\n<div class=\"wp-block-group alignwide is-layout-grid wp-container-core-group-is-layout-280da422 wp-block-group-is-layout-grid\" style=\"margin-top:var(--wp--preset--spacing--m);margin-bottom:var(--wp--preset--spacing--m)\">\n<div class=\"wp-block-group has-global-padding is-layout-constrained wp-block-group-is-layout-constrained\">\n<figure class=\"wp-block-image aligncenter size-full is-resized\"><img decoding=\"async\" width=\"257\" height=\"280\" src=\"https:\/\/www.eco-innov.com\/wp-content\/uploads\/eco-innov-picto-conseil.png\" alt=\"\" class=\"wp-image-6042\" style=\"object-fit:contain;width:64px;height:64px\"\/><\/figure>\n\n\n\n<p class=\"has-text-align-center\">Beratung zum Standort,<br>Integration und Installation<\/p>\n<\/div>\n\n\n\n<div class=\"wp-block-group has-global-padding is-layout-constrained wp-block-group-is-layout-constrained\">\n<figure class=\"wp-block-image aligncenter size-full is-resized\"><img decoding=\"async\" width=\"169\" height=\"203\" src=\"https:\/\/www.eco-innov.com\/wp-content\/uploads\/2choix2.webp\" alt=\"\" class=\"wp-image-8537\" style=\"object-fit:contain;width:64px;height:64px\"\/><\/figure>\n\n\n\n<p class=\"has-text-align-center\">Auswahl von Lichtkonfigurationen (Intensit\u00e4t, Kolorimetrie, Effekte, Funktion)<\/p>\n<\/div>\n\n\n\n<div class=\"wp-block-group has-global-padding is-layout-constrained wp-block-group-is-layout-constrained\">\n<figure class=\"wp-block-image aligncenter size-full is-resized\"><img decoding=\"async\" width=\"228\" height=\"233\" src=\"https:\/\/www.eco-innov.com\/wp-content\/uploads\/eco-innov-picto-adaptation.png\" alt=\"\" class=\"wp-image-6034\" style=\"object-fit:contain;width:64px;height:64px\"\/><\/figure>\n\n\n\n<p class=\"has-text-align-center\">Anpassung der Produkte<br>an die spezifischen Anforderungen des Standorts<\/p>\n<\/div>\n\n\n\n<div class=\"wp-block-group has-global-padding is-layout-constrained wp-block-group-is-layout-constrained\">\n<figure class=\"wp-block-image aligncenter size-full is-resized\"><img decoding=\"async\" width=\"408\" height=\"297\" src=\"https:\/\/www.eco-innov.com\/wp-content\/uploads\/eco-innov-picto-suivi.png\" alt=\"\" class=\"wp-image-6046\" style=\"object-fit:contain;width:64px;height:64px\" srcset=\"https:\/\/www.eco-innov.com\/wp-content\/uploads\/eco-innov-picto-suivi.png 408w, https:\/\/www.eco-innov.com\/wp-content\/uploads\/eco-innov-picto-suivi-330x240.png 330w, https:\/\/www.eco-innov.com\/wp-content\/uploads\/eco-innov-picto-suivi-400x291.png 400w, https:\/\/www.eco-innov.com\/wp-content\/uploads\/eco-innov-picto-suivi-365x266.png 365w\" sizes=\"(max-width: 408px) 100vw, 408px\" \/><\/figure>\n\n\n\n<p class=\"has-text-align-center\">Nachbetreuung der Installationen durch unser Netzwerk lokaler Vertriebsmitarbeiter<\/p>\n<\/div>\n<\/div>\n\n\n\n<div style=\"height:50px\" aria-hidden=\"true\" class=\"wp-block-spacer\"><\/div>\n\n\n\n<\/div>\n<div id=\"block-hero-block_0579f5fb9c5e7693deea861bc35a22fa\" class=\"container-fluid txt_media_part  block-hero\">\n    <div class=\"row\">\n        <div class=\"col-12 col-lg-6 col-xl-6 px-0 media order-1 order-lg-1\">\n            <img decoding=\"async\" src=\"https:\/\/www.eco-innov.com\/wp-content\/uploads\/innovations-techniques.webp\" alt=\"\" class=\"img-fluid\">        <\/div>\n        <div class=\"col-12 col-lg-6 col-xl-6 col-xxl-5 px-xl-5 pt-5 pt-lg-0 txt order-2 order-lg-2 d-flex align-items-center\">\n            <div class=\"txt_part\">\n            <div class=\"content\"><h2>Technologische Innovation und Nachhaltigkeit<\/h2>\n<p>Die ECO-INNOV L\u00f6sungen beinhalten eine Vielzahl von technologischen Innovationen in den Bereichen :<\/p>\n<ul>\n<li>der Photovoltaik,<\/li>\n<li>elektronischen Ger\u00e4ten,<\/li>\n<li>Energiespeicherung,<\/li>\n<li>der Optik,<\/li>\n<li>und Mechanik.<\/li>\n<\/ul>\n<p>Diese Innovationen gew\u00e4hrleisten :<\/p>\n<ul>\n<li>eine hohe Leistung (Beleuchtungsleistung, Lebensdauer),<\/li>\n<li>eine verbesserte Haltbarkeit (Robustheit, geringe Wartung),<\/li>\n<li>eine hohe Anpassungsf\u00e4higkeit durch Anpassungsm\u00f6glichkeiten.<\/li>\n<\/ul>\n<\/div>            <\/div>\n        <\/div>\n    <\/div>\n\n<\/div>\n\n<div class=\"container\">\n\n\n<div style=\"height:50px\" aria-hidden=\"true\" class=\"wp-block-spacer\"><\/div>\n\n\n\n<\/div>\n<div id=\"block-hero-block_2cee90b55ffb757d0b4faa3025cb5e2e\" class=\"container-fluid txt_media_part  block-hero\">\n    <div class=\"row\">\n        <div class=\"col-12 col-lg-6 col-xl-6 px-0 media order-1 order-lg-2\">\n            <img decoding=\"async\" src=\"https:\/\/www.eco-innov.com\/wp-content\/uploads\/69_ECO-84ECO-STONE_99_Oullins_Balisage_Place_publique_Square_\u00a9Kaory_Studio_Gilles_Di_Nallo-23.webp\" alt=\"\" class=\"img-fluid\">        <\/div>\n        <div class=\"col-12 col-lg-6 col-xl-6 col-xxl-5 px-xl-5 pt-5 pt-lg-0 txt order-2 order-lg-1 offset-xxl-1 d-flex align-items-center\">\n            <div class=\"txt_part\">\n            <div class=\"content\"><h2>LED-Technologie, eine verantwortungsvolle Wahl<\/h2>\n<p>Wir verwenden LED-Technologie, die f\u00fcr ihre bemerkenswerten Eigenschaften bekannt ist:<\/p>\n<ul>\n<li>Sehr niedriger Energieverbrauch,<\/li>\n<li>ausgezeichnete Lichtleistung,<\/li>\n<li>hohe Zuverl\u00e4ssigkeit,<\/li>\n<li>lange Lebensdauer.<\/li>\n<\/ul>\n<p>Sie bietet Sicherheit, Leistung und Umweltfreundlichkeit, selbst in anspruchsvollen Umgebungen. Reduzieren Sie dauerhaft Ihre Energie-, Installations- und Wartungskosten und schaffen Sie sicherere, nachhaltigere und besser beleuchtete \u00f6ffentliche R\u00e4ume.<\/p>\n<\/div><p class=\"link_part mt-5\"><a href=\"https:\/\/www.eco-innov.com\/de\/oekologische-charta\/\" class=\"btn bg-accent btn-sm \" target=\"\">Entdecken Sie unsere Verpflichtungen<\/a><\/p>            <\/div>\n        <\/div>\n    <\/div>\n\n<\/div>\n\n<div class=\"container\">\n\n\n<div style=\"height:50px\" aria-hidden=\"true\" class=\"wp-block-spacer\"><\/div>\n","protected":false},"excerpt":{"rendered":"<p>Ma\u00dfgeschneiderte Begleitung In enger Zusammenarbeit mit Designb\u00fcros, Architekten und \u00d6ffentlichen Auftraggebern w\u00e4hlen wir die besten L\u00f6sungen und technischen Optionen f\u00fcr jedes Projekt aus. Wir begleiten Sie bei jedem Schritt. Beratung zum Standort,Integration und Installation Auswahl von Lichtkonfigurationen (Intensit\u00e4t, Kolorimetrie, Effekte, Funktion) Anpassung der Produktean die spezifischen Anforderungen des Standorts Nachbetreuung der Installationen durch unser Netzwerk [&hellip;]<\/p>\n","protected":false},"author":1,"featured_media":0,"parent":0,"menu_order":74,"comment_status":"closed","ping_status":"closed","template":"","meta":{"_acf_changed":false,"inline_featured_image":false,"footnotes":""},"class_list":["post-4910","page","type-page","status-publish","hentry"],"acf":[],"_links":{"self":[{"href":"https:\/\/www.eco-innov.com\/de\/wp-json\/wp\/v2\/pages\/4910","targetHints":{"allow":["GET"]}}],"collection":[{"href":"https:\/\/www.eco-innov.com\/de\/wp-json\/wp\/v2\/pages"}],"about":[{"href":"https:\/\/www.eco-innov.com\/de\/wp-json\/wp\/v2\/types\/page"}],"author":[{"embeddable":true,"href":"https:\/\/www.eco-innov.com\/de\/wp-json\/wp\/v2\/users\/1"}],"replies":[{"embeddable":true,"href":"https:\/\/www.eco-innov.com\/de\/wp-json\/wp\/v2\/comments?post=4910"}],"version-history":[{"count":7,"href":"https:\/\/www.eco-innov.com\/de\/wp-json\/wp\/v2\/pages\/4910\/revisions"}],"predecessor-version":[{"id":9906,"href":"https:\/\/www.eco-innov.com\/de\/wp-json\/wp\/v2\/pages\/4910\/revisions\/9906"}],"wp:attachment":[{"href":"https:\/\/www.eco-innov.com\/de\/wp-json\/wp\/v2\/media?parent=4910"}],"curies":[{"name":"wp","href":"https:\/\/api.w.org\/{rel}","templated":true}]}}