{"id":4570,"date":"2025-10-17T14:31:36","date_gmt":"2025-10-17T12:31:36","guid":{"rendered":"https:\/\/www.eco-innov.com\/?page_id=4570"},"modified":"2026-04-24T10:03:16","modified_gmt":"2026-04-24T08:03:16","slug":"cookie-richtlinie","status":"publish","type":"page","link":"https:\/\/www.eco-innov.com\/de\/cookie-richtlinie\/","title":{"rendered":"Cookie-Richtlinie"},"content":{"rendered":"<\/div>\n<div id=\"block-hero-block_bc94de9e1e4a15ee49bb406a35ed8c0f\" class=\"container-fluid header_page_part px-0  block-hero\">\n        <div class=\"container\">\n        <div class=\"row\">\n            <div class=\"col-12 col-md-12 col-lg-11 col-xl-9 col-xxl-8\">\n                <nav aria-label=\"breadcrumbs\" class=\"rank-math-breadcrumb\"><p><span class=\"last\">Startseite<\/span><\/p><\/nav>                                    <h1 class=\"with_line with_line_lg\">Cookie-Richtlinie<\/h1>\n                                \n                \n\n                            <\/div>\n        <\/div>\n\n\n    <\/div>\n<\/div>\n<div class=\"container\">\n\n\n\n\n\n\n<h2 class=\"wp-block-heading\"><span>Was ist ein Cookie?<\/span><\/h2>\n\n\n\n<p>Cookies sind Daten, die f\u00fcr Ihre Computer oder Mobilit\u00e4t platziert werden. Sie sind durch ihre eindeutigen Kennungen, die mit Ihrem Computer oder Telefon verbunden sind, unterscheidbar. Cookies helfen Ihnen, schlechte Erfahrungen mit Ihren Lieblingsseiten zu vermeiden, da sie sich an Ihre Aktionen und Pr\u00e4ferenzen erinnern. So m\u00fcssen Sie nicht jedes Mal Ihre Browserpr\u00e4ferenzen wie Standort, Schriftart oder Sprache neu eingeben.   <\/p>\n\n\n\n<p>Diese &#8222;Cookies&#8220; werden auf Ihrem Computer gespeichert. Sie erm\u00f6glichen es uns nicht, Sie zu identifizieren, aber sie speichern Informationen \u00fcber die Navigation Ihres Computers auf der Website (die von Ihnen besuchten Seiten, das Datum und die Uhrzeit des Besuchs usw.), die wir bei Ihren sp\u00e4teren Besuchen lesen k\u00f6nnen. <\/p>\n\n\n\n<p>F\u00fcr die gesamte Gruppe der Datenverarbeitung im Zusammenhang mit der Sammlung von Cookies bestimmt ECO-INNOV, eine vereinfachte Aktiengesellschaft mit einem Kapital von 30.000 Euro und Sitz in 523 rue de la B\u00e9ali\u00e8re, 38360 Noyarey, die Mittel und Zwecke der Verarbeitung. Daher handelt ECO-INNOV als Verantwortlicher f\u00fcr die Verarbeitung im Sinne der Vorschriften \u00fcber personenbezogene Daten, insbesondere der Verordnung (EU) 2016\/679 zum Schutz nat\u00fcrlicher Personen bei der Verarbeitung personenbezogener Daten und zum freien Datenverkehr. <\/p>\n\n\n\n<p>ECO-INNOV legt gr\u00f6\u00dften Wert auf den Schutz der Privatsph\u00e4re und der Pers\u00f6nlichen Daten sowie auf die Einhaltung der anwendbaren Vorschriften.<\/p>\n\n\n\n<p>Diese Cookie-Richtlinie (nachfolgend die &#8222;Richtlinie&#8220;) soll Ihnen einfache, klare Informationen dar\u00fcber geben, wie Ihre Daten durch Cookies, die auf der Website abgelegt werden, gesammelt werden.<\/p>\n\n\n\n<div style=\"height:50px\" aria-hidden=\"true\" class=\"wp-block-spacer\"><\/div>\n\n\n\n<h2 class=\"wp-block-heading\"><span>Werden Cookies abgelegt, wenn Sie auf der Website surfen?<\/span><\/h2>\n\n\n\n<p>Bei Ihrem ersten Besuch auf der Website werden Sie in einem Banner \u00fcber das Vorhandensein dieser Cookies informiert und aufgefordert, Ihre Wahl anzugeben. Cookies, die gem\u00e4\u00df den gesetzlichen Bestimmungen Ihre Zustimmung erfordern, werden nur dann abgelegt, wenn Sie sie akzeptieren. Sie k\u00f6nnen sich jederzeit informieren und die Cookies einstellen, um sie zu akzeptieren oder abzulehnen, indem Sie die Seite [Meine Cookies verwalten] am Ende jeder Seite der Website aufrufen oder Ihren Browser konfigurieren.  <\/p>\n\n\n\n<div style=\"height:50px\" aria-hidden=\"true\" class=\"wp-block-spacer\"><\/div>\n\n\n\n<h2 class=\"wp-block-heading\"><span>Welche Daten werden durch Cookies gesammelt?<\/span><\/h2>\n\n\n\n<p>\u00dcber Cookies k\u00f6nnen alle Daten gesammelt werden, die sich auf ein Terminal zu einem bestimmten Zeitpunkt beziehen:<\/p>\n\n\n\n<ul class=\"wp-block-list\">\n<li>Eine oder mehrere technische Kennung(en) zur Identifizierung Ihrer Internetbox<\/li>\n\n\n\n<li>Das Datum, die Uhrzeit und die Dauer der Verbindung eines Terminals mit einer Website;<\/li>\n\n\n\n<li>Die Internetadresse der Seite, von der aus das Endger\u00e4t auf die Website zugreift;<\/li>\n\n\n\n<li>Typ des Betriebssystems des Terminals (z.B. Windows, MacOs, Linux, Unix, etc.) ;<\/li>\n\n\n\n<li>Typ und Version der vom Terminal verwendeten Browser-Software (Internet Explorer, Firefox, Safari, Chrome, Opera usw.);<\/li>\n\n\n\n<li>Marke und Modell des mobilen Endger\u00e4ts oder Tablets ;<\/li>\n\n\n\n<li>M\u00f6gliche Fehler beim Herunterladen ;<\/li>\n\n\n\n<li>Die Sprache, in der die von dem Terminal verwendete Browser-Software verwendet wird;<\/li>\n\n\n\n<li>Merkmale der aufgerufenen und geteilten Inhalte ;<\/li>\n<\/ul>\n\n\n\n<div style=\"height:50px\" aria-hidden=\"true\" class=\"wp-block-spacer\"><\/div>\n\n\n\n<h2 class=\"wp-block-heading\"><span>Zu welchem Zweck werden Cookies gesammelt?<\/span><\/h2>\n\n\n\n<p>Auf der Website k\u00f6nnen wir verschiedene Arten von Cookies zu verschiedenen Zwecken hinterlegen:<\/p>\n\n\n\n<ul class=\"wp-block-list\">\n<li><strong>Cookies, die f\u00fcr die Personalisierung und den Betrieb der Website erforderlich sind:<\/strong> Sie erm\u00f6glichen es Ihnen, die wichtigsten Funktionen der Website zu nutzen und insbesondere Informationen zwischen zwei Besuchen der Website auf demselben Ger\u00e4t zu speichern, Login-IDs f\u00fcr eine Sitzung zu speichern oder Elemente zur Anpassbarkeit der Benutzeroberfl\u00e4che (Sprachwahl oder Layout) zu speichern. F\u00fcr diese Zwecke ist keine vorherige Zustimmung Ihrerseits erforderlich. <\/li>\n\n\n\n<li><strong>Cookies zur Messung <\/strong>der Besucherzahlen der Website, die es uns erm\u00f6glichen, die Nutzung und Leistung der Website zu ermitteln und die Funktionsweise f\u00fcr unsere Besucher zu verbessern, z.B. Statistiken und Volumen \u00fcber die Nutzung der verschiedenen Elemente der Website (besuchte Rubriken und Inhalte, Verl\u00e4ufe) zu erstellen, um das Interesse und die Ergonomie der Website zu verbessern.<\/li>\n<\/ul>\n\n\n\n<p class=\"has-vivid-red-color has-text-color has-link-color wp-elements-c9365267f914bd71ea50e5e539e3962b\"><\/p>\n\n\n\n<figure class=\"wp-block-table\"><table class=\"has-fixed-layout\"><tbody><tr><td><strong>NAME DES COOKIES<\/strong><\/td><td><strong>ZWECK<\/strong><\/td><td><strong>SPEICHERDAUER<\/strong><\/td><\/tr><tr><td>PHPSESSID<\/td><td>Identifiziert die Benutzersitzung (Formulare, Login usw.)<\/td><td>Sitzung<\/td><\/tr><tr><td>wp-<\/td><td>WordPress-Cookies f\u00fcr Authentifizierung oder Benutzereinstellungen<\/td><td>Sitzung<\/td><\/tr><tr><td>wpml_current_language<\/td><td>Speichert die vom Nutzer gew\u00e4hlte Sprache<\/td><td>Sitzung<\/td><\/tr><tr><td>moove_gdpr_popup<\/td><td>Speichert Ihre Cookie-Einwilligungspr\u00e4ferenzen<\/td><td>6 Monate<\/td><\/tr><tr><td>AEC<\/td><td>Sicherheitscookie zur Verhinderung missbr\u00e4uchlicher Anfragen<\/td><td>6 Monate<\/td><\/tr><tr><td>Secure-ENID<\/td><td>Google-Sicherheitscookie zum Schutz vor unbefugtem Zugriff<\/td><td>13 Monate<\/td><\/tr><tr><td>SOCS<\/td><td>Speichert den Status Ihrer Google-Einwilligung<\/td><td>13 Monate<\/td><\/tr><tr><td>_ga<\/td><td>Unterscheidet Nutzer zur Erstellung von Besuchsstatistiken (Google Analytics)<\/td><td>13 Monate<\/td><\/tr><tr><td>DV<\/td><td>Google-Cookie zur Bereitstellung von Werbediensten und Messung der Anzeigeninteraktion<\/td><td>12 Monate<\/td><\/tr><\/tbody><\/table><\/figure>\n\n\n\n<div style=\"height:50px\" aria-hidden=\"true\" class=\"wp-block-spacer\"><\/div>\n\n\n\n<h2 class=\"wp-block-heading\"><span>Wer legt die Cookies auf der Website ab?<\/span><\/h2>\n\n\n\n<p>Die Einrichtungen, die Cookies auf der Website ablegen, sind :<\/p>\n\n\n\n<ul class=\"wp-block-list\">\n<li>Der Herausgeber der Website, ECO-INNOV, und die Unterlieferanten von ECO-INNOV, d.h. die technischen Dienstleister, die Ihre Navigationsdaten im Auftrag von ECO-INNOV verarbeiten.<\/li>\n<\/ul>\n\n\n\n<div style=\"height:50px\" aria-hidden=\"true\" class=\"wp-block-spacer\"><\/div>\n\n\n\n<h2 class=\"wp-block-heading\"><span>Wie kann ich Cookies in Webbrowsern einstellen?<\/span><\/h2>\n\n\n\n<p>Sie k\u00f6nnen Ihren Browser so einstellen, dass Sie alle Cookies akzeptieren oder ablehnen, Cookies regelm\u00e4\u00dfig l\u00f6schen oder sehen k\u00f6nnen, wann ein Cookie gesetzt wird, wie lange es g\u00fcltig ist und was es enth\u00e4lt, und seine Speicherung auf Ihrer Festplatte ablehnen k\u00f6nnen.<\/p>\n\n\n\n<p>Sie k\u00f6nnen diese Cookies jederzeit blockieren oder deaktivieren, indem Sie den Internetbrowser Ihres Computers, Tablets oder Mobiltelefons entsprechend den Anweisungen Ihres Internetbrowseranbieters einstellen. Nachfolgend finden Sie detaillierte Informationen dar\u00fcber, wie Sie diese Einstellungen f\u00fcr die am h\u00e4ufigsten verwendeten Browser vornehmen k\u00f6nnen: <\/p>\n\n\n\n<ul class=\"wp-block-list\">\n<li><a href=\"https:\/\/support.microsoft.com\/fr-fr\/topic\/comment-supprimer-des-fichiers-cookies-dans-internet-explorer-bca9446f-d873-78de-77ba-d42645fa52fc\" target=\"_blank\" rel=\"noreferrer noopener\">Internet Explorer<\/a><\/li>\n\n\n\n<li><a href=\"https:\/\/support.google.com\/chrome\/answer\/95647?hl=fr\" target=\"_blank\" rel=\"noreferrer noopener\">Chrom<\/a><\/li>\n\n\n\n<li><a href=\"https:\/\/support.mozilla.org\/fr\/kb\/activer-desactiver-cookies-preferences\" target=\"_blank\" rel=\"noreferrer noopener\">Firefox<\/a><\/li>\n\n\n\n<li><a href=\"https:\/\/support.apple.com\/fr-fr\/guide\/safari\/sfri11471\/mac\" target=\"_blank\" rel=\"noreferrer noopener\">Safari<\/a><\/li>\n\n\n\n<li><a href=\"https:\/\/www.opera.com\/fr\/use-cases\/clean-browser-and-remove-trackers\" target=\"_blank\" rel=\"noreferrer noopener\">Opera<\/a><\/li>\n<\/ul>\n\n\n\n<p>Sie k\u00f6nnen auch das &#8222;Hilfe&#8220;-Men\u00fc Ihres Browsers aufrufen, um zu erfahren, wie Sie Ihre Cookie-Einstellungen \u00e4ndern k\u00f6nnen.<\/p>\n\n\n\n<div style=\"height:50px\" aria-hidden=\"true\" class=\"wp-block-spacer\"><\/div>\n\n\n\n<h2 class=\"wp-block-heading\"><span>Welche Folgen hat es, wenn Sie die verschiedenen Cookies ablehnen?<\/span><\/h2>\n\n\n\n<p>Wenn Sie die Speicherung von Cookies, die f\u00fcr das Funktionieren der Website erforderlich sind, in Ihrem Terminal oder Browser ablehnen oder die gespeicherten Cookies l\u00f6schen, werden Sie darauf hingewiesen, dass Ihre Navigation und Ihre Erfahrung auf der Website eingeschr\u00e4nkt sein k\u00f6nnen. Die Ablehnung von Cookies, die f\u00fcr das Funktionieren der Website nicht erforderlich sind, hat keine derartigen Auswirkungen. Die Ablehnung von Cookies, die f\u00fcr die Nutzung der Website erforderlich sind, verhindert nicht den Zugriff auf die Website und die Nutzung ihrer Funktionen.  <\/p>\n\n\n\n<div style=\"height:50px\" aria-hidden=\"true\" class=\"wp-block-spacer\"><\/div>\n","protected":false},"excerpt":{"rendered":"<p>Was ist ein Cookie? Cookies sind Daten, die f\u00fcr Ihre Computer oder Mobilit\u00e4t platziert werden. Sie sind durch ihre eindeutigen Kennungen, die mit Ihrem Computer oder Telefon verbunden sind, unterscheidbar. Cookies helfen Ihnen, schlechte Erfahrungen mit Ihren Lieblingsseiten zu vermeiden, da sie sich an Ihre Aktionen und Pr\u00e4ferenzen erinnern. So m\u00fcssen Sie nicht jedes Mal [&hellip;]<\/p>\n","protected":false},"author":1,"featured_media":0,"parent":0,"menu_order":51,"comment_status":"closed","ping_status":"closed","template":"","meta":{"_acf_changed":false,"inline_featured_image":false,"footnotes":""},"class_list":["post-4570","page","type-page","status-publish","hentry"],"acf":[],"_links":{"self":[{"href":"https:\/\/www.eco-innov.com\/de\/wp-json\/wp\/v2\/pages\/4570","targetHints":{"allow":["GET"]}}],"collection":[{"href":"https:\/\/www.eco-innov.com\/de\/wp-json\/wp\/v2\/pages"}],"about":[{"href":"https:\/\/www.eco-innov.com\/de\/wp-json\/wp\/v2\/types\/page"}],"author":[{"embeddable":true,"href":"https:\/\/www.eco-innov.com\/de\/wp-json\/wp\/v2\/users\/1"}],"replies":[{"embeddable":true,"href":"https:\/\/www.eco-innov.com\/de\/wp-json\/wp\/v2\/comments?post=4570"}],"version-history":[{"count":3,"href":"https:\/\/www.eco-innov.com\/de\/wp-json\/wp\/v2\/pages\/4570\/revisions"}],"predecessor-version":[{"id":9856,"href":"https:\/\/www.eco-innov.com\/de\/wp-json\/wp\/v2\/pages\/4570\/revisions\/9856"}],"wp:attachment":[{"href":"https:\/\/www.eco-innov.com\/de\/wp-json\/wp\/v2\/media?parent=4570"}],"curies":[{"name":"wp","href":"https:\/\/api.w.org\/{rel}","templated":true}]}}