{"id":4563,"date":"2021-10-08T16:29:01","date_gmt":"2021-10-08T14:29:01","guid":{"rendered":"https:\/\/www.eco-innov.com\/?page_id=4563"},"modified":"2026-04-20T11:10:42","modified_gmt":"2026-04-20T09:10:42","slug":"datenschutzrichtlinie","status":"publish","type":"page","link":"https:\/\/www.eco-innov.com\/de\/datenschutzrichtlinie\/","title":{"rendered":"Datenschutzpolitik"},"content":{"rendered":"\n<h2 class=\"wp-block-heading\"><span>Zweck und Umfang der Politik an der Wand montiert<\/span><\/h2>\n\n<p>ECO-INNOV, eine Tochtergesellschaft der GROUPE RAGNI, misst dem Schutz der Privatsph\u00e4re und pers\u00f6nlicher Daten sowie der Einhaltung der geltenden Gesetze gr\u00f6\u00dfte Bedeutung und Sorgfalt bei.<\/p>\n\n<p>Die Verordnung (EU) 2016\/679 vom 27. April 2016 zum Schutz nat\u00fcrlicher Personen bei der Verarbeitung personenbezogener Daten und zum freien Datenverkehr (nachfolgend &#8222;DSGVO&#8220;) besagt, dass personenbezogene Daten auf rechtm\u00e4\u00dfige, faire und transparente Weise verarbeitet werden m\u00fcssen. Diese Datenschutzrichtlinie (nachfolgend die &#8222;Richtlinie&#8220;) soll Ihnen einfache und klare Informationen \u00fcber die Verarbeitung Ihrer personenbezogenen Daten geben, insbesondere im Zusammenhang mit Ihrer Navigation und den auf unserer Website durchgef\u00fchrten Vorg\u00e4ngen. <\/p>\n\n<div style=\"height:50px\" aria-hidden=\"true\" class=\"wp-block-spacer\"><\/div>\n\n<h2 class=\"wp-block-heading\"><span>Der Verantwortliche f\u00fcr die Verarbeitung Ihrer pers\u00f6nlichen Daten<\/span><\/h2>\n\n<p>Der Verantwortliche f\u00fcr die Verarbeitung Ihrer pers\u00f6nlichen Daten im Sinne der geltenden Vorschriften zum Schutz pers\u00f6nlicher Daten und insbesondere der DSGVO ist ECO-INNOV Soci\u00e9t\u00e9 par Actions Simplifi\u00e9e mit einem Kapital von 30.000 Euro, mit eingetragenem Sitz in 523 rue de la B\u00e9ali\u00e8re, 38360 Noyarey.<\/p>\n\n<p>Die gesamte Gruppe der Informationen \u00fcber ECO-INNOV finden Sie auf unserer <a href=\"https:\/\/www.eco-innov.com\/de\/impressum\/\">Impressumsseite<\/a>.<\/p>\n\n<div style=\"height:50px\" aria-hidden=\"true\" class=\"wp-block-spacer\"><\/div>\n\n<h2 class=\"wp-block-heading\"><span>Warum sammeln wir Ihre pers\u00f6nlichen Daten?<\/span><\/h2>\n\n<p>Diese Richtlinie gilt f\u00fcr die Erhebung und Verarbeitung Ihrer pers\u00f6nlichen Daten zu bestimmten Zwecken und auf verschiedenen Rechtsgrundlagen.<\/p>\n\n<p>Im Rahmen der Erf\u00fcllung des Vertrags oder vorvertraglicher Ma\u00dfnahmen werden Ihre Daten f\u00fcr die folgenden Zwecke verarbeitet:<\/p>\n\n<ul class=\"wp-block-list\">\n<li>Verwaltung von Angeboten ;<\/li>\n\n\n\n<li>Verwaltung von Bestellungen, Eink\u00e4ufen ;<\/li>\n\n\n\n<li>Verwaltung der Vertr\u00e4ge mit Kunden\/Lieferanten ;<\/li>\n\n\n\n<li>Verwaltung der Beschwerden und des Kundendienstes.<\/li>\n<\/ul>\n\n<p>Auf der Grundlage Ihrer Zustimmung werden Ihre Daten f\u00fcr die folgenden Zwecke verarbeitet:<\/p>\n\n<ul class=\"wp-block-list\">\n<li>Verwaltung von Cookies, die Ihre Zustimmung erfordern (Cookies, die f\u00fcr die Analyse der Besucherzahlen abgelegt werden).<\/li>\n<\/ul>\n\n<p>Im Rahmen des berechtigten Interesses von ECO-INNOV werden Ihre Daten f\u00fcr die folgenden Zwecke verarbeitet:<\/p>\n\n<ul class=\"wp-block-list\">\n<li>Verwaltung von Informationsanfragen ;<\/li>\n\n\n\n<li>Kommunikationsmanagement ;<\/li>\n\n\n\n<li>Verwaltung der Beziehungen zu Interessenten\/Kunden ;<\/li>\n\n\n\n<li>Management von Gesch\u00e4ftsveranstaltungen ;<\/li>\n\n\n\n<li>Verwaltung des reibungslosen Funktionierens und der st\u00e4ndigen Verbesserung der Website (durch technische Cookies) ;<\/li>\n\n\n\n<li>Verwaltung von vorprozessualen und streitigen Angelegenheiten.<\/li>\n<\/ul>\n\n<p>Im Rahmen der gesetzlichen und regulatorischen Verpflichtungen, denen ECO-INNOV unterliegt, werden Ihre Daten zu den folgenden Zwecken verarbeitet:<\/p>\n\n<ul class=\"wp-block-list\">\n<li>F\u00fchrung von Haupt- und Nebenb\u00fcchern ;<\/li>\n\n\n\n<li>Verwaltung Ihrer Rechte in Bezug auf pers\u00f6nliche Daten.<\/li>\n<\/ul>\n\n<div style=\"height:50px\" aria-hidden=\"true\" class=\"wp-block-spacer\"><\/div>\n\n<h2 class=\"wp-block-heading\"><span>Die pers\u00f6nlichen Daten, die wir \u00fcber Sie sammeln<\/span><\/h2>\n\n<p>Pers\u00f6nliche Daten werden in \u00dcbereinstimmung mit dem Grundsatz der Minimierung verarbeitet, der durch die DSGVO vorgeschrieben ist. Die Art und Qualit\u00e4t der verarbeiteten personenbezogenen Daten h\u00e4ngt von den Beziehungen ab, die Sie mit ECO-INNOV unterhalten: <\/p>\n\n<ul class=\"wp-block-list\">\n<li><strong>Identifizierende Daten:<\/strong> Dazu geh\u00f6ren alle Informationen, die uns erlauben, Sie zu identifizieren, wie z.B. Ihr Name, Vorname, Telefonnummer. Wir k\u00f6nnen auch Ihre E-Mail-Adresse und Ihre Postanschrift sammeln (im Falle einer Zahlung wird die Postanschrift ben\u00f6tigt, um eine Rechnung zu erstellen). <\/li>\n\n\n\n<li><strong>Finanzielle Daten:<\/strong> Dies sind Bankdaten wie z.B. ein RIB.<\/li>\n\n\n\n<li><strong>Informationen \u00fcber Ihre Navigation: <\/strong>Wenn Sie auf unserer Website navigieren, interagieren Sie mit ihr. Daher werden bestimmte Informationen \u00fcber Ihr Surfverhalten gesammelt. <\/li>\n\n\n\n<li>Daten, die von unserem Netz von Handelsvertretern\/Vertriebspartnern gesammelt werden: Unser Netz von Handelsvertretern\/Vertriebspartnern sorgt f\u00fcr die Gesch\u00e4ftsanbahnung und die t\u00e4gliche Pflege der Beziehung. In diesem Zusammenhang k\u00f6nnen die Vertreter im Rahmen ihrer Aufgaben bestimmte pers\u00f6nliche Daten von Ihnen sammeln, wie z.B. Ihre Kontaktdaten (Name, Vorname, E-Mail-Adresse, Telefonnummer) sowie Informationen \u00fcber Ihre Bed\u00fcrfnisse oder Gesch\u00e4ftsinteressen. Diese Informationen werden dann an ECO-INNOV weitergeleitet, um die Kontinuit\u00e4t der Gesch\u00e4ftsbeziehung und die Weiterverfolgung Ihrer Anfragen zu gew\u00e4hrleisten.  <\/li>\n<\/ul>\n\n<div style=\"height:50px\" aria-hidden=\"true\" class=\"wp-block-spacer\"><\/div>\n\n<h2 class=\"wp-block-heading\"><span>Die Empf\u00e4nger Ihrer pers\u00f6nlichen Daten<\/span><\/h2>\n\n<p>Ihre Daten sind f\u00fcr die befugten Mitarbeiter von ECO-INNOV bestimmt, die mit der Verwaltung und Ausf\u00fchrung von Vertr\u00e4gen und gesetzlichen Verpflichtungen betraut sind, entsprechend den Zwecken der Sammlung und im Rahmen ihrer jeweiligen Befugnisse.<\/p>\n\n<p>Sie werden eventuell f\u00fcr bestimmte Aufgaben im Zusammenhang mit den Zwecken und im Rahmen ihrer jeweiligen Aufgaben und Befugnisse an die folgenden Empf\u00e4nger weitergeleitet:<\/p>\n\n<ul class=\"wp-block-list\">\n<li>Einheiten der GROUPE RAGNI im Rahmen der Auslagerung von Aktivit\u00e4ten an eine andere Einheit der Gruppe (einschlie\u00dflich des Versands von Mitteilungen) ;<\/li>\n\n\n\n<li>Unser Netzwerk von Handelsvertretern\/Vertriebspartnern ;<\/li>\n\n\n\n<li>Dienstleister, auf die wir zur\u00fcckgreifen, um eine Gruppe von Operationen und Aufgaben in unserem Namen auszuf\u00fchren, insbesondere:<br\/>Transportmanagement der Bestellungen<br\/>Analyse des Publikums der Website<br\/>Hosting der Daten<br\/>Kommerzielle Werbung<br\/>Verwaltung des Kundendienstes<\/li>\n\n\n\n<li>Ordnungsgem\u00e4\u00df bevollm\u00e4chtigte Beh\u00f6rden (Gerichte, Aufsichtsbeh\u00f6rden &#8230;), im Rahmen unserer gesetzlichen und regulatorischen Verpflichtungen ;<\/li>\n\n\n\n<li>Reglementierte Berufe (Rechtsanw\u00e4lte, Gerichtsvollzieher usw.), die im Rahmen der Umsetzung von Garantien, der Beitreibung oder von Streitigkeiten t\u00e4tig werden k\u00f6nnen;<\/li>\n<\/ul>\n\n<p>Wenn Ihre Daten an unsere Dienstleister weitergegeben werden, werden diese ebenfalls aufgefordert, die Daten nicht f\u00fcr andere Zwecke als die urspr\u00fcnglich vorgesehenen zu verwenden. Wir unternehmen alle Anstrengungen, um sicherzustellen, dass diese Dritten die Vertraulichkeit und Sicherheit Ihrer Daten wahren. <\/p>\n\n<p>In jedem Fall werden nur die notwendigen Daten \u00fcbermittelt. Wir unternehmen alle Anstrengungen, um eine sichere Kommunikation oder \u00dcbertragung Ihrer Daten zu gew\u00e4hrleisten. <\/p>\n\n<p>Wir verkaufen Ihre Daten nicht.<\/p>\n\n<div style=\"height:50px\" aria-hidden=\"true\" class=\"wp-block-spacer\"><\/div>\n\n<h2 class=\"wp-block-heading\"><span>\u00dcbertragung Ihrer Daten in Drittl\u00e4nder<\/span><\/h2>\n\n<p>ECO-INNOV bem\u00fcht sich, personenbezogene Daten in Frankreich oder zumindest innerhalb des Europ\u00e4ischen Wirtschaftsraums (EWR) zu speichern.<\/p>\n\n<p>Es ist jedoch m\u00f6glich, dass die Daten, die wir sammeln, wenn Sie unsere Website nutzen oder im Rahmen unserer Dienstleistungen, in andere L\u00e4nder \u00fcbertragen werden. Dies ist zum Beispiel der Fall, wenn sich einige unserer Dienstleister au\u00dferhalb des Europ\u00e4ischen Wirtschaftsraums befinden. <\/p>\n\n<p>Im Falle eines solchen Transfers garantieren wir, dass dieser durchgef\u00fchrt wird:<\/p>\n\n<ul class=\"wp-block-list\">\n<li>In ein Land, das ein angemessenes Schutzniveau gew\u00e4hrleistet, d.h. ein Schutzniveau, das den Anforderungen der EU-Verordnungen entspricht;<\/li>\n\n\n\n<li>Im Rahmen von Standardvertragsklauseln ;<\/li>\n\n\n\n<li>Im Rahmen der internen Regeln des Unternehmens.<\/li>\n<\/ul>\n\n<p>Wenn Sie weitere Informationen \u00fcber diese \u00dcbertragungen w\u00fcnschen, richten Sie Ihre Anfrage bitte an die im Abschnitt &#8220; <strong>Ihre Kontakte<\/strong> &#8220; angegebene Adresse.<\/p>\n\n<div style=\"height:50px\" aria-hidden=\"true\" class=\"wp-block-spacer\"><\/div>\n\n<h2 class=\"wp-block-heading\"><span>Die technischen und organisatorischen Ma\u00dfnahmen zum Schutz Ihrer Daten<\/span><\/h2>\n\n<p>ECO-INNOV verpflichtet sich, die von uns gesammelten oder verarbeiteten pers\u00f6nlichen Daten vor Verlust, Zerst\u00f6rung, \u00c4nderung, Zugriff oder unbefugter Offenlegung zu sch\u00fctzen.<\/p>\n\n<p>So setzen wir alle geeigneten technischen und organisatorischen Ma\u00dfnahmen ein, die der Art der Daten und den Risiken, die ihre Verarbeitung mit sich bringt, entsprechen. Diese Ma\u00dfnahmen m\u00fcssen die Sicherheit und Vertraulichkeit Ihrer personenbezogenen Daten gew\u00e4hrleisten. Sie k\u00f6nnen Praktiken wie den beschr\u00e4nkten Zugriff auf personenbezogene Daten durch Personen, die aufgrund ihrer Funktion dazu befugt sind, Pseudonymisierung oder Verschl\u00fcsselung umfassen.  <\/p>\n\n<p>Dar\u00fcber hinaus werden unsere Praktiken und Richtlinien und\/oder physische und\/oder logische Sicherheitsma\u00dfnahmen (sicherer Zugang, Authentifizierungsverfahren, Backup, Software usw.) regelm\u00e4\u00dfig \u00fcberpr\u00fcft und bei Bedarf aktualisiert.<\/p>\n\n<div style=\"height:50px\" aria-hidden=\"true\" class=\"wp-block-spacer\"><\/div>\n\n<h2 class=\"wp-block-heading\"><span>Dauer der Speicherung Ihrer pers\u00f6nlichen Daten<\/span><\/h2>\n\n<p>Ihre pers\u00f6nlichen Daten werden mindestens f\u00fcr die Dauer der Verarbeitung im Zusammenhang mit unserem Vertragsverh\u00e4ltnis aufbewahrt. Nach Ablauf dieser Beziehung werden diese Zeitr\u00e4ume verl\u00e4ngert, um den gesetzlichen Verj\u00e4hrungsregeln und den gesetzlichen und regulatorischen Aufbewahrungspflichten Rechnung zu tragen.<br\/>F\u00fcr potenzielle Kunden betr\u00e4gt die maximal m\u00f6gliche Aufbewahrungsdauer der gesammelten Daten 3 Jahre ab dem letzten Kontakt zwischen ECO-INNOV und dem potenziellen Kunden, es sei denn, Sie verlangen, dass Ihre Daten gel\u00f6scht werden. <\/p>\n\n<p>Bei nicht erfolgreichen Bewerbern k\u00f6nnen Ihre Daten (einschlie\u00dflich Lebenslauf und zugeh\u00f6riger Informationen) f\u00fcr einen Zeitraum von maximal 2 Jahren nach dem letzten Kontakt gespeichert werden, sofern Sie nicht widersprechen.<\/p>\n\n<p>Wenn Sie von Ihren Rechten Gebrauch machen, verarbeitet unser Datenschutzbeauftragter Ihre pers\u00f6nlichen Daten zum Zweck der Bearbeitung Ihrer Anfrage (Anrede, Name, Vorname, Kopie des Personalausweises, Art der Anfrage, Antwort). Diese Daten werden f\u00fcr eine Dauer von 5 Jahren aufbewahrt, mit Ausnahme der Kopie Ihres Ausweises &#8211; falls erforderlich -, die nur so lange aufbewahrt wird, wie es f\u00fcr die Durchf\u00fchrung von \u00dcberpr\u00fcfungen oder die Erf\u00fcllung einer gesetzlichen Verpflichtung erforderlich ist.<br\/>Detailliertere Regeln \u00fcber die Aufbewahrungsdauer sind von Fall zu Fall auf Anfrage im Rahmen des Auskunftsrechts (siehe Kapitel &#8220; <strong>Ihre Rechte in Bezug auf Ihre pers\u00f6nlichen Daten<\/strong> &#8222;) verf\u00fcgbar.  <\/p>\n\n<div style=\"height:50px\" aria-hidden=\"true\" class=\"wp-block-spacer\"><\/div>\n\n<h2 class=\"wp-block-heading\"><span>Ihre Rechte in Bezug auf Ihre pers\u00f6nlichen Daten<\/span><\/h2>\n\n<p>Sie k\u00f6nnen Ihre Rechte jederzeit gegen\u00fcber ECO-INNOV aus\u00fcben, indem Sie sich an die Adresse wenden, die im Abschnitt &#8222;Ihre Kontakte&#8220; angegeben ist.<\/p>\n\n<ul class=\"wp-block-list\">\n<li><strong>Widerspruchsrecht:<\/strong> Sie k\u00f6nnen verlangen, dass Ihre pers\u00f6nlichen Daten nicht mehr Gegenstand einer spezifischen Verarbeitung sind, au\u00dfer wenn die Rechtsgrundlage f\u00fcr die Verarbeitung eine gesetzliche Verpflichtung oder die Erf\u00fcllung eines Vertrags ist.<\/li>\n\n\n\n<li><strong>Recht auf Widerruf der Einwilligung:<\/strong> Bei allen Verarbeitungen, die Ihre Einwilligung erfordern, haben Sie das Recht, diese Einwilligung zu einem sp\u00e4teren Zeitpunkt zu widerrufen.<\/li>\n\n\n\n<li><strong>Recht auf Zugang zu Ihren pers\u00f6nlichen Daten und zur Verarbeitung:<\/strong> Sie k\u00f6nnen von ECO-INNOV Zugang zu Ihren pers\u00f6nlichen Daten und zu zus\u00e4tzlichen Informationen \u00fcber die durchgef\u00fchrten Verarbeitungen verlangen.<\/li>\n\n\n\n<li><strong>Recht auf Berichtigung: <\/strong>Sie k\u00f6nnen von Ihrem Recht auf Berichtigung Gebrauch machen, wenn Ihre pers\u00f6nlichen Daten unrichtig oder unvollst\u00e4ndig sind.<\/li>\n\n\n\n<li><strong>Recht auf L\u00f6schung:<\/strong> Sie k\u00f6nnen jederzeit die L\u00f6schung Ihrer pers\u00f6nlichen Daten verlangen. Die L\u00f6schung ist jedoch nur m\u00f6glich, wenn der Zweck erf\u00fcllt ist und die gesetzlichen Aufbewahrungsfristen dies erlauben. <\/li>\n\n\n\n<li><strong>Recht auf Einschr\u00e4nkung der Verarbeitung: <\/strong>Sie k\u00f6nnen die Einschr\u00e4nkung der Verarbeitung Ihrer personenbezogenen Daten beantragen, wenn Sie eine laufende Verarbeitung aussetzen m\u00f6chten, um die Integrit\u00e4t dieser Daten f\u00fcr einen bestimmten Zeitraum bis auf weiteres zu sch\u00fctzen.<\/li>\n\n\n\n<li><strong>Recht auf Daten\u00fcbertragbarkeit: <\/strong>Sie k\u00f6nnen eine Kopie der personenbezogenen Daten, die Sie zuvor in einem strukturierten Format bereitgestellt haben, anfordern, um sie an eine Person Ihrer Wahl weiterzuleiten. Diese Daten werden dann von dem f\u00fcr die Verarbeitung Verantwortlichen an diese Person in einem digitalen Format weitergeleitet. <\/li>\n\n\n\n<li><strong>Recht, den postmortalen Verbleib Ihrer Daten zu bestimmen: <\/strong>Sie k\u00f6nnen Anweisungen bez\u00fcglich der Aufbewahrung, L\u00f6schung oder Offenlegung Ihrer Daten nach Ihrem Tod geben.<\/li>\n<\/ul>\n\n<p>Wenn Sie mit der erhaltenen Antwort nicht zufrieden sind oder keine Antwort erhalten, k\u00f6nnen Sie Ihre Beschwerde bei der CNIL gem\u00e4\u00df den Modalit\u00e4ten auf deren <a href=\"https:\/\/www.cnil.fr\/\" target=\"_blank\" rel=\"noopener\">Website<\/a> einreichen.<\/p>\n\n<div style=\"height:50px\" aria-hidden=\"true\" class=\"wp-block-spacer\"><\/div>\n\n<h2 class=\"wp-block-heading\"><span>Ihre Kontakte<\/span><\/h2>\n\n<p>Um Ihre Rechte auszu\u00fcben oder f\u00fcr weitere Informationen oder Beschwerden k\u00f6nnen Sie den Datenschutzbeauftragten (DPO) von ECO-INNOV kontaktieren. Schreiben Sie uns einfach eine E-Mail an <a href=\"mailto:dpo@eco-innov.com\">dpo@eco-innov.com<\/a>. <\/p>\n\n<p>Wenn Sie uns einen Antrag auf Aus\u00fcbung eines Rechts \u00fcbermitteln, werden Sie gebeten, so weit wie m\u00f6glich den Umfang des Antrags, die Art des ausge\u00fcbten Rechts, die betroffene Verarbeitung personenbezogener Daten und alle anderen relevanten Elemente zu spezifizieren, um die Pr\u00fcfung Ihres Antrags zu erleichtern. Dar\u00fcber hinaus k\u00f6nnen Sie im Falle eines begr\u00fcndeten Zweifels aufgefordert werden, Ihre Identit\u00e4t nachzuweisen. <\/p>\n\n<p>Die Aus\u00fcbung Ihrer Rechte ist ein h\u00f6chstpers\u00f6nliches Recht und gilt nur f\u00fcr den Antragsteller f\u00fcr seine eigenen Zwecke oder f\u00fcr einen gesetzlichen Vormund f\u00fcr einen Minderj\u00e4hrigen oder einen gesch\u00fctzten Erwachsenen, wie z.B. eine Person, die unter gesetzlicher Vormundschaft oder Pflegschaft steht. Es kann nicht f\u00fcr ein anderes Familienmitglied oder eine Person, die im Haushalt des Antragstellers lebt, ohne Nachweis einer gesetzlichen Vollmacht der betreffenden Person oder eines entsprechenden Nachweises montiert werden. <\/p>\n\n<div style=\"height:50px\" aria-hidden=\"true\" class=\"wp-block-spacer\"><\/div>\n\n<h2 class=\"wp-block-heading\"><span>\u00c4nderung dieser Politik<\/span><\/h2>\n\n<p>ECO-INNOV kann die Datenschutzrichtlinie von Zeit zu Zeit \u00e4ndern. Wir werden sicherstellen, dass Sie \u00fcber wesentliche \u00c4nderungen informiert werden (z.B. durch einen besonderen Hinweis auf unserer Website). <\/p>\n\n<p><strong>Datum der Aktualisierung : April 2026<\/strong><\/p>\n\n<div style=\"height:50px\" aria-hidden=\"true\" class=\"wp-block-spacer\"><\/div>\n","protected":false},"excerpt":{"rendered":"<p>Zweck und Umfang der Politik an der Wand montiert ECO-INNOV, eine Tochtergesellschaft der GROUPE RAGNI, misst dem Schutz der Privatsph\u00e4re und pers\u00f6nlicher Daten sowie der Einhaltung der geltenden Gesetze gr\u00f6\u00dfte Bedeutung und Sorgfalt bei. Die Verordnung (EU) 2016\/679 vom 27. April 2016 zum Schutz nat\u00fcrlicher Personen bei der Verarbeitung personenbezogener Daten und zum freien Datenverkehr [&hellip;]<\/p>\n","protected":false},"author":1,"featured_media":0,"parent":0,"menu_order":94,"comment_status":"closed","ping_status":"open","template":"page-rgpd.php","meta":{"_acf_changed":false,"inline_featured_image":false,"footnotes":""},"class_list":["post-4563","page","type-page","status-publish","hentry"],"acf":[],"_links":{"self":[{"href":"https:\/\/www.eco-innov.com\/de\/wp-json\/wp\/v2\/pages\/4563","targetHints":{"allow":["GET"]}}],"collection":[{"href":"https:\/\/www.eco-innov.com\/de\/wp-json\/wp\/v2\/pages"}],"about":[{"href":"https:\/\/www.eco-innov.com\/de\/wp-json\/wp\/v2\/types\/page"}],"author":[{"embeddable":true,"href":"https:\/\/www.eco-innov.com\/de\/wp-json\/wp\/v2\/users\/1"}],"replies":[{"embeddable":true,"href":"https:\/\/www.eco-innov.com\/de\/wp-json\/wp\/v2\/comments?post=4563"}],"version-history":[{"count":3,"href":"https:\/\/www.eco-innov.com\/de\/wp-json\/wp\/v2\/pages\/4563\/revisions"}],"predecessor-version":[{"id":9380,"href":"https:\/\/www.eco-innov.com\/de\/wp-json\/wp\/v2\/pages\/4563\/revisions\/9380"}],"wp:attachment":[{"href":"https:\/\/www.eco-innov.com\/de\/wp-json\/wp\/v2\/media?parent=4563"}],"curies":[{"name":"wp","href":"https:\/\/api.w.org\/{rel}","templated":true}]}}