{"id":4555,"date":"2021-10-29T09:55:02","date_gmt":"2021-10-29T07:55:02","guid":{"rendered":"https:\/\/www.eco-innov.com\/?page_id=4555"},"modified":"2026-04-20T11:10:40","modified_gmt":"2026-04-20T09:10:40","slug":"impressum","status":"publish","type":"page","link":"https:\/\/www.eco-innov.com\/de\/impressum\/","title":{"rendered":"Rechtliche Hinweise"},"content":{"rendered":"\n<h2 class=\"wp-block-heading\" id=\"block-0aff458e-633b-47d0-b1aa-6bcd5cbf3235\"><span>Eigent\u00fcmer<\/span><\/h2>\n\n<p id=\"block-f630f10d-9fd8-4af7-a080-00c114a60dfb\">SAS ECO-INNOV<br\/>523 rue de la B\u00e9ali\u00e8re, 38360 Noyarey (FRANCE)<br\/>Tel.: +33 (0) 438 70 00 27<br\/>USt-IdNr. FR 49 393 304 134<br\/>SIREN: 451859409<br\/>SIRET (Hauptsitz): 45185940900026<br\/>T\u00e4tigkeit (NAF- oder APE-Code): 4690Z<br\/>Rechtsform: Vereinfachte Aktiengesellschaft<br\/>Eintragungsdatum: RCS 03-02-2004  <\/p>\n\n<p id=\"block-f630f10d-9fd8-4af7-a080-00c114a60dfb\"><\/p>\n\n<h3 class=\"wp-block-heading\" id=\"block-65c83d3a-c917-495b-874c-53e2f8719ab5\">Direktor der Ver\u00f6ffentlichung<\/h3>\n\n<p>Herr Jean-Charles GIROUD<\/p>\n\n<div style=\"height:50px\" aria-hidden=\"true\" class=\"wp-block-spacer\"><\/div>\n\n<h2 class=\"wp-block-heading\" id=\"block-49a24935-cd9a-4358-9456-314acda13823\"><span>Lichtplanung, Design und Entwicklung der Website<\/span><\/h2>\n\n<p id=\"block-0dc83111-7c5f-4180-95fe-35ee82691828\"><strong>Kommunikationsagentur B17<\/strong><br\/>19, rue du lieutenant Aug\u00e9<br\/>44230 Saint-S\u00e9bastien\/Loire<br\/> Tel<strong>.<\/strong> 02 40 89 78 74<\/p>\n\n<div style=\"height:50px\" aria-hidden=\"true\" class=\"wp-block-spacer\"><\/div>\n\n<h2 class=\"wp-block-heading\" id=\"block-7dd9d9d0-fc94-40b1-b2c8-f588a031c8b8\"><span>Hosting der Website<\/span><\/h2>\n\n<p id=\"block-411cb10b-01d9-40bb-8953-d2dce6ec1e42\"><strong>OVH<\/strong><br\/>2 rue Kellermann<br\/>59100 Roubaix<br\/> Tel. 1007<\/p>\n\n<div style=\"height:50px\" aria-hidden=\"true\" class=\"wp-block-spacer\"><\/div>\n\n<h2 class=\"wp-block-heading\" id=\"block-9962bde1-cd52-4fdd-aeba-9e10d65dd4bc\"><span>Fotografische Nachweise<\/span><\/h2>\n\n<p id=\"block-8aeb0658-a7a8-4f27-a0a0-180ee33918f2\"><strong>Shutterstock &#8211;  ECO-INNOV<\/strong><\/p>\n\n<div style=\"height:50px\" aria-hidden=\"true\" class=\"wp-block-spacer\"><\/div>\n\n<h2 class=\"wp-block-heading\" id=\"block-e88b0562-22af-4a45-a755-8ae138c605f6\"><span>Urheberrecht und geistiges Eigentum<\/span><\/h2>\n\n<p>Die Marken, Logos und im Allgemeinen alle Elemente des geistigen Eigentums sind das Eigentum ihres Autors, sind eingetragen und als solches von der Gesellschaft ECO-INNOV gesch\u00fctzt. Jegliche Nutzung oder Vervielf\u00e4ltigung ist untersagt. Dar\u00fcber hinaus d\u00fcrfen die Informationen auf dieser Website nur f\u00fcr pers\u00f6nliche Zwecke verwendet werden. Jegliche Nutzung, Vervielf\u00e4ltigung, Kopie oder Verbreitung zu kommerziellen Zwecken ist untersagt.   <\/p>\n\n<div style=\"height:50px\" aria-hidden=\"true\" class=\"wp-block-spacer\"><\/div>\n","protected":false},"excerpt":{"rendered":"<p>Eigent\u00fcmer SAS ECO-INNOV523 rue de la B\u00e9ali\u00e8re, 38360 Noyarey (FRANCE)Tel.: +33 (0) 438 70 00 27USt-IdNr. FR 49 393 304 134SIREN: 451859409SIRET (Hauptsitz): 45185940900026T\u00e4tigkeit (NAF- oder APE-Code): 4690ZRechtsform: Vereinfachte AktiengesellschaftEintragungsdatum: RCS 03-02-2004 Direktor der Ver\u00f6ffentlichung Herr Jean-Charles GIROUD Lichtplanung, Design und Entwicklung der Website Kommunikationsagentur B1719, rue du lieutenant Aug\u00e944230 Saint-S\u00e9bastien\/Loire Tel. 02 40 89 [&hellip;]<\/p>\n","protected":false},"author":1,"featured_media":0,"parent":0,"menu_order":86,"comment_status":"closed","ping_status":"closed","template":"page-rgpd.php","meta":{"_acf_changed":false,"inline_featured_image":false,"footnotes":""},"class_list":["post-4555","page","type-page","status-publish","hentry"],"acf":[],"_links":{"self":[{"href":"https:\/\/www.eco-innov.com\/de\/wp-json\/wp\/v2\/pages\/4555","targetHints":{"allow":["GET"]}}],"collection":[{"href":"https:\/\/www.eco-innov.com\/de\/wp-json\/wp\/v2\/pages"}],"about":[{"href":"https:\/\/www.eco-innov.com\/de\/wp-json\/wp\/v2\/types\/page"}],"author":[{"embeddable":true,"href":"https:\/\/www.eco-innov.com\/de\/wp-json\/wp\/v2\/users\/1"}],"replies":[{"embeddable":true,"href":"https:\/\/www.eco-innov.com\/de\/wp-json\/wp\/v2\/comments?post=4555"}],"version-history":[{"count":3,"href":"https:\/\/www.eco-innov.com\/de\/wp-json\/wp\/v2\/pages\/4555\/revisions"}],"predecessor-version":[{"id":9373,"href":"https:\/\/www.eco-innov.com\/de\/wp-json\/wp\/v2\/pages\/4555\/revisions\/9373"}],"wp:attachment":[{"href":"https:\/\/www.eco-innov.com\/de\/wp-json\/wp\/v2\/media?parent=4555"}],"curies":[{"name":"wp","href":"https:\/\/api.w.org\/{rel}","templated":true}]}}